{"id":3611,"date":"2023-01-24T20:04:21","date_gmt":"2023-01-24T17:04:21","guid":{"rendered":"https:\/\/safeintel.hu\/?page_id=3611"},"modified":"2023-02-02T17:00:21","modified_gmt":"2023-02-02T14:00:21","slug":"from-the-family","status":"publish","type":"page","link":"https:\/\/safeintel.hu\/hu\/solutions\/from-the-family\/","title":{"rendered":"From the family"},"content":{"rendered":"<div data-elementor-type=\"wp-page\" data-elementor-id=\"3611\" class=\"elementor elementor-3611\">\n\t\t\t\t\t\t\t\t\t<section class=\"elementor-section elementor-top-section elementor-element elementor-element-8d7c23c elementor-section-full_width elementor-section-height-min-height elementor-section-height-default elementor-section-items-middle\" data-id=\"8d7c23c\" data-element_type=\"section\" data-settings=\"{&quot;background_background&quot;:&quot;classic&quot;}\">\n\t\t\t\t\t\t\t<div class=\"elementor-background-overlay\"><\/div>\n\t\t\t\t\t\t\t<div class=\"elementor-container elementor-column-gap-default\">\n\t\t\t\t\t<div class=\"elementor-column elementor-col-100 elementor-top-column elementor-element elementor-element-e21942c\" data-id=\"e21942c\" data-element_type=\"column\">\n\t\t\t<div class=\"elementor-widget-wrap elementor-element-populated\">\n\t\t\t\t\t\t\t\t<div class=\"elementor-element elementor-element-ea96a90 elementor-widget elementor-widget-heading\" data-id=\"ea96a90\" data-element_type=\"widget\" data-widget_type=\"heading.default\">\n\t\t\t\t<div class=\"elementor-widget-container\">\n\t\t\t<style>\/*! elementor - v3.10.2 - 29-01-2023 *\/\n.elementor-heading-title{padding:0;margin:0;line-height:1}.elementor-widget-heading .elementor-heading-title[class*=elementor-size-]>a{color:inherit;font-size:inherit;line-height:inherit}.elementor-widget-heading .elementor-heading-title.elementor-size-small{font-size:15px}.elementor-widget-heading .elementor-heading-title.elementor-size-medium{font-size:19px}.elementor-widget-heading .elementor-heading-title.elementor-size-large{font-size:29px}.elementor-widget-heading .elementor-heading-title.elementor-size-xl{font-size:39px}.elementor-widget-heading .elementor-heading-title.elementor-size-xxl{font-size:59px}<\/style><h1 class=\"elementor-heading-title elementor-size-default\">A csal\u00e1dnak<\/h1>\t\t<\/div>\n\t\t\t\t<\/div>\n\t\t\t\t<div class=\"elementor-element elementor-element-6ad8cac elementor-widget elementor-widget-heading\" data-id=\"6ad8cac\" data-element_type=\"widget\" data-widget_type=\"heading.default\">\n\t\t\t\t<div class=\"elementor-widget-container\">\n\t\t\t<p class=\"elementor-heading-title elementor-size-default\">For the safety of our loved ones and alarming response<\/p>\t\t<\/div>\n\t\t\t\t<\/div>\n\t\t\t\t\t<\/div>\n\t\t<\/div>\n\t\t\t\t\t\t\t<\/div>\n\t\t<\/section>\n\t\t\t\t<section class=\"elementor-section elementor-top-section elementor-element elementor-element-a089ed6 elementor-section-boxed elementor-section-height-default elementor-section-height-default\" data-id=\"a089ed6\" data-element_type=\"section\">\n\t\t\t\t\t\t<div class=\"elementor-container elementor-column-gap-default\">\n\t\t\t\t\t<div class=\"elementor-column elementor-col-100 elementor-top-column elementor-element elementor-element-328d1cb\" data-id=\"328d1cb\" data-element_type=\"column\">\n\t\t\t<div class=\"elementor-widget-wrap elementor-element-populated\">\n\t\t\t\t\t\t\t\t<div class=\"elementor-element elementor-element-daf4969 elementor-widget elementor-widget-text-editor\" data-id=\"daf4969\" data-element_type=\"widget\" data-widget_type=\"text-editor.default\">\n\t\t\t\t<div class=\"elementor-widget-container\">\n\t\t\t<style>\/*! elementor - v3.10.2 - 29-01-2023 *\/\n.elementor-widget-text-editor.elementor-drop-cap-view-stacked .elementor-drop-cap{background-color:#818a91;color:#fff}.elementor-widget-text-editor.elementor-drop-cap-view-framed .elementor-drop-cap{color:#818a91;border:3px solid;background-color:transparent}.elementor-widget-text-editor:not(.elementor-drop-cap-view-default) .elementor-drop-cap{margin-top:8px}.elementor-widget-text-editor:not(.elementor-drop-cap-view-default) .elementor-drop-cap-letter{width:1em;height:1em}.elementor-widget-text-editor .elementor-drop-cap{float:left;text-align:center;line-height:1;font-size:50px}.elementor-widget-text-editor .elementor-drop-cap-letter{display:inline-block}<\/style>\t\t\t\tEz az oldal m\u00e9g fejleszt\u00e9s alatt \u00e1ll, k\u00e9rj\u00fck, n\u00e9zzen vissza k\u00e9s\u0151bb \ud83d\ude09\t\t\t\t\t\t<\/div>\n\t\t\t\t<\/div>\n\t\t\t\t\t<\/div>\n\t\t<\/div>\n\t\t\t\t\t\t\t<\/div>\n\t\t<\/section>\n\t\t\t\t<section class=\"elementor-section elementor-top-section elementor-element elementor-element-87a2988 elementor-section-boxed elementor-section-height-default elementor-section-height-default\" data-id=\"87a2988\" data-element_type=\"section\" data-settings=\"{&quot;background_background&quot;:&quot;classic&quot;}\">\n\t\t\t\t\t\t<div class=\"elementor-container elementor-column-gap-default\">\n\t\t\t\t\t<div class=\"elementor-column elementor-col-100 elementor-top-column elementor-element elementor-element-ecceae2\" data-id=\"ecceae2\" data-element_type=\"column\">\n\t\t\t<div class=\"elementor-widget-wrap elementor-element-populated\">\n\t\t\t\t\t\t\t\t<div class=\"elementor-element elementor-element-e14ac11 titel_2_color elementor-widget elementor-widget-heading\" data-id=\"e14ac11\" data-element_type=\"widget\" data-widget_type=\"heading.default\">\n\t\t\t\t<div class=\"elementor-widget-container\">\n\t\t\t<h2 class=\"elementor-heading-title elementor-size-default\">Konzult\u00e1ci\u00f3t <span>k\u00e9rek<\/span><\/h2>\t\t<\/div>\n\t\t\t\t<\/div>\n\t\t\t\t<div class=\"elementor-element elementor-element-fceb77e elementor-widget elementor-widget-heading\" data-id=\"fceb77e\" data-element_type=\"widget\" data-widget_type=\"heading.default\">\n\t\t\t\t<div class=\"elementor-widget-container\">\n\t\t\t<span class=\"elementor-heading-title elementor-size-default\">L\u00e9pjen kapcsolatba vel\u00fcnk, minden k\u00e9rd\u00e9s\u00e9re v\u00e1laszolunk \u00e9s megtal\u00e1ljuk a legjobb megold\u00e1st<\/span>\t\t<\/div>\n\t\t\t\t<\/div>\n\t\t\t\t<div class=\"elementor-element elementor-element-4f724ca elementor-widget elementor-widget-wpforms\" data-id=\"4f724ca\" data-element_type=\"widget\" data-widget_type=\"wpforms.default\">\n\t\t\t\t<div class=\"elementor-widget-container\">\n\t\t\t<div class=\"wpforms-container contact_form\" id=\"wpforms-67\"><form id=\"wpforms-form-67\" class=\"wpforms-validate wpforms-form\" data-formid=\"67\" method=\"post\" enctype=\"multipart\/form-data\" action=\"\/hu\/wp-json\/wp\/v2\/pages\/3611\" data-token=\"395b7b17ce15aff983b0da7c5d12a977\" data-trp-original-action=\"\/hu\/wp-json\/wp\/v2\/pages\/3611\"><noscript class=\"wpforms-error-noscript\">Please enable JavaScript in your browser to complete this form.<\/noscript><div class=\"wpforms-field-container\"><div id=\"wpforms-67-field_0-container\" class=\"wpforms-field wpforms-field-name contact_form_field\" data-field-id=\"0\"><label class=\"wpforms-field-label wpforms-label-hide\" for=\"wpforms-67-field_0\">Your Name  <span class=\"wpforms-required-label\">*<\/span><\/label><input type=\"text\" id=\"wpforms-67-field_0\" class=\"wpforms-field-large wpforms-field-required\" name=\"wpforms[fields][0]\" placeholder=\"N\u00e9v\" required><\/div><div id=\"wpforms-67-field_1-container\" class=\"wpforms-field wpforms-field-email contact_form_field\" data-field-id=\"1\"><label class=\"wpforms-field-label wpforms-label-hide\" for=\"wpforms-67-field_1\">Email <span class=\"wpforms-required-label\">*<\/span><\/label><input type=\"email\" id=\"wpforms-67-field_1\" class=\"wpforms-field-large wpforms-field-required\" name=\"wpforms[fields][1]\" placeholder=\"Email\" required><\/div><div id=\"wpforms-67-field_5-container\" class=\"wpforms-field wpforms-field-textarea contact_form_field\" data-field-id=\"5\"><label class=\"wpforms-field-label wpforms-label-hide\" for=\"wpforms-67-field_5\">Paragraph Text<\/label><textarea id=\"wpforms-67-field_5\" class=\"wpforms-field-medium\" name=\"wpforms[fields][5]\" placeholder=\"Az \u00fczeneted\" ><\/textarea><\/div><div id=\"wpforms-67-field_6-container\" class=\"wpforms-field wpforms-field-gdpr-checkbox\" data-field-id=\"6\"><label class=\"wpforms-field-label wpforms-label-hide\" for=\"wpforms-67-field_6\">GDPR Agreement <span class=\"wpforms-required-label\">*<\/span><\/label><ul id=\"wpforms-67-field_6\" class=\"wpforms-field-required\"><li class=\"choice-1\"><input type=\"checkbox\" id=\"wpforms-67-field_6_1\" name=\"wpforms[fields][6][]\" value=\"I consent to having this website store my submitted information so they can respond to my inquiry.\" required><label class=\"wpforms-field-label-inline\" for=\"wpforms-67-field_6_1\">Hozz\u00e1j\u00e1rulok ahhoz, hogy ez a weboldal t\u00e1rolja a bek\u00fcld\u00f6tt adataimat, hogy v\u00e1laszolhassanak megkeres\u00e9semre. <span class=\"wpforms-required-label\">*<\/span><\/label><\/li><\/ul><\/div><\/div><div class=\"wpforms-field wpforms-field-hp\"><label for=\"wpforms-67-field-hp\" class=\"wpforms-field-label\">Email<\/label><input type=\"text\" name=\"wpforms[hp]\" id=\"wpforms-67-field-hp\" class=\"wpforms-field-medium\"><\/div><div class=\"wpforms-submit-container\"><input type=\"hidden\" name=\"wpforms[id]\" value=\"67\"><input type=\"hidden\" name=\"wpforms[author]\" value=\"1\"><button type=\"submit\" name=\"wpforms[submit]\" id=\"wpforms-submit-67\" class=\"wpforms-submit contact_form_button\" data-alt-text=\"Sending...\" data-submit-text=\"Send Message\" aria-live=\"assertive\" value=\"wpforms-submit\">\u00dczenet k\u00fcld\u00e9se<\/button><\/div><input type=\"hidden\" name=\"trp-form-language\" value=\"hu\"\/><\/form><\/div>  <!-- .wpforms-container -->\t\t<\/div>\n\t\t\t\t<\/div>\n\t\t\t\t\t<\/div>\n\t\t<\/div>\n\t\t\t\t\t\t\t<\/div>\n\t\t<\/section>\n\t\t\t\t<section class=\"elementor-section elementor-top-section elementor-element elementor-element-f792ef8 elementor-section-full_width elementor-section-height-min-height elementor-section-items-stretch elementor-section-content-middle elementor-hidden-mobile elementor-section-height-default\" data-id=\"f792ef8\" data-element_type=\"section\" data-settings=\"{&quot;background_background&quot;:&quot;slideshow&quot;,&quot;background_slideshow_gallery&quot;:[{&quot;id&quot;:2264,&quot;url&quot;:&quot;https:\\\/\\\/safeintel.hu\\\/wp-content\\\/uploads\\\/2023\\\/01\\\/sk_cam_plus_xl@1x.jpg&quot;}],&quot;background_slideshow_loop&quot;:&quot;yes&quot;,&quot;background_slideshow_slide_duration&quot;:5000,&quot;background_slideshow_slide_transition&quot;:&quot;fade&quot;,&quot;background_slideshow_transition_duration&quot;:500}\">\n\t\t\t\t\t\t\t<div class=\"elementor-background-overlay\"><\/div>\n\t\t\t\t\t\t\t<div class=\"elementor-container elementor-column-gap-default\">\n\t\t\t\t\t<div class=\"elementor-column elementor-col-100 elementor-top-column elementor-element elementor-element-8c76ef2\" data-id=\"8c76ef2\" data-element_type=\"column\">\n\t\t\t<div class=\"elementor-widget-wrap elementor-element-populated\">\n\t\t\t\t\t\t\t\t<div class=\"elementor-element elementor-element-33d6509 elementor-widget elementor-widget-heading\" data-id=\"33d6509\" data-element_type=\"widget\" data-widget_type=\"heading.default\">\n\t\t\t\t<div class=\"elementor-widget-container\">\n\t\t\t<h1 class=\"elementor-heading-title elementor-size-default\">Kezd\u0151 k\u00e9szlet Cam Plus<\/h1>\t\t<\/div>\n\t\t\t\t<\/div>\n\t\t\t\t<div class=\"elementor-element elementor-element-bc9e780 elementor-widget elementor-widget-heading\" data-id=\"bc9e780\" data-element_type=\"widget\" data-widget_type=\"heading.default\">\n\t\t\t\t<div class=\"elementor-widget-container\">\n\t\t\t<p class=\"elementor-heading-title elementor-size-default\">Alapvet\u0151 biztons\u00e1gi rendszerbe\u00e1ll\u00edt\u00e1s vizu\u00e1lis riaszt\u00e1si ellen\u0151rz\u00e9sekkel \u00e9s LTE t\u00e1mogat\u00e1ssal<\/p>\t\t<\/div>\n\t\t\t\t<\/div>\n\t\t\t\t<div class=\"elementor-element elementor-element-e5c452d elementor-absolute elementor-widget elementor-widget-heading\" data-id=\"e5c452d\" data-element_type=\"widget\" data-settings=\"{&quot;_position&quot;:&quot;absolute&quot;}\" data-widget_type=\"heading.default\">\n\t\t\t\t<div class=\"elementor-widget-container\">\n\t\t\t<p class=\"elementor-heading-title elementor-size-default\">207 750 Ft<\/p>\t\t<\/div>\n\t\t\t\t<\/div>\n\t\t\t\t<div class=\"elementor-element elementor-element-6206b87 elementor-align-center elementor-absolute elementor-widget elementor-widget-button\" data-id=\"6206b87\" data-element_type=\"widget\" data-settings=\"{&quot;_position&quot;:&quot;absolute&quot;}\" data-widget_type=\"button.default\">\n\t\t\t\t<div class=\"elementor-widget-container\">\n\t\t\t\t\t<div class=\"elementor-button-wrapper\">\n\t\t\t<a href=\"#\" class=\"elementor-button-link elementor-button elementor-size-sm\" role=\"button\">\n\t\t\t\t\t\t<span class=\"elementor-button-content-wrapper\">\n\t\t\t\t\t\t<span class=\"elementor-button-text\">Olvass tov\u00e1bb<\/span>\n\t\t<\/span>\n\t\t\t\t\t<\/a>\n\t\t<\/div>\n\t\t\t\t<\/div>\n\t\t\t\t<\/div>\n\t\t\t\t\t<\/div>\n\t\t<\/div>\n\t\t\t\t\t\t\t<\/div>\n\t\t<\/section>\n\t\t\t\t<section class=\"elementor-section elementor-top-section elementor-element elementor-element-520ba29 elementor-section-full_width elementor-section-height-min-height elementor-section-items-stretch elementor-hidden-desktop elementor-hidden-tablet elementor-section-height-default\" data-id=\"520ba29\" data-element_type=\"section\" data-settings=\"{&quot;background_background&quot;:&quot;classic&quot;}\">\n\t\t\t\t\t\t\t<div class=\"elementor-background-overlay\"><\/div>\n\t\t\t\t\t\t\t<div class=\"elementor-container elementor-column-gap-default\">\n\t\t\t\t\t<div class=\"elementor-column elementor-col-50 elementor-top-column elementor-element elementor-element-5eee157\" data-id=\"5eee157\" data-element_type=\"column\">\n\t\t\t<div class=\"elementor-widget-wrap elementor-element-populated\">\n\t\t\t\t\t\t\t\t<div class=\"elementor-element elementor-element-dc4b0da elementor-widget elementor-widget-heading\" data-id=\"dc4b0da\" data-element_type=\"widget\" data-widget_type=\"heading.default\">\n\t\t\t\t<div class=\"elementor-widget-container\">\n\t\t\t<h1 class=\"elementor-heading-title elementor-size-default\">Kezd\u0151 k\u00e9szlet Cam Plus<\/h1>\t\t<\/div>\n\t\t\t\t<\/div>\n\t\t\t\t<div class=\"elementor-element elementor-element-b01e206 elementor-widget elementor-widget-heading\" data-id=\"b01e206\" data-element_type=\"widget\" data-widget_type=\"heading.default\">\n\t\t\t\t<div class=\"elementor-widget-container\">\n\t\t\t<p class=\"elementor-heading-title elementor-size-default\">Alapvet\u0151 biztons\u00e1gi rendszerbe\u00e1ll\u00edt\u00e1s vizu\u00e1lis riaszt\u00e1si ellen\u0151rz\u00e9sekkel \u00e9s LTE t\u00e1mogat\u00e1ssal<\/p>\t\t<\/div>\n\t\t\t\t<\/div>\n\t\t\t\t\t<\/div>\n\t\t<\/div>\n\t\t\t\t<div class=\"elementor-column elementor-col-50 elementor-top-column elementor-element elementor-element-25532a9\" data-id=\"25532a9\" data-element_type=\"column\">\n\t\t\t<div class=\"elementor-widget-wrap elementor-element-populated\">\n\t\t\t\t\t\t\t\t<div class=\"elementor-element elementor-element-44b2fba elementor-widget elementor-widget-heading\" data-id=\"44b2fba\" data-element_type=\"widget\" data-widget_type=\"heading.default\">\n\t\t\t\t<div class=\"elementor-widget-container\">\n\t\t\t<p class=\"elementor-heading-title elementor-size-default\">207 750 Ft<\/p>\t\t<\/div>\n\t\t\t\t<\/div>\n\t\t\t\t<div class=\"elementor-element elementor-element-63cf800 elementor-align-center elementor-widget elementor-widget-button\" data-id=\"63cf800\" data-element_type=\"widget\" data-widget_type=\"button.default\">\n\t\t\t\t<div class=\"elementor-widget-container\">\n\t\t\t\t\t<div class=\"elementor-button-wrapper\">\n\t\t\t<a href=\"#\" class=\"elementor-button-link elementor-button elementor-size-sm\" role=\"button\">\n\t\t\t\t\t\t<span class=\"elementor-button-content-wrapper\">\n\t\t\t\t\t\t<span class=\"elementor-button-text\">Olvass tov\u00e1bb<\/span>\n\t\t<\/span>\n\t\t\t\t\t<\/a>\n\t\t<\/div>\n\t\t\t\t<\/div>\n\t\t\t\t<\/div>\n\t\t\t\t\t<\/div>\n\t\t<\/div>\n\t\t\t\t\t\t\t<\/div>\n\t\t<\/section>\n\t\t\t\t\t\t\t<\/div>","protected":false},"excerpt":{"rendered":"<p>For the family For the safety of our loved ones and alarming response This page is still under construction, please check back later \ud83d\ude09 I want a consultation Contact us, we will answer all your questions and find the best solution StarterKit Cam Plus Basic security system setup with visual alarm verifications and LTE support &hellip;<\/p>\n<p class=\"read-more\"> <a class=\"\" href=\"https:\/\/safeintel.hu\/hu\/solutions\/from-the-family\/\"> <span class=\"screen-reader-text\">From the family<\/span> Olvass tov\u00e1bb \u00bb<\/a><\/p>","protected":false},"author":1,"featured_media":0,"parent":3100,"menu_order":0,"comment_status":"closed","ping_status":"closed","template":"","meta":{"site-sidebar-layout":"no-sidebar","site-content-layout":"page-builder","ast-global-header-display":"","ast-main-header-display":"","ast-hfb-above-header-display":"","ast-hfb-below-header-display":"","ast-hfb-mobile-header-display":"","site-post-title":"disabled","ast-breadcrumbs-content":"","ast-featured-img":"disabled","footer-sml-layout":"","theme-transparent-header-meta":"","adv-header-id-meta":"","stick-header-meta":"","header-above-stick-meta":"","header-main-stick-meta":"","header-below-stick-meta":"","_themeisle_gutenberg_block_has_review":false},"_links":{"self":[{"href":"https:\/\/safeintel.hu\/hu\/wp-json\/wp\/v2\/pages\/3611"}],"collection":[{"href":"https:\/\/safeintel.hu\/hu\/wp-json\/wp\/v2\/pages"}],"about":[{"href":"https:\/\/safeintel.hu\/hu\/wp-json\/wp\/v2\/types\/page"}],"author":[{"embeddable":true,"href":"https:\/\/safeintel.hu\/hu\/wp-json\/wp\/v2\/users\/1"}],"replies":[{"embeddable":true,"href":"https:\/\/safeintel.hu\/hu\/wp-json\/wp\/v2\/comments?post=3611"}],"version-history":[{"count":17,"href":"https:\/\/safeintel.hu\/hu\/wp-json\/wp\/v2\/pages\/3611\/revisions"}],"predecessor-version":[{"id":4637,"href":"https:\/\/safeintel.hu\/hu\/wp-json\/wp\/v2\/pages\/3611\/revisions\/4637"}],"up":[{"embeddable":true,"href":"https:\/\/safeintel.hu\/hu\/wp-json\/wp\/v2\/pages\/3100"}],"wp:attachment":[{"href":"https:\/\/safeintel.hu\/hu\/wp-json\/wp\/v2\/media?parent=3611"}],"curies":[{"name":"wp","href":"https:\/\/api.w.org\/{rel}","templated":true}]}}