{"id":3631,"date":"2023-01-24T20:29:09","date_gmt":"2023-01-24T17:29:09","guid":{"rendered":"https:\/\/safeintel.hu\/?page_id=3631"},"modified":"2023-01-24T21:50:01","modified_gmt":"2023-01-24T18:50:01","slug":"how-it-works","status":"publish","type":"page","link":"https:\/\/safeintel.hu\/hu\/support\/how-it-works\/","title":{"rendered":"How it works"},"content":{"rendered":"<div data-elementor-type=\"wp-page\" data-elementor-id=\"3631\" class=\"elementor elementor-3631\">\n\t\t\t\t\t\t\t\t\t<section class=\"elementor-section elementor-top-section elementor-element elementor-element-355feff elementor-section-full_width elementor-section-height-min-height elementor-section-items-top elementor-section-height-default\" data-id=\"355feff\" data-element_type=\"section\" data-settings=\"{&quot;background_background&quot;:&quot;classic&quot;}\">\n\t\t\t\t\t\t\t<div class=\"elementor-background-overlay\"><\/div>\n\t\t\t\t\t\t\t<div class=\"elementor-container elementor-column-gap-default\">\n\t\t\t\t\t<div class=\"elementor-column elementor-col-100 elementor-top-column elementor-element elementor-element-0714a01\" data-id=\"0714a01\" data-element_type=\"column\">\n\t\t\t<div class=\"elementor-widget-wrap elementor-element-populated\">\n\t\t\t\t\t\t\t\t<div class=\"elementor-element elementor-element-9426f74 elementor-widget elementor-widget-heading\" data-id=\"9426f74\" data-element_type=\"widget\" data-widget_type=\"heading.default\">\n\t\t\t\t<div class=\"elementor-widget-container\">\n\t\t\t<style>\/*! elementor - v3.10.2 - 29-01-2023 *\/\n.elementor-heading-title{padding:0;margin:0;line-height:1}.elementor-widget-heading .elementor-heading-title[class*=elementor-size-]>a{color:inherit;font-size:inherit;line-height:inherit}.elementor-widget-heading .elementor-heading-title.elementor-size-small{font-size:15px}.elementor-widget-heading .elementor-heading-title.elementor-size-medium{font-size:19px}.elementor-widget-heading .elementor-heading-title.elementor-size-large{font-size:29px}.elementor-widget-heading .elementor-heading-title.elementor-size-xl{font-size:39px}.elementor-widget-heading .elementor-heading-title.elementor-size-xxl{font-size:59px}<\/style><h1 class=\"elementor-heading-title elementor-size-default\">How AJAX works<\/h1>\t\t<\/div>\n\t\t\t\t<\/div>\n\t\t\t\t\t<\/div>\n\t\t<\/div>\n\t\t\t\t\t\t\t<\/div>\n\t\t<\/section>\n\t\t\t\t<section class=\"elementor-section elementor-top-section elementor-element elementor-element-f8d8034 elementor-section-boxed elementor-section-height-default elementor-section-height-default\" data-id=\"f8d8034\" data-element_type=\"section\">\n\t\t\t\t\t\t<div class=\"elementor-container elementor-column-gap-default\">\n\t\t\t\t\t<div class=\"elementor-column elementor-col-100 elementor-top-column elementor-element elementor-element-6b36424\" data-id=\"6b36424\" data-element_type=\"column\">\n\t\t\t<div class=\"elementor-widget-wrap elementor-element-populated\">\n\t\t\t\t\t\t\t\t<div class=\"elementor-element elementor-element-112d7d0 elementor-widget elementor-widget-text-editor\" data-id=\"112d7d0\" data-element_type=\"widget\" data-widget_type=\"text-editor.default\">\n\t\t\t\t<div class=\"elementor-widget-container\">\n\t\t\t<style>\/*! elementor - v3.10.2 - 29-01-2023 *\/\n.elementor-widget-text-editor.elementor-drop-cap-view-stacked .elementor-drop-cap{background-color:#818a91;color:#fff}.elementor-widget-text-editor.elementor-drop-cap-view-framed .elementor-drop-cap{color:#818a91;border:3px solid;background-color:transparent}.elementor-widget-text-editor:not(.elementor-drop-cap-view-default) .elementor-drop-cap{margin-top:8px}.elementor-widget-text-editor:not(.elementor-drop-cap-view-default) .elementor-drop-cap-letter{width:1em;height:1em}.elementor-widget-text-editor .elementor-drop-cap{float:left;text-align:center;line-height:1;font-size:50px}.elementor-widget-text-editor .elementor-drop-cap-letter{display:inline-block}<\/style>\t\t\t\tEz az oldal m\u00e9g fejleszt\u00e9s alatt \u00e1ll, k\u00e9rj\u00fck, n\u00e9zzen vissza k\u00e9s\u0151bb \ud83d\ude09\t\t\t\t\t\t<\/div>\n\t\t\t\t<\/div>\n\t\t\t\t\t<\/div>\n\t\t<\/div>\n\t\t\t\t\t\t\t<\/div>\n\t\t<\/section>\n\t\t\t\t\t\t\t<\/div>","protected":false},"excerpt":{"rendered":"<p>How AJAX works This page is still under construction, please check back later \ud83d\ude09<\/p>","protected":false},"author":1,"featured_media":0,"parent":3132,"menu_order":0,"comment_status":"closed","ping_status":"closed","template":"","meta":{"site-sidebar-layout":"no-sidebar","site-content-layout":"page-builder","ast-global-header-display":"","ast-main-header-display":"","ast-hfb-above-header-display":"","ast-hfb-below-header-display":"","ast-hfb-mobile-header-display":"","site-post-title":"disabled","ast-breadcrumbs-content":"","ast-featured-img":"disabled","footer-sml-layout":"","theme-transparent-header-meta":"","adv-header-id-meta":"","stick-header-meta":"","header-above-stick-meta":"","header-main-stick-meta":"","header-below-stick-meta":"","_themeisle_gutenberg_block_has_review":false},"_links":{"self":[{"href":"https:\/\/safeintel.hu\/hu\/wp-json\/wp\/v2\/pages\/3631"}],"collection":[{"href":"https:\/\/safeintel.hu\/hu\/wp-json\/wp\/v2\/pages"}],"about":[{"href":"https:\/\/safeintel.hu\/hu\/wp-json\/wp\/v2\/types\/page"}],"author":[{"embeddable":true,"href":"https:\/\/safeintel.hu\/hu\/wp-json\/wp\/v2\/users\/1"}],"replies":[{"embeddable":true,"href":"https:\/\/safeintel.hu\/hu\/wp-json\/wp\/v2\/comments?post=3631"}],"version-history":[{"count":20,"href":"https:\/\/safeintel.hu\/hu\/wp-json\/wp\/v2\/pages\/3631\/revisions"}],"predecessor-version":[{"id":3708,"href":"https:\/\/safeintel.hu\/hu\/wp-json\/wp\/v2\/pages\/3631\/revisions\/3708"}],"up":[{"embeddable":true,"href":"https:\/\/safeintel.hu\/hu\/wp-json\/wp\/v2\/pages\/3132"}],"wp:attachment":[{"href":"https:\/\/safeintel.hu\/hu\/wp-json\/wp\/v2\/media?parent=3631"}],"curies":[{"name":"wp","href":"https:\/\/api.w.org\/{rel}","templated":true}]}}