{"id":2212,"date":"2023-01-14T15:00:38","date_gmt":"2023-01-14T12:00:38","guid":{"rendered":"https:\/\/safeintel.hu\/?post_type=product&#038;p=2212"},"modified":"2025-04-07T13:01:10","modified_gmt":"2025-04-07T11:01:10","slug":"spacecontrol","status":"publish","type":"product","link":"https:\/\/safeintel.hu\/hu\/products\/spacecontrol\/","title":{"rendered":"AJAX SpaceControl"},"content":{"rendered":"<p style=\"padding-left: 40px;\"><em>\u2013 V\u00e9szhelyzet eset\u00e9n seg\u00edts\u00e9get h\u00edv.<\/em><br \/>\n<em>\u2013 Aktiv\u00e1lja a teljes vagy r\u00e9szleges riaszt\u00e1si m\u00f3dokat.<\/em><br \/>\n<em>\u2013 Sz\u00ednes villan\u00e1ssal jelzi a parancs v\u00e9grehajt\u00e1s\u00e1t.<\/em><\/p>\n<p>&nbsp;<\/p>\n<h2>M\u0171k\u00f6d\u00e9s elve<\/h2>\n<p>A k\u00e9sz\u00fcl\u00e9k vez\u00e9rli a biztons\u00e1gi m\u00f3dokat, \u00e9s a t\u00e1vir\u00e1ny\u00edt\u00f3 p\u00e1nikgombj\u00e1nak megnyom\u00e1s\u00e1val riaszt\u00e1si jelet k\u00fcld a k\u00f6zponti t\u00e1vfel\u00fcgyeletnek.<br \/>\n&nbsp;&nbsp;<\/p>\n<h2>Jellemz\u0151k<\/h2>\n<p>A hiteles\u00edt\u00e9s megakad\u00e1lyozza az eszk\u00f6z hamis\u00edt\u00e1s\u00e1t \u00e9s a hamis riaszt\u00e1si jeleket.<\/p>\n<p><img decoding=\"async\" loading=\"lazy\" class=\"alignnone size-full wp-image-31\" src=\"https:\/\/safeintel.hu\/wp-content\/uploads\/2023\/01\/SC-1x.jpg\" alt=\"\" width=\"993\" height=\"544\" srcset=\"https:\/\/safeintel.hu\/wp-content\/uploads\/2023\/01\/SC-1x.jpg 993w, https:\/\/safeintel.hu\/wp-content\/uploads\/2023\/01\/SC-1x-420x230.jpg 420w, https:\/\/safeintel.hu\/wp-content\/uploads\/2023\/01\/SC-1x-700x383.jpg 700w, https:\/\/safeintel.hu\/wp-content\/uploads\/2023\/01\/SC-1x-300x164.jpg 300w, https:\/\/safeintel.hu\/wp-content\/uploads\/2023\/01\/SC-1x-768x421.jpg 768w\" sizes=\"(max-width: 993px) 100vw, 993px\" \/><\/p>\n<p>&nbsp;<\/p>\n<h2>Csatlakoz\u00e1s \u00e9s be\u00e1ll\u00edt\u00e1s<\/h2>\n<p>A dobozb\u00f3l azonnal \u00fczemk\u00e9sz: az elem m\u00e1r be van helyezve, ez\u00e9rt nem kell sz\u00e9tszerelni az \u00e9rz\u00e9kel\u0151t. Egy kattint\u00e1ssal csatlakoztathat\u00f3 a mobilalkalmaz\u00e1sban tal\u00e1lhat\u00f3 hubhoz.<\/p>\n<p><img decoding=\"async\" loading=\"lazy\" class=\"alignnone size-full wp-image-2224\" src=\"https:\/\/safeintel.hu\/wp-content\/uploads\/2023\/01\/2023-01-05_03-47-54.png\" alt=\"\" width=\"351\" height=\"342\" data-wp-editing=\"1\" srcset=\"https:\/\/safeintel.hu\/wp-content\/uploads\/2023\/01\/2023-01-05_03-47-54.png 351w, https:\/\/safeintel.hu\/wp-content\/uploads\/2023\/01\/2023-01-05_03-47-54-300x292.png 300w, https:\/\/safeintel.hu\/wp-content\/uploads\/2023\/01\/2023-01-05_03-47-54-12x12.png 12w\" sizes=\"(max-width: 351px) 100vw, 351px\" \/><\/p>\n<ol>\n<li>Rendszer \u00e9les\u00edt\u00e9s gomb<\/li>\n<li>Rendszer hat\u00e1stalan\u00edt\u00f3 gomb<\/li>\n<li>\u00c9jszakai m\u00f3d gomb<\/li>\n<li>Panic button (activates the alarm)<\/li>\n<li>F\u00e9nyjelz\u0151k<\/li>\n<li>A lyuk a kulcstart\u00f3 r\u00f6gz\u00edt\u00e9s\u00e9hez<\/li>\n<\/ol>\n<p>&nbsp;<\/p>\n<h2>P\u00e1nikgomb \u2013 biztons\u00e1gi kieg\u00e9sz\u00edt\u0151<\/h2>\n<p>Ha megsz\u00fcletett a d\u00f6nt\u00e9s a bet\u00f6r\u00e9sjelz\u0151 rendszer telep\u00edt\u00e9s\u00e9r\u0151l, \u00e9rdemes figyelmet ford\u00edtani az \u00e1tfog\u00f3 biztons\u00e1gi rendszerekre, amelyek nemcsak egyf\u00e9le fenyeget\u00e9st k\u00e9pesek megel\u0151zni, hanem maxim\u00e1lis v\u00e9delmet is ny\u00fajtanak a felhaszn\u00e1l\u00f3knak. A teljes k\u00f6r\u0171 biztons\u00e1gi rendszerek r\u00e9sze a p\u00e1nikgomb is \u2013 egy eszk\u00f6z, amely lehet\u0151v\u00e9 teszi a gyors seg\u00edts\u00e9gh\u00edv\u00e1st. A p\u00e1nikgombokat fokozott kock\u00e1zat\u00fa ter\u00fcleteken telep\u00edtik, p\u00e9ld\u00e1ul banki p\u00e9nzt\u00e1rakn\u00e1l, recepci\u00f3kon, \u00fczletekben, mag\u00e1nter\u00fcleteken stb.<\/p>\n<p><img decoding=\"async\" loading=\"lazy\" class=\"aligncenter size-full wp-image-4250\" src=\"https:\/\/safeintel.hu\/wp-content\/uploads\/2023\/01\/CONTROLL_BUT_1.jpg\" alt=\"\" width=\"992\" height=\"537\" srcset=\"https:\/\/safeintel.hu\/wp-content\/uploads\/2023\/01\/CONTROLL_BUT_1.jpg 992w, https:\/\/safeintel.hu\/wp-content\/uploads\/2023\/01\/CONTROLL_BUT_1-420x227.jpg 420w, https:\/\/safeintel.hu\/wp-content\/uploads\/2023\/01\/CONTROLL_BUT_1-768x416.jpg 768w, https:\/\/safeintel.hu\/wp-content\/uploads\/2023\/01\/CONTROLL_BUT_1-18x10.jpg 18w, https:\/\/safeintel.hu\/wp-content\/uploads\/2023\/01\/CONTROLL_BUT_1-700x379.jpg 700w\" sizes=\"(max-width: 992px) 100vw, 992px\" \/><\/p>\n<p>&nbsp;<\/p>","protected":false},"excerpt":{"rendered":"<p>Kulcstart\u00f3 a biztons\u00e1gi m\u00f3dok vez\u00e9rl\u00e9s\u00e9hez. Tartalmaz egy p\u00e1nikgombot, amellyel riaszt\u00e1st k\u00fcldhet a bels\u0151 k\u00f6r\u00e9nek, valamint egy biztons\u00e1gi c\u00e9gnek, ha baj van.<\/p>","protected":false},"featured_media":2215,"comment_status":"open","ping_status":"closed","template":"","meta":{"site-sidebar-layout":"default","site-content-layout":"default","ast-global-header-display":"","ast-main-header-display":"","ast-hfb-above-header-display":"","ast-hfb-below-header-display":"","ast-hfb-mobile-header-display":"","site-post-title":"","ast-breadcrumbs-content":"","ast-featured-img":"","footer-sml-layout":"","theme-transparent-header-meta":"default","adv-header-id-meta":"","stick-header-meta":"default","header-above-stick-meta":"","header-main-stick-meta":"","header-below-stick-meta":"","_themeisle_gutenberg_block_has_review":false},"product_cat":[95,98],"product_tag":[117],"_links":{"self":[{"href":"https:\/\/safeintel.hu\/hu\/wp-json\/wp\/v2\/product\/2212"}],"collection":[{"href":"https:\/\/safeintel.hu\/hu\/wp-json\/wp\/v2\/product"}],"about":[{"href":"https:\/\/safeintel.hu\/hu\/wp-json\/wp\/v2\/types\/product"}],"replies":[{"embeddable":true,"href":"https:\/\/safeintel.hu\/hu\/wp-json\/wp\/v2\/comments?post=2212"}],"wp:featuredmedia":[{"embeddable":true,"href":"https:\/\/safeintel.hu\/hu\/wp-json\/wp\/v2\/media\/2215"}],"wp:attachment":[{"href":"https:\/\/safeintel.hu\/hu\/wp-json\/wp\/v2\/media?parent=2212"}],"wp:term":[{"taxonomy":"product_cat","embeddable":true,"href":"https:\/\/safeintel.hu\/hu\/wp-json\/wp\/v2\/product_cat?post=2212"},{"taxonomy":"product_tag","embeddable":true,"href":"https:\/\/safeintel.hu\/hu\/wp-json\/wp\/v2\/product_tag?post=2212"}],"curies":[{"name":"wp","href":"https:\/\/api.w.org\/{rel}","templated":true}]}}