{"id":2388,"date":"2023-01-14T20:18:28","date_gmt":"2023-01-14T17:18:28","guid":{"rendered":"https:\/\/safeintel.hu\/?post_type=product&#038;p=2388"},"modified":"2025-04-07T13:01:10","modified_gmt":"2025-04-07T11:01:10","slug":"motionprotect","status":"publish","type":"product","link":"https:\/\/safeintel.hu\/hu\/products\/motionprotect\/","title":{"rendered":"AJAX MotionProtect"},"content":{"rendered":"<h2>M\u0171k\u00f6d\u00e9s elve<\/h2>\n<p>M\u0171k\u00f6d\u00e9si elv\nAz eszk\u00f6z k\u00e9t \u00e9rz\u00e9kel\u0151 funkci\u00f3j\u00e1t \u00f6tv\u00f6zi \u2014 mozg\u00e1s\u00e9rz\u00e9kel\u0151\u00e9t \u00e9s \u00fcvegt\u00f6r\u00e9s-\u00e9rz\u00e9kel\u0151\u00e9t. \u00c9rz\u00e9keli a mozg\u00e1st a helyis\u00e9gben ak\u00e1r 12 m\u00e9ter t\u00e1vols\u00e1gig, \u00e9s regisztr\u00e1lja az \u00fcvegt\u00f6r\u00e9st ak\u00e1r 9 m\u00e9terre az ablakt\u00f3l.<\/p>\n<p><img decoding=\"async\" loading=\"lazy\" class=\"aligncenter wp-image-2394 size-full\" src=\"https:\/\/safeintel.hu\/wp-content\/uploads\/2023\/01\/mp_desc_4.jpg\" alt=\"\" width=\"993\" height=\"544\" srcset=\"https:\/\/safeintel.hu\/wp-content\/uploads\/2023\/01\/mp_desc_4.jpg 993w, https:\/\/safeintel.hu\/wp-content\/uploads\/2023\/01\/mp_desc_4-420x230.jpg 420w, https:\/\/safeintel.hu\/wp-content\/uploads\/2023\/01\/mp_desc_4-700x383.jpg 700w, https:\/\/safeintel.hu\/wp-content\/uploads\/2023\/01\/mp_desc_4-300x164.jpg 300w, https:\/\/safeintel.hu\/wp-content\/uploads\/2023\/01\/mp_desc_4-768x421.jpg 768w, https:\/\/safeintel.hu\/wp-content\/uploads\/2023\/01\/mp_desc_4-18x10.jpg 18w\" sizes=\"(max-width: 993px) 100vw, 993px\" \/><\/p>\n<h2>Jellemz\u0151k<\/h2>\n<p>Az eszk\u00f6z k\u00e9t \u00e9rz\u00e9kel\u0151 funkci\u00f3j\u00e1t \u00f6tv\u00f6zi \u2014 mozg\u00e1s\u00e9rz\u00e9kel\u0151\u00e9t \u00e9s \u00fcvegt\u00f6r\u00e9s-\u00e9rz\u00e9kel\u0151\u00e9t. \u00c9rz\u00e9keli a mozg\u00e1st a helyis\u00e9gben ak\u00e1r 12 m\u00e9ter t\u00e1vols\u00e1gig, \u00e9s regisztr\u00e1lja az \u00fcvegt\u00f6r\u00e9st ak\u00e1r 9 m\u00e9terre az ablakt\u00f3l.<\/p>\n<ul>\n<li>Ak\u00e1r 5 \u00e9vig m\u0171k\u00f6dik akkumul\u00e1torcsere n\u00e9lk\u00fcl<\/li>\n<li>Ignor\u00e1lja a 20 kg s\u00faly\u00fa \u00e9s 50 cm magas macsk\u00e1kat \u00e9s kuty\u00e1kat<\/li>\n<li>Ak\u00e1r 12 m\u00e9teres t\u00e1vols\u00e1gig \u00e9rz\u00e9keli a mozg\u00e1st \u00e9s 9 m\u00e9terre az ablakt\u00f3l az \u00fcvegt\u00f6r\u00e9st<\/li>\n<\/ul>\n<p><img decoding=\"async\" loading=\"lazy\" class=\"aligncenter wp-image-2393 size-full\" src=\"https:\/\/safeintel.hu\/wp-content\/uploads\/2023\/01\/mp_desc_3.jpg\" alt=\"\" width=\"993\" height=\"544\" srcset=\"https:\/\/safeintel.hu\/wp-content\/uploads\/2023\/01\/mp_desc_3.jpg 993w, https:\/\/safeintel.hu\/wp-content\/uploads\/2023\/01\/mp_desc_3-420x230.jpg 420w, https:\/\/safeintel.hu\/wp-content\/uploads\/2023\/01\/mp_desc_3-700x383.jpg 700w, https:\/\/safeintel.hu\/wp-content\/uploads\/2023\/01\/mp_desc_3-300x164.jpg 300w, https:\/\/safeintel.hu\/wp-content\/uploads\/2023\/01\/mp_desc_3-768x421.jpg 768w, https:\/\/safeintel.hu\/wp-content\/uploads\/2023\/01\/mp_desc_3-18x10.jpg 18w\" sizes=\"(max-width: 993px) 100vw, 993px\" \/><\/p>\n<p>&nbsp;<\/p>\n<h2>Telep\u00edt\u00e9s \u00e9s be\u00e1ll\u00edt\u00e1s<\/h2>\n<p>Azonnal haszn\u00e1latra k\u00e9sz a dobozb\u00f3l kiv\u00e9ve: az akkumul\u00e1tor m\u00e1r telep\u00edtve van, \u00edgy nincs sz\u00fcks\u00e9g az \u00e9rz\u00e9kel\u0151 sz\u00e9tszerel\u00e9s\u00e9re. Egyetlen kattint\u00e1ssal csatlakoztathat\u00f3 a k\u00f6zponthoz a mobilalkalmaz\u00e1sban. A SmartBracket-ra t\u00f6rt\u00e9n\u0151 felszerel\u00e9se mind\u00f6ssze n\u00e9h\u00e1ny percet vesz ig\u00e9nybe.<\/p>\n<p><img decoding=\"async\" loading=\"lazy\" class=\"aligncenter wp-image-2391 size-full\" src=\"https:\/\/safeintel.hu\/wp-content\/uploads\/2023\/01\/mp_desc_1.jpg\" alt=\"\" width=\"993\" height=\"544\" srcset=\"https:\/\/safeintel.hu\/wp-content\/uploads\/2023\/01\/mp_desc_1.jpg 993w, https:\/\/safeintel.hu\/wp-content\/uploads\/2023\/01\/mp_desc_1-420x230.jpg 420w, https:\/\/safeintel.hu\/wp-content\/uploads\/2023\/01\/mp_desc_1-700x383.jpg 700w, https:\/\/safeintel.hu\/wp-content\/uploads\/2023\/01\/mp_desc_1-300x164.jpg 300w, https:\/\/safeintel.hu\/wp-content\/uploads\/2023\/01\/mp_desc_1-768x421.jpg 768w, https:\/\/safeintel.hu\/wp-content\/uploads\/2023\/01\/mp_desc_1-18x10.jpg 18w\" sizes=\"(max-width: 993px) 100vw, 993px\" \/><\/p>","protected":false},"excerpt":{"rendered":"<p>A MotionProtect vezet\u00e9k n\u00e9lk\u00fcli mozg\u00e1s\u00e9rz\u00e9kel\u0151, amely \u00e9rtes\u00edti a tulajdonost az otthoni vagy irodai behatol\u00e1s els\u0151 jelein\u00e9l. Az \u00e9rz\u00e9kel\u0151 a falra szerelhet\u0151 ajt\u00f3val, ablakkal szemben, vagy m\u00e1s olyan helyen, ahol behatol\u00e1s lehets\u00e9ges.<\/p>","protected":false},"featured_media":2395,"comment_status":"open","ping_status":"closed","template":"","meta":{"site-sidebar-layout":"default","site-content-layout":"default","ast-global-header-display":"","ast-main-header-display":"","ast-hfb-above-header-display":"","ast-hfb-below-header-display":"","ast-hfb-mobile-header-display":"","site-post-title":"","ast-breadcrumbs-content":"","ast-featured-img":"","footer-sml-layout":"","theme-transparent-header-meta":"default","adv-header-id-meta":"","stick-header-meta":"default","header-above-stick-meta":"","header-main-stick-meta":"","header-below-stick-meta":"","_themeisle_gutenberg_block_has_review":false},"product_cat":[95],"product_tag":[117],"_links":{"self":[{"href":"https:\/\/safeintel.hu\/hu\/wp-json\/wp\/v2\/product\/2388"}],"collection":[{"href":"https:\/\/safeintel.hu\/hu\/wp-json\/wp\/v2\/product"}],"about":[{"href":"https:\/\/safeintel.hu\/hu\/wp-json\/wp\/v2\/types\/product"}],"replies":[{"embeddable":true,"href":"https:\/\/safeintel.hu\/hu\/wp-json\/wp\/v2\/comments?post=2388"}],"wp:featuredmedia":[{"embeddable":true,"href":"https:\/\/safeintel.hu\/hu\/wp-json\/wp\/v2\/media\/2395"}],"wp:attachment":[{"href":"https:\/\/safeintel.hu\/hu\/wp-json\/wp\/v2\/media?parent=2388"}],"wp:term":[{"taxonomy":"product_cat","embeddable":true,"href":"https:\/\/safeintel.hu\/hu\/wp-json\/wp\/v2\/product_cat?post=2388"},{"taxonomy":"product_tag","embeddable":true,"href":"https:\/\/safeintel.hu\/hu\/wp-json\/wp\/v2\/product_tag?post=2388"}],"curies":[{"name":"wp","href":"https:\/\/api.w.org\/{rel}","templated":true}]}}