{"id":2414,"date":"2023-01-15T00:30:23","date_gmt":"2023-01-14T21:30:23","guid":{"rendered":"https:\/\/safeintel.hu\/?post_type=product&#038;p=2414"},"modified":"2025-04-07T13:01:10","modified_gmt":"2025-04-07T11:01:10","slug":"ajax-starterkit-plus","status":"publish","type":"product","link":"https:\/\/safeintel.hu\/hu\/products\/ajax-starterkit-plus\/","title":{"rendered":"AJAX\u00a0StarterKit\u00a0Plus"},"content":{"rendered":"<p style=\"padding-left: 40px;\"><em>\u00a0Seg\u00edt megv\u00e9deni a bej\u00e1ratot a bet\u00f6r\u00e9sekt\u0151l ablakokon \u00e9s ajt\u00f3kon kereszt\u00fcl<\/em><br \/>\n<em>\u00a0Seg\u00edt megv\u00e9deni a bej\u00e1ratot a bet\u00f6r\u00e9sekt\u0151l ablakokon \u00e9s ajt\u00f3kon kereszt\u00fcl<\/em><br \/>\n<em>\u00a0A mobilalkalmaz\u00e1s \u00e9s a kulcstart\u00f3 seg\u00edts\u00e9g\u00e9vel vez\u00e9relhet\u0151<\/em><\/p>\n<h2>Alapok a maxim\u00e1lis v\u00e9delemhez<\/h2>\n<p>A StarterKit Plus kiindul\u00f3pont a behatol\u00e1s elleni teljesk\u00f6r\u0171 biztons\u00e1gi rendszer kialak\u00edt\u00e1s\u00e1hoz. Legfeljebb 150 k\u00fcl\u00f6nb\u00f6z\u0151 \u00e9rz\u00e9kel\u0151t \u00e9s 50 kamer\u00e1t csatlakoztathat. A k\u00e9szlet b\u0151v\u00edthet\u0151 b\u00e1rmilyen m\u00e9ret\u0171 helyis\u00e9gekhez, kieg\u00e9sz\u00edt\u0151 eszk\u00f6z\u00f6kkel: k\u00e9temeletes lak\u00e1s, h\u00e1romszintes villa, iroda, bolt vagy k\u00e1v\u00e9z\u00f3, t\u00e1rol\u00f3helyis\u00e9g.<\/p>\n<ul>\n<li>Otthonra \u00e9s lak\u00e1sra<\/li>\n<li>Iroda sz\u00e1m\u00e1ra<\/li>\n<li>Bolthoz \u00e9s k\u00e1v\u00e9z\u00f3hoz<\/li>\n<\/ul>\n<p><img decoding=\"async\" loading=\"lazy\" class=\"aligncenter wp-image-4232 size-medium\" src=\"https:\/\/safeintel.hu\/wp-content\/uploads\/2023\/01\/house@1x-420x352.png\" alt=\"\" width=\"420\" height=\"352\" srcset=\"https:\/\/safeintel.hu\/wp-content\/uploads\/2023\/01\/house@1x-420x352.png 420w, https:\/\/safeintel.hu\/wp-content\/uploads\/2023\/01\/house@1x-768x644.png 768w, https:\/\/safeintel.hu\/wp-content\/uploads\/2023\/01\/house@1x-14x12.png 14w, https:\/\/safeintel.hu\/wp-content\/uploads\/2023\/01\/house@1x-700x587.png 700w, https:\/\/safeintel.hu\/wp-content\/uploads\/2023\/01\/house@1x.png 864w\" sizes=\"(max-width: 420px) 100vw, 420px\" \/><\/p>\n<h2>Azonnali riaszt\u00e1s k\u00fcld\u00e9se<\/h2>\n<p>Az \u00e9rz\u00e9kel\u0151k \u00e9s a Hub k\u00f6z\u00f6tti kapcsolatot a Jeweller technol\u00f3gia biztos\u00edtja, amely ak\u00e1r 2000 m\u00e9teres t\u00e1vols\u00e1got is lehet\u0151v\u00e9 tesz. A Jeweller kiz\u00e1rja a r\u00e1di\u00f3jel hamis\u00edt\u00e1s\u00e1t \u00e9s lehallgat\u00e1s\u00e1t, titkos\u00edtja az adatokat \u00e9s k\u00e9pes zavar\u00e1sokat \u00e9szlelni. Ha esem\u00e9ny t\u00f6rt\u00e9nik, az \u00e9rz\u00e9kel\u0151 0,15 m\u00e1sodperc alatt tov\u00e1bb\u00edtja a riaszt\u00e1st a hubra, majd azt az egyik n\u00e9gy kommunik\u00e1ci\u00f3s csatorn\u00e1n (Wi-Fi, Ethernet, WCDMA \u00e9s GSM) elk\u00fcldi a tulajdonos okostelefonj\u00e1ra \u00e9s a K\u00f6zponti Megfigyel\u0151 \u00c1llom\u00e1sra.<\/p>\n<ul>\n<li>Csatlakoztatja az eszk\u00f6z\u00f6ket ak\u00e1r 2000 m\u00e9teres t\u00e1vols\u00e1gig<\/li>\n<li>A riaszt\u00e1sokat 0,15 m\u00e1sodperc alatt tov\u00e1bb\u00edtja a hubra<\/li>\n<li>Titkos\u00edtja az adatokat \u00e9s \u00e9szleli a r\u00e1di\u00f3s interferenci\u00e1t \u00e9s zavar\u00e1sokat<\/li>\n<\/ul>\n<p><img decoding=\"async\" loading=\"lazy\" class=\"aligncenter size-full wp-image-4231\" src=\"https:\/\/safeintel.hu\/wp-content\/uploads\/2023\/01\/jeweller1@1x.jpg\" alt=\"\" width=\"869\" height=\"544\" srcset=\"https:\/\/safeintel.hu\/wp-content\/uploads\/2023\/01\/jeweller1@1x.jpg 869w, https:\/\/safeintel.hu\/wp-content\/uploads\/2023\/01\/jeweller1@1x-420x263.jpg 420w, https:\/\/safeintel.hu\/wp-content\/uploads\/2023\/01\/jeweller1@1x-768x481.jpg 768w, https:\/\/safeintel.hu\/wp-content\/uploads\/2023\/01\/jeweller1@1x-18x12.jpg 18w, https:\/\/safeintel.hu\/wp-content\/uploads\/2023\/01\/jeweller1@1x-700x438.jpg 700w\" sizes=\"(max-width: 869px) 100vw, 869px\" \/><\/p>\n<h2>StarterKit Plus n\u00e9gy eszk\u00f6zt tartalmaz<\/h2>\n<ol>\n<li><a href=\"https:\/\/safeintel.hu\/hu\/products\/ajax-hub-plus\/\">Hub Plus<\/a><br \/>\nA m\u00e1sodik gener\u00e1ci\u00f3s Hub Plus intelligens biztons\u00e1gi panel vez\u00e9rli a biztons\u00e1gi rendszer eszk\u00f6zeit \u00e9s gy\u0171jti az inform\u00e1ci\u00f3kat a Jeweller vezet\u00e9k n\u00e9lk\u00fcli technol\u00f3gia seg\u00edts\u00e9g\u00e9vel.<\/li>\n<li><a href=\"https:\/\/safeintel.hu\/hu\/products\/ajax-doorprotect\/\">DoorProtect<\/a><br \/>\nAz \u00e9rz\u00e9kel\u0151 azonnal reag\u00e1l az ajt\u00f3 nyit\u00e1s\u00e1ra. Ez az \u00d6n biztons\u00e1gi rendszer\u00e9nek els\u0151 v\u00e9delmi vonala. B\u00e1rmilyen t\u00edpus\u00fa ajt\u00f3ra felszerelhet\u0151.<\/li>\n<li><a href=\"https:\/\/safeintel.hu\/hu\/products\/motionprotect\/\">MotionProtect<\/a><br \/>\nA mozg\u00e1s\u00e9rz\u00e9kel\u0151 reag\u00e1l az enged\u00e9ly n\u00e9lk\u00fcli bel\u00e9p\u00e9sre a v\u00e9dett ter\u00fcletre.<\/li>\n<li><a href=\"https:\/\/safeintel.hu\/hu\/products\/spacecontrol\/\">SpaceControl<\/a><br \/>\nA kulcstart\u00f3 be- \u00e9s kikapcsolja a rendszer\u00e9t. V\u00e9szhelyzetben nyomja meg a p\u00e1nikgombot, hogy seg\u00edts\u00e9get k\u00e9rjen.<\/li>\n<\/ol>\n<h2>Rugalmas hozz\u00e1f\u00e9r\u00e9s be\u00e1ll\u00edt\u00e1s<\/h2>\n<p>A StarterKit Plus kulcstart\u00f3k \u00e9s a mobil alkalmaz\u00e1s seg\u00edts\u00e9g\u00e9vel vez\u00e9relhet\u0151. Legfeljebb 99 szem\u00e9ly enged\u00e9lyezheti \u00e9s tilthatja le a rendszert, megh\u00edvhat bar\u00e1tokat, hogy figyelj\u00e9k a szob\u00e1t, \u00e9rtes\u00edt\u00e9seket kapjanak \u00e9s reag\u00e1ljanak a riaszt\u00e1sokra. A rendszer adminisztr\u00e1tora ir\u00e1ny\u00edtja a hozz\u00e1f\u00e9r\u00e9st, \u00e9s korl\u00e1tozhatja a felhaszn\u00e1l\u00f3k jogait.<\/p>\n<ul>\n<li>Ak\u00e1r 99 felhaszn\u00e1l\u00f3<\/li>\n<li>Rugalmas hozz\u00e1f\u00e9r\u00e9s konfigur\u00e1l\u00e1s<\/li>\n<\/ul>\n<p><img decoding=\"async\" loading=\"lazy\" class=\"aligncenter size-full wp-image-1947\" src=\"https:\/\/safeintel.hu\/wp-content\/uploads\/2023\/01\/SC-1x.jpg\" alt=\"\" width=\"993\" height=\"544\" srcset=\"https:\/\/safeintel.hu\/wp-content\/uploads\/2023\/01\/SC-1x.jpg 993w, https:\/\/safeintel.hu\/wp-content\/uploads\/2023\/01\/SC-1x-420x230.jpg 420w, https:\/\/safeintel.hu\/wp-content\/uploads\/2023\/01\/SC-1x-700x383.jpg 700w, https:\/\/safeintel.hu\/wp-content\/uploads\/2023\/01\/SC-1x-300x164.jpg 300w, https:\/\/safeintel.hu\/wp-content\/uploads\/2023\/01\/SC-1x-768x421.jpg 768w\" sizes=\"(max-width: 993px) 100vw, 993px\" \/><\/p>\n<p>&nbsp;<\/p>\n<h2>K\u00f6nny\u0171 telep\u00edt\u00e9s<\/h2>\n<p>A StarterKit Plus 30 perc alatt telep\u00edthet\u0151. Ehhez minim\u00e1lis eszk\u00f6z\u00f6kre \u00e9s er\u0151fesz\u00edt\u00e9sekre van sz\u00fcks\u00e9g. Minden eszk\u00f6z azonnal haszn\u00e1latra k\u00e9sz a dobozb\u00f3l: gy\u00e1ri be\u00e1ll\u00edt\u00e1sokkal \u00e9s el\u0151re telep\u00edtett akkumul\u00e1torokkal \u00e9rkezik. Az interakt\u00edv telep\u00edt\u00e9si var\u00e1zsl\u00f3 a mobil alkalmaz\u00e1sban seg\u00edt csatlakoztatni az \u00e9rz\u00e9kel\u0151ket \u00e9s tesztelni az \u00e9rz\u00e9kel\u00e9si z\u00f3n\u00e1kat. Ha szak\u00e9rt\u0151i telep\u00edt\u00e9sre van sz\u00fcks\u00e9ge, mindig kapcsolatba l\u00e9phet a telep\u00edt\u0151kkel.<\/p>\n<p><img decoding=\"async\" loading=\"lazy\" class=\"aligncenter size-full wp-image-2368\" src=\"https:\/\/safeintel.hu\/wp-content\/uploads\/2023\/01\/hub_des_3.jpg\" alt=\"\" width=\"993\" height=\"544\" srcset=\"https:\/\/safeintel.hu\/wp-content\/uploads\/2023\/01\/hub_des_3.jpg 993w, https:\/\/safeintel.hu\/wp-content\/uploads\/2023\/01\/hub_des_3-420x230.jpg 420w, https:\/\/safeintel.hu\/wp-content\/uploads\/2023\/01\/hub_des_3-700x383.jpg 700w, https:\/\/safeintel.hu\/wp-content\/uploads\/2023\/01\/hub_des_3-300x164.jpg 300w, https:\/\/safeintel.hu\/wp-content\/uploads\/2023\/01\/hub_des_3-768x421.jpg 768w, https:\/\/safeintel.hu\/wp-content\/uploads\/2023\/01\/hub_des_3-18x10.jpg 18w\" sizes=\"(max-width: 993px) 100vw, 993px\" \/><\/p>\n<p>&nbsp;<\/p>\n<p>&nbsp;<\/p>","protected":false},"excerpt":{"rendered":"<p>StarterKit Plus a h\u00e1zak, lak\u00e1sok, irod\u00e1k vagy kereskedelmi helyis\u00e9gek v\u00e9delm\u00e9re lett tervezve. A k\u00e9szlet tartalmazza az intelligens vez\u00e9rl\u0151panelt Hub Plus, mozg\u00e1s\u00e9rz\u00e9kel\u0151t MotionProtect, nyit\u00e1s\u00e9rz\u00e9kel\u0151t DoorProtect \u00e9s egy SpaceControl kulcstart\u00f3t p\u00e1nikgombbal.<\/p>","protected":false},"featured_media":2569,"comment_status":"open","ping_status":"closed","template":"","meta":{"site-sidebar-layout":"default","site-content-layout":"default","ast-global-header-display":"","ast-main-header-display":"","ast-hfb-above-header-display":"","ast-hfb-below-header-display":"","ast-hfb-mobile-header-display":"","site-post-title":"","ast-breadcrumbs-content":"","ast-featured-img":"","footer-sml-layout":"","theme-transparent-header-meta":"default","adv-header-id-meta":"","stick-header-meta":"default","header-above-stick-meta":"","header-main-stick-meta":"","header-below-stick-meta":"","_themeisle_gutenberg_block_has_review":false},"product_cat":[99],"product_tag":[],"_links":{"self":[{"href":"https:\/\/safeintel.hu\/hu\/wp-json\/wp\/v2\/product\/2414"}],"collection":[{"href":"https:\/\/safeintel.hu\/hu\/wp-json\/wp\/v2\/product"}],"about":[{"href":"https:\/\/safeintel.hu\/hu\/wp-json\/wp\/v2\/types\/product"}],"replies":[{"embeddable":true,"href":"https:\/\/safeintel.hu\/hu\/wp-json\/wp\/v2\/comments?post=2414"}],"wp:featuredmedia":[{"embeddable":true,"href":"https:\/\/safeintel.hu\/hu\/wp-json\/wp\/v2\/media\/2569"}],"wp:attachment":[{"href":"https:\/\/safeintel.hu\/hu\/wp-json\/wp\/v2\/media?parent=2414"}],"wp:term":[{"taxonomy":"product_cat","embeddable":true,"href":"https:\/\/safeintel.hu\/hu\/wp-json\/wp\/v2\/product_cat?post=2414"},{"taxonomy":"product_tag","embeddable":true,"href":"https:\/\/safeintel.hu\/hu\/wp-json\/wp\/v2\/product_tag?post=2414"}],"curies":[{"name":"wp","href":"https:\/\/api.w.org\/{rel}","templated":true}]}}