{"id":2415,"date":"2023-01-15T00:30:23","date_gmt":"2023-01-14T21:30:23","guid":{"rendered":"https:\/\/safeintel.hu\/?post_type=product&#038;p=2415"},"modified":"2025-04-07T13:01:11","modified_gmt":"2025-04-07T11:01:11","slug":"ajax-starterkit-keypad","status":"publish","type":"product","link":"https:\/\/safeintel.hu\/hu\/products\/ajax-starterkit-keypad\/","title":{"rendered":"AJAX StarterKit Keypad"},"content":{"rendered":"<h2>M\u0171k\u00f6d\u00e9s elve<\/h2>\n<p class=\"translation-block\">The sensing detectors detect human presence and opening of the window or door.<br>\r\nThe hub sends notification of an alarm to the Central Monitoring Station and the system owner\u2019s smartphone.<\/p>\n<ol>\n<li>Seg\u00edt megv\u00e9deni a bej\u00e1rati ajt\u00f3t bet\u00f6r\u00e9s ellen ablakokon \u00e9s ajt\u00f3kon kereszt\u00fcl<\/li>\n<li>Riaszt\u00e1sokat k\u00fcld a tulajdonos okostelefonj\u00e1ra \u00e9s az \u0151rz\u0151k\u00f6zpontnak GSM \u00e9s Ethernet seg\u00edts\u00e9g\u00e9vel<\/li>\n<li>A mobil alkalmaz\u00e1s \u00e9s a t\u00e1vir\u00e1ny\u00edt\u00f3 seg\u00edts\u00e9g\u00e9vel vez\u00e9relhet\u0151<\/li>\n<\/ol>\n<h2>Jellemz\u0151k<\/h2>\n<p>Jellemz\u0151k\nA kezd\u0151csomag k\u00e9pess\u00e9gei b\u0151v\u00edthet\u0151k t\u0171z\u00e9rz\u00e9kel\u0151k, v\u00edz\u00e9rz\u00e9kel\u0151k, automatiz\u00e1l\u00e1si eszk\u00f6z\u00f6k \u00e9s kamer\u00e1k csatlakoztat\u00e1s\u00e1val.<\/p>\n<ul>\n<li>Autentik\u00e1ci\u00f3 a hamis\u00edt\u00e1s megel\u0151z\u00e9s\u00e9re<\/li>\n<li>Zavar\u00e1s-\u00e9rz\u00e9kel\u00e9s \u00e9s titkos\u00edtott kommunik\u00e1ci\u00f3<\/li>\n<li>T\u00f6r\u00e9s elleni riaszt\u00e1s<\/li>\n<\/ul>\n<h2>A StarterKit n\u00e9gy eszk\u00f6zt tartalmaz<\/h2>\n<ol>\n<li><a href=\"https:\/\/safeintel.hu\/hu\/products\/ajax-hub\/\" target=\"_blank\" rel=\"noopener\">Hub vez\u00e9rl\u0151panel<\/a><br \/>\nA hub vez\u00e9rli az \u00f6sszes biztons\u00e1gi rendszer eszk\u00f6zt, \u00e9s t\u00e1mogatja az \u00e9rz\u00e9kel\u0151ket riaszt\u00e1sok f\u00e9nyk\u00e9pes meger\u0151s\u00edt\u00e9s\u00e9vel.<br \/>\nA hub \u00e9rtes\u00edti \u00d6nt minden otthoni tev\u00e9kenys\u00e9gr\u0151l push-\u00e9rtes\u00edt\u00e9sekkel, SMS-ekkel \u00e9s telefonh\u00edv\u00e1sokkal.<\/li>\n<li><a href=\"https:\/\/safeintel.hu\/hu\/products\/ajax-doorprotect\/\">DoorProtect<\/a><br \/>\nAz \u00e9rz\u00e9kel\u0151 azonnal reag\u00e1l az ajt\u00f3 nyit\u00e1s\u00e1ra. Ez az \u00d6n biztons\u00e1gi rendszer\u00e9nek els\u0151 v\u00e9delmi vonala. B\u00e1rmilyen t\u00edpus\u00fa ajt\u00f3ra felszerelhet\u0151.<\/li>\n<li>Two <a href=\"https:\/\/safeintel.hu\/hu\/products\/motionprotect\/\">MotionProtect<\/a><br \/>\nA mozg\u00e1s\u00e9rz\u00e9kel\u0151 reag\u00e1l az enged\u00e9ly n\u00e9lk\u00fcli bel\u00e9p\u00e9sre a v\u00e9dett ter\u00fcletre.<\/li>\n<li><a href=\"https:\/\/safeintel.hu\/hu\/products\/ajax-keypad\/\">Keypad<\/a><br \/>\nWireless touch keypad supporting encrypted contactless cards and key fobs.<\/li>\n<\/ol>\n<h2>Telep\u00edt\u00e9s \u00e9s be\u00e1ll\u00edt\u00e1s<\/h2>\n<p>30 perc alatt telep\u00edthet\u0151.<br \/>\nAz \u00e9rz\u00e9kel\u0151k csatlakoztat\u00e1sa \u00e9s be\u00e1ll\u00edt\u00e1sa mobilalkalmaz\u00e1ssal t\u00f6rt\u00e9nik, majd a SmartBracket r\u00f6gz\u00edt\u0151kkel, amelyek a csomag r\u00e9szei, r\u00f6gz\u00edthet\u0151k.<\/p>\n<p>&nbsp;<\/p>\n<p><img decoding=\"async\" loading=\"lazy\" class=\"aligncenter wp-image-4229 size-full\" src=\"https:\/\/safeintel.hu\/wp-content\/uploads\/2023\/01\/MP-1x.jpg\" alt=\"\" width=\"992\" height=\"463\" srcset=\"https:\/\/safeintel.hu\/wp-content\/uploads\/2023\/01\/MP-1x.jpg 992w, https:\/\/safeintel.hu\/wp-content\/uploads\/2023\/01\/MP-1x-420x196.jpg 420w, https:\/\/safeintel.hu\/wp-content\/uploads\/2023\/01\/MP-1x-768x358.jpg 768w, https:\/\/safeintel.hu\/wp-content\/uploads\/2023\/01\/MP-1x-18x8.jpg 18w, https:\/\/safeintel.hu\/wp-content\/uploads\/2023\/01\/MP-1x-700x327.jpg 700w\" sizes=\"(max-width: 992px) 100vw, 992px\" \/><\/p>\n<p>&nbsp;<\/p>","protected":false},"excerpt":{"rendered":"<p>StarterKit a Ajax biztons\u00e1gi rendszerhez. A k\u00e9szlet tartalmazza a k\u00f6zpontot, k\u00e9t mozg\u00e1s\u00e9rz\u00e9kel\u0151t, ajt\u00f3nyit\u00e1s-\u00e9rz\u00e9kel\u0151t \u00e9s vezet\u00e9k n\u00e9lk\u00fcli \u00e9rint\u00e9s\u00e9rz\u00e9kel\u0151s billenty\u0171zetet.<\/p>","protected":false},"featured_media":2584,"comment_status":"open","ping_status":"closed","template":"","meta":{"site-sidebar-layout":"default","site-content-layout":"default","ast-global-header-display":"","ast-main-header-display":"","ast-hfb-above-header-display":"","ast-hfb-below-header-display":"","ast-hfb-mobile-header-display":"","site-post-title":"","ast-breadcrumbs-content":"","ast-featured-img":"","footer-sml-layout":"","theme-transparent-header-meta":"default","adv-header-id-meta":"","stick-header-meta":"default","header-above-stick-meta":"","header-main-stick-meta":"","header-below-stick-meta":"","_themeisle_gutenberg_block_has_review":false},"product_cat":[99],"product_tag":[],"_links":{"self":[{"href":"https:\/\/safeintel.hu\/hu\/wp-json\/wp\/v2\/product\/2415"}],"collection":[{"href":"https:\/\/safeintel.hu\/hu\/wp-json\/wp\/v2\/product"}],"about":[{"href":"https:\/\/safeintel.hu\/hu\/wp-json\/wp\/v2\/types\/product"}],"replies":[{"embeddable":true,"href":"https:\/\/safeintel.hu\/hu\/wp-json\/wp\/v2\/comments?post=2415"}],"wp:featuredmedia":[{"embeddable":true,"href":"https:\/\/safeintel.hu\/hu\/wp-json\/wp\/v2\/media\/2584"}],"wp:attachment":[{"href":"https:\/\/safeintel.hu\/hu\/wp-json\/wp\/v2\/media?parent=2415"}],"wp:term":[{"taxonomy":"product_cat","embeddable":true,"href":"https:\/\/safeintel.hu\/hu\/wp-json\/wp\/v2\/product_cat?post=2415"},{"taxonomy":"product_tag","embeddable":true,"href":"https:\/\/safeintel.hu\/hu\/wp-json\/wp\/v2\/product_tag?post=2415"}],"curies":[{"name":"wp","href":"https:\/\/api.w.org\/{rel}","templated":true}]}}