{"id":2416,"date":"2023-01-15T00:30:23","date_gmt":"2023-01-14T21:30:23","guid":{"rendered":"https:\/\/safeintel.hu\/?post_type=product&#038;p=2416"},"modified":"2025-04-07T13:01:11","modified_gmt":"2025-04-07T11:01:11","slug":"ajax-starterkit-cam","status":"publish","type":"product","link":"https:\/\/safeintel.hu\/hu\/products\/ajax-starterkit-cam\/","title":{"rendered":"AJAX StarterKit Cam"},"content":{"rendered":"<p style=\"padding-left: 40px;\"><em>\u2013 Gyors kapcsolat a riaszt\u00e1skezel\u0151 c\u00e9ggel.<\/em><br \/>\n<em>\u2013 Automatiz\u00e1lt biztons\u00e1g forgat\u00f3k\u00f6nyvekkel.<\/em><br \/>\n<em>\u2013 H\u00e1rom kommunik\u00e1ci\u00f3s csatorna az online el\u00e9r\u00e9s biztos\u00edt\u00e1s\u00e1hoz.<\/em><br \/>\n<em>\u2013 Anim\u00e1lt f\u00e9nyk\u00e9psorozat a riaszt\u00e1sok ellen\u0151rz\u00e9s\u00e9hez.<\/em><\/p>\n<h2>V\u00e9dje meg otthon\u00e1t a bet\u00f6r\u00e9sekt\u0151l<\/h2>\n<p>A StarterKit Cam azonnal \u00e9rtes\u00edti \u00d6nt \u00e9s a biztons\u00e1gi c\u00e9get bet\u00f6r\u00e9s eset\u00e9n. A mozg\u00e1s\u00e9rz\u00e9kel\u00e9s azonnali aktiv\u00e1l\u00e1sa ut\u00e1n 9 m\u00e1sodpercen bel\u00fcl f\u00e9nyk\u00e9pes meger\u0151s\u00edt\u00e9st kap a helyzet \u00e9rt\u00e9kel\u00e9s\u00e9hez.<\/p>\n<p>Ir\u00e1ny\u00edtsa biztons\u00e1gi rendszer\u00e9t b\u00e1rhonnan a vil\u00e1gon okostelefonnal. Ne agg\u00f3djon a \u00e1ramkimarad\u00e1sok \u00e9s internetkapcsolati megszak\u00edt\u00e1sok miatt. A k\u00f6zpont tov\u00e1bbra is \u0151rzi ingatlan\u00e1t a tartal\u00e9k akkumul\u00e1tor \u00e9s 2 SIM-k\u00e1rtya seg\u00edts\u00e9g\u00e9vel<\/p>\n<p><video class=\"\" style=\"max-width: 100%;\" tabindex=\"0\" autoplay=\"autoplay\" loop=\"loop\" muted=\"\" width=\"100%\"><span data-mce-type=\"bookmark\" style=\"display: inline-block; width: 0px; overflow: hidden; line-height: 0;\" class=\"mce_SELRES_start\"><\/span><source data-src=\"https:\/\/ajax.systems\/wp-content\/themes\/ajax\/assets\/images\/template\/product\/motioncam\/motioncam.mp4\" type=\"video\/mp4\" src=\"https:\/\/ajax.systems\/wp-content\/themes\/ajax\/assets\/images\/template\/product\/motioncam\/motioncam.mp4\" \/><\/video><\/p>\n<p>&nbsp;<\/p>\n<h2>A StarterKit Cam k\u00e9szlet n\u00e9gy eszk\u00f6zt tartalmaz:<\/h2>\n<ol>\n<li><a href=\"https:\/\/safeintel.hu\/hu\/products\/ajax-hub-2\/\">Hub 2 (2G)<\/a><br \/>\nA k\u00f6zpont ir\u00e1ny\u00edtja az \u00f6sszes biztons\u00e1gi rendszer eszk\u00f6zt, \u00e9s \u00e9rtes\u00edt\u00e9st k\u00fcld \u00d6nnek b\u00e1rmilyen otthoni aktivit\u00e1sr\u00f3l push \u00e9rtes\u00edt\u00e9sekkel, SMS-sel \u00e9s telefonh\u00edv\u00e1sokkal.<\/li>\n<li><a href=\"https:\/\/safeintel.hu\/hu\/products\/ajax-motioncam\/\">MotionCam<\/a><br \/>\nA mozg\u00e1s\u00e9rz\u00e9kel\u0151 reag\u00e1l az enged\u00e9ly n\u00e9lk\u00fcli jelenl\u00e9tre a fegyverzett t\u00e9rben, \u00e9s f\u00e9nyk\u00e9psorozatot k\u00e9sz\u00edt a riaszt\u00e1sok meger\u0151s\u00edt\u00e9s\u00e9re.<\/li>\n<li><a href=\"https:\/\/safeintel.hu\/hu\/products\/ajax-doorprotect\/\">DoorProtect<\/a><br \/>\nAz \u00e9rz\u00e9kel\u0151 azonnal reag\u00e1l az ajt\u00f3 nyit\u00e1s\u00e1ra. Ez az \u00d6n biztons\u00e1gi rendszer\u00e9nek els\u0151 v\u00e9delmi vonala. B\u00e1rmilyen t\u00edpus\u00fa ajt\u00f3ra felszerelhet\u0151.<\/li>\n<li><a href=\"https:\/\/safeintel.hu\/hu\/products\/spacecontrol\/\">SpaceControl<\/a><br \/>\nA kulcstart\u00f3 be- \u00e9s kikapcsolja a rendszer\u00e9t. V\u00e9szhelyzetben nyomja meg a p\u00e1nikgombot, hogy seg\u00edts\u00e9get k\u00e9rjen.<\/li>\n<\/ol>\n<p>&nbsp;<\/p>","protected":false},"excerpt":{"rendered":"<p>Biztons\u00e1gi rendszer vizu\u00e1lis riaszt\u00e1s-ellen\u0151rz\u00e9ssel<\/p>","protected":false},"featured_media":2576,"comment_status":"open","ping_status":"closed","template":"","meta":{"site-sidebar-layout":"default","site-content-layout":"default","ast-global-header-display":"","ast-main-header-display":"","ast-hfb-above-header-display":"","ast-hfb-below-header-display":"","ast-hfb-mobile-header-display":"","site-post-title":"","ast-breadcrumbs-content":"","ast-featured-img":"","footer-sml-layout":"","theme-transparent-header-meta":"default","adv-header-id-meta":"","stick-header-meta":"default","header-above-stick-meta":"","header-main-stick-meta":"","header-below-stick-meta":"","_themeisle_gutenberg_block_has_review":false},"product_cat":[99],"product_tag":[],"_links":{"self":[{"href":"https:\/\/safeintel.hu\/hu\/wp-json\/wp\/v2\/product\/2416"}],"collection":[{"href":"https:\/\/safeintel.hu\/hu\/wp-json\/wp\/v2\/product"}],"about":[{"href":"https:\/\/safeintel.hu\/hu\/wp-json\/wp\/v2\/types\/product"}],"replies":[{"embeddable":true,"href":"https:\/\/safeintel.hu\/hu\/wp-json\/wp\/v2\/comments?post=2416"}],"wp:featuredmedia":[{"embeddable":true,"href":"https:\/\/safeintel.hu\/hu\/wp-json\/wp\/v2\/media\/2576"}],"wp:attachment":[{"href":"https:\/\/safeintel.hu\/hu\/wp-json\/wp\/v2\/media?parent=2416"}],"wp:term":[{"taxonomy":"product_cat","embeddable":true,"href":"https:\/\/safeintel.hu\/hu\/wp-json\/wp\/v2\/product_cat?post=2416"},{"taxonomy":"product_tag","embeddable":true,"href":"https:\/\/safeintel.hu\/hu\/wp-json\/wp\/v2\/product_tag?post=2416"}],"curies":[{"name":"wp","href":"https:\/\/api.w.org\/{rel}","templated":true}]}}