{"id":2417,"date":"2023-01-15T00:30:23","date_gmt":"2023-01-14T21:30:23","guid":{"rendered":"https:\/\/safeintel.hu\/?post_type=product&#038;p=2417"},"modified":"2025-04-07T13:01:11","modified_gmt":"2025-04-07T11:01:11","slug":"ajax-hub","status":"publish","type":"product","link":"https:\/\/safeintel.hu\/hu\/products\/ajax-hub\/","title":{"rendered":"AJAX Hub"},"content":{"rendered":"<p style=\"padding-left: 40px;\"><em>\u2013 GSM vagy Ethernet seg\u00edts\u00e9g\u00e9vel k\u00fcldi a riaszt\u00e1sokat a K\u00f6zponti Megfigyel\u0151 \u00c1llom\u00e1snak \u00e9s a tulajdonosnak<\/em><br \/>\n<em>\u2013 \u00c9rtes\u00edt\u00e9st k\u00fcld \u00e1ramkimarad\u00e1s eset\u00e9n, \u00e9s ak\u00e1r 15 \u00f3r\u00e1n \u00e1t m\u0171k\u00f6dik tartal\u00e9k akkumul\u00e1torr\u00f3l<\/em><br \/>\n<em>\u2013 Legal\u00e1bb 12 m\u00e1sodpercenk\u00e9nt ellen\u0151rzi az \u00e9rz\u00e9kel\u0151k m\u0171k\u00f6d\u00e9s\u00e9t<\/em><\/p>\n<h2>M\u0171k\u00f6d\u00e9s elve<\/h2>\n<p>Az eszk\u00f6z titkos\u00edtott form\u00e1tumban gy\u0171jti az \u00e9rz\u00e9kel\u0151k m\u0171k\u00f6d\u00e9s\u00e9re vonatkoz\u00f3 adatokat, elemzi azokat, \u00e9s riaszt\u00e1s eset\u00e9n n\u00e9h\u00e1ny milliszekundum alatt \u00e9rtes\u00edti a rendszer tulajdonos\u00e1t \u00e9s a K\u00f6zponti Megfigyel\u0151 \u00c1llom\u00e1st.<\/p>\n<h2>Jellemz\u0151k<\/h2>\n<p>Az eszk\u00f6z a Jeweller r\u00e1di\u00f3technol\u00f3gi\u00e1t haszn\u00e1lja az \u00e9rz\u00e9kel\u0151k figyel\u00e9s\u00e9re \u00e9s a gyors reakci\u00f3 biztos\u00edt\u00e1s\u00e1ra vesz\u00e9ly eset\u00e9n. Zajos k\u00f6rnyezetben a teljes rendszert tiszta frekvenci\u00e1kra kapcsolja. Az eszk\u00f6z szoftver szinten v\u00e9dett a v\u00edrusokkal szemben.<\/p>\n<p><img decoding=\"async\" loading=\"lazy\" class=\"aligncenter size-full wp-image-4239\" src=\"https:\/\/safeintel.hu\/wp-content\/uploads\/2023\/01\/HUB_B-2x.jpg\" alt=\"\" width=\"992\" height=\"537\" srcset=\"https:\/\/safeintel.hu\/wp-content\/uploads\/2023\/01\/HUB_B-2x.jpg 992w, https:\/\/safeintel.hu\/wp-content\/uploads\/2023\/01\/HUB_B-2x-420x227.jpg 420w, https:\/\/safeintel.hu\/wp-content\/uploads\/2023\/01\/HUB_B-2x-768x416.jpg 768w, https:\/\/safeintel.hu\/wp-content\/uploads\/2023\/01\/HUB_B-2x-18x10.jpg 18w, https:\/\/safeintel.hu\/wp-content\/uploads\/2023\/01\/HUB_B-2x-700x379.jpg 700w\" sizes=\"(max-width: 992px) 100vw, 992px\" \/><\/p>\n<p>&nbsp;<\/p>\n<h2>Biztons\u00e1gos otthoni \u00e9s irodai automatiz\u00e1l\u00e1s<\/h2>\n<p>N\u00f6velje biztons\u00e1gi rendszer\u00e9nek potenci\u00e1lj\u00e1t forgat\u00f3k\u00f6nyvekkel, hogy akt\u00edvan reag\u00e1ljon az \u00e1ltala \u00e9szlelt fenyeget\u00e9sekre, \u00e9s automatiz\u00e1lja rutinjait. \u00c1ll\u00edtson be \u00c9jszakai m\u00f3d aktiv\u00e1l\u00e1s\u00e1t \u00fctemez\u00e9s szerint; kapcsolja ki az \u00f6sszes iroda vil\u00e1g\u00edt\u00e1st a rendszer aktiv\u00e1l\u00e1s\u00e1val; programozza a k\u00fclt\u00e9ri vil\u00e1g\u00edt\u00e1st, hogy megvil\u00e1g\u00edtsa a betolakod\u00f3kat, amikor azok aktiv\u00e1lj\u00e1k a k\u00fclt\u00e9ri mozg\u00e1s\u00e9rz\u00e9kel\u0151t; vagy telep\u00edtsen fenntarthat\u00f3 \u00e1rvizek elleni rendszert. A rendszer folytatja a forgat\u00f3k\u00f6nyvek v\u00e9grehajt\u00e1s\u00e1t akkor is, ha elveszik a kapcsolat az Ajax Clouddal.<\/p>\n<ul>\n<li>Fenyeget\u00e9sekre adott reakci\u00f3k<\/li>\n<li>Tervezett m\u0171veletek<\/li>\n<li>Reakci\u00f3k a biztons\u00e1gi m\u00f3d v\u00e1ltoz\u00e1s\u00e1ra<\/li>\n<\/ul>\n<p><video class=\"\" style=\"max-width: 100%;\" tabindex=\"0\" autoplay=\"autoplay\" loop=\"loop\" muted=\"\" width=\"100%\" height=\"450\"><span data-mce-type=\"bookmark\" style=\"display: inline-block; width: 0px; overflow: hidden; line-height: 0;\" class=\"mce_SELRES_start\"><\/span><source data-src=\"https:\/\/ajax.systems\/wp-content\/themes\/ajax\/assets\/images\/template\/scenarios\/video\/M-en.mp4\" type=\"video\/mp4\" src=\"https:\/\/ajax.systems\/wp-content\/themes\/ajax\/assets\/images\/template\/scenarios\/video\/M-en.mp4\" \/><span data-mce-type=\"bookmark\" style=\"display: inline-block; width: 0px; overflow: hidden; line-height: 0;\" class=\"mce_SELRES_start\"><\/span><\/video><\/p>\n<p>&nbsp;<\/p>\n<h2>Telep\u00edt\u00e9s \u00e9s be\u00e1ll\u00edt\u00e1s<\/h2>\n<p>Az eszk\u00f6z azonnal haszn\u00e1latra k\u00e9sz a kicsomagol\u00e1s ut\u00e1n. A be\u00e1ll\u00edt\u00e1s a mobilalkalmaz\u00e1son kereszt\u00fcl t\u00f6rt\u00e9nik, a detektorok pedig egyetlen kattint\u00e1ssal csatlakoztathat\u00f3k. A SmartBracket r\u00f6gz\u00edt\u0151 seg\u00edts\u00e9g\u00e9vel n\u00e9h\u00e1ny perc alatt felszerelhet\u0151.<\/p>\n<p><img decoding=\"async\" loading=\"lazy\" class=\"aligncenter size-full wp-image-2368\" src=\"https:\/\/safeintel.hu\/wp-content\/uploads\/2023\/01\/hub_des_3.jpg\" alt=\"\" width=\"993\" height=\"544\" srcset=\"https:\/\/safeintel.hu\/wp-content\/uploads\/2023\/01\/hub_des_3.jpg 993w, https:\/\/safeintel.hu\/wp-content\/uploads\/2023\/01\/hub_des_3-420x230.jpg 420w, https:\/\/safeintel.hu\/wp-content\/uploads\/2023\/01\/hub_des_3-700x383.jpg 700w, https:\/\/safeintel.hu\/wp-content\/uploads\/2023\/01\/hub_des_3-300x164.jpg 300w, https:\/\/safeintel.hu\/wp-content\/uploads\/2023\/01\/hub_des_3-768x421.jpg 768w, https:\/\/safeintel.hu\/wp-content\/uploads\/2023\/01\/hub_des_3-18x10.jpg 18w\" sizes=\"(max-width: 993px) 100vw, 993px\" \/><\/p>","protected":false},"excerpt":{"rendered":"<p>A Hub intelligens vez\u00e9rl\u0151panel az Ajax biztons\u00e1gi rendszer kulcseleme. Az eszk\u00f6z figyeli az \u00f6sszes Ajax \u00e9rz\u00e9kel\u0151 m\u0171k\u00f6d\u00e9s\u00e9t, \u00e9s azonnal riaszt\u00e1st k\u00fcld a tulajdonosnak \u00e9s a K\u00f6zponti Fel\u00fcgyeleti \u00c1llom\u00e1snak.<\/p>","protected":false},"featured_media":2360,"comment_status":"open","ping_status":"closed","template":"","meta":{"site-sidebar-layout":"default","site-content-layout":"default","ast-global-header-display":"","ast-main-header-display":"","ast-hfb-above-header-display":"","ast-hfb-below-header-display":"","ast-hfb-mobile-header-display":"","site-post-title":"","ast-breadcrumbs-content":"","ast-featured-img":"","footer-sml-layout":"","theme-transparent-header-meta":"default","adv-header-id-meta":"","stick-header-meta":"default","header-above-stick-meta":"","header-main-stick-meta":"","header-below-stick-meta":"","_themeisle_gutenberg_block_has_review":false},"product_cat":[95,96,97,98],"product_tag":[117],"_links":{"self":[{"href":"https:\/\/safeintel.hu\/hu\/wp-json\/wp\/v2\/product\/2417"}],"collection":[{"href":"https:\/\/safeintel.hu\/hu\/wp-json\/wp\/v2\/product"}],"about":[{"href":"https:\/\/safeintel.hu\/hu\/wp-json\/wp\/v2\/types\/product"}],"replies":[{"embeddable":true,"href":"https:\/\/safeintel.hu\/hu\/wp-json\/wp\/v2\/comments?post=2417"}],"wp:featuredmedia":[{"embeddable":true,"href":"https:\/\/safeintel.hu\/hu\/wp-json\/wp\/v2\/media\/2360"}],"wp:attachment":[{"href":"https:\/\/safeintel.hu\/hu\/wp-json\/wp\/v2\/media?parent=2417"}],"wp:term":[{"taxonomy":"product_cat","embeddable":true,"href":"https:\/\/safeintel.hu\/hu\/wp-json\/wp\/v2\/product_cat?post=2417"},{"taxonomy":"product_tag","embeddable":true,"href":"https:\/\/safeintel.hu\/hu\/wp-json\/wp\/v2\/product_tag?post=2417"}],"curies":[{"name":"wp","href":"https:\/\/api.w.org\/{rel}","templated":true}]}}