{"id":2419,"date":"2023-01-15T00:30:23","date_gmt":"2023-01-14T21:30:23","guid":{"rendered":"https:\/\/safeintel.hu\/?post_type=product&#038;p=2419"},"modified":"2025-04-07T13:01:11","modified_gmt":"2025-04-07T11:01:11","slug":"ajax-hub-2-4g","status":"publish","type":"product","link":"https:\/\/safeintel.hu\/hu\/products\/ajax-hub-2-4g\/","title":{"rendered":"AJAX Hub 2 (4G)"},"content":{"rendered":"<h2>A biztons\u00e1g ir\u00e1ny\u00edt\u00e1sa, nem a mag\u00e1n\u00e9let\u00e9<\/h2>\n<p>A Hub 2 kezeli az \u00f6sszes Ajax eszk\u00f6zt a rendszerben, hogy \u00e9rtes\u00edtse a felhaszn\u00e1l\u00f3kat a nyitott ajt\u00f3kr\u00f3l, bet\u00f6rt ablakokr\u00f3l, t\u0171z- \u00e9s v\u00edzk\u00e1rvesz\u00e9lyr\u0151l. Ha bet\u00f6r\u0151k behatolnak az \u00e9p\u00fcletbe, a Hub 2 \u00e9rtes\u00edti a megfigyel\u0151\u00e1llom\u00e1st, \u00e9s k\u00e9peket k\u00fcld a MotionCam \u00e9rz\u00e9kel\u0151kr\u0151l. Nem kell folyamatosan biztons\u00e1gi kamer\u00e1k fel\u00fcgyelete alatt \u00e9lnie ahhoz, hogy tudja, mi t\u00f6rt\u00e9nik.<\/p>\n<ul>\n<li>Riaszt\u00e1si f\u00e9nyk\u00e9p ellen\u0151rz\u00e9se 9 m\u00e1sodperc alatt<\/li>\n<li>PRO anti-sabotage<\/li>\n<li>9 csoport - A l\u00e9tes\u00edtm\u00e9ny rugalmas biztons\u00e1gi ir\u00e1ny\u00edt\u00e1sa<\/li>\n<li>Ak\u00e1r 16 \u00f3r\u00e1s tartal\u00e9k akkumul\u00e1tor \u00e9lettartam<\/li>\n<li>3 f\u00fcggetlen kommunik\u00e1ci\u00f3s csatorna a dobozb\u00f3l (2G\/4G, Ethernet)<\/li>\n<\/ul>\n<p><img decoding=\"async\" loading=\"lazy\" class=\"aligncenter wp-image-2366 size-full\" src=\"https:\/\/safeintel.hu\/wp-content\/uploads\/2023\/01\/hub_des_1.jpg\" alt=\"\" width=\"993\" height=\"544\" srcset=\"https:\/\/safeintel.hu\/wp-content\/uploads\/2023\/01\/hub_des_1.jpg 993w, https:\/\/safeintel.hu\/wp-content\/uploads\/2023\/01\/hub_des_1-420x230.jpg 420w, https:\/\/safeintel.hu\/wp-content\/uploads\/2023\/01\/hub_des_1-700x383.jpg 700w, https:\/\/safeintel.hu\/wp-content\/uploads\/2023\/01\/hub_des_1-300x164.jpg 300w, https:\/\/safeintel.hu\/wp-content\/uploads\/2023\/01\/hub_des_1-768x421.jpg 768w, https:\/\/safeintel.hu\/wp-content\/uploads\/2023\/01\/hub_des_1-18x10.jpg 18w\" sizes=\"(max-width: 993px) 100vw, 993px\" \/><\/p>\n<p>&nbsp;<\/p>\n<h2>Riaszt\u00e1si f\u00e9nyk\u00e9p ellen\u0151rz\u00e9se 9 m\u00e1sodperc alatt<\/h2>\n<p>A Hub 2 a MotionCam \u00e9s MotionCam Outdoor mozg\u00e1s\u00e9rz\u00e9kel\u0151kkel m\u0171k\u00f6dik. Amikor mozg\u00e1st \u00e9szlelnek, sorozatfelv\u00e9teleket k\u00e9sz\u00edtenek, \u00edgy dinamikusan lehet \u00e9rt\u00e9kelni a helysz\u00ednen zajl\u00f3 esem\u00e9nyeket. Ez seg\u00edt elker\u00fclni a felesleges aggodalmat a felhaszn\u00e1l\u00f3k sz\u00e1m\u00e1ra, valamint megel\u0151zni az indokolatlan j\u00e1r\u0151rkisz\u00e1ll\u00e1sokat a biztons\u00e1gi c\u00e9gek r\u00e9sz\u00e9r\u0151l.<\/p>\n<ol>\n<li>Mozg\u00e1s \u00e9szlelve<\/li>\n<li>Riaszt\u00e1s kiv\u00e1ltva<\/li>\n<li>Bizony\u00edt\u00e9kok r\u00f6gz\u00edtve<\/li>\n<\/ol>\n<p><video class=\"\" style=\"max-width: 100%;\" tabindex=\"0\" autoplay=\"autoplay\" loop=\"loop\" muted=\"\" width=\"100%\" height=\"650px\"><span data-mce-type=\"bookmark\" style=\"display: inline-block; width: 0px; overflow: hidden; line-height: 0;\" class=\"mce_SELRES_start\"><\/span><br \/>\n<span data-mce-type=\"bookmark\" style=\"display: inline-block; width: 0px; overflow: hidden; line-height: 0;\" class=\"mce_SELRES_start\"><\/span><source data-src=\"https:\/\/ajax.systems\/wp-content\/themes\/ajax\/assets\/images\/template\/product\/mco\/block1\/MCO-photoverification1.mp4\" type=\"video\/mp4\" src=\"https:\/\/ajax.systems\/wp-content\/themes\/ajax\/assets\/images\/template\/product\/mco\/block1\/MCO-photoverification1.mp4\" \/><\/video><\/p>\n<p>&nbsp;<\/p>\n<h2>Mindig kapcsolatban \u2014 k\u00e1belen \u00e9s mobilh\u00e1l\u00f3zatokon kereszt\u00fcl<\/h2>\n<p>A biztons\u00e1gi rendszer vez\u00e9rl\u0151pultj\u00e1nak l\u00e9tfontoss\u00e1g\u00fa a kapcsolat a k\u00fclvil\u00e1ggal. Megb\u00edzhat\u00f3s\u00e1ga \u00e9s stabilit\u00e1sa garant\u00e1lja, hogy a riaszt\u00e1sok id\u0151ben meg\u00e9rkezzenek a biztons\u00e1gi c\u00e9ghez \u00e9s a felhaszn\u00e1l\u00f3khoz.<\/p>\n<p>A Hub 2 egyszerre h\u00e1rom internetszolg\u00e1ltat\u00f3hoz csatlakozhat \u2014 Ethernet k\u00e1belen, valamint 2G, 3G \u00e9s LTE mobilh\u00e1l\u00f3zatokon kereszt\u00fcl. Az automatikus csatornav\u00e1lt\u00e1s m\u00e1sodpercek alatt t\u00f6rt\u00e9nik.<\/p>\n<p>&nbsp;<\/p>\n<h2>Rugalmass\u00e1g az alapokban<\/h2>\n<p>A Hub 2 r\u00e1di\u00f3h\u00e1l\u00f3zata t\u00f6bb emeletet \u00e9s k\u00fcl\u00f6n\u00e1ll\u00f3 \u00e9p\u00fcleteket is lefed \u2014 k\u00f6sz\u00f6nhet\u0151en a 2000 m\u00e9teres kommunik\u00e1ci\u00f3s t\u00e1vols\u00e1gnak \u00e9s az \u00f6t tartom\u00e1nykiterjeszt\u0151 csatlakoztat\u00e1s\u00e1nak lehet\u0151s\u00e9g\u00e9nek. A hozz\u00e1f\u00e9r\u00e9s kezel\u00e9se \u00e9s a l\u00e9tes\u00edtm\u00e9ny biztons\u00e1gi z\u00f3n\u00e1kra oszt\u00e1sa \u00e9rdek\u00e9ben a hub lehet\u0151v\u00e9 teszi 50 felhaszn\u00e1l\u00f3 csatlakoztat\u00e1s\u00e1t \u00e9s 9 biztons\u00e1gi csoport l\u00e9trehoz\u00e1s\u00e1t. A Hub 2 ide\u00e1lis v\u00e1laszt\u00e1s mind otthoni, mind v\u00e1llalati biztons\u00e1gi megold\u00e1sokhoz.<\/p>\n<ul>\n<li>9 biztons\u00e1gi csoport<\/li>\n<li>50 felhaszn\u00e1l\u00f3<\/li>\n<li>100 eszk\u00f6z a rendszerben<\/li>\n<li>2000 m r\u00e1di\u00f3s kommunik\u00e1ci\u00f3s hat\u00f3t\u00e1vols\u00e1g<\/li>\n<\/ul>\n<p><video class=\"\" style=\"max-width: 100%;\" tabindex=\"0\" autoplay=\"autoplay\" loop=\"loop\" muted=\"\" width=\"100%\" height=\"650px\"><span data-mce-type=\"bookmark\" style=\"display: inline-block; width: 0px; overflow: hidden; line-height: 0;\" class=\"mce_SELRES_start\"><\/span><source data-src=\"https:\/\/ajax.systems\/wp-content\/themes\/ajax\/assets\/images\/template\/product\/hub2\/rex.mp4\" type=\"video\/mp4\" src=\"https:\/\/ajax.systems\/wp-content\/themes\/ajax\/assets\/images\/template\/product\/hub2\/rex.mp4\" \/><\/video><\/p>\n<h2><\/h2>\n<h2>Automatiz\u00e1lt biztons\u00e1g<\/h2>\n<p>A Hub 2 lehet\u0151v\u00e9 teszi 32 automatiz\u00e1ci\u00f3s forgat\u00f3k\u00f6nyv l\u00e9trehoz\u00e1s\u00e1t, minimaliz\u00e1lva az emberi t\u00e9nyez\u0151 hat\u00e1s\u00e1t a biztons\u00e1gra. A k\u00f6zponti egys\u00e9g id\u0151z\u00edt\u00e9s szerint \u00e9les\u00edtheti vagy hat\u00e1stalan\u00edthatja a v\u00e9delmi rendszert. Azonnal aktiv\u00e1lhat egy f\u00fcstg\u00e9pet illet\u00e9ktelen behatol\u00e1s eset\u00e9n, \u00e1ramtalan\u00edthatja az \u00e9p\u00fcletet \u00e9s bekapcsolhatja a v\u00e9szvil\u00e1g\u00edt\u00e1st t\u0171z eset\u00e9n, vagy elz\u00e1rhatja a vizet sziv\u00e1rg\u00e1skor. Lehet\u0151s\u00e9g van vil\u00e1g\u00edt\u00e1s, elektromos z\u00e1rak, red\u0151ny\u00f6k \u00e9s gar\u00e1zskapuk vez\u00e9rl\u00e9s\u00e9re a biztons\u00e1gi rendszer \u00e1llapot\u00e1nak v\u00e1ltoz\u00e1sakor, gombnyom\u00e1sra vagy \u00e9rz\u00e9kel\u0151 riaszt\u00e1s eset\u00e9n.<\/p>\n<ul>\n<li>V\u00edzsziv\u00e1rg\u00e1s elleni rendszer<\/li>\n<li>Automata ajt\u00f3k \u00e9s red\u0151ny\u00f6k<\/li>\n<li>Riaszt\u00e1svez\u00e9relt ter\u00fcletvil\u00e1g\u00edt\u00e1s<\/li>\n<\/ul>\n<h2><\/h2>\n<h2>Ellen\u00e1ll a szabot\u00e1zsnak<\/h2>\n<p>B\u00e1rmi t\u00f6rt\u00e9njen is a Hub 2-vel, a biztons\u00e1gi szolg\u00e1lat \u00e9s a felhaszn\u00e1l\u00f3k \u00e9rtes\u00edt\u00e9st kapnak. Az eszk\u00f6zt nem lehet \u00e9szrev\u00e9tlen\u00fcl lekapcsolni, ha a rendszer nincs \u00e9les\u00edtve. Ha egy behatol\u00f3 megpr\u00f3b\u00e1lja leszerelni a k\u00e9sz\u00fcl\u00e9ket, azonnal m\u0171k\u00f6d\u00e9sbe l\u00e9p a szabot\u00e1zs\u00e9rz\u00e9kel\u0151. Az Ajax Cloud szerver ak\u00e1r 60 m\u00e1sodpercen bel\u00fcl \u00e9szleli a kapcsolat megszakad\u00e1s\u00e1t a gyakori adatlek\u00e9rdez\u00e9seknek k\u00f6sz\u00f6nhet\u0151en. M\u00e9g ha az \u00e9p\u00fclet \u00e1ramell\u00e1t\u00e1sa megszakad is, a hub be\u00e9p\u00edtett tartal\u00e9k akkumul\u00e1tor\u00e1nak k\u00f6sz\u00f6nhet\u0151en ak\u00e1r 16 \u00f3r\u00e1n \u00e1t biztos\u00edtja a v\u00e9delmet.<\/p>\n<ul>\n<li>Eszk\u00f6zlek\u00e9rdez\u00e9si id\u0151: 12 m\u00e1sodperct\u0151l<\/li>\n<li>K\u00f6zponti egys\u00e9g kapcsolatveszt\u00e9s\u00e9nek \u00e9szlel\u00e9se: 60 m\u00e1sodperc<\/li>\n<li>Tartal\u00e9k akkumul\u00e1tor \u00fczemideje: ak\u00e1r 16 \u00f3ra<\/li>\n<\/ul>\n<p>&nbsp;<\/p>\n<h2>Telep\u00edt\u00e9s \u00e9s be\u00e1ll\u00edt\u00e1s<\/h2>\n<p>Az eszk\u00f6z azonnal haszn\u00e1latra k\u00e9sz a kicsomagol\u00e1s ut\u00e1n. A be\u00e1ll\u00edt\u00e1s a mobilalkalmaz\u00e1son kereszt\u00fcl t\u00f6rt\u00e9nik, a detektorok pedig egyetlen kattint\u00e1ssal csatlakoztathat\u00f3k. A SmartBracket r\u00f6gz\u00edt\u0151 seg\u00edts\u00e9g\u00e9vel n\u00e9h\u00e1ny perc alatt felszerelhet\u0151.<\/p>\n<p><img decoding=\"async\" loading=\"lazy\" class=\"aligncenter size-full wp-image-2368\" src=\"https:\/\/safeintel.hu\/wp-content\/uploads\/2023\/01\/hub_des_3.jpg\" alt=\"\" width=\"993\" height=\"544\" srcset=\"https:\/\/safeintel.hu\/wp-content\/uploads\/2023\/01\/hub_des_3.jpg 993w, https:\/\/safeintel.hu\/wp-content\/uploads\/2023\/01\/hub_des_3-420x230.jpg 420w, https:\/\/safeintel.hu\/wp-content\/uploads\/2023\/01\/hub_des_3-700x383.jpg 700w, https:\/\/safeintel.hu\/wp-content\/uploads\/2023\/01\/hub_des_3-300x164.jpg 300w, https:\/\/safeintel.hu\/wp-content\/uploads\/2023\/01\/hub_des_3-768x421.jpg 768w, https:\/\/safeintel.hu\/wp-content\/uploads\/2023\/01\/hub_des_3-18x10.jpg 18w\" sizes=\"(max-width: 993px) 100vw, 993px\" \/><\/p>","protected":false},"excerpt":{"rendered":"<p>Biztons\u00e1gi rendszer vez\u00e9rl\u0151panel fot\u00f3alap\u00fa riaszt\u00e1sellen\u0151rz\u00e9ssel. Kommunik\u00e1ci\u00f3s csatorn\u00e1k: Ethernet, k\u00e9t 4G\/LTE SIM-k\u00e1rtya.<\/p>","protected":false},"featured_media":2360,"comment_status":"open","ping_status":"closed","template":"","meta":{"site-sidebar-layout":"default","site-content-layout":"default","ast-global-header-display":"","ast-main-header-display":"","ast-hfb-above-header-display":"","ast-hfb-below-header-display":"","ast-hfb-mobile-header-display":"","site-post-title":"","ast-breadcrumbs-content":"","ast-featured-img":"","footer-sml-layout":"","theme-transparent-header-meta":"default","adv-header-id-meta":"","stick-header-meta":"default","header-above-stick-meta":"","header-main-stick-meta":"","header-below-stick-meta":"","_themeisle_gutenberg_block_has_review":false},"product_cat":[95,96,97,98],"product_tag":[126],"_links":{"self":[{"href":"https:\/\/safeintel.hu\/hu\/wp-json\/wp\/v2\/product\/2419"}],"collection":[{"href":"https:\/\/safeintel.hu\/hu\/wp-json\/wp\/v2\/product"}],"about":[{"href":"https:\/\/safeintel.hu\/hu\/wp-json\/wp\/v2\/types\/product"}],"replies":[{"embeddable":true,"href":"https:\/\/safeintel.hu\/hu\/wp-json\/wp\/v2\/comments?post=2419"}],"wp:featuredmedia":[{"embeddable":true,"href":"https:\/\/safeintel.hu\/hu\/wp-json\/wp\/v2\/media\/2360"}],"wp:attachment":[{"href":"https:\/\/safeintel.hu\/hu\/wp-json\/wp\/v2\/media?parent=2419"}],"wp:term":[{"taxonomy":"product_cat","embeddable":true,"href":"https:\/\/safeintel.hu\/hu\/wp-json\/wp\/v2\/product_cat?post=2419"},{"taxonomy":"product_tag","embeddable":true,"href":"https:\/\/safeintel.hu\/hu\/wp-json\/wp\/v2\/product_tag?post=2419"}],"curies":[{"name":"wp","href":"https:\/\/api.w.org\/{rel}","templated":true}]}}