{"id":2422,"date":"2023-01-15T00:30:23","date_gmt":"2023-01-14T21:30:23","guid":{"rendered":"https:\/\/safeintel.hu\/?post_type=product&#038;p=2422"},"modified":"2025-04-07T13:01:11","modified_gmt":"2025-04-07T11:01:11","slug":"ajax-rex-2","status":"publish","type":"product","link":"https:\/\/safeintel.hu\/hu\/products\/ajax-rex-2\/","title":{"rendered":"AJAX Rex 2"},"content":{"rendered":"<p>*A ReX 2 kompatibilis a Hub 2, Hub 2 Plus \u00e9s Hub Hybrid k\u00f6zpontokkal.<\/p>\n<p>&nbsp;<\/p>\n<h2>A biztons\u00e1gi rendszer sz\u00e9lesebb k\u00f6r\u0171 alkalmaz\u00e1sa<\/h2>\n<p>A jeltov\u00e1bb\u00edt\u00f3k kib\u0151v\u00edtik a v\u00e9dett ter\u00fclet hat\u00e1rait, \u00e9s m\u00e9g nagyobb szabads\u00e1got biztos\u00edtanak a biztons\u00e1gi rendszer eszk\u00f6zeinek elhelyez\u00e9s\u00e9ben. Az \u00f6sszes vagy egyes eszk\u00f6z\u00f6k1 ReX 2-h\u00f6z val\u00f3 csatlakoztat\u00e1s\u00e1val biztos\u00edthatja egy \u00fczleti k\u00f6zpont, nagy birtok, rakt\u00e1rkomplexum vagy ipari l\u00e9tes\u00edtm\u00e9ny biztons\u00e1g\u00e1t \u00e9s automatiz\u00e1l\u00e1s\u00e1t.<\/p>\n<p>Az Ajax rendszerben ak\u00e1r 5 jeltov\u00e1bb\u00edt\u00f3 is m\u0171k\u00f6dhet, amelyek a r\u00e1di\u00f3h\u00e1l\u00f3zat lefedetts\u00e9g\u00e9t ak\u00e1r 35 km\u00b2-re n\u00f6velik. Az esem\u00e9nyek \u00e9s riaszt\u00e1sok azonnal tov\u00e1bb\u00edt\u00e1sra ker\u00fclnek, \u00e9s az els\u0151 f\u00e9nyk\u00e9p-hiteles\u00edt\u00e9si pillanatfelv\u00e9tel mind\u00f6ssze 10 m\u00e1sodperc alatt eljut a fel\u00fcgyeleti \u00e1llom\u00e1sra \u00e9s a felhaszn\u00e1l\u00f3khoz.<\/p>\n<ul>\n<li>F\u00e9nyk\u00e9p ellen\u0151rz\u00e9se<\/li>\n<li>Csatlakoz\u00e1s a k\u00f6zponthoz Etherneten kereszt\u00fcl<\/li>\n<li>Ak\u00e1r 38 \u00f3ra \u00fczemid\u0151 tartal\u00e9k akkumul\u00e1torr\u00f3l<\/li>\n<li>Ak\u00e1r 35 km\u00b2 lefedetts\u00e9g egyetlen biztons\u00e1gi rendszerrel<\/li>\n<\/ul>\n<h2 style=\"text-align: center;\">Kiterjesztett r\u00e1di\u00f3kommunik\u00e1ci\u00f3s hat\u00f3t\u00e1vols\u00e1g.<\/h2>\n<p><img decoding=\"async\" loading=\"lazy\" class=\"aligncenter size-full wp-image-4276\" src=\"https:\/\/safeintel.hu\/wp-content\/uploads\/2023\/01\/rex2_1.jpg\" alt=\"\" width=\"1000\" height=\"350\" srcset=\"https:\/\/safeintel.hu\/wp-content\/uploads\/2023\/01\/rex2_1.jpg 1000w, https:\/\/safeintel.hu\/wp-content\/uploads\/2023\/01\/rex2_1-420x147.jpg 420w, https:\/\/safeintel.hu\/wp-content\/uploads\/2023\/01\/rex2_1-768x269.jpg 768w, https:\/\/safeintel.hu\/wp-content\/uploads\/2023\/01\/rex2_1-18x6.jpg 18w, https:\/\/safeintel.hu\/wp-content\/uploads\/2023\/01\/rex2_1-700x245.jpg 700w\" sizes=\"(max-width: 1000px) 100vw, 1000px\" \/><\/p>\n<p>&nbsp;<\/p>\n<h2>Riaszt\u00e1sok ellen\u0151rz\u00e9se f\u00e9nyk\u00e9pekkel<\/h2>\n<p>A ReX 2 a MotionCam \u00e9s MotionCam Outdoor mozg\u00e1s\u00e9rz\u00e9kel\u0151kkel m\u0171k\u00f6dik. Riaszt\u00e1s eset\u00e9n sorozatk\u00e9peket k\u00e9sz\u00edtenek, amelyek seg\u00edtenek dinamikusan \u00e9rt\u00e9kelni, mi t\u00f6rt\u00e9nik az objektumon. Ez cs\u00f6kkenti a felesleges j\u00e1r\u0151r\u00f6z\u00e9sek sz\u00e1m\u00e1t, \u00e9s megk\u00edm\u00e9li az \u00fcgyfeleket a felesleges idegess\u00e9gt\u0151l.<\/p>\n<ol>\n<li>Mozg\u00e1s \u00e9szlelve<\/li>\n<li>Riaszt\u00e1s kiv\u00e1ltva<\/li>\n<li>Bizony\u00edt\u00e9kok r\u00f6gz\u00edtve<\/li>\n<\/ol>\n<h2><img decoding=\"async\" loading=\"lazy\" class=\"aligncenter size-full wp-image-4280\" src=\"https:\/\/safeintel.hu\/wp-content\/uploads\/2023\/01\/rex2_5.jpg\" alt=\"\" width=\"992\" height=\"463\" srcset=\"https:\/\/safeintel.hu\/wp-content\/uploads\/2023\/01\/rex2_5.jpg 992w, https:\/\/safeintel.hu\/wp-content\/uploads\/2023\/01\/rex2_5-420x196.jpg 420w, https:\/\/safeintel.hu\/wp-content\/uploads\/2023\/01\/rex2_5-768x358.jpg 768w, https:\/\/safeintel.hu\/wp-content\/uploads\/2023\/01\/rex2_5-18x8.jpg 18w, https:\/\/safeintel.hu\/wp-content\/uploads\/2023\/01\/rex2_5-700x327.jpg 700w\" sizes=\"(max-width: 992px) 100vw, 992px\" \/><\/h2>\n<h2><\/h2>\n<h2>Garant\u00e1lt riaszt\u00e1sok \u00e9s f\u00e9nyk\u00e9p-hiteles\u00edt\u00e9sek k\u00e9zbes\u00edt\u00e9se<\/h2>\n<p>A megb\u00edzhat\u00f3 kommunik\u00e1ci\u00f3 \u00e9rdek\u00e9ben a ReX 2-t n\u00e9gy antenn\u00e1val \u00e9s k\u00e9t saj\u00e1t fejleszt\u00e9s\u0171 r\u00e1di\u00f3protokollal l\u00e1ttuk el: Jeweller \u00e9s Wings. A Jeweller felel\u0151s a parancsok, esem\u00e9nyek \u00e9s riaszt\u00e1sok tov\u00e1bb\u00edt\u00e1s\u00e1\u00e9rt, m\u00edg a Wings a k\u00e9pek csomagk\u00fcld\u00e9s\u00e9t biztos\u00edtja. Az Ajax k\u00e9tir\u00e1ny\u00fa r\u00e1di\u00f3kommunik\u00e1ci\u00f3ja kereteket haszn\u00e1l az eszk\u00f6z\u00f6k k\u00f6z\u00f6tti kommunik\u00e1ci\u00f3s \u00fcl\u00e9sek szinkroniz\u00e1l\u00e1s\u00e1ra, az azonos\u00edt\u00e1st a hamis\u00edt\u00e1s megakad\u00e1lyoz\u00e1s\u00e1ra, \u00e9s titkos\u00edt\u00e1st az adatlop\u00e1s elleni v\u00e9delem \u00e9rdek\u00e9ben.<\/p>\n<p>&nbsp;<\/p>\n<h2>R\u00e1di\u00f3kommunik\u00e1ci\u00f3 ac\u00e9lon \u00e9s betonnen kereszt\u00fcl<\/h2>\n<p>Az OS Malevich 2.13 oper\u00e1ci\u00f3s rendszer friss\u00edt\u00e9s\u00e9vel a ReX 2 jeltov\u00e1bb\u00edt\u00f3 nemcsak r\u00e1di\u00f3kommunik\u00e1ci\u00f3val, hanem Etherneten kereszt\u00fcl is csatlakozik a k\u00f6zponthoz \u2013 a k\u00e1belt haszn\u00e1lva egyed\u00fcli vagy tov\u00e1bbi kommunik\u00e1ci\u00f3s csatornak\u00e9nt. Ez lehet\u0151v\u00e9 teszi egy Ajax rendszer sz\u00e1m\u00e1ra, hogy lefedje az olyan objektumokat, mint egy f\u00f6ldalatti parkol\u00f3val rendelkez\u0151 irodah\u00e1z, egy szekcion\u00e1lt f\u00e9mhang\u00e1r vagy egy t\u00f6bb nagy \u00e9p\u00fcletb\u0151l \u00e1ll\u00f3 rakt\u00e1rkomplexum.<\/p>\n<h4 style=\"text-align: center;\">F\u00e9mhang\u00e1r<\/h4>\n<p><img decoding=\"async\" loading=\"lazy\" class=\"aligncenter size-full wp-image-4279\" src=\"https:\/\/safeintel.hu\/wp-content\/uploads\/2023\/01\/rex2_4.jpg\" alt=\"\" width=\"860\" height=\"267\" srcset=\"https:\/\/safeintel.hu\/wp-content\/uploads\/2023\/01\/rex2_4.jpg 860w, https:\/\/safeintel.hu\/wp-content\/uploads\/2023\/01\/rex2_4-420x130.jpg 420w, https:\/\/safeintel.hu\/wp-content\/uploads\/2023\/01\/rex2_4-768x238.jpg 768w, https:\/\/safeintel.hu\/wp-content\/uploads\/2023\/01\/rex2_4-18x6.jpg 18w, https:\/\/safeintel.hu\/wp-content\/uploads\/2023\/01\/rex2_4-700x217.jpg 700w\" sizes=\"(max-width: 860px) 100vw, 860px\" \/><\/p>\n<h3><\/h3>\n<h4 style=\"text-align: center;\">Gy\u00e1rt\u00e1si komplexum<\/h4>\n<p><img decoding=\"async\" loading=\"lazy\" class=\"aligncenter size-full wp-image-4277\" src=\"https:\/\/safeintel.hu\/wp-content\/uploads\/2023\/01\/rex2_2.jpg\" alt=\"\" width=\"860\" height=\"539\" srcset=\"https:\/\/safeintel.hu\/wp-content\/uploads\/2023\/01\/rex2_2.jpg 860w, https:\/\/safeintel.hu\/wp-content\/uploads\/2023\/01\/rex2_2-420x263.jpg 420w, https:\/\/safeintel.hu\/wp-content\/uploads\/2023\/01\/rex2_2-768x481.jpg 768w, https:\/\/safeintel.hu\/wp-content\/uploads\/2023\/01\/rex2_2-18x12.jpg 18w, https:\/\/safeintel.hu\/wp-content\/uploads\/2023\/01\/rex2_2-700x439.jpg 700w\" sizes=\"(max-width: 860px) 100vw, 860px\" \/><\/p>\n<h3><\/h3>\n<h4 style=\"text-align: center;\">F\u00f6ldalatti parkol\u00f3<\/h4>\n<p><img decoding=\"async\" loading=\"lazy\" class=\"aligncenter size-full wp-image-4278\" src=\"https:\/\/safeintel.hu\/wp-content\/uploads\/2023\/01\/rex2_3.jpg\" alt=\"\" width=\"860\" height=\"369\" srcset=\"https:\/\/safeintel.hu\/wp-content\/uploads\/2023\/01\/rex2_3.jpg 860w, https:\/\/safeintel.hu\/wp-content\/uploads\/2023\/01\/rex2_3-420x180.jpg 420w, https:\/\/safeintel.hu\/wp-content\/uploads\/2023\/01\/rex2_3-768x330.jpg 768w, https:\/\/safeintel.hu\/wp-content\/uploads\/2023\/01\/rex2_3-18x8.jpg 18w, https:\/\/safeintel.hu\/wp-content\/uploads\/2023\/01\/rex2_3-700x300.jpg 700w\" sizes=\"(max-width: 860px) 100vw, 860px\" \/><\/p>\n<ul>\n<li>Riaszt\u00e1sok, esem\u00e9nyek \u00e9s f\u00e9nyk\u00e9pek tov\u00e1bb\u00edt\u00e1sa k\u00e1belen kereszt\u00fcl<\/li>\n<li>Automatikus v\u00e1lt\u00e1s a kommunik\u00e1ci\u00f3s csatorn\u00e1k k\u00f6z\u00f6tt a kapcsolat megszakad\u00e1sa eset\u00e9n<\/li>\n<li>A tov\u00e1bb\u00edtott adatok titkos\u00edt\u00e1sa<\/li>\n<li>Csatlakoz\u00e1s routeren kereszt\u00fcl<\/li>\n<\/ul>\n<h2>Intuit\u00edv csatlakoztat\u00e1s \u00e9s telep\u00edt\u00e9s<\/h2>\n<p>A ReX csatlakoztat\u00e1s\u00e1hoz szkennelje be a QR-k\u00f3dot az Ajax alkalmaz\u00e1sban, adja meg a nev\u00e9t, \u00e9s kapcsolja be. Ezut\u00e1n v\u00e1lassza ki a list\u00e1b\u00f3l azokat az eszk\u00f6z\u00f6ket, amelyek a hat\u00f3t\u00e1vols\u00e1g-n\u00f6vel\u0151vel fognak m\u0171k\u00f6dni. Telep\u00edtse a ReX-et egy biztons\u00e1gos helyre, bont\u00e1s n\u00e9lk\u00fcl. K\u00e9sz! <img decoding=\"async\" loading=\"lazy\" class=\"aligncenter size-full wp-image-4274\" src=\"https:\/\/safeintel.hu\/wp-content\/uploads\/2023\/01\/rex_10.jpg\" alt=\"\" width=\"865\" height=\"404\" srcset=\"https:\/\/safeintel.hu\/wp-content\/uploads\/2023\/01\/rex_10.jpg 865w, https:\/\/safeintel.hu\/wp-content\/uploads\/2023\/01\/rex_10-420x196.jpg 420w, https:\/\/safeintel.hu\/wp-content\/uploads\/2023\/01\/rex_10-768x359.jpg 768w, https:\/\/safeintel.hu\/wp-content\/uploads\/2023\/01\/rex_10-18x8.jpg 18w, https:\/\/safeintel.hu\/wp-content\/uploads\/2023\/01\/rex_10-700x327.jpg 700w\" sizes=\"(max-width: 865px) 100vw, 865px\" \/><\/p>","protected":false},"excerpt":{"rendered":"<p>F\u00e9nyk\u00e9p-hiteles\u00edt\u00e9st t\u00e1mogat\u00f3 r\u00e1di\u00f3jel-tov\u00e1bb\u00edt\u00f3.<\/p>","protected":false},"featured_media":2739,"comment_status":"open","ping_status":"closed","template":"","meta":{"site-sidebar-layout":"default","site-content-layout":"default","ast-global-header-display":"","ast-main-header-display":"","ast-hfb-above-header-display":"","ast-hfb-below-header-display":"","ast-hfb-mobile-header-display":"","site-post-title":"","ast-breadcrumbs-content":"","ast-featured-img":"","footer-sml-layout":"","theme-transparent-header-meta":"default","adv-header-id-meta":"","stick-header-meta":"default","header-above-stick-meta":"","header-main-stick-meta":"","header-below-stick-meta":"","_themeisle_gutenberg_block_has_review":false},"product_cat":[95],"product_tag":[126],"_links":{"self":[{"href":"https:\/\/safeintel.hu\/hu\/wp-json\/wp\/v2\/product\/2422"}],"collection":[{"href":"https:\/\/safeintel.hu\/hu\/wp-json\/wp\/v2\/product"}],"about":[{"href":"https:\/\/safeintel.hu\/hu\/wp-json\/wp\/v2\/types\/product"}],"replies":[{"embeddable":true,"href":"https:\/\/safeintel.hu\/hu\/wp-json\/wp\/v2\/comments?post=2422"}],"wp:featuredmedia":[{"embeddable":true,"href":"https:\/\/safeintel.hu\/hu\/wp-json\/wp\/v2\/media\/2739"}],"wp:attachment":[{"href":"https:\/\/safeintel.hu\/hu\/wp-json\/wp\/v2\/media?parent=2422"}],"wp:term":[{"taxonomy":"product_cat","embeddable":true,"href":"https:\/\/safeintel.hu\/hu\/wp-json\/wp\/v2\/product_cat?post=2422"},{"taxonomy":"product_tag","embeddable":true,"href":"https:\/\/safeintel.hu\/hu\/wp-json\/wp\/v2\/product_tag?post=2422"}],"curies":[{"name":"wp","href":"https:\/\/api.w.org\/{rel}","templated":true}]}}