{"id":2445,"date":"2023-01-15T00:30:25","date_gmt":"2023-01-14T21:30:25","guid":{"rendered":"https:\/\/safeintel.hu\/?post_type=product&#038;p=2445"},"modified":"2025-04-07T13:01:11","modified_gmt":"2025-04-07T11:01:11","slug":"ajax-pass-3","status":"publish","type":"product","link":"https:\/\/safeintel.hu\/hu\/products\/ajax-pass-3\/","title":{"rendered":"AJAX Pass 3"},"content":{"rendered":"<h2>Gyors hozz\u00e1f\u00e9r\u00e9s a biztons\u00e1gi rendszerhez<\/h2>\n<p>A rendszer \u00e9les\u00edt\u00e9s\u00e9hez vagy hat\u00e1stalan\u00edt\u00e1s\u00e1hoz egyszer\u0171en \u00e9rintse a Pass k\u00e1rty\u00e1t a billenty\u0171zet olvas\u00f3j\u00e1hoz. Ez a m\u00e1sol\u00e1sv\u00e9delemmel ell\u00e1tott k\u00e1rtya lehet\u0151v\u00e9 teszi a biztons\u00e1gi m\u00f3dok kezel\u00e9s\u00e9t jelsz\u00f3, felhaszn\u00e1l\u00f3i fi\u00f3k vagy az Ajax alkalmaz\u00e1s el\u00e9r\u00e9se n\u00e9lk\u00fcl<\/p>\n<h2><img decoding=\"async\" loading=\"lazy\" class=\"aligncenter size-full wp-image-4313\" src=\"https:\/\/safeintel.hu\/wp-content\/uploads\/2023\/01\/pass_6.jpg\" alt=\"\" width=\"993\" height=\"544\" srcset=\"https:\/\/safeintel.hu\/wp-content\/uploads\/2023\/01\/pass_6.jpg 993w, https:\/\/safeintel.hu\/wp-content\/uploads\/2023\/01\/pass_6-420x230.jpg 420w, https:\/\/safeintel.hu\/wp-content\/uploads\/2023\/01\/pass_6-768x421.jpg 768w, https:\/\/safeintel.hu\/wp-content\/uploads\/2023\/01\/pass_6-18x10.jpg 18w, https:\/\/safeintel.hu\/wp-content\/uploads\/2023\/01\/pass_6-700x383.jpg 700w\" sizes=\"(max-width: 993px) 100vw, 993px\" \/><\/h2>\n<p>&nbsp;<\/p>\n<h2>Cs\u00facskateg\u00f3ri\u00e1s adatv\u00e9delem<\/h2>\n<p>A KeyPad Plus a DESFire\u00ae technol\u00f3gi\u00e1t alkalmazza a felhaszn\u00e1l\u00f3k gyors \u00e9s biztons\u00e1gos azonos\u00edt\u00e1s\u00e1ra. Ez a legjobb \u00e9rint\u00e9smentes megold\u00e1s a felhaszn\u00e1l\u00f3k azonos\u00edt\u00e1s\u00e1ra k\u00e1rty\u00e1val vagy kulcstart\u00f3val.<\/p>\n<p>A DESFire\u00ae az ISO 14443 nemzetk\u00f6zi szabv\u00e1nyra \u00e9p\u00fcl, \u00e9s \u00e1tfog\u00f3 128 bites titkos\u00edt\u00e1st, valamint m\u00e1sol\u00e1sv\u00e9delmet biztos\u00edt. Ezt a technol\u00f3gi\u00e1t az eur\u00f3pai f\u0151v\u00e1rosok k\u00f6zleked\u00e9si rendszerei \u00e9s a NASA bel\u00e9ptet\u0151rendszerei is haszn\u00e1lj\u00e1k.<\/p>\n<p>&nbsp;<\/p>\n<h2>Egyn\u00e9l t\u00f6bb kulcs otthonra \u00e9s irod\u00e1ra<\/h2>\n<p>Egy Pass k\u00e1rtya ak\u00e1r 13 hubhoz is csatlakoztathat\u00f3.<\/p>\n<p><img decoding=\"async\" loading=\"lazy\" class=\"aligncenter size-full wp-image-4314\" src=\"https:\/\/safeintel.hu\/wp-content\/uploads\/2023\/01\/pass_7.jpg\" alt=\"\" width=\"993\" height=\"544\" srcset=\"https:\/\/safeintel.hu\/wp-content\/uploads\/2023\/01\/pass_7.jpg 993w, https:\/\/safeintel.hu\/wp-content\/uploads\/2023\/01\/pass_7-420x230.jpg 420w, https:\/\/safeintel.hu\/wp-content\/uploads\/2023\/01\/pass_7-768x421.jpg 768w, https:\/\/safeintel.hu\/wp-content\/uploads\/2023\/01\/pass_7-18x10.jpg 18w, https:\/\/safeintel.hu\/wp-content\/uploads\/2023\/01\/pass_7-700x383.jpg 700w\" sizes=\"(max-width: 993px) 100vw, 993px\" \/><\/p>\n<p>&nbsp;<\/p>\n<h2>Teljes ir\u00e1ny\u00edt\u00e1s az alkalmaz\u00e1sban<\/h2>\n<p>A PRO-felhaszn\u00e1l\u00f3 vagy a rendszeradminisztr\u00e1tor minden egyes k\u00e1rty\u00e1hoz hozz\u00e1rendelheti a nevet \u00e9s a hozz\u00e1f\u00e9r\u00e9si jogosults\u00e1gokat az Ajax alkalmaz\u00e1sokban. Minden m\u0171velet r\u00f6gz\u00edt\u00e9sre ker\u00fcl az esem\u00e9nynapl\u00f3ban, \u00edgy mindig tudhatja, ki \u00e9s mikor v\u00e1ltoztatta meg a biztons\u00e1gi m\u00f3dot. Az adminisztr\u00e1tor b\u00e1rmikor t\u00e1volr\u00f3l visszavonhatja vagy korl\u00e1tozhatja a hozz\u00e1f\u00e9r\u00e9si jogosults\u00e1gokat.<br \/>\nAz adminisztr\u00e1tor b\u00e1rmikor t\u00e1volr\u00f3l visszavonhatja vagy korl\u00e1tozhatja a hozz\u00e1f\u00e9r\u00e9si jogosults\u00e1gokat.<\/p>\n<ul>\n<li>Rugalmas hozz\u00e1f\u00e9r\u00e9si jogosults\u00e1g be\u00e1ll\u00edt\u00e1sok<\/li>\n<li>Hasznos \u00e9rtes\u00edt\u00e9sek<\/li>\n<\/ul>\n<p><img decoding=\"async\" loading=\"lazy\" class=\"aligncenter size-full wp-image-4315\" src=\"https:\/\/safeintel.hu\/wp-content\/uploads\/2023\/01\/pass_8.jpg\" alt=\"\" width=\"993\" height=\"544\" srcset=\"https:\/\/safeintel.hu\/wp-content\/uploads\/2023\/01\/pass_8.jpg 993w, https:\/\/safeintel.hu\/wp-content\/uploads\/2023\/01\/pass_8-420x230.jpg 420w, https:\/\/safeintel.hu\/wp-content\/uploads\/2023\/01\/pass_8-768x421.jpg 768w, https:\/\/safeintel.hu\/wp-content\/uploads\/2023\/01\/pass_8-18x10.jpg 18w, https:\/\/safeintel.hu\/wp-content\/uploads\/2023\/01\/pass_8-700x383.jpg 700w\" sizes=\"(max-width: 993px) 100vw, 993px\" \/><\/p>\n<h2><\/h2>\n<h2>Egyszer\u0171 csatlakoztat\u00e1s<\/h2>\n<p>A Pass hozz\u00e1ad\u00e1s\u00e1hoz a rendszerhez mind\u00f6ssze annyit kell tennie, hogy megnyitja az Ajax alkalmaz\u00e1st, bel\u00e9p a be\u00e1ll\u00edt\u00e1sokba, \u00e9s hozz\u00e1\u00e9rinti a k\u00e1rty\u00e1t a billenty\u0171zethez.<\/p>\n<p><img decoding=\"async\" loading=\"lazy\" class=\"aligncenter size-full wp-image-4316\" src=\"https:\/\/safeintel.hu\/wp-content\/uploads\/2023\/01\/pass_9.jpg\" alt=\"\" width=\"993\" height=\"544\" srcset=\"https:\/\/safeintel.hu\/wp-content\/uploads\/2023\/01\/pass_9.jpg 993w, https:\/\/safeintel.hu\/wp-content\/uploads\/2023\/01\/pass_9-420x230.jpg 420w, https:\/\/safeintel.hu\/wp-content\/uploads\/2023\/01\/pass_9-768x421.jpg 768w, https:\/\/safeintel.hu\/wp-content\/uploads\/2023\/01\/pass_9-18x10.jpg 18w, https:\/\/safeintel.hu\/wp-content\/uploads\/2023\/01\/pass_9-700x383.jpg 700w\" sizes=\"(max-width: 993px) 100vw, 993px\" \/><\/p>","protected":false},"excerpt":{"rendered":"<p>Titkos\u00edtott \u00e9rint\u00e9smentes k\u00e1rtya billenty\u0171zethez, 3 db\/csomag<\/p>","protected":false},"featured_media":2620,"comment_status":"open","ping_status":"closed","template":"","meta":{"site-sidebar-layout":"default","site-content-layout":"default","ast-global-header-display":"","ast-main-header-display":"","ast-hfb-above-header-display":"","ast-hfb-below-header-display":"","ast-hfb-mobile-header-display":"","site-post-title":"","ast-breadcrumbs-content":"","ast-featured-img":"","footer-sml-layout":"","theme-transparent-header-meta":"default","adv-header-id-meta":"","stick-header-meta":"default","header-above-stick-meta":"","header-main-stick-meta":"","header-below-stick-meta":"","_themeisle_gutenberg_block_has_review":false},"product_cat":[95],"product_tag":[118],"_links":{"self":[{"href":"https:\/\/safeintel.hu\/hu\/wp-json\/wp\/v2\/product\/2445"}],"collection":[{"href":"https:\/\/safeintel.hu\/hu\/wp-json\/wp\/v2\/product"}],"about":[{"href":"https:\/\/safeintel.hu\/hu\/wp-json\/wp\/v2\/types\/product"}],"replies":[{"embeddable":true,"href":"https:\/\/safeintel.hu\/hu\/wp-json\/wp\/v2\/comments?post=2445"}],"wp:featuredmedia":[{"embeddable":true,"href":"https:\/\/safeintel.hu\/hu\/wp-json\/wp\/v2\/media\/2620"}],"wp:attachment":[{"href":"https:\/\/safeintel.hu\/hu\/wp-json\/wp\/v2\/media?parent=2445"}],"wp:term":[{"taxonomy":"product_cat","embeddable":true,"href":"https:\/\/safeintel.hu\/hu\/wp-json\/wp\/v2\/product_cat?post=2445"},{"taxonomy":"product_tag","embeddable":true,"href":"https:\/\/safeintel.hu\/hu\/wp-json\/wp\/v2\/product_tag?post=2445"}],"curies":[{"name":"wp","href":"https:\/\/api.w.org\/{rel}","templated":true}]}}