{"id":2448,"date":"2023-01-15T00:30:25","date_gmt":"2023-01-14T21:30:25","guid":{"rendered":"https:\/\/safeintel.hu\/?post_type=product&#038;p=2448"},"modified":"2025-04-07T13:01:12","modified_gmt":"2025-04-07T11:01:12","slug":"ajax-button","status":"publish","type":"product","link":"https:\/\/safeintel.hu\/hu\/products\/ajax-button\/","title":{"rendered":"AJAX Button"},"content":{"rendered":"<h2>Adatgazdag riaszt\u00e1sok. Vill\u00e1mgyors parancsok<\/h2>\n<p>A gomb azonnal \u00e9rtes\u00edti a biztons\u00e1gi c\u00e9get behatol\u00e1sr\u00f3l, g\u00e1zsziv\u00e1rg\u00e1sr\u00f3l vagy t\u0171zr\u0151l. Emellett orvosi seg\u00edts\u00e9get is k\u00e9rhet, \u00e9s egyetlen kattint\u00e1ssal t\u00e1j\u00e9koztathatja a rokonokat az eg\u00e9szs\u00e9g\u00fcgyi \u00e1llapot hirtelen roml\u00e1s\u00e1r\u00f3l.<\/p>\n<p>P\u00e1nik \u00fczemm\u00f3dban a k\u00e9sz\u00fcl\u00e9k 8 esem\u00e9nyt\u00edpus egyik\u00e9t t\u00e1mogatja. Az esem\u00e9ny t\u00edpusa hat\u00e1rozza meg a biztons\u00e1gi c\u00e9g fel\u00fcgyeleti \u00e1llom\u00e1s\u00e1ra k\u00fcld\u00f6tt riaszt\u00e1si k\u00f3dot \u00e9s a felhaszn\u00e1l\u00f3 \u00e1ltal kapott \u00e9rtes\u00edt\u0151 sz\u00f6veget. Ez biztos\u00edtja a fenyeget\u00e9sre adott pontos v\u00e1laszt.<\/p>\n<p>A Button emellett az intelligens otthoni k\u00e9sz\u00fcl\u00e9keket is kezelheti a forgat\u00f3k\u00f6nyvek egy vagy k\u00e9t kattint\u00e1ssal t\u00f6rt\u00e9n\u0151 aktiv\u00e1l\u00e1s\u00e1val.<\/p>\n<p>&nbsp;<\/p>\n<h2 style=\"text-align: center;\">Vez\u00e9rl\u00e9si m\u00f3d<\/h2>\n<p style=\"text-align: center;\">Kapcsolja le a vil\u00e1g\u00edt\u00e1st, kapcsolja be a h\u00e1ztart\u00e1si eszk\u00f6z\u00f6ket, engedje le a red\u0151ny\u00f6ket vagy nyissa ki a kaput egyetlen gombnyom\u00e1ssal. \u00c1ll\u00edtson be k\u00fcl\u00f6nb\u00f6z\u0151 m\u0171veleteket r\u00f6vid vagy hossz\u00fa gombnyom\u00e1sra.<\/p>\n<p style=\"text-align: center;\"><\/p>\n<p>&nbsp;<\/p>\n<h2 style=\"text-align: center;\">Orvosi figyelmeztet\u0151 gomb<\/h2>\n<p style=\"text-align: center;\">Csatlakoztassa a gombot egy zsin\u00f3rra, vagy szerelje fel annak a szem\u00e9lynek az \u00e1gya mell\u00e9, akinek az eg\u00e9szs\u00e9gi \u00e1llapota folyamatos megfigyel\u00e9st ig\u00e9nyel. Egyetlen kattint\u00e1ssal ment\u0151t k\u00e9r.<\/p>\n<p><img decoding=\"async\" loading=\"lazy\" class=\"aligncenter size-full wp-image-4327\" src=\"https:\/\/safeintel.hu\/wp-content\/uploads\/2023\/01\/3-1-1.jpg\" alt=\"\" width=\"990\" height=\"618\" srcset=\"https:\/\/safeintel.hu\/wp-content\/uploads\/2023\/01\/3-1-1.jpg 990w, https:\/\/safeintel.hu\/wp-content\/uploads\/2023\/01\/3-1-1-420x262.jpg 420w, https:\/\/safeintel.hu\/wp-content\/uploads\/2023\/01\/3-1-1-768x479.jpg 768w, https:\/\/safeintel.hu\/wp-content\/uploads\/2023\/01\/3-1-1-18x12.jpg 18w, https:\/\/safeintel.hu\/wp-content\/uploads\/2023\/01\/3-1-1-700x437.jpg 700w\" sizes=\"(max-width: 990px) 100vw, 990px\" \/><\/p>\n<p>&nbsp;<\/p>\n<h2 style=\"text-align: center;\">Vez\u00e9rl\u00e9si m\u00f3d<\/h2>\n<p style=\"text-align: center;\">Kapcsolja le a vil\u00e1g\u00edt\u00e1st, kapcsolja be a h\u00e1ztart\u00e1si eszk\u00f6z\u00f6ket, engedje le a red\u0151ny\u00f6ket vagy nyissa ki a kaput egyetlen gombnyom\u00e1ssal. \u00c1ll\u00edtson be k\u00fcl\u00f6nb\u00f6z\u0151 m\u0171veleteket r\u00f6vid vagy hossz\u00fa gombnyom\u00e1sra.<\/p>\n<p style=\"text-align: center;\"><\/p>\n<p>&nbsp;<\/p>\n<h2>Hamis riaszt\u00e1sok n\u00e9lk\u00fcl<\/h2>\n<p>A gomb h\u00e1za \u00fagy van kialak\u00edtva, hogy megakad\u00e1lyozza a v\u00e9letlen megnyom\u00e1st, m\u00e9g akkor is, ha r\u00e1\u00fcl vagy r\u00e1fekszik. A hamis riaszt\u00e1sok tov\u00e1bbi elker\u00fcl\u00e9se \u00e9rdek\u00e9ben a gomb be\u00e1ll\u00edthat\u00f3 \u00fagy, hogy csak dupla vagy hossz\u00fa megnyom\u00e1sra reag\u00e1ljon.<\/p>\n<p><img decoding=\"async\" loading=\"lazy\" class=\"aligncenter size-full wp-image-4328\" src=\"https:\/\/safeintel.hu\/wp-content\/uploads\/2023\/01\/button_9.jpg\" alt=\"\" width=\"993\" height=\"366\" srcset=\"https:\/\/safeintel.hu\/wp-content\/uploads\/2023\/01\/button_9.jpg 993w, https:\/\/safeintel.hu\/wp-content\/uploads\/2023\/01\/button_9-420x155.jpg 420w, https:\/\/safeintel.hu\/wp-content\/uploads\/2023\/01\/button_9-768x283.jpg 768w, https:\/\/safeintel.hu\/wp-content\/uploads\/2023\/01\/button_9-18x7.jpg 18w, https:\/\/safeintel.hu\/wp-content\/uploads\/2023\/01\/button_9-700x258.jpg 700w\" sizes=\"(max-width: 993px) 100vw, 993px\" \/><\/p>\n<p>&nbsp;<\/p>\n<h2>Garant\u00e1lt riaszt\u00e1sk\u00e9zbes\u00edt\u00e9s<\/h2>\n<p>Az Ajax gomb a Jeweller r\u00e1di\u00f3protokoll seg\u00edts\u00e9g\u00e9vel ak\u00e1r 1300 m\u00e9teres t\u00e1vols\u00e1gra k\u00fcldi a jelet a k\u00f6zponti egys\u00e9gnek. A riaszt\u00e1s elk\u00fcld\u00e9se ut\u00e1n z\u00f6ld villan\u00e1s jelzi a sikeres tov\u00e1bb\u00edt\u00e1st. A Jeweller titkos\u00edtja az \u00f6sszes tov\u00e1bb\u00edtott adatot. Zavar\u00e1s vagy jelblokkol\u00e1s eset\u00e9n az Ajax rendszer automatikusan frekvenci\u00e1t v\u00e1lt, \u00e9s \u00e9rtes\u00edti \u00d6nt \u00e9s a biztons\u00e1gi c\u00e9get a helyzetr\u0151l.<\/p>\n<ul>\n<li>Kapcsolattartom\u00e1ny ak\u00e1r 1300 m<\/li>\n<li>Parancs k\u00e9zbes\u00edt\u00e9s\u00e9nek visszaigazol\u00e1sa<\/li>\n<li>Dinamikus kulccsal t\u00f6rt\u00e9n\u0151 titkos\u00edt\u00e1s<\/li>\n<li>Frekvenciav\u00e1lt\u00e1s<\/li>\n<\/ul>\n<p>&nbsp;<\/p>\n<h2>Egyszer\u0171 telep\u00edt\u00e9s<\/h2>\n<p>Olvassa be a QR-k\u00f3dot az Ajax alkalmaz\u00e1sban a gomb regisztr\u00e1l\u00e1s\u00e1hoz. Ezut\u00e1n r\u00f6gz\u00edtheti a kulcstart\u00f3ra, viselheti a nyak\u00e1ban, vagy k\u00e9toldal\u00fa ragaszt\u00f3szalaggal r\u00f6gz\u00edtheti otthon, az irod\u00e1ban vagy az \u00fczletben.<\/p>\n<ol>\n<li>Olvassa be a QR-k\u00f3dot<\/li>\n<li>Nevezze el a gombot<\/li>\n<li>Tartsa k\u00e9zn\u00e9l<\/li>\n<\/ol>\n<p><img decoding=\"async\" loading=\"lazy\" class=\"aligncenter size-full wp-image-4329\" src=\"https:\/\/safeintel.hu\/wp-content\/uploads\/2023\/01\/button_8.jpg\" alt=\"\" width=\"993\" height=\"544\" srcset=\"https:\/\/safeintel.hu\/wp-content\/uploads\/2023\/01\/button_8.jpg 993w, https:\/\/safeintel.hu\/wp-content\/uploads\/2023\/01\/button_8-420x230.jpg 420w, https:\/\/safeintel.hu\/wp-content\/uploads\/2023\/01\/button_8-768x421.jpg 768w, https:\/\/safeintel.hu\/wp-content\/uploads\/2023\/01\/button_8-18x10.jpg 18w, https:\/\/safeintel.hu\/wp-content\/uploads\/2023\/01\/button_8-700x383.jpg 700w\" sizes=\"(max-width: 993px) 100vw, 993px\" \/><\/p>","protected":false},"excerpt":{"rendered":"<p>Vezet\u00e9k n\u00e9lk\u00fcli v\u00e9szh\u00edv\u00f3 gomb \/ Okosgomb<\/p>","protected":false},"featured_media":2726,"comment_status":"open","ping_status":"closed","template":"","meta":{"site-sidebar-layout":"default","site-content-layout":"default","ast-global-header-display":"","ast-main-header-display":"","ast-hfb-above-header-display":"","ast-hfb-below-header-display":"","ast-hfb-mobile-header-display":"","site-post-title":"","ast-breadcrumbs-content":"","ast-featured-img":"","footer-sml-layout":"","theme-transparent-header-meta":"default","adv-header-id-meta":"","stick-header-meta":"default","header-above-stick-meta":"","header-main-stick-meta":"","header-below-stick-meta":"","_themeisle_gutenberg_block_has_review":false},"product_cat":[95,96,97,98],"product_tag":[],"_links":{"self":[{"href":"https:\/\/safeintel.hu\/hu\/wp-json\/wp\/v2\/product\/2448"}],"collection":[{"href":"https:\/\/safeintel.hu\/hu\/wp-json\/wp\/v2\/product"}],"about":[{"href":"https:\/\/safeintel.hu\/hu\/wp-json\/wp\/v2\/types\/product"}],"replies":[{"embeddable":true,"href":"https:\/\/safeintel.hu\/hu\/wp-json\/wp\/v2\/comments?post=2448"}],"wp:featuredmedia":[{"embeddable":true,"href":"https:\/\/safeintel.hu\/hu\/wp-json\/wp\/v2\/media\/2726"}],"wp:attachment":[{"href":"https:\/\/safeintel.hu\/hu\/wp-json\/wp\/v2\/media?parent=2448"}],"wp:term":[{"taxonomy":"product_cat","embeddable":true,"href":"https:\/\/safeintel.hu\/hu\/wp-json\/wp\/v2\/product_cat?post=2448"},{"taxonomy":"product_tag","embeddable":true,"href":"https:\/\/safeintel.hu\/hu\/wp-json\/wp\/v2\/product_tag?post=2448"}],"curies":[{"name":"wp","href":"https:\/\/api.w.org\/{rel}","templated":true}]}}