{"id":2449,"date":"2023-01-15T00:30:26","date_gmt":"2023-01-14T21:30:26","guid":{"rendered":"https:\/\/safeintel.hu\/?post_type=product&#038;p=2449"},"modified":"2025-04-07T13:01:12","modified_gmt":"2025-04-07T11:01:12","slug":"ajax-doublebutton","status":"publish","type":"product","link":"https:\/\/safeintel.hu\/hu\/products\/ajax-doublebutton\/","title":{"rendered":"AJAX DoubleButton"},"content":{"rendered":"<h2>V\u00e9letlen nyom\u00e1sok n\u00e9lk\u00fcl<\/h2>\n<p>A riaszt\u00e1s aktiv\u00e1l\u00e1s\u00e1hoz egyszerre kell megnyomni a k\u00e9t gombot a DoubleButton-\u00f6n. A gombok merevek, \u00e9s m\u0171anyag elv\u00e1laszt\u00f3val vannak elv\u00e1lasztva. A hamis riaszt\u00e1s a gombok zsebben vagy t\u00e1sk\u00e1ban t\u00f6rt\u00e9n\u0151 hordoz\u00e1sa k\u00f6zben lehetetlen.<\/p>\n<p>&nbsp;<\/p>\n<h2>Felesleges j\u00e1r\u0151r kih\u00edv\u00e1sok n\u00e9lk\u00fcl<\/h2>\n<p>A DoubleButton t\u00e1mogatja a meger\u0151s\u00edtett riaszt\u00e1sokat. Ez a funkci\u00f3 a felhaszn\u00e1l\u00f3k k\u00e9pz\u00e9s\u00e9t jelenti: milyen sorrendben kell megnyomni a gombokat a riaszt\u00e1s aktiv\u00e1l\u00e1s\u00e1hoz. 100%-os garanci\u00e1t ad arra, hogy a riaszt\u00e1st sz\u00e1nd\u00e9kosan \u00e9s csak a rendszerhez enged\u00e9lyezett felhaszn\u00e1l\u00f3 aktiv\u00e1lta.<\/p>\n<ul>\n<li>Riaszt\u00e1s meger\u0151s\u00edt\u00e9se egy DoubleButton-nal<\/li>\n<li>Riaszt\u00e1s meger\u0151s\u00edt\u00e9se k\u00e9t DoubleButton-nal<\/li>\n<\/ul>\n<p><img decoding=\"async\" loading=\"lazy\" class=\"aligncenter size-full wp-image-4332\" src=\"https:\/\/safeintel.hu\/wp-content\/uploads\/2023\/01\/db_button_9.jpg\" alt=\"\" width=\"993\" height=\"544\" srcset=\"https:\/\/safeintel.hu\/wp-content\/uploads\/2023\/01\/db_button_9.jpg 993w, https:\/\/safeintel.hu\/wp-content\/uploads\/2023\/01\/db_button_9-420x230.jpg 420w, https:\/\/safeintel.hu\/wp-content\/uploads\/2023\/01\/db_button_9-768x421.jpg 768w, https:\/\/safeintel.hu\/wp-content\/uploads\/2023\/01\/db_button_9-18x10.jpg 18w, https:\/\/safeintel.hu\/wp-content\/uploads\/2023\/01\/db_button_9-700x383.jpg 700w\" sizes=\"(max-width: 993px) 100vw, 993px\" \/><\/p>\n<p>&nbsp;<\/p>\n<h2>Garant\u00e1lt riaszt\u00e1s k\u00e9zbes\u00edt\u00e9s<\/h2>\n<p>A v\u00e9szhelyzeti gomb a Jeweller k\u00e9ts\u00e1v\u00fa r\u00e1di\u00f3protokollon kereszt\u00fcl k\u00fcldi el a jelet a k\u00f6zpontra. A kapcsolat hat\u00f3t\u00e1vols\u00e1ga ak\u00e1r 1300 m\u00e9ter. A DoubleButton riaszt\u00e1s sikeres k\u00e9zbes\u00edt\u00e9s\u00e9t a LED villog\u00e1sa igazolja. A Jeweller titkos\u00edtja az \u00e1tvitt adatokat, \u00e9s megakad\u00e1lyozza az eszk\u00f6zcser\u00e9t. Ha zavarok l\u00e9pnek fel a h\u00e1l\u00f3zatban, az Ajax rendszer szabad r\u00e1di\u00f3frekvenci\u00e1ra v\u00e1lt, \u00e9s ha zavarj\u00e1k a jelet, \u00e9rtes\u00edti a felhaszn\u00e1l\u00f3kat \u00e9s a biztons\u00e1gi c\u00e9get a helyzetr\u0151l.<\/p>\n<ul>\n<li>Jel hat\u00f3t\u00e1vols\u00e1ga ak\u00e1r 1300 m<\/li>\n<li>Riaszt\u00e1s k\u00e9zbes\u00edt\u00e9s\u00e9nek meger\u0151s\u00edt\u00e9se<\/li>\n<li>AES titkos\u00edt\u00e1s<\/li>\n<li>R\u00e1di\u00f3frekvencia ugr\u00e1s<\/li>\n<\/ul>\n<p><img decoding=\"async\" loading=\"lazy\" class=\"aligncenter size-full wp-image-4333\" src=\"https:\/\/safeintel.hu\/wp-content\/uploads\/2023\/01\/db_button_10.jpg\" alt=\"\" width=\"993\" height=\"544\" srcset=\"https:\/\/safeintel.hu\/wp-content\/uploads\/2023\/01\/db_button_10.jpg 993w, https:\/\/safeintel.hu\/wp-content\/uploads\/2023\/01\/db_button_10-420x230.jpg 420w, https:\/\/safeintel.hu\/wp-content\/uploads\/2023\/01\/db_button_10-768x421.jpg 768w, https:\/\/safeintel.hu\/wp-content\/uploads\/2023\/01\/db_button_10-18x10.jpg 18w, https:\/\/safeintel.hu\/wp-content\/uploads\/2023\/01\/db_button_10-700x383.jpg 700w\" sizes=\"(max-width: 993px) 100vw, 993px\" \/><\/p>\n<p>&nbsp;<\/p>\n<h2>PRO-technol\u00f3giai megold\u00e1s b\u00e1rmilyen objektumra<\/h2>\n<p>A DoubleButton megfelel a professzion\u00e1lis eur\u00f3pai biztons\u00e1gi el\u0151\u00edr\u00e1soknak, \u00e9s haszn\u00e1lhat\u00f3 mag\u00e1n- \u00e9s kereskedelmi ingatlanokban egyar\u00e1nt. A vezet\u00e9k n\u00e9lk\u00fcli kapcsolat a k\u00f6zponttal \u00e9s a nagy kommunik\u00e1ci\u00f3s t\u00e1vols\u00e1g szabads\u00e1got biztos\u00edt a telep\u00edt\u00e9si hely kiv\u00e1laszt\u00e1s\u00e1ban \u00e9s lehet\u0151v\u00e9 teszi a DoubleButton szabad mozgat\u00e1s\u00e1t.<\/p>\n<ul>\n<li>Az asztal alatt a munkahelyen<\/li>\n<li>A tisztvisel\u0151 zseb\u00e9ben<\/li>\n<li>A biztons\u00e1gi \u0151r nyak\u00e1n<\/li>\n<li>A falon a bej\u00e1rati ajt\u00f3 vagy az \u00e1gy k\u00f6zel\u00e9ben<\/li>\n<\/ul>\n<p><img decoding=\"async\" loading=\"lazy\" class=\"aligncenter size-full wp-image-4331\" src=\"https:\/\/safeintel.hu\/wp-content\/uploads\/2023\/01\/db_button_8.jpg\" alt=\"\" width=\"993\" height=\"544\" srcset=\"https:\/\/safeintel.hu\/wp-content\/uploads\/2023\/01\/db_button_8.jpg 993w, https:\/\/safeintel.hu\/wp-content\/uploads\/2023\/01\/db_button_8-420x230.jpg 420w, https:\/\/safeintel.hu\/wp-content\/uploads\/2023\/01\/db_button_8-768x421.jpg 768w, https:\/\/safeintel.hu\/wp-content\/uploads\/2023\/01\/db_button_8-18x10.jpg 18w, https:\/\/safeintel.hu\/wp-content\/uploads\/2023\/01\/db_button_8-700x383.jpg 700w\" sizes=\"(max-width: 993px) 100vw, 993px\" \/><\/p>\n<p>&nbsp;<\/p>\n<h2>T\u00f6bb, mint puszt\u00e1n riaszt\u00e1sok<\/h2>\n<p>A riaszt\u00e1s kiv\u00e1lt\u00e1sa a DoubleButton els\u0151dleges funkci\u00f3ja, de nem az egyetlen. A riaszt\u00e1si jel tov\u00e1bb\u00edt\u00e1s\u00e1val a v\u00e9szhelyzeti gomb aktiv\u00e1lhatja az objektum \u00f6sszes vagy bizonyos szir\u00e9n\u00e1it. Ezen k\u00edv\u00fcl automatiz\u00e1l\u00e1si forgat\u00f3k\u00f6nyveket is futtathat: elind\u00edthatja a f\u00fcstg\u00e9pet, bez\u00e1rhatja az elektromos z\u00e1rakat, leengedheti a rol\u00f3kat.<\/p>\n<p>&nbsp;<\/p>\n<h2>T\u00e9nyleg karbantart\u00e1smentes<\/h2>\n<p>A DoubleButton h\u00e1za ellen\u00e1ll a h\u0151m\u00e9rs\u00e9kleti sz\u00e9ls\u0151s\u00e9geknek, pornak \u00e9s fr\u00f6ccsen\u0151 v\u00edznek. A gombok t\u00f6bb ezer kattint\u00e1sra vannak tervezve. Az el\u0151re telep\u00edtett akkumul\u00e1tor ak\u00e1r 5 \u00e9vig is m\u0171k\u00f6dik, \u00edgy a DoubleButton nagyon hossz\u00fa ideig nem ig\u00e9nyel karbantart\u00e1st.<\/p>\n<ul>\n<li>IP55 v\u00e9delem<\/li>\n<li>K\u00e9szen \u00e1ll a h\u0151s\u00e9gre \u00e9s a hidegre<\/li>\n<li>Ak\u00e1r 5 \u00e9vig m\u0171k\u00f6dik az akkumul\u00e1torr\u00f3l<\/li>\n<\/ul>\n<p><img decoding=\"async\" loading=\"lazy\" class=\"aligncenter size-full wp-image-4334\" src=\"https:\/\/safeintel.hu\/wp-content\/uploads\/2023\/01\/db_button_11.jpg\" alt=\"\" width=\"993\" height=\"544\" srcset=\"https:\/\/safeintel.hu\/wp-content\/uploads\/2023\/01\/db_button_11.jpg 993w, https:\/\/safeintel.hu\/wp-content\/uploads\/2023\/01\/db_button_11-420x230.jpg 420w, https:\/\/safeintel.hu\/wp-content\/uploads\/2023\/01\/db_button_11-768x421.jpg 768w, https:\/\/safeintel.hu\/wp-content\/uploads\/2023\/01\/db_button_11-18x10.jpg 18w, https:\/\/safeintel.hu\/wp-content\/uploads\/2023\/01\/db_button_11-700x383.jpg 700w\" sizes=\"(max-width: 993px) 100vw, 993px\" \/><\/p>\n<p>&nbsp;<\/p>\n<h2>Csatlakoztat\u00e1s rejtv\u00e9nyek n\u00e9lk\u00fcl<\/h2>\n<p>Adja hozz\u00e1 a DoubleButton-t a rendszerhez \u00e9s konfigur\u00e1lja \u2014 mindezt az Ajax PRO alkalmaz\u00e1sban \u2014 az alkalmaz\u00e1st az m\u00e9rn\u00f6k\u00f6k sz\u00e1m\u00e1ra. Nincs sz\u00fcks\u00e9g a h\u00e1z sz\u00e9tszerel\u00e9s\u00e9re; egyszer\u0171en r\u00f6gz\u00edtse az eszk\u00f6zt a fel\u00fcletre a Holder seg\u00edts\u00e9g\u00e9vel. Vagy akassza kulcstart\u00f3ra vagy zsin\u00f3rra. N\u00e9h\u00e1ny perc \u00e9s a v\u00e9szhelyzeti gomb haszn\u00e1latra k\u00e9sz.<\/p>\n<p><img decoding=\"async\" loading=\"lazy\" class=\"aligncenter size-full wp-image-4330\" src=\"https:\/\/safeintel.hu\/wp-content\/uploads\/2023\/01\/db_button_7.jpg\" alt=\"\" width=\"993\" height=\"544\" srcset=\"https:\/\/safeintel.hu\/wp-content\/uploads\/2023\/01\/db_button_7.jpg 993w, https:\/\/safeintel.hu\/wp-content\/uploads\/2023\/01\/db_button_7-420x230.jpg 420w, https:\/\/safeintel.hu\/wp-content\/uploads\/2023\/01\/db_button_7-768x421.jpg 768w, https:\/\/safeintel.hu\/wp-content\/uploads\/2023\/01\/db_button_7-18x10.jpg 18w, https:\/\/safeintel.hu\/wp-content\/uploads\/2023\/01\/db_button_7-700x383.jpg 700w\" sizes=\"(max-width: 993px) 100vw, 993px\" \/><\/p>","protected":false},"excerpt":{"rendered":"<p>Vezet\u00e9k n\u00e9lk\u00fcli v\u00e9szhelyzeti gomb<\/p>","protected":false},"featured_media":2713,"comment_status":"open","ping_status":"closed","template":"","meta":{"site-sidebar-layout":"default","site-content-layout":"default","ast-global-header-display":"","ast-main-header-display":"","ast-hfb-above-header-display":"","ast-hfb-below-header-display":"","ast-hfb-mobile-header-display":"","site-post-title":"","ast-breadcrumbs-content":"","ast-featured-img":"","footer-sml-layout":"","theme-transparent-header-meta":"default","adv-header-id-meta":"","stick-header-meta":"default","header-above-stick-meta":"","header-main-stick-meta":"","header-below-stick-meta":"","_themeisle_gutenberg_block_has_review":false},"product_cat":[95],"product_tag":[118],"_links":{"self":[{"href":"https:\/\/safeintel.hu\/hu\/wp-json\/wp\/v2\/product\/2449"}],"collection":[{"href":"https:\/\/safeintel.hu\/hu\/wp-json\/wp\/v2\/product"}],"about":[{"href":"https:\/\/safeintel.hu\/hu\/wp-json\/wp\/v2\/types\/product"}],"replies":[{"embeddable":true,"href":"https:\/\/safeintel.hu\/hu\/wp-json\/wp\/v2\/comments?post=2449"}],"wp:featuredmedia":[{"embeddable":true,"href":"https:\/\/safeintel.hu\/hu\/wp-json\/wp\/v2\/media\/2713"}],"wp:attachment":[{"href":"https:\/\/safeintel.hu\/hu\/wp-json\/wp\/v2\/media?parent=2449"}],"wp:term":[{"taxonomy":"product_cat","embeddable":true,"href":"https:\/\/safeintel.hu\/hu\/wp-json\/wp\/v2\/product_cat?post=2449"},{"taxonomy":"product_tag","embeddable":true,"href":"https:\/\/safeintel.hu\/hu\/wp-json\/wp\/v2\/product_tag?post=2449"}],"curies":[{"name":"wp","href":"https:\/\/api.w.org\/{rel}","templated":true}]}}