{"id":2450,"date":"2023-01-15T00:30:26","date_gmt":"2023-01-14T21:30:26","guid":{"rendered":"https:\/\/safeintel.hu\/?post_type=product&#038;p=2450"},"modified":"2025-04-07T13:01:12","modified_gmt":"2025-04-07T11:01:12","slug":"ajax-holder","status":"publish","type":"product","link":"https:\/\/safeintel.hu\/hu\/products\/ajax-holder\/","title":{"rendered":"AJAX Holder"},"content":{"rendered":"<h2>Mindig k\u00e9zn\u00e9l<\/h2>\n<p>A tart\u00f3 seg\u00edt r\u00f6gz\u00edteni a p\u00e1nikgombot olyan helyen, ahol v\u00e9szhelyzetben gyorsan el\u00e9rhet\u0151, \u00e9s k\u00e9nyelmesebb\u00e9 teszi a t\u00e1vir\u00e1ny\u00edt\u00f3 haszn\u00e1lat\u00e1t a forgat\u00f3k\u00f6nyvekhez. A vezet\u00e9k n\u00e9lk\u00fcli eszk\u00f6z tov\u00e1bbra is hordozhat\u00f3 marad: a gomb gyorsan elt\u00e1vol\u00edthat\u00f3 a tart\u00f3r\u00f3l \u00e9s kulcstart\u00f3k\u00e9nt haszn\u00e1lhat\u00f3.<\/p>\n<p><img decoding=\"async\" loading=\"lazy\" class=\"aligncenter size-full wp-image-4336\" src=\"https:\/\/safeintel.hu\/wp-content\/uploads\/2023\/01\/holder_6.jpg\" alt=\"\" width=\"993\" height=\"544\" srcset=\"https:\/\/safeintel.hu\/wp-content\/uploads\/2023\/01\/holder_6.jpg 993w, https:\/\/safeintel.hu\/wp-content\/uploads\/2023\/01\/holder_6-420x230.jpg 420w, https:\/\/safeintel.hu\/wp-content\/uploads\/2023\/01\/holder_6-768x421.jpg 768w, https:\/\/safeintel.hu\/wp-content\/uploads\/2023\/01\/holder_6-18x10.jpg 18w, https:\/\/safeintel.hu\/wp-content\/uploads\/2023\/01\/holder_6-700x383.jpg 700w\" sizes=\"(max-width: 993px) 100vw, 993px\" \/><\/p>\n<p>&nbsp;<\/p>\n<h2>T\u00f6k\u00e9letes\u00edt\u0151k \u00e1ltal tervezve<\/h2>\n<p>A Holder kialak\u00edt\u00e1sa nem rontja el a gomb ergon\u00f3mi\u00e1j\u00e1t, \u00e9s biztos r\u00f6gz\u00edt\u00e9st biztos\u00edt. A fel\u00fclethez k\u00e9t csavarral vagy k\u00e9toldalas ragaszt\u00f3szalaggal lehet r\u00f6gz\u00edteni \u2013 a nagy, s\u00edk fel\u00fcletnek k\u00f6sz\u00f6nhet\u0151en m\u00e9g ilyen telep\u00edt\u00e9si m\u00f3dszer is megb\u00edzhat\u00f3. A Button \u00e9s DoubleButton gombok egyetlen mozdulattal felhelyezhet\u0151k \u00e9s elt\u00e1vol\u00edthat\u00f3k a tart\u00f3r\u00f3l. Nincs sz\u00fcks\u00e9g szersz\u00e1mokra \u00e9s id\u0151pazarl\u00e1sra.<\/p>\n<p><img decoding=\"async\" loading=\"lazy\" class=\"aligncenter size-full wp-image-4337\" src=\"https:\/\/safeintel.hu\/wp-content\/uploads\/2023\/01\/holder_7.jpg\" alt=\"\" width=\"993\" height=\"544\" srcset=\"https:\/\/safeintel.hu\/wp-content\/uploads\/2023\/01\/holder_7.jpg 993w, https:\/\/safeintel.hu\/wp-content\/uploads\/2023\/01\/holder_7-420x230.jpg 420w, https:\/\/safeintel.hu\/wp-content\/uploads\/2023\/01\/holder_7-768x421.jpg 768w, https:\/\/safeintel.hu\/wp-content\/uploads\/2023\/01\/holder_7-18x10.jpg 18w, https:\/\/safeintel.hu\/wp-content\/uploads\/2023\/01\/holder_7-700x383.jpg 700w\" sizes=\"(max-width: 993px) 100vw, 993px\" \/><\/p>\n<p>&nbsp;<\/p>\n<h2>A p\u00e1nikgomb helyes telep\u00edt\u00e9se az Ajax Holder tart\u00f3val<\/h2>\n<p>A p\u00e1nikgombok az egyik legfontosabb eszk\u00f6zei a biztons\u00e1gi riaszt\u00f3 rendszernek, amelyek lehet\u0151v\u00e9 teszik, hogy a felhaszn\u00e1l\u00f3k egyetlen kattint\u00e1ssal figyelmeztet\u00e9st kapjanak a vesz\u00e9lyre, \u00e9s seg\u00edts\u00e9get k\u00e9rjenek a gyors reag\u00e1l\u00e1s\u00fa csapatt\u00f3l. A p\u00e1nikgombokat olyan helyeken haszn\u00e1lj\u00e1k, ahol potenci\u00e1lis fenyeget\u00e9s lehet, el\u0151re nem l\u00e1that\u00f3 helyzetekben \u2014 t\u0171z, behatol\u00e1s, g\u00e1zsziv\u00e1rg\u00e1s, vagy a seg\u00edts\u00e9gre szorul\u00f3 csal\u00e1dtagok, gyermekek gondoz\u00e1sa.<\/p>\n<p><img decoding=\"async\" loading=\"lazy\" class=\"aligncenter size-full wp-image-4338\" src=\"https:\/\/safeintel.hu\/wp-content\/uploads\/2023\/01\/holder_8.jpg\" alt=\"\" width=\"993\" height=\"544\" srcset=\"https:\/\/safeintel.hu\/wp-content\/uploads\/2023\/01\/holder_8.jpg 993w, https:\/\/safeintel.hu\/wp-content\/uploads\/2023\/01\/holder_8-420x230.jpg 420w, https:\/\/safeintel.hu\/wp-content\/uploads\/2023\/01\/holder_8-768x421.jpg 768w, https:\/\/safeintel.hu\/wp-content\/uploads\/2023\/01\/holder_8-18x10.jpg 18w, https:\/\/safeintel.hu\/wp-content\/uploads\/2023\/01\/holder_8-700x383.jpg 700w\" sizes=\"(max-width: 993px) 100vw, 993px\" \/><\/p>","protected":false},"excerpt":{"rendered":"<p>Tart\u00f3 a Button vagy DoubleButton r\u00f6gz\u00edt\u00e9s\u00e9hez fel\u00fcleteken<\/p>","protected":false},"featured_media":2707,"comment_status":"open","ping_status":"closed","template":"","meta":{"site-sidebar-layout":"default","site-content-layout":"default","ast-global-header-display":"","ast-main-header-display":"","ast-hfb-above-header-display":"","ast-hfb-below-header-display":"","ast-hfb-mobile-header-display":"","site-post-title":"","ast-breadcrumbs-content":"","ast-featured-img":"","footer-sml-layout":"","theme-transparent-header-meta":"default","adv-header-id-meta":"","stick-header-meta":"default","header-above-stick-meta":"","header-main-stick-meta":"","header-below-stick-meta":"","_themeisle_gutenberg_block_has_review":false},"product_cat":[95],"product_tag":[],"_links":{"self":[{"href":"https:\/\/safeintel.hu\/hu\/wp-json\/wp\/v2\/product\/2450"}],"collection":[{"href":"https:\/\/safeintel.hu\/hu\/wp-json\/wp\/v2\/product"}],"about":[{"href":"https:\/\/safeintel.hu\/hu\/wp-json\/wp\/v2\/types\/product"}],"replies":[{"embeddable":true,"href":"https:\/\/safeintel.hu\/hu\/wp-json\/wp\/v2\/comments?post=2450"}],"wp:featuredmedia":[{"embeddable":true,"href":"https:\/\/safeintel.hu\/hu\/wp-json\/wp\/v2\/media\/2707"}],"wp:attachment":[{"href":"https:\/\/safeintel.hu\/hu\/wp-json\/wp\/v2\/media?parent=2450"}],"wp:term":[{"taxonomy":"product_cat","embeddable":true,"href":"https:\/\/safeintel.hu\/hu\/wp-json\/wp\/v2\/product_cat?post=2450"},{"taxonomy":"product_tag","embeddable":true,"href":"https:\/\/safeintel.hu\/hu\/wp-json\/wp\/v2\/product_tag?post=2450"}],"curies":[{"name":"wp","href":"https:\/\/api.w.org\/{rel}","templated":true}]}}