{"id":2451,"date":"2023-01-15T00:30:26","date_gmt":"2023-01-14T21:30:26","guid":{"rendered":"https:\/\/safeintel.hu\/?post_type=product&#038;p=2451"},"modified":"2025-04-07T13:01:12","modified_gmt":"2025-04-07T11:01:12","slug":"ajax-socket","status":"publish","type":"product","link":"https:\/\/safeintel.hu\/hu\/products\/ajax-socket\/","title":{"rendered":"AJAX Socket"},"content":{"rendered":"<ul>\n<li>A k\u00e9sz\u00fcl\u00e9kek t\u00e1voli vez\u00e9rl\u00e9se<\/li>\n<li>Energiafogyaszt\u00e1s figyel\u00e9se<\/li>\n<li>Automatiz\u00e1lja a biztons\u00e1got<\/li>\n<\/ul>\n<h2>Minden k\u00e9szen \u00e1ll, mire haza\u00e9rsz<\/h2>\n<p>Hazat\u00e9rve eg\u00e9sz \u00e9vben \u00e9lvezheti a kellemes kl\u00edm\u00e1t \u00e9s a hangulatos l\u00e9gk\u00f6rt. T\u00e9len kapcsolja be a f\u0171t\u0151berendez\u00e9seket, ny\u00e1ron pedig a l\u00e9gkondicion\u00e1l\u00f3t. Ind\u00edtsa be a p\u00e1r\u00e1s\u00edt\u00f3t \u00e9s meleg\u00edtse fel a vizet a f\u00fcrd\u0151j\u00e9hez: mindezt csak n\u00e9h\u00e1ny \u00e9rint\u00e9ssel teheti meg az alkalmaz\u00e1sban hazafel\u00e9 menet.<\/p>\n<p><img decoding=\"async\" loading=\"lazy\" class=\"aligncenter size-full wp-image-4341\" src=\"https:\/\/safeintel.hu\/wp-content\/uploads\/2023\/01\/socket_9.jpg\" alt=\"\" width=\"993\" height=\"544\" srcset=\"https:\/\/safeintel.hu\/wp-content\/uploads\/2023\/01\/socket_9.jpg 993w, https:\/\/safeintel.hu\/wp-content\/uploads\/2023\/01\/socket_9-420x230.jpg 420w, https:\/\/safeintel.hu\/wp-content\/uploads\/2023\/01\/socket_9-768x421.jpg 768w, https:\/\/safeintel.hu\/wp-content\/uploads\/2023\/01\/socket_9-18x10.jpg 18w, https:\/\/safeintel.hu\/wp-content\/uploads\/2023\/01\/socket_9-700x383.jpg 700w\" sizes=\"(max-width: 993px) 100vw, 993px\" \/><\/p>\n<p>&nbsp;<\/p>\n<h2>Nem kell t\u00f6bb\u00e9 agg\u00f3dnia, hogy elfelejti a vasal\u00f3t.<\/h2>\n<p>Amikor elhagyja a h\u00e1zat, csukja be az ajt\u00f3t, \u00e9s \u00e9les\u00edtse a rendszert. Az \u00f6sszes nagy energiafogyaszt\u00f3 \u00e9s vesz\u00e9lyes k\u00e9sz\u00fcl\u00e9k automatikusan kikapcsol. A vasal\u00f3, a f\u0171t\u0151test \u00e9s a keny\u00e9rpir\u00edt\u00f3 nem fog t\u00f6bb\u00e9 t\u0171zvesz\u00e9lyt okozni.<\/p>\n<p>&nbsp;<\/p>\n<h2>Azonos\u00edtja az energiav\u00e1mp\u00edrokat<\/h2>\n<p>A Socket t\u00e1j\u00e9koztatja \u00d6nt a legink\u00e1bb energiafogyaszt\u00f3 eszk\u00f6z\u00f6kr\u0151l. Amint egy k\u00e9sz\u00fcl\u00e9k elkezd \u00e1ramot fogyasztani, a Socket LED-je val\u00f3s id\u0151ben v\u00e1ltoztatja a sz\u00edn\u00e9t. A Socket kevesebb mint 1 W-ot fogyaszt k\u00e9szenl\u00e9ti \u00fczemm\u00f3dban.<\/p>\n<p><img decoding=\"async\" loading=\"lazy\" class=\"aligncenter wp-image-4344 size-full\" src=\"https:\/\/safeintel.hu\/wp-content\/uploads\/2023\/01\/socket_8-1.jpg\" alt=\"\" width=\"993\" height=\"346\" srcset=\"https:\/\/safeintel.hu\/wp-content\/uploads\/2023\/01\/socket_8-1.jpg 993w, https:\/\/safeintel.hu\/wp-content\/uploads\/2023\/01\/socket_8-1-420x146.jpg 420w, https:\/\/safeintel.hu\/wp-content\/uploads\/2023\/01\/socket_8-1-768x268.jpg 768w, https:\/\/safeintel.hu\/wp-content\/uploads\/2023\/01\/socket_8-1-18x6.jpg 18w, https:\/\/safeintel.hu\/wp-content\/uploads\/2023\/01\/socket_8-1-700x244.jpg 700w\" sizes=\"(max-width: 993px) 100vw, 993px\" \/><\/p>\n<p>&nbsp;<\/p>\n<h2>Megfelel az elektromos biztons\u00e1gi szabv\u00e1nyoknak<\/h2>\n<p>A konnektor megfelel az elektromos k\u00e9sz\u00fcl\u00e9kekre vonatkoz\u00f3 szabv\u00e1nyoknak, \u00edgy garant\u00e1lva az \u00d6n biztons\u00e1g\u00e1t. Minden egyes intelligens dugalj teljes k\u00f6r\u0171en tesztelt: az anyagok min\u0151s\u00e9ge, a magas h\u0151m\u00e9rs\u00e9klet hat\u00e1sa, a hossz\u00fa ideig tart\u00f3 terhel\u00e9s alatti m\u0171k\u00f6d\u00e9s k\u00e9pess\u00e9ge.<\/p>\n<p>&nbsp;<\/p>\n<h2>V\u00e9di a k\u00edv\u00e1ncsi kicsiket<\/h2>\n<p>A foglalat belsej\u00e9ben l\u00e9v\u0151 speci\u00e1lis z\u00e1r\u00f3elemek v\u00e9dik gyermekeit, \u00e9s megakad\u00e1lyozz\u00e1k, hogy csavarh\u00faz\u00f3t, oll\u00f3t vagy hajt\u0171t dugjanak be. A port\u00f3l \u00e9s a fr\u00f6ccsen\u0151 folyad\u00e9kokt\u00f3l is v\u00e9denek.<\/p>\n<p><img decoding=\"async\" loading=\"lazy\" class=\"aligncenter size-full wp-image-4343\" src=\"https:\/\/safeintel.hu\/wp-content\/uploads\/2023\/01\/socket_11.jpg\" alt=\"\" width=\"993\" height=\"544\" srcset=\"https:\/\/safeintel.hu\/wp-content\/uploads\/2023\/01\/socket_11.jpg 993w, https:\/\/safeintel.hu\/wp-content\/uploads\/2023\/01\/socket_11-420x230.jpg 420w, https:\/\/safeintel.hu\/wp-content\/uploads\/2023\/01\/socket_11-768x421.jpg 768w, https:\/\/safeintel.hu\/wp-content\/uploads\/2023\/01\/socket_11-18x10.jpg 18w, https:\/\/safeintel.hu\/wp-content\/uploads\/2023\/01\/socket_11-700x383.jpg 700w\" sizes=\"(max-width: 993px) 100vw, 993px\" \/><\/p>\n<p>&nbsp;<\/p>\n<h2>V\u00e9delmi funkci\u00f3k az elektromos h\u00e1l\u00f3zatban<\/h2>\n<p>A k\u00e9sz\u00fcl\u00e9k csatlakozik a 230 V-os v\u00e1ltakoz\u00f3 \u00e1ramforr\u00e1shoz, \u00e9s parancsra z\u00e1rja\/nyitja az \u00e1ramk\u00f6rt. Az intelligens dugalj ak\u00e1r 2,5 kW-os terhel\u00e9st is k\u00e9pes kezelni, ami elegend\u0151 egy nagyon energiaig\u00e9nyes eszk\u00f6z csatlakoztat\u00e1s\u00e1hoz.<\/p>\n<ul>\n<li>\u00c1ramv\u00e9delem: Megakad\u00e1lyozza a t\u00fal\u00e1ramot, v\u00e9dve ezzel a rel\u00e9t \u00e9s a csatlakoztatott eszk\u00f6z\u00f6ket.<\/li>\n<li>T\u00falfesz\u00fclts\u00e9g v\u00e9delem: Megv\u00e9di az eszk\u00f6z\u00f6ket a t\u00falfesz\u00fclts\u00e9g \u00e9s a fesz\u00fclts\u00e9gcs\u00facsok ellen.<\/li>\n<\/ul>\n<p>&nbsp;<\/p>\n<h2>Otthoni \u00e9s irodai automatiz\u00e1l\u00e1s<\/h2>\n<p>Haszn\u00e1lja a forgat\u00f3k\u00f6nyveket, hogy biztons\u00e1gosabb\u00e1 \u00e9s k\u00e9nyelmesebb\u00e9 tegye az \u00e9letet. \u00c1ll\u00edtsa be irod\u00e1ja vil\u00e1g\u00edt\u00e1s\u00e1t \u00fagy, hogy \u00e9les\u00edt\u00e9skor automatikusan kikapcsoljon, programozza be a kivet\u00edt\u0151ket \u00fagy, hogy bekapcsoljanak, amikor a k\u00fclt\u00e9ri mozg\u00e1s\u00e9rz\u00e9kel\u0151k betolakod\u00f3kat \u00e9szlelnek, vagy kapcsolja be a keny\u00e9rpir\u00edt\u00f3t egy bizonyos reggeli id\u0151pontban.<\/p>\n<p><img decoding=\"async\" loading=\"lazy\" class=\"aligncenter size-full wp-image-4342\" src=\"https:\/\/safeintel.hu\/wp-content\/uploads\/2023\/01\/socket_10.jpg\" alt=\"\" width=\"993\" height=\"544\" srcset=\"https:\/\/safeintel.hu\/wp-content\/uploads\/2023\/01\/socket_10.jpg 993w, https:\/\/safeintel.hu\/wp-content\/uploads\/2023\/01\/socket_10-420x230.jpg 420w, https:\/\/safeintel.hu\/wp-content\/uploads\/2023\/01\/socket_10-768x421.jpg 768w, https:\/\/safeintel.hu\/wp-content\/uploads\/2023\/01\/socket_10-18x10.jpg 18w, https:\/\/safeintel.hu\/wp-content\/uploads\/2023\/01\/socket_10-700x383.jpg 700w\" sizes=\"(max-width: 993px) 100vw, 993px\" \/><\/p>\n<p>&nbsp;<\/p>\n<h2>Egyszer\u0171 kapcsolat<\/h2>\n<p>Az aljzat percek alatt csatlakoztathat\u00f3 \u00e9s be\u00e1ll\u00edthat\u00f3. A Socket rendszerhez val\u00f3 hozz\u00e1ad\u00e1s\u00e1hoz szkenneljen be egy QR-k\u00f3dot az Ajax alkalmaz\u00e1ssal, adjon neki nevet, \u00e9s rendeljen hozz\u00e1 egy szob\u00e1t. Az eszk\u00f6z \u00e9s az automatiz\u00e1l\u00e1si forgat\u00f3k\u00f6nyvek is val\u00f3s id\u0151ben konfigur\u00e1lhat\u00f3k az alkalmaz\u00e1sban.<\/p>","protected":false},"excerpt":{"rendered":"<p>Intelligens dug\u00f3<\/p>","protected":false},"featured_media":2700,"comment_status":"open","ping_status":"closed","template":"","meta":{"site-sidebar-layout":"default","site-content-layout":"default","ast-global-header-display":"","ast-main-header-display":"","ast-hfb-above-header-display":"","ast-hfb-below-header-display":"","ast-hfb-mobile-header-display":"","site-post-title":"","ast-breadcrumbs-content":"","ast-featured-img":"","footer-sml-layout":"","theme-transparent-header-meta":"default","adv-header-id-meta":"","stick-header-meta":"default","header-above-stick-meta":"","header-main-stick-meta":"","header-below-stick-meta":"","_themeisle_gutenberg_block_has_review":false},"product_cat":[98],"product_tag":[119],"_links":{"self":[{"href":"https:\/\/safeintel.hu\/hu\/wp-json\/wp\/v2\/product\/2451"}],"collection":[{"href":"https:\/\/safeintel.hu\/hu\/wp-json\/wp\/v2\/product"}],"about":[{"href":"https:\/\/safeintel.hu\/hu\/wp-json\/wp\/v2\/types\/product"}],"replies":[{"embeddable":true,"href":"https:\/\/safeintel.hu\/hu\/wp-json\/wp\/v2\/comments?post=2451"}],"wp:featuredmedia":[{"embeddable":true,"href":"https:\/\/safeintel.hu\/hu\/wp-json\/wp\/v2\/media\/2700"}],"wp:attachment":[{"href":"https:\/\/safeintel.hu\/hu\/wp-json\/wp\/v2\/media?parent=2451"}],"wp:term":[{"taxonomy":"product_cat","embeddable":true,"href":"https:\/\/safeintel.hu\/hu\/wp-json\/wp\/v2\/product_cat?post=2451"},{"taxonomy":"product_tag","embeddable":true,"href":"https:\/\/safeintel.hu\/hu\/wp-json\/wp\/v2\/product_tag?post=2451"}],"curies":[{"name":"wp","href":"https:\/\/api.w.org\/{rel}","templated":true}]}}