{"id":2475,"date":"2023-01-15T00:30:28","date_gmt":"2023-01-14T21:30:28","guid":{"rendered":"https:\/\/safeintel.hu\/?post_type=product&#038;p=2475"},"modified":"2025-04-07T13:01:12","modified_gmt":"2025-04-07T11:01:12","slug":"ajax-fireprotect-plus","status":"publish","type":"product","link":"https:\/\/safeintel.hu\/hu\/products\/ajax-fireprotect-plus\/","title":{"rendered":"AJAX FireProtect Plus"},"content":{"rendered":"<ul>\n<li>F\u00fcst\u00f6t, hirtelen h\u0151m\u00e9rs\u00e9klet-emelked\u00e9seket \u00e9s vesz\u00e9lyes sz\u00e9n-monoxid-szinteket \u00e9rz\u00e9kel.<\/li>\n<li>A k\u00f6zponti egys\u00e9gt\u0151l f\u00fcggetlen\u00fcl is m\u0171k\u00f6dhet, \u00e9s a be\u00e9p\u00edtett szir\u00e9na seg\u00edts\u00e9g\u00e9vel \u00e9rtes\u00edti a vesz\u00e9lyr\u0151l.<\/li>\n<li>Az \u00e9rz\u00e9kel\u0151 \u00f6n\u00e1ll\u00f3an ellen\u0151rzi a f\u00fcstkamr\u00e1t, \u00e9s id\u0151ben figyelmeztet a tiszt\u00edt\u00e1s sz\u00fcks\u00e9gess\u00e9g\u00e9re.<\/li>\n<\/ul>\n<h2>Fire Protection Plus \u2013 t\u0171z\u00e9rz\u00e9kel\u0151 h\u0151m\u00e9rs\u00e9klet- \u00e9s sz\u00e9n-monoxid-\u00e9rz\u00e9kel\u0151vel<\/h2>\n<p>A teljes k\u00f6r\u0171 bet\u00f6r\u00e9sv\u00e9delemhez t\u0171z\u00e9rz\u00e9kel\u0151k is sz\u00fcks\u00e9gesek \u2014 olyan eszk\u00f6z\u00f6k, amelyek m\u00e1r a t\u0171z \u00e9s f\u00fcst korai szakasz\u00e1ban jelentik az esem\u00e9nyt. A f\u00fcst- \u00e9s g\u00e1z\u00e9rz\u00e9kel\u0151k seg\u00edtenek megel\u0151zni a t\u0171z s\u00falyos k\u00f6vetkezm\u00e9nyeit \u00e9s a vagyon k\u00e1rosod\u00e1s\u00e1t.<\/p>\n<p><img decoding=\"async\" loading=\"lazy\" class=\"aligncenter size-full wp-image-4368\" src=\"https:\/\/safeintel.hu\/wp-content\/uploads\/2023\/01\/fire_14.jpg\" alt=\"\" width=\"993\" height=\"544\" srcset=\"https:\/\/safeintel.hu\/wp-content\/uploads\/2023\/01\/fire_14.jpg 993w, https:\/\/safeintel.hu\/wp-content\/uploads\/2023\/01\/fire_14-420x230.jpg 420w, https:\/\/safeintel.hu\/wp-content\/uploads\/2023\/01\/fire_14-768x421.jpg 768w, https:\/\/safeintel.hu\/wp-content\/uploads\/2023\/01\/fire_14-18x10.jpg 18w, https:\/\/safeintel.hu\/wp-content\/uploads\/2023\/01\/fire_14-700x383.jpg 700w\" sizes=\"(max-width: 993px) 100vw, 993px\" \/><\/p>\n<h2><\/h2>\n<h2>M\u0171k\u00f6d\u00e9s elve<\/h2>\n<p>Az eszk\u00f6z f\u00fcst\u00f6t fot\u00f3elektromos \u00e9rz\u00e9kel\u0151vel ell\u00e1tott kamer\u00e1val \u00e9szlel. Egy kieg\u00e9sz\u00edt\u0151 k\u00e9miai elem \u00e9rz\u00e9keli a sz\u00e9n-monoxidot, \u00e9s riaszt\u00e1st k\u00fcld.<\/p>\n<h2>Jellemz\u0151k<\/h2>\n<p>Az \u00e9rz\u00e9kel\u0151 a k\u00f6zponti egys\u00e9gt\u0151l f\u00fcggetlen\u00fcl m\u0171k\u00f6dhet, \u00e9s be\u00e9p\u00edtett szir\u00e9n\u00e1val bocs\u00e1t ki t\u0171zriaszt\u00e1st.\nT\u00f6bb \u00e9rz\u00e9kel\u0151 egyszerre jelez riaszt\u00e1st.<\/p>\n<p><img decoding=\"async\" loading=\"lazy\" class=\"aligncenter size-full wp-image-4367\" src=\"https:\/\/safeintel.hu\/wp-content\/uploads\/2023\/01\/fire_13.jpg\" alt=\"\" width=\"993\" height=\"544\" srcset=\"https:\/\/safeintel.hu\/wp-content\/uploads\/2023\/01\/fire_13.jpg 993w, https:\/\/safeintel.hu\/wp-content\/uploads\/2023\/01\/fire_13-420x230.jpg 420w, https:\/\/safeintel.hu\/wp-content\/uploads\/2023\/01\/fire_13-768x421.jpg 768w, https:\/\/safeintel.hu\/wp-content\/uploads\/2023\/01\/fire_13-18x10.jpg 18w, https:\/\/safeintel.hu\/wp-content\/uploads\/2023\/01\/fire_13-700x383.jpg 700w\" sizes=\"(max-width: 993px) 100vw, 993px\" \/><\/p>\n<p>&nbsp;<\/p>\n<h2>Telep\u00edt\u00e9s \u00e9s be\u00e1ll\u00edt\u00e1s<\/h2>\n<p>Azonnal haszn\u00e1latra k\u00e9sz a dobozb\u00f3l kiv\u00e9ve: az akkumul\u00e1tor m\u00e1r telep\u00edtve van, \u00edgy nincs sz\u00fcks\u00e9g az \u00e9rz\u00e9kel\u0151 sz\u00e9tszerel\u00e9s\u00e9re. Egyetlen kattint\u00e1ssal csatlakoztathat\u00f3 a k\u00f6zponthoz a mobilalkalmaz\u00e1sban. A SmartBracket-ra t\u00f6rt\u00e9n\u0151 felszerel\u00e9se mind\u00f6ssze n\u00e9h\u00e1ny percet vesz ig\u00e9nybe.<\/p>\n<p><img decoding=\"async\" loading=\"lazy\" class=\"aligncenter size-full wp-image-4364\" src=\"https:\/\/safeintel.hu\/wp-content\/uploads\/2023\/01\/fire_10.jpg\" alt=\"\" width=\"993\" height=\"544\" srcset=\"https:\/\/safeintel.hu\/wp-content\/uploads\/2023\/01\/fire_10.jpg 993w, https:\/\/safeintel.hu\/wp-content\/uploads\/2023\/01\/fire_10-420x230.jpg 420w, https:\/\/safeintel.hu\/wp-content\/uploads\/2023\/01\/fire_10-768x421.jpg 768w, https:\/\/safeintel.hu\/wp-content\/uploads\/2023\/01\/fire_10-18x10.jpg 18w, https:\/\/safeintel.hu\/wp-content\/uploads\/2023\/01\/fire_10-700x383.jpg 700w\" sizes=\"(max-width: 993px) 100vw, 993px\" \/><\/p>","protected":false},"excerpt":{"rendered":"<p>Vezet\u00e9k n\u00e9lk\u00fcli t\u0171z\u00e9rz\u00e9kel\u0151 h\u0151m\u00e9rs\u00e9klet- \u00e9s sz\u00e9n-monoxid-\u00e9rz\u00e9kel\u0151kkel, amely 24 \u00f3r\u00e1n \u00e1t figyeli a helyis\u00e9g biztons\u00e1g\u00e1t, \u00e9s azonnal \u00e9rtes\u00edt a vesz\u00e9lyes CO-szintr\u0151l, f\u00fcst jelenl\u00e9t\u00e9r\u0151l \u00e9s a hirtelen h\u0151m\u00e9rs\u00e9klet-emelked\u00e9sekr\u0151l.<\/p>","protected":false},"featured_media":2679,"comment_status":"open","ping_status":"closed","template":"","meta":{"site-sidebar-layout":"default","site-content-layout":"default","ast-global-header-display":"","ast-main-header-display":"","ast-hfb-above-header-display":"","ast-hfb-below-header-display":"","ast-hfb-mobile-header-display":"","site-post-title":"","ast-breadcrumbs-content":"","ast-featured-img":"","footer-sml-layout":"","theme-transparent-header-meta":"default","adv-header-id-meta":"","stick-header-meta":"default","header-above-stick-meta":"","header-main-stick-meta":"","header-below-stick-meta":"","_themeisle_gutenberg_block_has_review":false},"product_cat":[96],"product_tag":[125,126],"_links":{"self":[{"href":"https:\/\/safeintel.hu\/hu\/wp-json\/wp\/v2\/product\/2475"}],"collection":[{"href":"https:\/\/safeintel.hu\/hu\/wp-json\/wp\/v2\/product"}],"about":[{"href":"https:\/\/safeintel.hu\/hu\/wp-json\/wp\/v2\/types\/product"}],"replies":[{"embeddable":true,"href":"https:\/\/safeintel.hu\/hu\/wp-json\/wp\/v2\/comments?post=2475"}],"wp:featuredmedia":[{"embeddable":true,"href":"https:\/\/safeintel.hu\/hu\/wp-json\/wp\/v2\/media\/2679"}],"wp:attachment":[{"href":"https:\/\/safeintel.hu\/hu\/wp-json\/wp\/v2\/media?parent=2475"}],"wp:term":[{"taxonomy":"product_cat","embeddable":true,"href":"https:\/\/safeintel.hu\/hu\/wp-json\/wp\/v2\/product_cat?post=2475"},{"taxonomy":"product_tag","embeddable":true,"href":"https:\/\/safeintel.hu\/hu\/wp-json\/wp\/v2\/product_tag?post=2475"}],"curies":[{"name":"wp","href":"https:\/\/api.w.org\/{rel}","templated":true}]}}