{"id":2477,"date":"2023-01-15T00:30:28","date_gmt":"2023-01-14T21:30:28","guid":{"rendered":"https:\/\/safeintel.hu\/?post_type=product&#038;p=2477"},"modified":"2025-04-07T13:01:13","modified_gmt":"2025-04-07T11:01:13","slug":"ajax-leaksprotect","status":"publish","type":"product","link":"https:\/\/safeintel.hu\/hu\/products\/ajax-leaksprotect\/","title":{"rendered":"AJAX LeaksProtect"},"content":{"rendered":"<h2>Folyamatos fel\u00fcgyelet. Azonnali \u00e9rtes\u00edt\u00e9sek.<\/h2>\n<p>A LeaksProtect m\u00e9g nehezen el\u00e9rhet\u0151 helyeken is elhelyezhet\u0151. Nem ig\u00e9nyel telep\u00edt\u00e9st, \u00e9vekig karbantart\u00e1s n\u00e9lk\u00fcl m\u0171k\u00f6dik, \u00e9s \u00e9jjel-nappal \u00fczemel. Ha a mos\u00f3g\u00e9p sziv\u00e1rog vagy egy cs\u0151 elt\u00f6rik, az \u00e9rz\u00e9kel\u0151 azonnal reag\u00e1l \u00e9s jelent\u00e9st k\u00fcld az esetr\u0151l. Ha az \u00e9p\u00fclet rendelkezik \u00e1rv\u00edzv\u00e9delmi rendszerrel, az Ajax automatikusan elz\u00e1rja a v\u00edzell\u00e1t\u00e1st.<\/p>\n<p>&nbsp;<\/p>\n<h2 style=\"text-align: center;\">Ahol fenn\u00e1ll az el\u00e1raszt\u00e1s vesz\u00e9lye<\/h2>\n<p style=\"text-align: center;\">A miniat\u0171r LeaksProtect \u00e9rz\u00e9kel\u0151k b\u00e1rhol elhelyezhet\u0151k, ahol v\u00edzsziv\u00e1rg\u00e1s v\u00e1rhat\u00f3. Az eszk\u00f6z magass\u00e1ga mind\u00f6ssze 14 mm.<\/p>\n<p style=\"text-align: center;\"><\/p>\n<p>&nbsp;<\/p>\n<p>&nbsp;<\/p>\n<h2>Hat\u00e9kony minimalizmus<\/h2>\n<p>Amint a v\u00edz el\u00e9ri az \u00e9rz\u00e9kel\u0151t, az azonnal riaszt\u00e1st k\u00fcld. B\u00e1rmelyik oldalr\u00f3l. A LeaksProtect mind a n\u00e9gy oldal\u00e1n \u00e9rintkez\u0151p\u00e1rok tal\u00e1lhat\u00f3k. Ha legal\u00e1bb egy \u00e9rintkez\u0151 v\u00edzzel \u00e9rintkezik, az \u00e9rz\u00e9kel\u0151 sziv\u00e1rg\u00e1st jelent. Amikor az \u00e9rintkez\u0151k kisz\u00e1radnak \u00e9s megszakadnak, \u00e9rtes\u00edt\u00e9st k\u00fcld, hogy a sziv\u00e1rg\u00e1s megsz\u0171nt.<\/p>\n<ul>\n<li>Ak\u00e1r 5 \u00e9v m\u0171k\u00f6d\u00e9s az elemb\u0151l<\/li>\n<li>Folyamatos \u00fczem 24\/7<\/li>\n<li>IP65 h\u00e1z<\/li>\n<\/ul>\n<p><img decoding=\"async\" loading=\"lazy\" class=\"aligncenter size-full wp-image-4348\" src=\"https:\/\/safeintel.hu\/wp-content\/uploads\/2023\/01\/leaks_9.jpg\" alt=\"\" width=\"993\" height=\"544\" srcset=\"https:\/\/safeintel.hu\/wp-content\/uploads\/2023\/01\/leaks_9.jpg 993w, https:\/\/safeintel.hu\/wp-content\/uploads\/2023\/01\/leaks_9-420x230.jpg 420w, https:\/\/safeintel.hu\/wp-content\/uploads\/2023\/01\/leaks_9-768x421.jpg 768w, https:\/\/safeintel.hu\/wp-content\/uploads\/2023\/01\/leaks_9-18x10.jpg 18w, https:\/\/safeintel.hu\/wp-content\/uploads\/2023\/01\/leaks_9-700x383.jpg 700w\" sizes=\"(max-width: 993px) 100vw, 993px\" \/><\/p>\n<p>&nbsp;<\/p>\n<h2>Kisebb sziv\u00e1rg\u00e1sok \u00e9s nagy el\u00e1raszt\u00e1sok ellen<\/h2>\n<p>A LeaksProtect \u00e9rz\u00e9kel\u0151k megv\u00e9dhetik a kisebb lak\u00e1sokat, kereskedelmi k\u00f6zpontokat \u00e9s ipari l\u00e9tes\u00edtm\u00e9nyeket az el\u00e1raszt\u00e1sokt\u00f3l. Ha baleset t\u00f6rt\u00e9nik, az informat\u00edv \u00e9rtes\u00edt\u00e9sek megmutatj\u00e1k, hov\u00e1 kell v\u00edzvezet\u00e9k-szerel\u0151t k\u00fcldeni.<\/p>\n<ul>\n<li>Ak\u00e1r 200 \u00e9rz\u00e9kel\u0151 a rendszerben<\/li>\n<li>\u00c9rtes\u00edt\u00e9sben az \u00e9rz\u00e9kel\u0151 neve \u00e9s szob\u00e1ja<\/li>\n<\/ul>\n<p><img decoding=\"async\" loading=\"lazy\" class=\"aligncenter size-full wp-image-4347\" src=\"https:\/\/safeintel.hu\/wp-content\/uploads\/2023\/01\/leaks_8.jpg\" alt=\"\" width=\"993\" height=\"544\" srcset=\"https:\/\/safeintel.hu\/wp-content\/uploads\/2023\/01\/leaks_8.jpg 993w, https:\/\/safeintel.hu\/wp-content\/uploads\/2023\/01\/leaks_8-420x230.jpg 420w, https:\/\/safeintel.hu\/wp-content\/uploads\/2023\/01\/leaks_8-768x421.jpg 768w, https:\/\/safeintel.hu\/wp-content\/uploads\/2023\/01\/leaks_8-18x10.jpg 18w, https:\/\/safeintel.hu\/wp-content\/uploads\/2023\/01\/leaks_8-700x383.jpg 700w\" sizes=\"(max-width: 993px) 100vw, 993px\" \/><\/p>\n<p>&nbsp;<\/p>\n<h2>\u00c1rv\u00edzv\u00e9delem \u00e9s v\u00edzell\u00e1t\u00e1s kezel\u00e9se<\/h2>\n<p>A LeaksProtect sziv\u00e1rg\u00e1s\u00e9rz\u00e9kel\u0151k, a Relay vagy WallSwitch rel\u00e9k \u00e9s az elektroszelepek egy okos v\u00edzkezel\u0151 \u00e9s \u00e1rv\u00edzv\u00e9delmi rendszert hozhatnak l\u00e9tre.<\/p>\n<ul>\n<li>Automatikus v\u00edzelz\u00e1r\u00e1s sziv\u00e1rg\u00e1s \u00e9szlel\u00e9sekor<\/li>\n<li>Automatikus kikapcsol\u00e1s a rendszer \u00e9les\u00edt\u00e9sekor\/hat\u00e1stalan\u00edt\u00e1sakor<\/li>\n<li>Manu\u00e1lis v\u00edzelz\u00e1r\u00e1s az alkalmaz\u00e1son kereszt\u00fcl<\/li>\n<li>\u00dctemezett v\u00edzell\u00e1t\u00e1s<\/li>\n<\/ul>\n<p><img decoding=\"async\" loading=\"lazy\" class=\"aligncenter size-full wp-image-4346\" src=\"https:\/\/safeintel.hu\/wp-content\/uploads\/2023\/01\/leaks_7.jpg\" alt=\"\" width=\"993\" height=\"544\" srcset=\"https:\/\/safeintel.hu\/wp-content\/uploads\/2023\/01\/leaks_7.jpg 993w, https:\/\/safeintel.hu\/wp-content\/uploads\/2023\/01\/leaks_7-420x230.jpg 420w, https:\/\/safeintel.hu\/wp-content\/uploads\/2023\/01\/leaks_7-768x421.jpg 768w, https:\/\/safeintel.hu\/wp-content\/uploads\/2023\/01\/leaks_7-18x10.jpg 18w, https:\/\/safeintel.hu\/wp-content\/uploads\/2023\/01\/leaks_7-700x383.jpg 700w\" sizes=\"(max-width: 993px) 100vw, 993px\" \/><\/p>\n<p>&nbsp;<\/p>\n<h2>Egyszer\u0171 telep\u00edt\u00e9s<\/h2>\n<p>A LeaksProtect k\u00f6zponthoz val\u00f3 csatlakoztat\u00e1s\u00e1hoz egyszer\u0171en olvassa be a QR-k\u00f3dot okostelefonj\u00e1val. Telep\u00edt\u00e9skor nincs sz\u00fcks\u00e9g az eszk\u00f6z sz\u00e9tszerel\u00e9s\u00e9re, r\u00f6gz\u00edt\u00e9s\u00e9re vagy elemek behelyez\u00e9s\u00e9re \u2013 az \u00e9rz\u00e9kel\u0151t egyszer\u0171en egy v\u00edzszintes fel\u00fcletre kell helyezni a sziv\u00e1rg\u00e1s lehets\u00e9ges hely\u00e9n, \u00e9s az azonnal \u00fczemk\u00e9sz.<\/p>","protected":false},"excerpt":{"rendered":"<p>Vezet\u00e9k n\u00e9lk\u00fcli c\u00edmzett sziv\u00e1rg\u00e1s\u00e9rz\u00e9kel\u0151<\/p>","protected":false},"featured_media":2694,"comment_status":"open","ping_status":"closed","template":"","meta":{"site-sidebar-layout":"default","site-content-layout":"default","ast-global-header-display":"","ast-main-header-display":"","ast-hfb-above-header-display":"","ast-hfb-below-header-display":"","ast-hfb-mobile-header-display":"","site-post-title":"","ast-breadcrumbs-content":"","ast-featured-img":"","footer-sml-layout":"","theme-transparent-header-meta":"default","adv-header-id-meta":"","stick-header-meta":"default","header-above-stick-meta":"","header-main-stick-meta":"","header-below-stick-meta":"","_themeisle_gutenberg_block_has_review":false},"product_cat":[97],"product_tag":[125,117,119],"_links":{"self":[{"href":"https:\/\/safeintel.hu\/hu\/wp-json\/wp\/v2\/product\/2477"}],"collection":[{"href":"https:\/\/safeintel.hu\/hu\/wp-json\/wp\/v2\/product"}],"about":[{"href":"https:\/\/safeintel.hu\/hu\/wp-json\/wp\/v2\/types\/product"}],"replies":[{"embeddable":true,"href":"https:\/\/safeintel.hu\/hu\/wp-json\/wp\/v2\/comments?post=2477"}],"wp:featuredmedia":[{"embeddable":true,"href":"https:\/\/safeintel.hu\/hu\/wp-json\/wp\/v2\/media\/2694"}],"wp:attachment":[{"href":"https:\/\/safeintel.hu\/hu\/wp-json\/wp\/v2\/media?parent=2477"}],"wp:term":[{"taxonomy":"product_cat","embeddable":true,"href":"https:\/\/safeintel.hu\/hu\/wp-json\/wp\/v2\/product_cat?post=2477"},{"taxonomy":"product_tag","embeddable":true,"href":"https:\/\/safeintel.hu\/hu\/wp-json\/wp\/v2\/product_tag?post=2477"}],"curies":[{"name":"wp","href":"https:\/\/api.w.org\/{rel}","templated":true}]}}