{"id":2478,"date":"2023-01-15T00:30:28","date_gmt":"2023-01-14T21:30:28","guid":{"rendered":"https:\/\/safeintel.hu\/?post_type=product&#038;p=2478"},"modified":"2025-04-07T13:01:13","modified_gmt":"2025-04-07T11:01:13","slug":"ajax-motionprotect-curtain","status":"publish","type":"product","link":"https:\/\/safeintel.hu\/hu\/products\/ajax-motionprotect-curtain\/","title":{"rendered":"AJAX MotionProtect Curtain"},"content":{"rendered":"<ul>\n<li>Mozg\u00e1st \u00e9rz\u00e9kel ak\u00e1r 15 m\u00e9teres t\u00e1vols\u00e1gig.<\/li>\n<li>Az el\u0151re telep\u00edtett elemmel ak\u00e1r 3 \u00e9vig is m\u0171k\u00f6dik.<\/li>\n<li>Ak\u00e1r 1 700 m\u00e9teres t\u00e1vols\u00e1gra is tov\u00e1bb\u00edtja a riaszt\u00e1sokat a k\u00f6zponti egys\u00e9ghez.<\/li>\n<\/ul>\n<h2 style=\"text-align: center;\">Megb\u00edzhat\u00f3 peremv\u00e9delem<\/h2>\n<p style=\"text-align: center;\"><\/p>\n<p>&nbsp;<\/p>\n<h2>Saj\u00e1t fejleszt\u00e9s\u0171 optikai technol\u00f3gia<\/h2>\n<p>A MotionProtect Curtain kifejleszt\u00e9s\u00e9hez egy egyedi optikai rendszert alkottunk k\u00e9t infrav\u00f6r\u00f6s \u00e9rz\u00e9kel\u0151vel \u00e9s egy sokoldal\u00fa t\u00fck\u00f6rrel. Ez a rendszer lehet\u0151v\u00e9 teszi, hogy az \u00e9rz\u00e9kel\u0151 k\u00e9tszer annyi inform\u00e1ci\u00f3t kapjon a v\u00e9dett ter\u00fcleten zajl\u00f3 esem\u00e9nyekr\u0151l, \u00e9s azonnal reag\u00e1ljon az emberi jelenl\u00e9tre.<\/p>\n<p>&nbsp;<\/p>\n<h2>Gyors reag\u00e1l\u00e1s a fenyeget\u00e9sekre<\/h2>\n<p>Ak\u00e1r futva, ak\u00e1r lopakodva pr\u00f3b\u00e1l behatolni az illet\u00e9ktelen szem\u00e9ly, a MotionProtect Curtain mindig k\u00e9szen \u00e1ll. Amint bel\u00e9p a l\u00e1t\u00f3ter\u00e9be, az \u00e9rz\u00e9kel\u0151 elemzi mindk\u00e9t PIR \u00e9rz\u00e9kel\u0151 jel\u00e9t, \u00e9s azonnal riaszt\u00e1st k\u00fcld.<\/p>\n<p><img decoding=\"async\" loading=\"lazy\" class=\"aligncenter size-full wp-image-4395\" src=\"https:\/\/safeintel.hu\/wp-content\/uploads\/2023\/01\/mp_curtain_9.jpg\" alt=\"\" width=\"993\" height=\"544\" srcset=\"https:\/\/safeintel.hu\/wp-content\/uploads\/2023\/01\/mp_curtain_9.jpg 993w, https:\/\/safeintel.hu\/wp-content\/uploads\/2023\/01\/mp_curtain_9-420x230.jpg 420w, https:\/\/safeintel.hu\/wp-content\/uploads\/2023\/01\/mp_curtain_9-768x421.jpg 768w, https:\/\/safeintel.hu\/wp-content\/uploads\/2023\/01\/mp_curtain_9-18x10.jpg 18w, https:\/\/safeintel.hu\/wp-content\/uploads\/2023\/01\/mp_curtain_9-700x383.jpg 700w\" sizes=\"(max-width: 993px) 100vw, 993px\" \/><\/p>\n<p>&nbsp;<\/p>\n<h2>Megb\u00edzhat\u00f3 r\u00e1di\u00f3kommunik\u00e1ci\u00f3<\/h2>\n<p>A MotionProtect Curtain ak\u00e1r 1 700 m\u00e9teres t\u00e1vols\u00e1gra is csatlakozik a k\u00f6zponti egys\u00e9ghez r\u00e1di\u00f3kommunik\u00e1ci\u00f3n kereszt\u00fcl. A Jeweller, az egyedi k\u00e9tir\u00e1ny\u00fa kommunik\u00e1ci\u00f3s protokoll, fejlett titkos\u00edt\u00e1ssal v\u00e9di az adat\u00e1tvitelt. Zavar\u00e1s vagy blokkol\u00e1s eset\u00e9n az Ajax biztons\u00e1gi rendszer frekvenci\u00e1t v\u00e1lt, \u00e9s \u00e9rtes\u00edti \u00d6nt \u00e9s az illet\u00e9kes riaszt\u00f3v\u00e1laszad\u00f3 szolg\u00e1latot.<\/p>\n<p><img decoding=\"async\" loading=\"lazy\" class=\"aligncenter size-full wp-image-4394\" src=\"https:\/\/safeintel.hu\/wp-content\/uploads\/2023\/01\/mp_curtain_8.jpg\" alt=\"\" width=\"993\" height=\"544\" srcset=\"https:\/\/safeintel.hu\/wp-content\/uploads\/2023\/01\/mp_curtain_8.jpg 993w, https:\/\/safeintel.hu\/wp-content\/uploads\/2023\/01\/mp_curtain_8-420x230.jpg 420w, https:\/\/safeintel.hu\/wp-content\/uploads\/2023\/01\/mp_curtain_8-768x421.jpg 768w, https:\/\/safeintel.hu\/wp-content\/uploads\/2023\/01\/mp_curtain_8-18x10.jpg 18w, https:\/\/safeintel.hu\/wp-content\/uploads\/2023\/01\/mp_curtain_8-700x383.jpg 700w\" sizes=\"(max-width: 993px) 100vw, 993px\" \/><\/p>\n<p>&nbsp;<\/p>\n<h2>2 perces be\u00e1ll\u00edt\u00e1s<\/h2>\n<p>A MotionProtect Curtain az Ajax alkalmaz\u00e1son kereszt\u00fcl csatlakozik a biztons\u00e1gi rendszerhez: olvassa be a QR-k\u00f3dot, adja hozz\u00e1 az \u00e9rz\u00e9kel\u0151t a szob\u00e1hoz, \u00e9s kezdje el a telep\u00edt\u00e9st.\nTelep\u00edt\u00e9s SmartBracket seg\u00edts\u00e9g\u00e9vel \u00e9s sz\u00f6g\u00e1ll\u00edt\u00f3 tart\u00f3val.<br \/>\nInstallation using SmartBracket &amp; <span style=\"font-size: 16px;\">Installation using angle mount.<\/span><\/p>\n<ul>\n<li>QR-k\u00f3d az egyszer\u0171 csatlakoz\u00e1shoz.<\/li>\n<li>SmartBracket r\u00f6gz\u00edt\u0151 a gyors telep\u00edt\u00e9shez.<\/li>\n<li>Mobilalkalmaz\u00e1s a konfigur\u00e1l\u00e1shoz \u00e9s tesztel\u00e9shez.<\/li>\n<\/ul>\n<p><img decoding=\"async\" loading=\"lazy\" class=\"aligncenter size-full wp-image-4393\" src=\"https:\/\/safeintel.hu\/wp-content\/uploads\/2023\/01\/mp_curtain_7.jpg\" alt=\"\" width=\"993\" height=\"348\" srcset=\"https:\/\/safeintel.hu\/wp-content\/uploads\/2023\/01\/mp_curtain_7.jpg 993w, https:\/\/safeintel.hu\/wp-content\/uploads\/2023\/01\/mp_curtain_7-420x147.jpg 420w, https:\/\/safeintel.hu\/wp-content\/uploads\/2023\/01\/mp_curtain_7-768x269.jpg 768w, https:\/\/safeintel.hu\/wp-content\/uploads\/2023\/01\/mp_curtain_7-18x6.jpg 18w, https:\/\/safeintel.hu\/wp-content\/uploads\/2023\/01\/mp_curtain_7-700x245.jpg 700w\" sizes=\"(max-width: 993px) 100vw, 993px\" \/><\/p>","protected":false},"excerpt":{"rendered":"<p>Keskeny nyal\u00e1bot \u00e9rz\u00e9kel\u0151 belt\u00e9ri mozg\u00e1s\u00e9rz\u00e9kel\u0151. Ablakok, ajt\u00f3k \u00e9s \u00e9rt\u00e9kt\u00e1rgyak v\u00e9delm\u00e9re szolg\u00e1l<\/p>","protected":false},"featured_media":2687,"comment_status":"open","ping_status":"closed","template":"","meta":{"site-sidebar-layout":"default","site-content-layout":"default","ast-global-header-display":"","ast-main-header-display":"","ast-hfb-above-header-display":"","ast-hfb-below-header-display":"","ast-hfb-mobile-header-display":"","site-post-title":"","ast-breadcrumbs-content":"","ast-featured-img":"","footer-sml-layout":"","theme-transparent-header-meta":"default","adv-header-id-meta":"","stick-header-meta":"default","header-above-stick-meta":"","header-main-stick-meta":"","header-below-stick-meta":"","_themeisle_gutenberg_block_has_review":false},"product_cat":[95],"product_tag":[125,117],"_links":{"self":[{"href":"https:\/\/safeintel.hu\/hu\/wp-json\/wp\/v2\/product\/2478"}],"collection":[{"href":"https:\/\/safeintel.hu\/hu\/wp-json\/wp\/v2\/product"}],"about":[{"href":"https:\/\/safeintel.hu\/hu\/wp-json\/wp\/v2\/types\/product"}],"replies":[{"embeddable":true,"href":"https:\/\/safeintel.hu\/hu\/wp-json\/wp\/v2\/comments?post=2478"}],"wp:featuredmedia":[{"embeddable":true,"href":"https:\/\/safeintel.hu\/hu\/wp-json\/wp\/v2\/media\/2687"}],"wp:attachment":[{"href":"https:\/\/safeintel.hu\/hu\/wp-json\/wp\/v2\/media?parent=2478"}],"wp:term":[{"taxonomy":"product_cat","embeddable":true,"href":"https:\/\/safeintel.hu\/hu\/wp-json\/wp\/v2\/product_cat?post=2478"},{"taxonomy":"product_tag","embeddable":true,"href":"https:\/\/safeintel.hu\/hu\/wp-json\/wp\/v2\/product_tag?post=2478"}],"curies":[{"name":"wp","href":"https:\/\/api.w.org\/{rel}","templated":true}]}}