{"id":2479,"date":"2023-01-15T00:30:28","date_gmt":"2023-01-14T21:30:28","guid":{"rendered":"https:\/\/safeintel.hu\/?post_type=product&#038;p=2479"},"modified":"2025-04-07T13:01:13","modified_gmt":"2025-04-07T11:01:13","slug":"ajax-motioncam","status":"publish","type":"product","link":"https:\/\/safeintel.hu\/hu\/products\/ajax-motioncam\/","title":{"rendered":"AJAX MotionCam"},"content":{"rendered":"<ul>\n<li style=\"list-style-type: none;\">\n<ul>\n<li>F\u00e9nyk\u00e9pes ellen\u0151rz\u00e9s 9 m\u00e1sodperc alatt a mag\u00e1n\u00e9let s\u00e9relme n\u00e9lk\u00fcl<\/li>\n<li>Infrav\u00f6r\u00f6s h\u00e1tt\u00e9rvil\u00e1g\u00edt\u00e1s a f\u00e9nyk\u00e9pekhez s\u00f6t\u00e9tben.<\/li>\n<li>H\u00e1zi\u00e1llatok figyelmen k\u00edv\u00fcl hagy\u00e1sa: ak\u00e1r 20 kg \/ ak\u00e1r 50 cm.<\/li>\n<li>Ak\u00e1r 4 \u00e9v \u00fczemid\u0151 az el\u0151re telep\u00edtett elemekb\u0151l.<\/li>\n<\/ul>\n<\/li>\n<\/ul>\n<h2>T\u00f6bb, mint egy fot\u00f3. Gyorsabb, mint egy vide\u00f3.<\/h2>\n<p>A MotionCam Jeweller a t\u00e9nyleges helyzetet mutatja a helysz\u00ednen, m\u00e9g miel\u0151tt a bet\u00f6r\u0151k r\u00e1j\u00f6nn\u00e9nek, hogy leleplezt\u00e9k \u0151ket. Egy anim\u00e1lt fot\u00f3sorozat k\u00f6veti az azonnali riaszt\u00e1st a pontos helyzet\u00e9rt\u00e9kel\u00e9s \u00e9rdek\u00e9ben. A MotionCam Jeweller csak riaszt\u00e1s eset\u00e9n k\u00e9sz\u00edthet f\u00e9nyk\u00e9peket. Az \u00e9rz\u00e9kel\u0151 szoftverarchitekt\u00far\u00e1ja nem t\u00e1mogatja a f\u00e9nyk\u00e9pk\u00e9sz\u00edt\u00e9st ig\u00e9ny szerint.<\/p>\n<ol>\n<li>Mozg\u00e1s \u00e9szlelve<\/li>\n<li>Riaszt\u00e1s aktiv\u00e1lva<\/li>\n<li>Bizony\u00edt\u00e9kok r\u00f6gz\u00edtve<\/li>\n<\/ol>\n<p><video tabindex=\"0\" autoplay=\"autoplay\" loop=\"loop\" muted=\"\" width=\"100%\" height=\"650\"><source src=\"https:\/\/ajax.systems\/cdn\/products\/motioncam\/photo-verification\/photo\/motioncam-photoverification.md.mp4\" type=\"video\/mp4\" \/><\/video><\/p>\n<p>&nbsp;<\/p>\n<h2>Intelligencia a hamis riaszt\u00e1sok ellen<\/h2>\n<p>Speci\u00e1lis optik\u00e1t \u00e9s szoftveres sz\u0171r\u0151t kombin\u00e1ltunk a mozg\u00e1s\u00e9rz\u00e9kel\u0151k hamis riaszt\u00e1sainak elker\u00fcl\u00e9s\u00e9re. Profi telep\u00edt\u00e9ssel egy\u00fctt ez magas \u00e9rz\u00e9kel\u00e9si pontoss\u00e1got biztos\u00edt.<\/p>\n<p><video tabindex=\"0\" autoplay=\"autoplay\" loop=\"loop\" muted=\"\" width=\"100%\" height=\"650\"><source src=\"https:\/\/ajax.systems\/cdn\/products\/motioncam\/detection\/intellect\/intelligence-against.md.mp4\" type=\"video\/mp4\" \/><\/video><br \/>\n&nbsp;<\/p>\n<h2>Speci\u00e1lis lense<\/h2>\n<p>A Fresnel-lencse szakaszainak mint\u00e1zata \u00fagy van kialak\u00edtva, hogy az ember, az \u00e1llat \u00e9s a h\u0151zaj infrav\u00f6r\u00f6s sug\u00e1rz\u00e1si diagramjai jelent\u0151s elt\u00e9r\u00e9seket mutatnak. A lencse nagyobb szakaszai a fej \u00e9s a t\u00f6rzs szintj\u00e9n \u00e9rz\u00e9kelik a sug\u00e1rz\u00e1st. A kisebb szakaszok r\u00e9szletesebb\u00e9 teszik a diagramot. A MotionCam Jeweller lencse pontos inform\u00e1ci\u00f3t ny\u00fajt az \u00e9rz\u00e9kel\u0151nek a h\u0151m\u00e9rs\u00e9kleti objektumr\u00f3l az \u00e9rz\u00e9kel\u00e9si z\u00f3n\u00e1ban \u00e9s a mozg\u00e1s jelleg\u00e9r\u0151l.<\/p>\n<p><video tabindex=\"0\" autoplay=\"autoplay\" loop=\"loop\" muted=\"\" width=\"100%\" height=\"650\"><source src=\"https:\/\/ajax.systems\/cdn\/products\/motioncam\/detection\/special-lens\/special-lens.md.mp4\" type=\"video\/mp4\" \/><\/video><\/p>\n<p>&nbsp;<\/p>\n<h2>Professzion\u00e1lis telep\u00edt\u00e9s<\/h2>\n<p>A MotionCam Jeweller megfelel\u0151 helyre, optim\u00e1lis magass\u00e1gba \u00e9s a behatol\u00e1s val\u00f3sz\u00edn\u0171 \u00fatj\u00e1ra mer\u0151legesen t\u00f6rt\u00e9n\u0151 telep\u00edt\u00e9se informat\u00edv h\u0151diagramot biztos\u00edt. Ez jelent\u0151sen n\u00f6veli az \u00e9rz\u00e9kel\u00e9s pontoss\u00e1g\u00e1t. A professzion\u00e1lis telep\u00edt\u00e9s hat\u00e9konyabb\u00e1 teszi az \u00e1llatok figyelmen k\u00edv\u00fcl hagy\u00e1s\u00e1nak funkci\u00f3j\u00e1t is.<\/p>\n<p><video tabindex=\"0\" autoplay=\"autoplay\" loop=\"loop\" muted=\"\" width=\"100%\" height=\"650\"><source src=\"https:\/\/ajax.systems\/cdn\/products\/motioncam\/detection\/prof-installation\/prof-installation.md.mp4\" type=\"video\/mp4\" \/><\/video><\/p>\n<p>&nbsp;<\/p>\n<h2>Intuit\u00edv telep\u00edt\u00e9s \u00e9s csatlakoz\u00e1s<\/h2>\n<p>Adja hozz\u00e1 a MotionCam \u00e9rz\u00e9kel\u0151t az Ajax biztons\u00e1gi rendszerhez n\u00e9h\u00e1ny kattint\u00e1ssal. Nyissa meg az Ajax alkalmaz\u00e1st, olvassa be a QR-k\u00f3dot, \u00e9s rendelje hozz\u00e1 az \u00e9rz\u00e9kel\u0151t a szob\u00e1hoz. Nincs sz\u00fcks\u00e9g az \u00e9rz\u00e9kel\u0151 h\u00e1z\u00e1nak sz\u00e9tszerel\u00e9s\u00e9re. A SmartBracket szerel\u0151panel lehet\u0151v\u00e9 teszi az \u00e9rz\u00e9kel\u0151 biztons\u00e1gos r\u00f6gz\u00edt\u00e9s\u00e9t s\u00edk fel\u00fcletre vagy sarokba.<\/p>\n<p><img decoding=\"async\" loading=\"lazy\" class=\"aligncenter size-full wp-image-4282\" src=\"https:\/\/safeintel.hu\/wp-content\/uploads\/2023\/01\/motion_cam_9.jpg\" alt=\"\" width=\"992\" height=\"463\" srcset=\"https:\/\/safeintel.hu\/wp-content\/uploads\/2023\/01\/motion_cam_9.jpg 992w, https:\/\/safeintel.hu\/wp-content\/uploads\/2023\/01\/motion_cam_9-420x196.jpg 420w, https:\/\/safeintel.hu\/wp-content\/uploads\/2023\/01\/motion_cam_9-768x358.jpg 768w, https:\/\/safeintel.hu\/wp-content\/uploads\/2023\/01\/motion_cam_9-18x8.jpg 18w, https:\/\/safeintel.hu\/wp-content\/uploads\/2023\/01\/motion_cam_9-700x327.jpg 700w\" sizes=\"(max-width: 992px) 100vw, 992px\" \/><\/p>\n<p>MotionCam (PhOD)  \u00e9rz\u00e9kel\u0151khez Hub 2, Hub 2 Plus vagy Hub Hybrid vez\u00e9rl\u0151panel sz\u00fcks\u00e9ges.**\"<\/p>","protected":false},"excerpt":{"rendered":"<p>Vezet\u00e9k n\u00e9lk\u00fcli infrav\u00f6r\u00f6s mozg\u00e1s\u00e9rz\u00e9kel\u0151, riaszt\u00e1skori f\u00e9nyk\u00e9pk\u00e9sz\u00edt\u00e9si funkci\u00f3val.<\/p>","protected":false},"featured_media":2633,"comment_status":"open","ping_status":"closed","template":"","meta":{"site-sidebar-layout":"default","site-content-layout":"default","ast-global-header-display":"","ast-main-header-display":"","ast-hfb-above-header-display":"","ast-hfb-below-header-display":"","ast-hfb-mobile-header-display":"","site-post-title":"","ast-breadcrumbs-content":"","ast-featured-img":"","footer-sml-layout":"","theme-transparent-header-meta":"default","adv-header-id-meta":"","stick-header-meta":"default","header-above-stick-meta":"","header-main-stick-meta":"","header-below-stick-meta":"","_themeisle_gutenberg_block_has_review":false},"product_cat":[95],"product_tag":[117],"_links":{"self":[{"href":"https:\/\/safeintel.hu\/hu\/wp-json\/wp\/v2\/product\/2479"}],"collection":[{"href":"https:\/\/safeintel.hu\/hu\/wp-json\/wp\/v2\/product"}],"about":[{"href":"https:\/\/safeintel.hu\/hu\/wp-json\/wp\/v2\/types\/product"}],"replies":[{"embeddable":true,"href":"https:\/\/safeintel.hu\/hu\/wp-json\/wp\/v2\/comments?post=2479"}],"wp:featuredmedia":[{"embeddable":true,"href":"https:\/\/safeintel.hu\/hu\/wp-json\/wp\/v2\/media\/2633"}],"wp:attachment":[{"href":"https:\/\/safeintel.hu\/hu\/wp-json\/wp\/v2\/media?parent=2479"}],"wp:term":[{"taxonomy":"product_cat","embeddable":true,"href":"https:\/\/safeintel.hu\/hu\/wp-json\/wp\/v2\/product_cat?post=2479"},{"taxonomy":"product_tag","embeddable":true,"href":"https:\/\/safeintel.hu\/hu\/wp-json\/wp\/v2\/product_tag?post=2479"}],"curies":[{"name":"wp","href":"https:\/\/api.w.org\/{rel}","templated":true}]}}