{"id":2481,"date":"2023-01-15T00:30:28","date_gmt":"2023-01-14T21:30:28","guid":{"rendered":"https:\/\/safeintel.hu\/?post_type=product&#038;p=2481"},"modified":"2025-04-07T13:01:13","modified_gmt":"2025-04-07T11:01:13","slug":"ajax-combiprotect","status":"publish","type":"product","link":"https:\/\/safeintel.hu\/hu\/products\/ajax-combiprotect\/","title":{"rendered":"AJAX CombiProtect"},"content":{"rendered":"<h2>Wireless combined motion and glass break detector<\/h2>\n<ul>\n<li>Ak\u00e1r 5 \u00e9vig m\u0171k\u00f6dik akkumul\u00e1torcsere n\u00e9lk\u00fcl<\/li>\n<li>Ignor\u00e1lja a 20 kg s\u00faly\u00fa \u00e9s 50 cm magas macsk\u00e1kat \u00e9s kuty\u00e1kat<\/li>\n<li>Ak\u00e1r 12 m\u00e9teres t\u00e1vols\u00e1gig \u00e9rz\u00e9keli a mozg\u00e1st \u00e9s 9 m\u00e9terre az ablakt\u00f3l az \u00fcvegt\u00f6r\u00e9st<\/li>\n<\/ul>\n<p><img decoding=\"async\" loading=\"lazy\" class=\"aligncenter size-full wp-image-4266\" src=\"https:\/\/safeintel.hu\/wp-content\/uploads\/2023\/01\/combi_6.jpg\" alt=\"\" width=\"992\" height=\"463\" srcset=\"https:\/\/safeintel.hu\/wp-content\/uploads\/2023\/01\/combi_6.jpg 992w, https:\/\/safeintel.hu\/wp-content\/uploads\/2023\/01\/combi_6-420x196.jpg 420w, https:\/\/safeintel.hu\/wp-content\/uploads\/2023\/01\/combi_6-768x358.jpg 768w, https:\/\/safeintel.hu\/wp-content\/uploads\/2023\/01\/combi_6-18x8.jpg 18w, https:\/\/safeintel.hu\/wp-content\/uploads\/2023\/01\/combi_6-700x327.jpg 700w\" sizes=\"(max-width: 992px) 100vw, 992px\" \/><\/p>\n<h2>M\u0171k\u00f6d\u00e9s elve<\/h2>\n<p>M\u0171k\u00f6d\u00e9si elv\nAz eszk\u00f6z k\u00e9t \u00e9rz\u00e9kel\u0151 funkci\u00f3j\u00e1t \u00f6tv\u00f6zi \u2014 mozg\u00e1s\u00e9rz\u00e9kel\u0151\u00e9t \u00e9s \u00fcvegt\u00f6r\u00e9s-\u00e9rz\u00e9kel\u0151\u00e9t. \u00c9rz\u00e9keli a mozg\u00e1st a helyis\u00e9gben ak\u00e1r 12 m\u00e9ter t\u00e1vols\u00e1gig, \u00e9s regisztr\u00e1lja az \u00fcvegt\u00f6r\u00e9st ak\u00e1r 9 m\u00e9terre az ablakt\u00f3l.<\/p>\n<p>&nbsp;<\/p>\n<h2>Jellemz\u0151k<\/h2>\n<p>Az eszk\u00f6z k\u00e9t \u00e9rz\u00e9kel\u0151 funkci\u00f3j\u00e1t \u00f6tv\u00f6zi \u2014 mozg\u00e1s\u00e9rz\u00e9kel\u0151\u00e9t \u00e9s \u00fcvegt\u00f6r\u00e9s-\u00e9rz\u00e9kel\u0151\u00e9t. \u00c9rz\u00e9keli a mozg\u00e1st a helyis\u00e9gben ak\u00e1r 12 m\u00e9ter t\u00e1vols\u00e1gig, \u00e9s regisztr\u00e1lja az \u00fcvegt\u00f6r\u00e9st ak\u00e1r 9 m\u00e9terre az ablakt\u00f3l.<\/p>\n<p>&nbsp;<\/p>\n<h2>Belt\u00e9ri \u00e9rz\u00e9kel\u0151k<\/h2>\n<p>Megfelel\u0151en telep\u00edtett \u00e9s be\u00e1ll\u00edtott MotionProtect, MotionProtect Plus, CombiProtect, MotionCam (PhOD) \u00e9s MotionCam belt\u00e9ri mozg\u00e1s\u00e9rz\u00e9kel\u0151k figyelmen k\u00edv\u00fcl hagyj\u00e1k az 50 cm magass\u00e1gig \u00e9s 20 kg s\u00falyig el\u00e9r\u0151 \u00e1llatokat.<img decoding=\"async\" loading=\"lazy\" class=\"aligncenter size-full wp-image-4268\" src=\"https:\/\/safeintel.hu\/wp-content\/uploads\/2023\/01\/combi_8.jpg\" alt=\"\" width=\"992\" height=\"463\" srcset=\"https:\/\/safeintel.hu\/wp-content\/uploads\/2023\/01\/combi_8.jpg 992w, https:\/\/safeintel.hu\/wp-content\/uploads\/2023\/01\/combi_8-420x196.jpg 420w, https:\/\/safeintel.hu\/wp-content\/uploads\/2023\/01\/combi_8-768x358.jpg 768w, https:\/\/safeintel.hu\/wp-content\/uploads\/2023\/01\/combi_8-18x8.jpg 18w, https:\/\/safeintel.hu\/wp-content\/uploads\/2023\/01\/combi_8-700x327.jpg 700w\" sizes=\"(max-width: 992px) 100vw, 992px\" \/><\/p>\n<p>&nbsp;<\/p>\n<h2>Telep\u00edt\u00e9s \u00e9s be\u00e1ll\u00edt\u00e1s<\/h2>\n<p>Azonnal haszn\u00e1latra k\u00e9sz a dobozb\u00f3l kiv\u00e9ve: az akkumul\u00e1tor m\u00e1r telep\u00edtve van, \u00edgy nincs sz\u00fcks\u00e9g az \u00e9rz\u00e9kel\u0151 sz\u00e9tszerel\u00e9s\u00e9re. Egyetlen kattint\u00e1ssal csatlakoztathat\u00f3 a k\u00f6zponthoz a mobilalkalmaz\u00e1sban. A SmartBracket-ra t\u00f6rt\u00e9n\u0151 felszerel\u00e9se mind\u00f6ssze n\u00e9h\u00e1ny percet vesz ig\u00e9nybe.<\/p>\n<p><img decoding=\"async\" loading=\"lazy\" class=\"aligncenter size-full wp-image-4269\" src=\"https:\/\/safeintel.hu\/wp-content\/uploads\/2023\/01\/combi_9.jpg\" alt=\"\" width=\"992\" height=\"463\" srcset=\"https:\/\/safeintel.hu\/wp-content\/uploads\/2023\/01\/combi_9.jpg 992w, https:\/\/safeintel.hu\/wp-content\/uploads\/2023\/01\/combi_9-420x196.jpg 420w, https:\/\/safeintel.hu\/wp-content\/uploads\/2023\/01\/combi_9-768x358.jpg 768w, https:\/\/safeintel.hu\/wp-content\/uploads\/2023\/01\/combi_9-18x8.jpg 18w, https:\/\/safeintel.hu\/wp-content\/uploads\/2023\/01\/combi_9-700x327.jpg 700w\" sizes=\"(max-width: 992px) 100vw, 992px\" \/><\/p>","protected":false},"excerpt":{"rendered":"<p>\"Vezet\u00e9k n\u00e9lk\u00fcli kombin\u00e1lt mozg\u00e1s- \u00e9s \u00fcvegt\u00f6r\u00e9s \u00e9rz\u00e9kel\u0151\nAz eszk\u00f6z seg\u00edt megv\u00e9deni a helyis\u00e9get a bet\u00f6r\u0151kt\u0151l az ajt\u00f3kon \u00e9s ablakokon kereszt\u00fcl, valamint figyeli az \u00fcveg aktu\u00e1lis \u00e1llapot\u00e1t.\"<\/p>","protected":false},"featured_media":2600,"comment_status":"open","ping_status":"closed","template":"","meta":{"site-sidebar-layout":"default","site-content-layout":"default","ast-global-header-display":"","ast-main-header-display":"","ast-hfb-above-header-display":"","ast-hfb-below-header-display":"","ast-hfb-mobile-header-display":"","site-post-title":"","ast-breadcrumbs-content":"","ast-featured-img":"","footer-sml-layout":"","theme-transparent-header-meta":"default","adv-header-id-meta":"","stick-header-meta":"default","header-above-stick-meta":"","header-main-stick-meta":"","header-below-stick-meta":"","_themeisle_gutenberg_block_has_review":false},"product_cat":[95],"product_tag":[118],"_links":{"self":[{"href":"https:\/\/safeintel.hu\/hu\/wp-json\/wp\/v2\/product\/2481"}],"collection":[{"href":"https:\/\/safeintel.hu\/hu\/wp-json\/wp\/v2\/product"}],"about":[{"href":"https:\/\/safeintel.hu\/hu\/wp-json\/wp\/v2\/types\/product"}],"replies":[{"embeddable":true,"href":"https:\/\/safeintel.hu\/hu\/wp-json\/wp\/v2\/comments?post=2481"}],"wp:featuredmedia":[{"embeddable":true,"href":"https:\/\/safeintel.hu\/hu\/wp-json\/wp\/v2\/media\/2600"}],"wp:attachment":[{"href":"https:\/\/safeintel.hu\/hu\/wp-json\/wp\/v2\/media?parent=2481"}],"wp:term":[{"taxonomy":"product_cat","embeddable":true,"href":"https:\/\/safeintel.hu\/hu\/wp-json\/wp\/v2\/product_cat?post=2481"},{"taxonomy":"product_tag","embeddable":true,"href":"https:\/\/safeintel.hu\/hu\/wp-json\/wp\/v2\/product_tag?post=2481"}],"curies":[{"name":"wp","href":"https:\/\/api.w.org\/{rel}","templated":true}]}}