{"id":2482,"date":"2023-01-15T00:30:28","date_gmt":"2023-01-14T21:30:28","guid":{"rendered":"https:\/\/safeintel.hu\/?post_type=product&#038;p=2482"},"modified":"2025-04-07T13:01:13","modified_gmt":"2025-04-07T11:01:13","slug":"ajax-motionprotect-plus","status":"publish","type":"product","link":"https:\/\/safeintel.hu\/hu\/products\/ajax-motionprotect-plus\/","title":{"rendered":"AJAX MotionProtect Plus"},"content":{"rendered":"<h2>M\u0171k\u00f6d\u00e9s elve<\/h2>\n<p>Az emberi jelenl\u00e9tet a h\u00e1tt\u00e9r h\u0151sug\u00e1rz\u00e1s\u00e1val val\u00f3 h\u0151m\u00e9rs\u00e9klet-k\u00fcl\u00f6nbs\u00e9g alapj\u00e1n \u00e9rz\u00e9keli. A mikrohull\u00e1m\u00fa \u00e9rz\u00e9kel\u0151 megakad\u00e1lyozza a bonyolult zavarok okozta t\u00e9ves riaszt\u00e1sokat.<\/p>\n<p><img decoding=\"async\" loading=\"lazy\" class=\"aligncenter size-full wp-image-4261\" src=\"https:\/\/safeintel.hu\/wp-content\/uploads\/2023\/01\/motion_2.jpg\" alt=\"\" width=\"992\" height=\"463\" srcset=\"https:\/\/safeintel.hu\/wp-content\/uploads\/2023\/01\/motion_2.jpg 992w, https:\/\/safeintel.hu\/wp-content\/uploads\/2023\/01\/motion_2-420x196.jpg 420w, https:\/\/safeintel.hu\/wp-content\/uploads\/2023\/01\/motion_2-768x358.jpg 768w, https:\/\/safeintel.hu\/wp-content\/uploads\/2023\/01\/motion_2-18x8.jpg 18w, https:\/\/safeintel.hu\/wp-content\/uploads\/2023\/01\/motion_2-700x327.jpg 700w\" sizes=\"(max-width: 992px) 100vw, 992px\" \/><\/p>\n<h2>Jellemz\u0151k<\/h2>\n<p>Kandall\u00f3kkal \u00e9s l\u00e9gkondicion\u00e1l\u00f3kkal felszerelt helyis\u00e9gekben t\u00f6rt\u00e9n\u0151 haszn\u00e1latra tervezt\u00e9k. \u00c9rz\u00e9keli \u00e9s figyelmen k\u00edv\u00fcl hagyja a huzatokat, a f\u00fcgg\u00f6ny\u00f6k \u00e9s red\u0151ny\u00f6k mozg\u00e1s\u00e1t, valamint a villog\u00f3 f\u00e9nyeket, t\u00fckr\u00f6z\u0151d\u00e9seket \u00e9s visszaver\u0151d\u00e9seket.<\/p>\n<ul>\n<li>A kieg\u00e9sz\u00edt\u0151 mikrohull\u00e1m\u00fa \u00e9rz\u00e9kel\u0151 kisz\u0171ri a l\u00e9gkondicion\u00e1l\u00f3 \u00e9s a f\u00fcgg\u00f6ny mozg\u00e1s\u00e1b\u00f3l ered\u0151 zavarokat.<\/li>\n<li>Az eszk\u00f6z ak\u00e1r 5 \u00e9vig m\u0171k\u00f6dik elemcsere n\u00e9lk\u00fcl.<\/li>\n<li>Figyelmen k\u00edv\u00fcl hagyja az 50 cm-n\u00e9l alacsonyabb \u00e9s legfeljebb 20 kg s\u00faly\u00fa h\u00e1zi\u00e1llatokat.<\/li>\n<\/ul>\n<p><img decoding=\"async\" loading=\"lazy\" class=\"aligncenter size-full wp-image-4260\" src=\"https:\/\/safeintel.hu\/wp-content\/uploads\/2023\/01\/motion_1.jpg\" alt=\"\" width=\"992\" height=\"463\" srcset=\"https:\/\/safeintel.hu\/wp-content\/uploads\/2023\/01\/motion_1.jpg 992w, https:\/\/safeintel.hu\/wp-content\/uploads\/2023\/01\/motion_1-420x196.jpg 420w, https:\/\/safeintel.hu\/wp-content\/uploads\/2023\/01\/motion_1-768x358.jpg 768w, https:\/\/safeintel.hu\/wp-content\/uploads\/2023\/01\/motion_1-18x8.jpg 18w, https:\/\/safeintel.hu\/wp-content\/uploads\/2023\/01\/motion_1-700x327.jpg 700w\" sizes=\"(max-width: 992px) 100vw, 992px\" \/><\/p>\n<p>&nbsp;<\/p>\n<h2>Telep\u00edt\u00e9s \u00e9s be\u00e1ll\u00edt\u00e1s<\/h2>\n<p>Azonnal haszn\u00e1latra k\u00e9sz a dobozb\u00f3l val\u00f3 kiv\u00e9tel ut\u00e1n. Az elem m\u00e1r be van \u00e9p\u00edtve, \u00edgy nincs sz\u00fcks\u00e9g a detektor sz\u00e9tszerel\u00e9s\u00e9re. N\u00e9h\u00e1ny perc alatt felszerelhet\u0151 a SmartBracket r\u00f6gz\u00edt\u0151 seg\u00edts\u00e9g\u00e9vel.<\/p>\n<p><img decoding=\"async\" loading=\"lazy\" class=\"aligncenter size-full wp-image-4229\" src=\"https:\/\/safeintel.hu\/wp-content\/uploads\/2023\/01\/MP-1x.jpg\" alt=\"\" width=\"992\" height=\"463\" srcset=\"https:\/\/safeintel.hu\/wp-content\/uploads\/2023\/01\/MP-1x.jpg 992w, https:\/\/safeintel.hu\/wp-content\/uploads\/2023\/01\/MP-1x-420x196.jpg 420w, https:\/\/safeintel.hu\/wp-content\/uploads\/2023\/01\/MP-1x-768x358.jpg 768w, https:\/\/safeintel.hu\/wp-content\/uploads\/2023\/01\/MP-1x-18x8.jpg 18w, https:\/\/safeintel.hu\/wp-content\/uploads\/2023\/01\/MP-1x-700x327.jpg 700w\" sizes=\"(max-width: 992px) 100vw, 992px\" \/><\/p>","protected":false},"excerpt":{"rendered":"<p>Vezet\u00e9k n\u00e9lk\u00fcli mozg\u00e1s\u00e9rz\u00e9kel\u0151 mikrohull\u00e1m\u00fa \u00e9rz\u00e9kel\u0151vel, amely \u00e9rtes\u00edti a tulajdonost az otthonba vagy irod\u00e1ba t\u00f6rt\u00e9n\u0151 els\u0151 behatol\u00e1s jeleir\u0151l. Olyan helyis\u00e9gekhez tervezt\u00e9k, ahol l\u00e9gkondicion\u00e1l\u00f3k, kandall\u00f3k vannak, illetve ahol fenn\u00e1ll a villog\u00f3 f\u00e9nyek, t\u00fckr\u00f6z\u0151d\u00e9sek \u00e9s visszaver\u0151d\u00e9sek val\u00f3sz\u00edn\u0171s\u00e9ge.<\/p>","protected":false},"featured_media":2396,"comment_status":"open","ping_status":"closed","template":"","meta":{"site-sidebar-layout":"default","site-content-layout":"default","ast-global-header-display":"","ast-main-header-display":"","ast-hfb-above-header-display":"","ast-hfb-below-header-display":"","ast-hfb-mobile-header-display":"","site-post-title":"","ast-breadcrumbs-content":"","ast-featured-img":"","footer-sml-layout":"","theme-transparent-header-meta":"default","adv-header-id-meta":"","stick-header-meta":"default","header-above-stick-meta":"","header-main-stick-meta":"","header-below-stick-meta":"","_themeisle_gutenberg_block_has_review":false},"product_cat":[95],"product_tag":[125],"_links":{"self":[{"href":"https:\/\/safeintel.hu\/hu\/wp-json\/wp\/v2\/product\/2482"}],"collection":[{"href":"https:\/\/safeintel.hu\/hu\/wp-json\/wp\/v2\/product"}],"about":[{"href":"https:\/\/safeintel.hu\/hu\/wp-json\/wp\/v2\/types\/product"}],"replies":[{"embeddable":true,"href":"https:\/\/safeintel.hu\/hu\/wp-json\/wp\/v2\/comments?post=2482"}],"wp:featuredmedia":[{"embeddable":true,"href":"https:\/\/safeintel.hu\/hu\/wp-json\/wp\/v2\/media\/2396"}],"wp:attachment":[{"href":"https:\/\/safeintel.hu\/hu\/wp-json\/wp\/v2\/media?parent=2482"}],"wp:term":[{"taxonomy":"product_cat","embeddable":true,"href":"https:\/\/safeintel.hu\/hu\/wp-json\/wp\/v2\/product_cat?post=2482"},{"taxonomy":"product_tag","embeddable":true,"href":"https:\/\/safeintel.hu\/hu\/wp-json\/wp\/v2\/product_tag?post=2482"}],"curies":[{"name":"wp","href":"https:\/\/api.w.org\/{rel}","templated":true}]}}