{"id":2483,"date":"2023-01-15T00:30:28","date_gmt":"2023-01-14T21:30:28","guid":{"rendered":"https:\/\/safeintel.hu\/?post_type=product&#038;p=2483"},"modified":"2025-04-07T13:01:13","modified_gmt":"2025-04-07T11:01:13","slug":"ajax-glassprotect","status":"publish","type":"product","link":"https:\/\/safeintel.hu\/hu\/products\/ajax-glassprotect\/","title":{"rendered":"AJAX GlassProtect"},"content":{"rendered":"<ul>\n<li>Ak\u00e1r 7 \u00e9vig \u00fczemelhet elemcsere n\u00e9lk\u00fcl<\/li>\n<li>Mell\u0151zi a mennyd\u00f6rg\u00e9st, a kutyaugat\u00e1st \u00e9s az ablakon k\u00edv\u00fcli zajokat<\/li>\n<li>Ak\u00e1r 9 m\u00e9teres t\u00e1vols\u00e1gb\u00f3l \u00e9rz\u00e9keli az \u00fcvegt\u00f6r\u00e9st<\/li>\n<\/ul>\n<h2>M\u0171k\u00f6d\u00e9s elve<\/h2>\n<p>Az \u00fcvegt\u00f6r\u00e9st egy elektret mikrofon seg\u00edts\u00e9g\u00e9vel \u00e9rz\u00e9keli, amely r\u00f6gz\u00edti az \u00fcvegbe t\u00f6rt\u00e9n\u0151 \u00fct\u00e9s \u00e9s az \u00fcveg zuhan\u00e1s\u00e1nak hangj\u00e1t.<\/p>\n<h2>Jellemz\u0151k<\/h2>\n<p>A k\u00e9tfaktoros \u00fcvegt\u00f6r\u00e9s-\u00e9szlel\u00e9s megakad\u00e1lyozza a t\u00e9ves riaszt\u00e1sokat, amelyeket mennyd\u00f6rg\u00e9s, kutyaugat\u00e1s vagy teheraut\u00f3k zajai okozhatnak.<\/p>\n<p><img decoding=\"async\" loading=\"lazy\" class=\"aligncenter size-full wp-image-4683\" src=\"https:\/\/safeintel.hu\/wp-content\/uploads\/2023\/01\/glass_7.jpg\" alt=\"\" width=\"993\" height=\"544\" srcset=\"https:\/\/safeintel.hu\/wp-content\/uploads\/2023\/01\/glass_7.jpg 993w, https:\/\/safeintel.hu\/wp-content\/uploads\/2023\/01\/glass_7-420x230.jpg 420w, https:\/\/safeintel.hu\/wp-content\/uploads\/2023\/01\/glass_7-768x421.jpg 768w, https:\/\/safeintel.hu\/wp-content\/uploads\/2023\/01\/glass_7-18x10.jpg 18w, https:\/\/safeintel.hu\/wp-content\/uploads\/2023\/01\/glass_7-700x383.jpg 700w\" sizes=\"(max-width: 993px) 100vw, 993px\" \/><\/p>\n<p>&nbsp;<\/p>\n<h2>Vezet\u00e9k n\u00e9lk\u00fcli \u00fcvegt\u00f6r\u00e9s-\u00e9rz\u00e9kel\u0151 az Ajax GlassProtect riaszt\u00f3rendszerhez<\/h2>\n<p>A biztons\u00e1gi rendszer kifejezetten t\u00fczek, v\u00edzszerel\u00e9kek \u00e9s bet\u00f6r\u00e9sek elleni v\u00e9delemre k\u00e9sz\u00fclt. A megfelel\u0151 \u00e9rz\u00e9kel\u0151k minden t\u00edpus\u00fa fenyeget\u00e9s eset\u00e9n seg\u00edtenek megel\u0151zni az anyagi k\u00e1rokat \u00e9s biztos\u00edtj\u00e1k a helyis\u00e9gek v\u00e9delm\u00e9t. Az \u00fcvegt\u00f6r\u00e9s-\u00e9rz\u00e9kel\u0151 egy ilyen eszk\u00f6z. Az \u00fcvegt\u00f6r\u00e9s-\u00e9rz\u00e9kel\u0151ket belt\u00e9ren haszn\u00e1lj\u00e1k, \u00e9s bet\u00f6r\u00e9s eset\u00e9n jeleznek, miut\u00e1n r\u00f6gz\u00edtett\u00e9k a megfelel\u0151 hangot. Az \u00fcvegt\u00f6r\u00e9s-\u00e9rz\u00e9kel\u0151ket mag\u00e1nlak\u00e1sokban, \u00fczletekben, irod\u00e1kban stb. telep\u00edtik. Az \u00fcvegt\u00f6r\u00e9s-\u00e9rz\u00e9kel\u0151 telep\u00edt\u00e9se el\u0151tt a felhaszn\u00e1l\u00f3knak \u00e9rdemes megismerkedni\u00fck az eszk\u00f6z\u00f6k t\u00edpusaival \u00e9s jellemz\u0151ivel.<\/p>\n<p><img decoding=\"async\" loading=\"lazy\" class=\"aligncenter size-full wp-image-4684\" src=\"https:\/\/safeintel.hu\/wp-content\/uploads\/2023\/01\/glass_8.jpg\" alt=\"\" width=\"993\" height=\"544\" srcset=\"https:\/\/safeintel.hu\/wp-content\/uploads\/2023\/01\/glass_8.jpg 993w, https:\/\/safeintel.hu\/wp-content\/uploads\/2023\/01\/glass_8-420x230.jpg 420w, https:\/\/safeintel.hu\/wp-content\/uploads\/2023\/01\/glass_8-768x421.jpg 768w, https:\/\/safeintel.hu\/wp-content\/uploads\/2023\/01\/glass_8-18x10.jpg 18w, https:\/\/safeintel.hu\/wp-content\/uploads\/2023\/01\/glass_8-700x383.jpg 700w\" sizes=\"(max-width: 993px) 100vw, 993px\" \/><\/p>\n<p>&nbsp;<\/p>\n<h2>Telep\u00edt\u00e9s \u00e9s be\u00e1ll\u00edt\u00e1s<\/h2>\n<p>Azonnal haszn\u00e1latra k\u00e9sz a dobozb\u00f3l kiv\u00e9ve: az akkumul\u00e1tor m\u00e1r telep\u00edtve van, \u00edgy nincs sz\u00fcks\u00e9g az \u00e9rz\u00e9kel\u0151 sz\u00e9tszerel\u00e9s\u00e9re. Egyetlen kattint\u00e1ssal csatlakoztathat\u00f3 a k\u00f6zponthoz a mobilalkalmaz\u00e1sban. A SmartBracket-ra t\u00f6rt\u00e9n\u0151 felszerel\u00e9se mind\u00f6ssze n\u00e9h\u00e1ny percet vesz ig\u00e9nybe.<\/p>\n<p><img decoding=\"async\" loading=\"lazy\" class=\"aligncenter size-full wp-image-4685\" src=\"https:\/\/safeintel.hu\/wp-content\/uploads\/2023\/01\/glass_9.jpg\" alt=\"\" width=\"993\" height=\"544\" srcset=\"https:\/\/safeintel.hu\/wp-content\/uploads\/2023\/01\/glass_9.jpg 993w, https:\/\/safeintel.hu\/wp-content\/uploads\/2023\/01\/glass_9-420x230.jpg 420w, https:\/\/safeintel.hu\/wp-content\/uploads\/2023\/01\/glass_9-768x421.jpg 768w, https:\/\/safeintel.hu\/wp-content\/uploads\/2023\/01\/glass_9-18x10.jpg 18w, https:\/\/safeintel.hu\/wp-content\/uploads\/2023\/01\/glass_9-700x383.jpg 700w\" sizes=\"(max-width: 993px) 100vw, 993px\" \/><\/p>","protected":false},"excerpt":{"rendered":"<p>Egy miniat\u0171r vezet\u00e9k n\u00e9lk\u00fcli \u00e9rz\u00e9kel\u0151, amely ak\u00e1r 9 m\u00e9teres t\u00e1vols\u00e1gb\u00f3l k\u00e9pes felismerni az \u00fcvegt\u00f6r\u00e9st. Ha a bet\u00f6r\u0151k bet\u00f6rik az ablakot, a rendszer azonnal \u00e9rtes\u00edti a felhaszn\u00e1l\u00f3kat \u00e9s a biztons\u00e1gi c\u00e9get. Ugyanakkor az elhalad\u00f3 aut\u00f3k \u00e9s a kutyaugat\u00e1sok nem okoznak t\u00e9ves riaszt\u00e1sokat.<\/p>","protected":false},"featured_media":2741,"comment_status":"open","ping_status":"closed","template":"","meta":{"site-sidebar-layout":"default","site-content-layout":"default","ast-global-header-display":"","ast-main-header-display":"","ast-hfb-above-header-display":"","ast-hfb-below-header-display":"","ast-hfb-mobile-header-display":"","site-post-title":"","ast-breadcrumbs-content":"","ast-featured-img":"","footer-sml-layout":"","theme-transparent-header-meta":"default","adv-header-id-meta":"","stick-header-meta":"default","header-above-stick-meta":"","header-main-stick-meta":"","header-below-stick-meta":"","_themeisle_gutenberg_block_has_review":false},"product_cat":[95],"product_tag":[119,118],"_links":{"self":[{"href":"https:\/\/safeintel.hu\/hu\/wp-json\/wp\/v2\/product\/2483"}],"collection":[{"href":"https:\/\/safeintel.hu\/hu\/wp-json\/wp\/v2\/product"}],"about":[{"href":"https:\/\/safeintel.hu\/hu\/wp-json\/wp\/v2\/types\/product"}],"replies":[{"embeddable":true,"href":"https:\/\/safeintel.hu\/hu\/wp-json\/wp\/v2\/comments?post=2483"}],"wp:featuredmedia":[{"embeddable":true,"href":"https:\/\/safeintel.hu\/hu\/wp-json\/wp\/v2\/media\/2741"}],"wp:attachment":[{"href":"https:\/\/safeintel.hu\/hu\/wp-json\/wp\/v2\/media?parent=2483"}],"wp:term":[{"taxonomy":"product_cat","embeddable":true,"href":"https:\/\/safeintel.hu\/hu\/wp-json\/wp\/v2\/product_cat?post=2483"},{"taxonomy":"product_tag","embeddable":true,"href":"https:\/\/safeintel.hu\/hu\/wp-json\/wp\/v2\/product_tag?post=2483"}],"curies":[{"name":"wp","href":"https:\/\/api.w.org\/{rel}","templated":true}]}}