{"id":2506,"date":"2023-01-15T00:30:32","date_gmt":"2023-01-14T21:30:32","guid":{"rendered":"https:\/\/safeintel.hu\/?post_type=product&#038;p=2506"},"modified":"2025-04-07T13:01:13","modified_gmt":"2025-04-07T11:01:13","slug":"ajax-streetsiren","status":"publish","type":"product","link":"https:\/\/safeintel.hu\/hu\/products\/ajax-streetsiren\/","title":{"rendered":"AJAX StreetSiren"},"content":{"rendered":"<ul>\n<li>IP54 v\u00e9delmi oszt\u00e1llyal rendelkezik. -25 \u00b0C \u00e9s +50 \u00b0C k\u00f6z\u00f6tti h\u0151m\u00e9rs\u00e9kleten m\u0171k\u00f6dik.<\/li>\n<li>\u00c9rtes\u00edt a riaszt\u00e1sokr\u00f3l, k\u00e9sleltet\u00e9sekr\u0151l, a biztons\u00e1gi m\u00f3d v\u00e1ltoz\u00e1sair\u00f3l \u00e9s az ajt\u00f3k nyit\u00e1s\u00e1r\u00f3l.<\/li>\n<li>Ak\u00e1r 5 \u00e9vig m\u0171k\u00f6dik az el\u0151re telep\u00edtett elemmel. 12 V\u2393 tartal\u00e9k \u00e1ramforr\u00e1sr\u00f3l is m\u0171k\u00f6dtethet\u0151.<\/li>\n<\/ul>\n<h2>M\u0171k\u00f6d\u00e9si elv<\/h2>\n<p>A StreetSiren a riaszt\u00e1sok \u00e9s tamper \u00e9rz\u00e9kel\u00e9sek aktiv\u00e1l\u00e1s\u00e1ra reag\u00e1l, kevesebb mint egy m\u00e1sodperc alatt bekapcsolja a csipog\u00f3t \u00e9s a LED-keretet. A tamper gomb a burkolat felnyit\u00e1sakor vagy megs\u00e9rt\u00e9sekor l\u00e9p m\u0171k\u00f6d\u00e9sbe, m\u00edg az gyorsul\u00e1sm\u00e9r\u0151 a szir\u00e9na elmozd\u00edt\u00e1si vagy leszerel\u00e9si k\u00eds\u00e9rleteire reag\u00e1l.<\/p>\n<p><img decoding=\"async\" loading=\"lazy\" class=\"aligncenter size-full wp-image-4355\" src=\"https:\/\/safeintel.hu\/wp-content\/uploads\/2023\/01\/str_siren_8.jpg\" alt=\"\" width=\"993\" height=\"544\" srcset=\"https:\/\/safeintel.hu\/wp-content\/uploads\/2023\/01\/str_siren_8.jpg 993w, https:\/\/safeintel.hu\/wp-content\/uploads\/2023\/01\/str_siren_8-420x230.jpg 420w, https:\/\/safeintel.hu\/wp-content\/uploads\/2023\/01\/str_siren_8-768x421.jpg 768w, https:\/\/safeintel.hu\/wp-content\/uploads\/2023\/01\/str_siren_8-18x10.jpg 18w, https:\/\/safeintel.hu\/wp-content\/uploads\/2023\/01\/str_siren_8-700x383.jpg 700w\" sizes=\"(max-width: 993px) 100vw, 993px\" \/><\/p>\n<p>&nbsp;<\/p>\n<h2>Jellemz\u0151k<\/h2>\n<p>A csipog\u00f3 hangereje 85 \u00e9s 113 dB k\u00f6z\u00f6tt \u00e1ll\u00edthat\u00f3, \u00e9s a m\u0171k\u00f6d\u00e9si id\u0151tartam 3 m\u00e1sodperct\u0151l 3 percig szab\u00e1lyozhat\u00f3, de ak\u00e1r teljesen n\u00e9m\u00e1v\u00e1 is tehet\u0151, \u00e9s csak a LED-jelz\u00e9sekkel reag\u00e1l. A StreetSiren hermetikusan z\u00e1rt teste IP54 v\u00e9detts\u00e9gi szinttel rendelkezik.<\/p>\n<p><img decoding=\"async\" loading=\"lazy\" class=\"aligncenter size-full wp-image-4356\" src=\"https:\/\/safeintel.hu\/wp-content\/uploads\/2023\/01\/str_siren_9.jpg\" alt=\"\" width=\"993\" height=\"544\" srcset=\"https:\/\/safeintel.hu\/wp-content\/uploads\/2023\/01\/str_siren_9.jpg 993w, https:\/\/safeintel.hu\/wp-content\/uploads\/2023\/01\/str_siren_9-420x230.jpg 420w, https:\/\/safeintel.hu\/wp-content\/uploads\/2023\/01\/str_siren_9-768x421.jpg 768w, https:\/\/safeintel.hu\/wp-content\/uploads\/2023\/01\/str_siren_9-18x10.jpg 18w, https:\/\/safeintel.hu\/wp-content\/uploads\/2023\/01\/str_siren_9-700x383.jpg 700w\" sizes=\"(max-width: 993px) 100vw, 993px\" \/><\/p>\n<p>&nbsp;<\/p>\n<h2>Egyszer\u0171 telep\u00edt\u00e9s \u00e9s be\u00e1ll\u00edt\u00e1s<\/h2>\n<p>Az eszk\u00f6z azonnal haszn\u00e1latra k\u00e9sz: az elem m\u00e1r telep\u00edtve van, \u00edgy nincs sz\u00fcks\u00e9g a szir\u00e9na sz\u00e9tszerel\u00e9s\u00e9re. A mobil- vagy asztali alkalmaz\u00e1sban egy kattint\u00e1ssal csatlakoztathat\u00f3 a k\u00f6zponthoz. A felszerel\u00e9s n\u00e9h\u00e1ny percet vesz ig\u00e9nybe a SmartBracket r\u00f6gz\u00edt\u0151panel seg\u00edts\u00e9g\u00e9vel.<\/p>\n<p><img decoding=\"async\" loading=\"lazy\" class=\"aligncenter size-full wp-image-4354\" src=\"https:\/\/safeintel.hu\/wp-content\/uploads\/2023\/01\/str_siren_7.jpg\" alt=\"\" width=\"993\" height=\"544\" srcset=\"https:\/\/safeintel.hu\/wp-content\/uploads\/2023\/01\/str_siren_7.jpg 993w, https:\/\/safeintel.hu\/wp-content\/uploads\/2023\/01\/str_siren_7-420x230.jpg 420w, https:\/\/safeintel.hu\/wp-content\/uploads\/2023\/01\/str_siren_7-768x421.jpg 768w, https:\/\/safeintel.hu\/wp-content\/uploads\/2023\/01\/str_siren_7-18x10.jpg 18w, https:\/\/safeintel.hu\/wp-content\/uploads\/2023\/01\/str_siren_7-700x383.jpg 700w\" sizes=\"(max-width: 993px) 100vw, 993px\" \/><\/p>","protected":false},"excerpt":{"rendered":"<p>Vezet\u00e9k n\u00e9lk\u00fcli szir\u00e9na LED-kerettel \u00e9s piezoelektromos csipog\u00f3val. Az eszk\u00f6z belt\u00e9ri \u00e9s k\u00fclt\u00e9ri telep\u00edt\u00e9sre egyar\u00e1nt alkalmas.<\/p>","protected":false},"featured_media":2661,"comment_status":"open","ping_status":"closed","template":"","meta":{"site-sidebar-layout":"default","site-content-layout":"default","ast-global-header-display":"","ast-main-header-display":"","ast-hfb-above-header-display":"","ast-hfb-below-header-display":"","ast-hfb-mobile-header-display":"","site-post-title":"","ast-breadcrumbs-content":"","ast-featured-img":"","footer-sml-layout":"","theme-transparent-header-meta":"default","adv-header-id-meta":"","stick-header-meta":"default","header-above-stick-meta":"","header-main-stick-meta":"","header-below-stick-meta":"","_themeisle_gutenberg_block_has_review":false},"product_cat":[95,97],"product_tag":[125],"_links":{"self":[{"href":"https:\/\/safeintel.hu\/hu\/wp-json\/wp\/v2\/product\/2506"}],"collection":[{"href":"https:\/\/safeintel.hu\/hu\/wp-json\/wp\/v2\/product"}],"about":[{"href":"https:\/\/safeintel.hu\/hu\/wp-json\/wp\/v2\/types\/product"}],"replies":[{"embeddable":true,"href":"https:\/\/safeintel.hu\/hu\/wp-json\/wp\/v2\/comments?post=2506"}],"wp:featuredmedia":[{"embeddable":true,"href":"https:\/\/safeintel.hu\/hu\/wp-json\/wp\/v2\/media\/2661"}],"wp:attachment":[{"href":"https:\/\/safeintel.hu\/hu\/wp-json\/wp\/v2\/media?parent=2506"}],"wp:term":[{"taxonomy":"product_cat","embeddable":true,"href":"https:\/\/safeintel.hu\/hu\/wp-json\/wp\/v2\/product_cat?post=2506"},{"taxonomy":"product_tag","embeddable":true,"href":"https:\/\/safeintel.hu\/hu\/wp-json\/wp\/v2\/product_tag?post=2506"}],"curies":[{"name":"wp","href":"https:\/\/api.w.org\/{rel}","templated":true}]}}