{"id":2507,"date":"2023-01-15T00:30:32","date_gmt":"2023-01-14T21:30:32","guid":{"rendered":"https:\/\/safeintel.hu\/?post_type=product&#038;p=2507"},"modified":"2025-04-07T13:01:13","modified_gmt":"2025-04-07T11:01:13","slug":"ajax-streetsiren-doubledeck","status":"publish","type":"product","link":"https:\/\/safeintel.hu\/hu\/products\/ajax-streetsiren-doubledeck\/","title":{"rendered":"AJAX StreetSiren DoubleDeck"},"content":{"rendered":"<h2>Figyelemfelkelt\u00e9s<\/h2>\n<p>A StreetSiren DoubleDeck kevesebb mint egy m\u00e1sodperc alatt aktiv\u00e1lja a hat\u00e1szos szir\u00e9n\u00e1t \u00e9s a f\u00e9nyes LED jelz\u0151ket egy riaszt\u00e1si jelz\u00e9sre. B\u00e1rmely bet\u00f6r\u00e9si k\u00eds\u00e9rlet azonnal kider\u00fcl.<\/p>\n<p>&nbsp;<\/p>\n<h2>A rendszer \u00e1llapot\u00e1nak jelz\u00e9se<\/h2>\n<p>A LED jelz\u00e9s \u00e9s a hangjelz\u0151 r\u00f6vid hangjelz\u00e9sei eml\u00e9keztetik a felhaszn\u00e1l\u00f3kat, hogy a helyis\u00e9g \u00e9ppen v\u00e9dett, valamint a bel\u00e9p\u00e9si k\u00e9sleltet\u00e9s akt\u00edv. A hamis riaszt\u00e1sok kock\u00e1zata jelent\u0151sen cs\u00f6kken.<\/p>\n<p>&nbsp;<\/p>\n<p><img decoding=\"async\" loading=\"lazy\" class=\"aligncenter size-full wp-image-4358\" src=\"https:\/\/safeintel.hu\/wp-content\/uploads\/2023\/01\/str_siren_deck_12.jpg\" alt=\"\" width=\"993\" height=\"544\" srcset=\"https:\/\/safeintel.hu\/wp-content\/uploads\/2023\/01\/str_siren_deck_12.jpg 993w, https:\/\/safeintel.hu\/wp-content\/uploads\/2023\/01\/str_siren_deck_12-420x230.jpg 420w, https:\/\/safeintel.hu\/wp-content\/uploads\/2023\/01\/str_siren_deck_12-768x421.jpg 768w, https:\/\/safeintel.hu\/wp-content\/uploads\/2023\/01\/str_siren_deck_12-18x10.jpg 18w, https:\/\/safeintel.hu\/wp-content\/uploads\/2023\/01\/str_siren_deck_12-700x383.jpg 700w\" sizes=\"(max-width: 993px) 100vw, 993px\" \/><\/p>\n<p>&nbsp;<\/p>\n<h2>A megfelel\u0151 v\u00e9delem minden k\u00f6rnyezetben<\/h2>\n<p>A StreetSiren DoubleDeck rugalmas be\u00e1ll\u00edt\u00e1sokkal rendelkezik, \u00edgy mind egy csendes lak\u00f3parkban, mind egy zajos ipari ter\u00fcleten hat\u00e9kony. A hangjelz\u0151 hangereje 85-t\u0151l 113 dB-ig \u00e1ll\u00edthat\u00f3, 3 m\u00e1sodperct\u0151l 3 percig tart\u00f3 id\u0151tartamra. Vagy a k\u00e9sz\u00fcl\u00e9k csendes \u00fczemm\u00f3dban is m\u0171k\u00f6dhet, csak LED jelz\u00e9ssel. Az Ajax alkalmaz\u00e1s lehet\u0151v\u00e9 teszi a m\u00e9rn\u00f6k\u00f6k sz\u00e1m\u00e1ra, hogy kiv\u00e1lassz\u00e1k a szir\u00e9n\u00e1t aktiv\u00e1l\u00f3 \u00e9rz\u00e9kel\u0151ket. Ez seg\u00edt elker\u00fclni a kellemetlen helyzeteket, amikor a szomsz\u00e9dok \u00e9rtes\u00edt\u00e9st kapnak minden alkalommal, amikor a mos\u00f3g\u00e9p elromlik.<\/p>\n<ul>\n<li>A hangjelz\u0151 hangereje ak\u00e1r 113 dB<\/li>\n<li>A riaszt\u00e1s id\u0151tartama ak\u00e1r 3 perc<\/li>\n<\/ul>\n<p><img decoding=\"async\" loading=\"lazy\" class=\"aligncenter size-full wp-image-4356\" src=\"https:\/\/safeintel.hu\/wp-content\/uploads\/2023\/01\/str_siren_9.jpg\" alt=\"\" width=\"993\" height=\"544\" srcset=\"https:\/\/safeintel.hu\/wp-content\/uploads\/2023\/01\/str_siren_9.jpg 993w, https:\/\/safeintel.hu\/wp-content\/uploads\/2023\/01\/str_siren_9-420x230.jpg 420w, https:\/\/safeintel.hu\/wp-content\/uploads\/2023\/01\/str_siren_9-768x421.jpg 768w, https:\/\/safeintel.hu\/wp-content\/uploads\/2023\/01\/str_siren_9-18x10.jpg 18w, https:\/\/safeintel.hu\/wp-content\/uploads\/2023\/01\/str_siren_9-700x383.jpg 700w\" sizes=\"(max-width: 993px) 100vw, 993px\" \/><\/p>\n<p>&nbsp;<\/p>\n<h2>Id\u0151j\u00e1r\u00e1s\u00e1ll\u00f3<\/h2>\n<p>A StreetSiren DoubleDeck ellen\u00e1ll a h\u0151nek, a hidegnek \u00e9s a hirtelen h\u0151m\u00e9rs\u00e9klet-v\u00e1ltoz\u00e1soknak. A hermetikusan z\u00e1rt h\u00e1z IP54-es v\u00e9delemmel rendelkezik. A k\u00fcls\u0151 szir\u00e9na k\u00e9szen \u00e1ll arra, hogy ellen\u00e1lljon az es\u0151nek vagy h\u00f3es\u00e9snek, \u00e9s k\u00fcls\u0151 falakra is felszerelhet\u0151 tet\u0151 n\u00e9lk\u00fcl.<\/p>\n<ul>\n<li>+50\u00b0C-ig ellen\u00e1ll<\/li>\n<li>\u221225\u00b0C-ig ellen\u00e1ll<\/li>\n<li>Por- \u00e9s csapad\u00e9kv\u00e9detts\u00e9g IP54<\/li>\n<\/ul>\n<p>&nbsp;<\/p>\n<h2>Azonnal reag\u00e1l a riaszt\u00e1sokra<\/h2>\n<p>Kifejlesztett\u00fck a Jeweller r\u00e1di\u00f3protokollt, hogy biztos\u00edtsuk a biztons\u00e1gi rendszerben l\u00e9v\u0151 \u00f6sszes eszk\u00f6z zavartalan m\u0171k\u00f6d\u00e9s\u00e9t. A Jeweller id\u0151kereteket haszn\u00e1l az eszk\u00f6z\u00f6k k\u00f6z\u00f6tti kommunik\u00e1ci\u00f3 szinkroniz\u00e1l\u00e1s\u00e1ra, hiteles\u00edt\u00e9st a hamis\u00edt\u00e1s kik\u00fcsz\u00f6b\u00f6l\u00e9s\u00e9re \u00e9s titkos\u00edt\u00e1st az adatsziv\u00e1rg\u00e1s elleni v\u00e9delem \u00e9rdek\u00e9ben. Ezenk\u00edv\u00fcl lehet\u0151v\u00e9 teszi az eszk\u00f6z\u00f6k sz\u00e1m\u00e1ra, hogy \u00e9vekig m\u0171k\u00f6djenek be\u00e9p\u00edtett elemekb\u0151l. A Jewellernek k\u00f6sz\u00f6nhet\u0151en a StreetSiren DoubleDeck 0,3 m\u00e1sodpercen bel\u00fcl reag\u00e1lhat az \u00e9rz\u00e9kel\u0151k riaszt\u00e1saira, m\u00e9g akkor is, ha a hub nem el\u00e9rhet\u0151.<\/p>\n<ul>\n<li>K\u00e9tir\u00e1ny\u00fa kommunik\u00e1ci\u00f3 ak\u00e1r 1500 m\u00e9teres t\u00e1vols\u00e1gban<\/li>\n<li>Szir\u00e9na aktiv\u00e1l\u00e1sa riaszt\u00e1skor 0,3 m\u00e1sodperc alatt<\/li>\n<li>Be\u00e1ll\u00edthat\u00f3 ping id\u0151k\u00f6z 12 m\u00e1sodperct\u0151l<\/li>\n<\/ul>\n<p><img decoding=\"async\" loading=\"lazy\" class=\"aligncenter size-full wp-image-4360\" src=\"https:\/\/safeintel.hu\/wp-content\/uploads\/2023\/01\/str_siren_deck_10.jpg\" alt=\"\" width=\"993\" height=\"544\" srcset=\"https:\/\/safeintel.hu\/wp-content\/uploads\/2023\/01\/str_siren_deck_10.jpg 993w, https:\/\/safeintel.hu\/wp-content\/uploads\/2023\/01\/str_siren_deck_10-420x230.jpg 420w, https:\/\/safeintel.hu\/wp-content\/uploads\/2023\/01\/str_siren_deck_10-768x421.jpg 768w, https:\/\/safeintel.hu\/wp-content\/uploads\/2023\/01\/str_siren_deck_10-18x10.jpg 18w, https:\/\/safeintel.hu\/wp-content\/uploads\/2023\/01\/str_siren_deck_10-700x383.jpg 700w\" sizes=\"(max-width: 993px) 100vw, 993px\" \/><\/p>\n<p>&nbsp;<\/p>\n<h2>Vand\u00e1lok elleni v\u00e9delem<\/h2>\n<p>2,5 m\u00e9ter az optim\u00e1lis magass\u00e1g egy k\u00fcls\u0151 szir\u00e9na felszerel\u00e9s\u00e9hez. Ez jav\u00edtja a l\u00e1that\u00f3s\u00e1got, a hallhat\u00f3s\u00e1got, \u00e9s kev\u00e9sb\u00e9 hozz\u00e1f\u00e9rhet\u0151v\u00e9 teszi az eszk\u00f6zt a bet\u00f6r\u0151k sz\u00e1m\u00e1ra. Ha valaki megpr\u00f3b\u00e1lja leszedni a szir\u00e9n\u00e1t, a gyorsul\u00e1sm\u00e9r\u0151 riaszt\u00e1st ind\u00edt. Minden esetben a biztons\u00e1gi c\u00e9g \u00e9s a felhaszn\u00e1l\u00f3k \u00e9rtes\u00edt\u00e9st kapnak a szabot\u00e1zsr\u00f3l, \u00e9s a vand\u00e1lokat a hangjelz\u0151 hangos hangja riasztja el.<\/p>\n<p>&nbsp;<\/p>\n<h2>K\u00f6nny\u0171 karbantart\u00e1s<\/h2>\n<p>A k\u00fcls\u0151 szir\u00e9na ak\u00e1r 5 \u00e9vig m\u0171k\u00f6dhet be\u00e9p\u00edtett elemekb\u0151l, \u00e9s k\u00fcls\u0151 t\u00e1pegys\u00e9g csatlakoz\u00f3kkal rendelkezik. D\u00f6nthet \u00fagy, hogy az elemeket els\u0151dleges vagy tartal\u00e9k t\u00e1pegys\u00e9gk\u00e9nt haszn\u00e1lja. Minden esetben a rendszer \u00e9rtes\u00edti a karbantart\u00e1s sz\u00fcks\u00e9gess\u00e9g\u00e9r\u0151l, ha az elemek t\u00f6lt\u00f6tts\u00e9ge 20%-ra cs\u00f6kken.<\/p>\n<p>&nbsp;<\/p>\n<p><img decoding=\"async\" loading=\"lazy\" class=\"aligncenter size-full wp-image-4361\" src=\"https:\/\/safeintel.hu\/wp-content\/uploads\/2023\/01\/str_siren_deck_11.jpg\" alt=\"\" width=\"993\" height=\"544\" srcset=\"https:\/\/safeintel.hu\/wp-content\/uploads\/2023\/01\/str_siren_deck_11.jpg 993w, https:\/\/safeintel.hu\/wp-content\/uploads\/2023\/01\/str_siren_deck_11-420x230.jpg 420w, https:\/\/safeintel.hu\/wp-content\/uploads\/2023\/01\/str_siren_deck_11-768x421.jpg 768w, https:\/\/safeintel.hu\/wp-content\/uploads\/2023\/01\/str_siren_deck_11-18x10.jpg 18w, https:\/\/safeintel.hu\/wp-content\/uploads\/2023\/01\/str_siren_deck_11-700x383.jpg 700w\" sizes=\"(max-width: 993px) 100vw, 993px\" \/><\/p>\n<p>&nbsp;<\/p>\n<h2>Telep\u00edt\u00e9s neh\u00e9zs\u00e9gek n\u00e9lk\u00fcl<\/h2>\n<p>A StreetSiren DoubleDeck kifejezetten az\u00e9rt k\u00e9sz\u00fclt, hogy id\u0151t takar\u00edtson meg a m\u00e9rn\u00f6k\u00f6knek a telep\u00edt\u00e9s sor\u00e1n. A QR-k\u00f3d seg\u00edt gyorsan hozz\u00e1adni az eszk\u00f6zt a rendszerhez. A be\u00e1ll\u00edt\u00e1sok \u00e9s tesztek b\u00e1rmikor el\u00e9rhet\u0151k az alkalmaz\u00e1sban. A SmartBracket \u00e9s a be\u00e9p\u00edtett elemeknek k\u00f6sz\u00f6nhet\u0151en az eszk\u00f6z nem ig\u00e9nyel sz\u00e9tszerel\u00e9st a felszerel\u00e9s el\u0151tt. A m\u00e1rkajelz\u00e9s gyorsan r\u00f6gz\u00edthet\u0151 egy csipesz z\u00e1rral. Tov\u00e1bbi r\u00f6gz\u00edt\u00e9shez a m\u00e9rn\u00f6k\u00f6k haszn\u00e1lhatnak csavart is.<\/p>\n<p><img decoding=\"async\" loading=\"lazy\" class=\"aligncenter size-full wp-image-4362\" src=\"https:\/\/safeintel.hu\/wp-content\/uploads\/2023\/01\/str_siren_deck_13.jpg\" alt=\"\" width=\"993\" height=\"544\" srcset=\"https:\/\/safeintel.hu\/wp-content\/uploads\/2023\/01\/str_siren_deck_13.jpg 993w, https:\/\/safeintel.hu\/wp-content\/uploads\/2023\/01\/str_siren_deck_13-420x230.jpg 420w, https:\/\/safeintel.hu\/wp-content\/uploads\/2023\/01\/str_siren_deck_13-768x421.jpg 768w, https:\/\/safeintel.hu\/wp-content\/uploads\/2023\/01\/str_siren_deck_13-18x10.jpg 18w, https:\/\/safeintel.hu\/wp-content\/uploads\/2023\/01\/str_siren_deck_13-700x383.jpg 700w\" sizes=\"(max-width: 993px) 100vw, 993px\" \/><\/p>","protected":false},"excerpt":{"rendered":"<p>Vezet\u00e9k n\u00e9lk\u00fcli k\u00fcls\u0151 szir\u00e9na csipesz z\u00e1rral a m\u00e1rkajelz\u00e9shez.<\/p>","protected":false},"featured_media":2653,"comment_status":"open","ping_status":"closed","template":"","meta":{"site-sidebar-layout":"default","site-content-layout":"default","ast-global-header-display":"","ast-main-header-display":"","ast-hfb-above-header-display":"","ast-hfb-below-header-display":"","ast-hfb-mobile-header-display":"","site-post-title":"","ast-breadcrumbs-content":"","ast-featured-img":"","footer-sml-layout":"","theme-transparent-header-meta":"default","adv-header-id-meta":"","stick-header-meta":"default","header-above-stick-meta":"","header-main-stick-meta":"","header-below-stick-meta":"","_themeisle_gutenberg_block_has_review":false},"product_cat":[95,97],"product_tag":[119,126],"_links":{"self":[{"href":"https:\/\/safeintel.hu\/hu\/wp-json\/wp\/v2\/product\/2507"}],"collection":[{"href":"https:\/\/safeintel.hu\/hu\/wp-json\/wp\/v2\/product"}],"about":[{"href":"https:\/\/safeintel.hu\/hu\/wp-json\/wp\/v2\/types\/product"}],"replies":[{"embeddable":true,"href":"https:\/\/safeintel.hu\/hu\/wp-json\/wp\/v2\/comments?post=2507"}],"wp:featuredmedia":[{"embeddable":true,"href":"https:\/\/safeintel.hu\/hu\/wp-json\/wp\/v2\/media\/2653"}],"wp:attachment":[{"href":"https:\/\/safeintel.hu\/hu\/wp-json\/wp\/v2\/media?parent=2507"}],"wp:term":[{"taxonomy":"product_cat","embeddable":true,"href":"https:\/\/safeintel.hu\/hu\/wp-json\/wp\/v2\/product_cat?post=2507"},{"taxonomy":"product_tag","embeddable":true,"href":"https:\/\/safeintel.hu\/hu\/wp-json\/wp\/v2\/product_tag?post=2507"}],"curies":[{"name":"wp","href":"https:\/\/api.w.org\/{rel}","templated":true}]}}