{"id":2520,"date":"2023-01-15T00:30:33","date_gmt":"2023-01-14T21:30:33","guid":{"rendered":"https:\/\/safeintel.hu\/products\/ajax-motioncam-outdoor\/"},"modified":"2025-04-07T13:01:14","modified_gmt":"2025-04-07T11:01:14","slug":"ajax-motioncam-outdoor","status":"publish","type":"product","link":"https:\/\/safeintel.hu\/hu\/products\/ajax-motioncam-outdoor\/","title":{"rendered":"AJAX MotionCam Outdoor"},"content":{"rendered":"<h2>Vill\u00e1mgyors riaszt\u00e1sok. Ellen\u0151rz\u00f6tt.<\/h2>\n<p>A MotionCam Outdoor m\u00e1r az els\u0151 l\u00e9p\u00e9sekn\u00e9l felismeri a behatol\u00e1st, \u00e9s anim\u00e1lt fot\u00f3sorozattal igazolja azt. A vizu\u00e1lis ellen\u0151rz\u00e9s seg\u00edt a helyzet azonnali meg\u00e1llap\u00edt\u00e1s\u00e1ban, megk\u00edm\u00e9lve a felhaszn\u00e1l\u00f3kat az aggodalmakt\u00f3l, a biztons\u00e1gi c\u00e9geket pedig a felesleges j\u00e1r\u0151r\u00f6z\u00e9st\u0151l.<\/p>\n<ol>\n<li>Mozg\u00e1s \u00e9szlelve<\/li>\n<li>Riaszt\u00e1s aktiv\u00e1lva<\/li>\n<li>Bizony\u00edt\u00e9kok r\u00f6gz\u00edtve<\/li>\n<\/ol>\n<p><video tabindex=\"0\" autoplay=\"autoplay\" loop=\"loop\" muted=\"\" width=\"100%\" height=\"650\"><source src=\"https:\/\/ajax.systems\/wp-content\/themes\/ajax\/assets\/images\/template\/product\/mco\/block1\/MCO-photoverification1.mp4\" type=\"video\/mp4\" \/><\/video><\/p>\n<p>&nbsp;<\/p>\n<h2>Ne hagyjon ki semmit<\/h2>\n<p>A legjobb optik\u00e1t, a gyors processzort \u00e9s a fejlett szoftveres algoritmusokat \u00f6tv\u00f6z\u0151 MotionCam Outdoor b\u00e1rmilyen id\u0151ben, nappal \u00e9s \u00e9jjel is k\u00e9sz\u00edt informat\u00edv k\u00e9peket.<\/p>\n<ul>\n<li>HDR kamera<\/li>\n<li>IR h\u00e1tt\u00e9rvil\u00e1g\u00edt\u00e1s<\/li>\n<li>2-5 fot\u00f3b\u00f3l \u00e1ll\u00f3 sorozat<\/li>\n<\/ul>\n<p><img decoding=\"async\" loading=\"lazy\" class=\"aligncenter size-full wp-image-4305\" src=\"https:\/\/safeintel.hu\/wp-content\/uploads\/2023\/01\/motion_cam_out_11.jpg\" alt=\"\" width=\"993\" height=\"544\" srcset=\"https:\/\/safeintel.hu\/wp-content\/uploads\/2023\/01\/motion_cam_out_11.jpg 993w, https:\/\/safeintel.hu\/wp-content\/uploads\/2023\/01\/motion_cam_out_11-420x230.jpg 420w, https:\/\/safeintel.hu\/wp-content\/uploads\/2023\/01\/motion_cam_out_11-768x421.jpg 768w, https:\/\/safeintel.hu\/wp-content\/uploads\/2023\/01\/motion_cam_out_11-18x10.jpg 18w, https:\/\/safeintel.hu\/wp-content\/uploads\/2023\/01\/motion_cam_out_11-700x383.jpg 700w\" sizes=\"(max-width: 993px) 100vw, 993px\" \/><\/p>\n<h2>T\u00f6bbszint\u0171 szabot\u00e1zs elleni v\u00e9delem<\/h2>\n<p>A MotionCam Outdoor nem kapcsolhat\u00f3 ki \u00e9szrev\u00e9tlen\u00fcl m\u00e9g akkor sem, ha a rendszer hat\u00e1stalan\u00edtva van. Az \u00e9rz\u00e9kel\u0151 maszkol\u00f3 \u00e9rz\u00e9kel\u0151kkel van felszerelve, amelyek reag\u00e1lnak a lencse akad\u00e1lyoz\u00e1s\u00e1ra, letakar\u00e1s\u00e1ra \u00e9s fest\u00e9s\u00e9re.<\/p>\n<p>A k\u00f6zpontnak kevesebb mint egy perc1 alatt \u00e9szlelnie kell az \u00e9rz\u00e9kel\u0151vel val\u00f3 kommunik\u00e1ci\u00f3 megszakad\u00e1s\u00e1t, \u00e9s t\u00e1j\u00e9koztatnia kell a k\u00f6zponti fel\u00fcgyeleti \u00e1llom\u00e1st \u00e9s a felhaszn\u00e1l\u00f3kat a probl\u00e9m\u00e1r\u00f3l. A MotionCam Outdoor leszerel\u00e9s\u00e9nek t\u00e9nye azonnal ismertt\u00e9 v\u00e1lik.<\/p>\n<ul>\n<li>Maszkol\u00e1sg\u00e1tl\u00f3 rendszer<\/li>\n<li>\u00c9rtes\u00edt\u00e9sek a lev\u00e1l\u00e1sr\u00f3l<\/li>\n<li>Konfigur\u00e1lhat\u00f3 \u00e9rz\u00e9kel\u0151 ping-intervallum<\/li>\n<\/ul>\n<p><img decoding=\"async\" loading=\"lazy\" class=\"aligncenter size-full wp-image-4306\" src=\"https:\/\/safeintel.hu\/wp-content\/uploads\/2023\/01\/motion_cam_out_12.jpg\" alt=\"\" width=\"993\" height=\"544\" srcset=\"https:\/\/safeintel.hu\/wp-content\/uploads\/2023\/01\/motion_cam_out_12.jpg 993w, https:\/\/safeintel.hu\/wp-content\/uploads\/2023\/01\/motion_cam_out_12-420x230.jpg 420w, https:\/\/safeintel.hu\/wp-content\/uploads\/2023\/01\/motion_cam_out_12-768x421.jpg 768w, https:\/\/safeintel.hu\/wp-content\/uploads\/2023\/01\/motion_cam_out_12-18x10.jpg 18w, https:\/\/safeintel.hu\/wp-content\/uploads\/2023\/01\/motion_cam_out_12-700x383.jpg 700w\" sizes=\"(max-width: 993px) 100vw, 993px\" \/><\/p>\n<h2>Hat\u00e9kony biztons\u00e1g b\u00e1rmilyen id\u0151j\u00e1r\u00e1si k\u00f6r\u00fclm\u00e9nyek k\u00f6z\u00f6tt<\/h2>\n<p>A MotionCam Outdoor ellen\u00e1ll a h\u0151s\u00e9gnek +60\u00b0\u0421-ig, \u00e9s ellen\u00e1ll a hidegnek -25\u00b0\u0421-ig. \u00c9s hogy megv\u00e9dj\u00fck a maszkol\u00e1sg\u00e1tl\u00f3 rendszer \u00e9rz\u00e9kel\u0151it az es\u0151t\u0151l \u00e9s a h\u00f3t\u00f3l, egy speci\u00e1lis csukly\u00e1t is mell\u00e9kelt\u00fcnk hozz\u00e1.<\/p>\n<ul>\n<li>Hat\u00e9konys\u00e1g hidegben \u00e9s melegben<\/li>\n<li>IP55 v\u00e9detts\u00e9g<\/li>\n<li>\u00d6sszek\u00f6t\u00f6tt kapucni az es\u0151 \u00e9s h\u00f3 elleni v\u00e9delem \u00e9rdek\u00e9ben<\/li>\n<\/ul>\n<p><img decoding=\"async\" loading=\"lazy\" class=\"aligncenter size-full wp-image-4303\" src=\"https:\/\/safeintel.hu\/wp-content\/uploads\/2023\/01\/motion_cam_out_9.jpg\" alt=\"\" width=\"993\" height=\"544\" srcset=\"https:\/\/safeintel.hu\/wp-content\/uploads\/2023\/01\/motion_cam_out_9.jpg 993w, https:\/\/safeintel.hu\/wp-content\/uploads\/2023\/01\/motion_cam_out_9-420x230.jpg 420w, https:\/\/safeintel.hu\/wp-content\/uploads\/2023\/01\/motion_cam_out_9-768x421.jpg 768w, https:\/\/safeintel.hu\/wp-content\/uploads\/2023\/01\/motion_cam_out_9-18x10.jpg 18w, https:\/\/safeintel.hu\/wp-content\/uploads\/2023\/01\/motion_cam_out_9-700x383.jpg 700w\" sizes=\"(max-width: 993px) 100vw, 993px\" \/><\/p>\n<h2>Intelligens t\u00e9ves riaszt\u00e1s sz\u0171r\u0151<\/h2>\n<p>A MotionCam Outdoor k\u00e9t f\u00fcggetlen PIR-\u00e9rz\u00e9kel\u0151vel van felszerelve, amelyek jeleit egy k\u00e9tl\u00e9pcs\u0151s LISA-algoritmus elemzi. Amikor mindk\u00e9t \u00e9rz\u00e9kel\u0151 mozg\u00e1st \u00e9rz\u00e9kel, a LISA elv\u00e9gzi a jelek korrel\u00e1ci\u00f3j\u00e1t \u00e9s spektr\u00e1lis elemz\u00e9s\u00e9t, ami seg\u00edt azonnal megk\u00fcl\u00f6nb\u00f6ztetni a val\u00f3di fenyeget\u00e9seket a zavar\u00f3 jelekt\u0151l.<\/p>\n<p><video tabindex=\"0\" autoplay=\"autoplay\" loop=\"loop\" muted=\"\" width=\"100%\" height=\"650\"><source src=\"https:\/\/ajax.systems\/cdn\/products\/motioncam-outdoor-phod\/detection\/lisa\/dog\/lisa_dog_man.mp4\" type=\"video\/mp4\" \/><\/video><\/p>\n<h2>Kompromisszumok n\u00e9lk\u00fcli kommunik\u00e1ci\u00f3s megb\u00edzhat\u00f3s\u00e1g<\/h2>\n<p>A MotionCam Outdoor egyszerre k\u00e9t biztons\u00e1gos r\u00e1di\u00f3protokollt haszn\u00e1l: Jeweler \u00e9s Wings. A r\u00e1di\u00f3protokollok egym\u00e1st\u00f3l f\u00fcggetlen\u00fcl m\u0171k\u00f6dnek, \u00e9s mindegyik a saj\u00e1t funkci\u00f3j\u00e1ra \u00f6sszpontos\u00edt. A Jeweler 0,15 m\u00e1sodperc alatt tov\u00e1bb\u00edtja a riaszt\u00e1sokat, a Wingsnek k\u00f6sz\u00f6nhet\u0151en pedig az els\u0151 felv\u00e9tel a helysz\u00ednr\u0151l kevesebb mint 9 m\u00e1sodperc alatt megjelenik az alkalmaz\u00e1sban2.<br \/>\nA jel hat\u00f3t\u00e1vols\u00e1ga lehet\u0151v\u00e9 teszi a detektor leghat\u00e9konyabb helyre t\u00f6rt\u00e9n\u0151 telep\u00edt\u00e9s\u00e9t. \u00c9s az ak\u00e1r 3 \u00e9vig tart\u00f3 akkumul\u00e1tor-\u00e9lettartam minim\u00e1lisra cs\u00f6kkenti a karbantart\u00e1si er\u0151fesz\u00edt\u00e9seket.<\/p>\n<ul>\n<li>K\u00e9tir\u00e1ny\u00fa kommunik\u00e1ci\u00f3 ak\u00e1r 1700 m\u00e9teres t\u00e1vols\u00e1gban is<\/li>\n<li>A fot\u00f3k k\u00e9zbes\u00edt\u00e9se kevesebb mint 9 m\u00e1sodperc alatt<\/li>\n<li>Ak\u00e1r 3 \u00e9v akkumul\u00e1tor \u00e9lettartam<\/li>\n<\/ul>\n<p>&nbsp;<\/p>\n<h2>Intuit\u00edv telep\u00edt\u00e9s \u00e9s csatlakoz\u00e1s<\/h2>\n<p>Az \u00e9rz\u00e9kel\u0151 n\u00e9h\u00e1ny kattint\u00e1ssal csatlakozik az Ajax biztons\u00e1gi rendszerhez. Nyissa meg az Ajax alkalmaz\u00e1st, olvassa be a QR-k\u00f3dot, \u00e9s adja hozz\u00e1 az \u00e9rz\u00e9kel\u0151t a szob\u00e1hoz. Nem kell sz\u00e9tszerelni az \u00e9rz\u00e9kel\u0151 burkolat\u00e1t. A SmartBracket r\u00f6gz\u00edt\u0151panel lehet\u0151v\u00e9 teszi az \u00e9rz\u00e9kel\u0151 biztons\u00e1gos r\u00f6gz\u00edt\u00e9s\u00e9t s\u00edk fel\u00fcletre \u00e9s sarokba is.<\/p>\n<p><img decoding=\"async\" loading=\"lazy\" class=\"aligncenter size-full wp-image-4304\" src=\"https:\/\/safeintel.hu\/wp-content\/uploads\/2023\/01\/motion_cam_out_10.jpg\" alt=\"\" width=\"993\" height=\"544\" srcset=\"https:\/\/safeintel.hu\/wp-content\/uploads\/2023\/01\/motion_cam_out_10.jpg 993w, https:\/\/safeintel.hu\/wp-content\/uploads\/2023\/01\/motion_cam_out_10-420x230.jpg 420w, https:\/\/safeintel.hu\/wp-content\/uploads\/2023\/01\/motion_cam_out_10-768x421.jpg 768w, https:\/\/safeintel.hu\/wp-content\/uploads\/2023\/01\/motion_cam_out_10-18x10.jpg 18w, https:\/\/safeintel.hu\/wp-content\/uploads\/2023\/01\/motion_cam_out_10-700x383.jpg 700w\" sizes=\"(max-width: 993px) 100vw, 993px\" \/><\/p>\n<p>&nbsp;<\/p>\n<p>* A MotionCam Outdoor m\u0171k\u00f6d\u00e9s\u00e9hez Hub 2 vagy Hub 2 Plus sz\u00fcks\u00e9ges.<\/p>","protected":false},"excerpt":{"rendered":"<p>Wireless outdoor motion detector with a photo camera to verify alarms<\/p>","protected":false},"featured_media":2641,"comment_status":"open","ping_status":"closed","template":"","meta":{"site-sidebar-layout":"default","site-content-layout":"default","ast-global-header-display":"","ast-main-header-display":"","ast-hfb-above-header-display":"","ast-hfb-below-header-display":"","ast-hfb-mobile-header-display":"","site-post-title":"","ast-breadcrumbs-content":"","ast-featured-img":"","footer-sml-layout":"","theme-transparent-header-meta":"default","adv-header-id-meta":"","stick-header-meta":"default","header-above-stick-meta":"","header-main-stick-meta":"","header-below-stick-meta":"","_themeisle_gutenberg_block_has_review":false},"product_cat":[95],"product_tag":[119],"_links":{"self":[{"href":"https:\/\/safeintel.hu\/hu\/wp-json\/wp\/v2\/product\/2520"}],"collection":[{"href":"https:\/\/safeintel.hu\/hu\/wp-json\/wp\/v2\/product"}],"about":[{"href":"https:\/\/safeintel.hu\/hu\/wp-json\/wp\/v2\/types\/product"}],"replies":[{"embeddable":true,"href":"https:\/\/safeintel.hu\/hu\/wp-json\/wp\/v2\/comments?post=2520"}],"wp:featuredmedia":[{"embeddable":true,"href":"https:\/\/safeintel.hu\/hu\/wp-json\/wp\/v2\/media\/2641"}],"wp:attachment":[{"href":"https:\/\/safeintel.hu\/hu\/wp-json\/wp\/v2\/media?parent=2520"}],"wp:term":[{"taxonomy":"product_cat","embeddable":true,"href":"https:\/\/safeintel.hu\/hu\/wp-json\/wp\/v2\/product_cat?post=2520"},{"taxonomy":"product_tag","embeddable":true,"href":"https:\/\/safeintel.hu\/hu\/wp-json\/wp\/v2\/product_tag?post=2520"}],"curies":[{"name":"wp","href":"https:\/\/api.w.org\/{rel}","templated":true}]}}