{"id":2521,"date":"2023-01-15T00:30:33","date_gmt":"2023-01-14T21:30:33","guid":{"rendered":"https:\/\/safeintel.hu\/products\/ajax-hood\/"},"modified":"2025-04-07T13:01:14","modified_gmt":"2025-04-07T11:01:14","slug":"ajax-hood","status":"publish","type":"product","link":"https:\/\/safeintel.hu\/hu\/products\/ajax-hood\/","title":{"rendered":"AJAX Hood"},"content":{"rendered":"<h2>A h\u00f3vihar nem jelent akad\u00e1lyt<\/h2>\n<p>A behatol\u00f3kon k\u00edv\u00fcl a h\u00f3 is akad\u00e1lyozhatja az \u00e9rz\u00e9kel\u0151 megfelel\u0151 m\u0171k\u00f6d\u00e9s\u00e9t. R\u00e1tapadhat az \u00e1larcv\u00e9delmi szenzorokra, blokkolhatja l\u00e1t\u00f3mez\u0151j\u00fcket, \u00e9s t\u00e9ves riaszt\u00e1sokat okozhat. A v\u00e9d\u0151burkolat meg\u00f3vja a MotionProtect Outdoor \u00e9rz\u00e9kel\u0151t a h\u00f3es\u00e9s sor\u00e1n.<\/p>\n<p><img decoding=\"async\" loading=\"lazy\" class=\"aligncenter size-full wp-image-4252\" src=\"https:\/\/safeintel.hu\/wp-content\/uploads\/2023\/01\/xl_snowfall@1x.jpg\" alt=\"\" width=\"960\" height=\"600\" srcset=\"https:\/\/safeintel.hu\/wp-content\/uploads\/2023\/01\/xl_snowfall@1x.jpg 960w, https:\/\/safeintel.hu\/wp-content\/uploads\/2023\/01\/xl_snowfall@1x-420x263.jpg 420w, https:\/\/safeintel.hu\/wp-content\/uploads\/2023\/01\/xl_snowfall@1x-768x480.jpg 768w, https:\/\/safeintel.hu\/wp-content\/uploads\/2023\/01\/xl_snowfall@1x-18x12.jpg 18w, https:\/\/safeintel.hu\/wp-content\/uploads\/2023\/01\/xl_snowfall@1x-700x438.jpg 700w\" sizes=\"(max-width: 960px) 100vw, 960px\" \/><\/p>\n<p>&nbsp;<\/p>\n<h2>Az es\u0151 nem okoz probl\u00e9m\u00e1t<\/h2>\n<p>Az \u00e1larcv\u00e9delmi szenzorok reag\u00e1lnak a fest\u00e9ksz\u00f3r\u00e1sra, de a hosszan tart\u00f3 er\u0151s es\u0151 zavarokat okozhat. A v\u00e9d\u0151burkolat meg\u00f3vja a MotionProtect Outdoor \u00e9rz\u00e9kel\u0151t vihar idej\u00e9n, megel\u0151zve a t\u00e9ves riaszt\u00e1sokat.<\/p>\n<p><img decoding=\"async\" loading=\"lazy\" class=\"aligncenter size-full wp-image-4253\" src=\"https:\/\/safeintel.hu\/wp-content\/uploads\/2023\/01\/hood-rain1@1x.jpg\" alt=\"\" width=\"960\" height=\"600\" srcset=\"https:\/\/safeintel.hu\/wp-content\/uploads\/2023\/01\/hood-rain1@1x.jpg 960w, https:\/\/safeintel.hu\/wp-content\/uploads\/2023\/01\/hood-rain1@1x-420x263.jpg 420w, https:\/\/safeintel.hu\/wp-content\/uploads\/2023\/01\/hood-rain1@1x-768x480.jpg 768w, https:\/\/safeintel.hu\/wp-content\/uploads\/2023\/01\/hood-rain1@1x-18x12.jpg 18w, https:\/\/safeintel.hu\/wp-content\/uploads\/2023\/01\/hood-rain1@1x-700x438.jpg 700w\" sizes=\"(max-width: 960px) 100vw, 960px\" \/><\/p>\n<p>&nbsp;<\/p>\n<h2>Nincs sz\u00fcks\u00e9g leszerel\u00e9sre<\/h2>\n<p>A v\u00e9d\u0151burkolat a MotionProtect Outdoor k\u00e9sz\u00fcl\u00e9kre szerelhet\u0151 an\u00e9lk\u00fcl, hogy az \u00e9rz\u00e9kel\u0151t le kellene szerelni a tart\u00f3r\u00f3l. A kieg\u00e9sz\u00edt\u0151 minden sz\u00fcks\u00e9ges szerel\u00e9si elemet tartalmaz.<\/p>\n<p>&nbsp;<\/p>\n<p><video loop=\"\" muted=\"\" playsinline=\"\" autoplay=\"\" tabindex=\"0\" class=\"\"><source data-src=\"https:\/\/ajax.systems\/wp-content\/themes\/ajax\/assets\/images\/template\/product\/hood\/hood-install.mp4\" type=\"video\/mp4\" src=\"https:\/\/ajax.systems\/wp-content\/themes\/ajax\/assets\/images\/template\/product\/hood\/hood-install.mp4\"><\/video><\/p>","protected":false},"excerpt":{"rendered":"<p>A MotionProtect Outdoor v\u00e9d\u0151burkolata meg\u00f3vja az \u00e1larcv\u00e9delmi rendszer szenzorait az es\u0151t\u0151l \u00e9s a h\u00f3t\u00f3l.<\/p>","protected":false},"featured_media":2624,"comment_status":"open","ping_status":"closed","template":"","meta":{"site-sidebar-layout":"default","site-content-layout":"default","ast-global-header-display":"","ast-main-header-display":"","ast-hfb-above-header-display":"","ast-hfb-below-header-display":"","ast-hfb-mobile-header-display":"","site-post-title":"","ast-breadcrumbs-content":"","ast-featured-img":"","footer-sml-layout":"","theme-transparent-header-meta":"default","adv-header-id-meta":"","stick-header-meta":"default","header-above-stick-meta":"","header-main-stick-meta":"","header-below-stick-meta":"","_themeisle_gutenberg_block_has_review":false},"product_cat":[95],"product_tag":[],"_links":{"self":[{"href":"https:\/\/safeintel.hu\/hu\/wp-json\/wp\/v2\/product\/2521"}],"collection":[{"href":"https:\/\/safeintel.hu\/hu\/wp-json\/wp\/v2\/product"}],"about":[{"href":"https:\/\/safeintel.hu\/hu\/wp-json\/wp\/v2\/types\/product"}],"replies":[{"embeddable":true,"href":"https:\/\/safeintel.hu\/hu\/wp-json\/wp\/v2\/comments?post=2521"}],"wp:featuredmedia":[{"embeddable":true,"href":"https:\/\/safeintel.hu\/hu\/wp-json\/wp\/v2\/media\/2624"}],"wp:attachment":[{"href":"https:\/\/safeintel.hu\/hu\/wp-json\/wp\/v2\/media?parent=2521"}],"wp:term":[{"taxonomy":"product_cat","embeddable":true,"href":"https:\/\/safeintel.hu\/hu\/wp-json\/wp\/v2\/product_cat?post=2521"},{"taxonomy":"product_tag","embeddable":true,"href":"https:\/\/safeintel.hu\/hu\/wp-json\/wp\/v2\/product_tag?post=2521"}],"curies":[{"name":"wp","href":"https:\/\/api.w.org\/{rel}","templated":true}]}}