{"id":4284,"date":"2023-01-31T14:44:10","date_gmt":"2023-01-31T11:44:10","guid":{"rendered":"https:\/\/safeintel.hu\/?post_type=product&#038;p=4284"},"modified":"2025-04-07T13:01:14","modified_gmt":"2025-04-07T11:01:14","slug":"ajax-lifequality","status":"publish","type":"product","link":"https:\/\/safeintel.hu\/hu\/products\/ajax-lifequality\/","title":{"rendered":"AJAX LifeQuality"},"content":{"rendered":"<h4 style=\"text-align: center;\"><span style=\"color: #1bae70;\"><strong>HAMAROSAN EL\u00c9RHET\u0150<\/strong><\/span><\/h4>\n<h2><\/h2>\n<h2>A termel\u00e9kenys\u00e9g v\u00e9delme<\/h2>\n<p>A rossz leveg\u0151min\u0151s\u00e9g eg\u00e9szs\u00e9g\u00fcgyi kock\u00e1zatot jelent \u00e9s cs\u00f6kkenti a termel\u00e9kenys\u00e9get. Bizony\u00edtott, hogy a magas sz\u00e9n-dioxid (CO2) koncentr\u00e1ci\u00f3 ap\u00e1ti\u00e1t \u00e9s \u00e1lmoss\u00e1got okoz, \u00e9s t\u00f6bb mint 50%-kal cs\u00f6kkenti a fontos d\u00f6nt\u00e9sek meghozatal\u00e1nak k\u00e9pess\u00e9g\u00e9t.<\/p>\n<p>A LifeQuality egy intelligens leveg\u0151min\u0151s\u00e9g-m\u00e9r\u0151, h\u0151m\u00e9rs\u00e9klet-, p\u00e1ratartalom- \u00e9s CO2-\u00e9rz\u00e9kel\u0151kkel, amely seg\u00edt \u00e9rt\u00e9kelni a leveg\u0151min\u0151s\u00e9g dinamik\u00e1j\u00e1t otthon, az irod\u00e1ban, a munkahelyen vagy b\u00e1rmely m\u00e1s helyis\u00e9gben. A felhaszn\u00e1l\u00f3k orvosi szint\u0171 m\u00e9r\u00e9si pontoss\u00e1got, \u00e1tfog\u00f3 alkalmaz\u00e1son bel\u00fcli inform\u00e1ci\u00f3kat \u00e9s automatiz\u00e1ci\u00f3s forgat\u00f3k\u00f6nyveket kapnak. Az Ajax rendszer a LifeQuality \u00e9s az automatiz\u00e1ci\u00f3s eszk\u00f6z\u00f6k seg\u00edts\u00e9g\u00e9vel bekapcsolja a szell\u0151ztet\u00e9st vagy a p\u00e1r\u00e1s\u00edt\u00f3t, ha a leveg\u0151min\u0151s\u00e9g mutat\u00f3i elt\u00e9rnek a k\u00e9nyelmes \u00e9rt\u00e9kekt\u0151l.<\/p>\n<ul>\n<li class=\"translation-block\"><strong>M\u00e9r:<\/strong>\u00a0Sz\u00e9n-dioxid, H\u0151m\u00e9rs\u00e9klet, P\u00e1ratartalom<\/li>\n<li class=\"translation-block\"><strong>Telep\u00edt\u00e9s:<\/strong> Mennyezetre, Falra, Asztalra<\/li>\n<li class=\"translation-block\"><strong>LED jelz\u00e9s<\/strong> a leveg\u0151min\u0151s\u00e9gr\u0151l<\/li>\n<li class=\"translation-block\"><strong>Nem diszperz\u00edv infrav\u00f6r\u00f6s \u00e9rz\u00e9kel\u0151<\/strong> a pontos CO2 m\u00e9r\u00e9shez.<\/li>\n<\/ul>\n<h2><\/h2>\n<h2 style=\"text-align: center;\">Monitoroz\u00e1s b\u00e1rhol<\/h2>\n<h3>Mag\u00e1nlak\u00e1s<\/h3>\n<p>Sz\u00e1mos mindennapi tev\u00e9kenys\u00e9g, p\u00e9ld\u00e1ul a takar\u00edt\u00e1s vagy az \u00e9telk\u00e9sz\u00edt\u00e9s, befoly\u00e1solhatja a leveg\u0151min\u0151s\u00e9get \u00e9s eg\u00e9szs\u00e9g\u00fcgyi probl\u00e9m\u00e1kat okozhat. A LifeQuality \u00e1tfog\u00f3 inform\u00e1ci\u00f3t ny\u00fajt a h\u0151m\u00e9rs\u00e9kletr\u0151l, p\u00e1ratartalomr\u00f3l \u00e9s CO2-r\u00f3l, \u00edgy k\u00f6nny\u0171 az optim\u00e1lis mikrokl\u00edm\u00e1t ellen\u0151rizni minden szob\u00e1ban, \u00e9s fenntartani speci\u00e1lis eg\u00e9szs\u00e9g\u00fcgyi \u00e1llapotok eset\u00e9n. Norm\u00e1lis h\u0151m\u00e9rs\u00e9kletet tartani a konyh\u00e1ban vagy friss leveg\u0151t a h\u00e1l\u00f3szob\u00e1ban alv\u00e1s el\u0151tt most olyan egyszer\u0171, mint l\u00e9legezni.<\/p>\n<h3><img decoding=\"async\" loading=\"lazy\" class=\"size-full wp-image-4289 aligncenter\" src=\"https:\/\/safeintel.hu\/wp-content\/uploads\/2023\/01\/lifeq_2.jpg\" alt=\"\" width=\"720\" height=\"450\" srcset=\"https:\/\/safeintel.hu\/wp-content\/uploads\/2023\/01\/lifeq_2.jpg 720w, https:\/\/safeintel.hu\/wp-content\/uploads\/2023\/01\/lifeq_2-420x263.jpg 420w, https:\/\/safeintel.hu\/wp-content\/uploads\/2023\/01\/lifeq_2-18x12.jpg 18w, https:\/\/safeintel.hu\/wp-content\/uploads\/2023\/01\/lifeq_2-700x438.jpg 700w\" sizes=\"(max-width: 720px) 100vw, 720px\" \/><\/h3>\n<p>&nbsp;<\/p>\n<h3><\/h3>\n<h3>Iroda<\/h3>\n<p>A sz\u00e9n-dioxid szintje er\u0151sen befoly\u00e1solja az agy m\u0171k\u00f6d\u00e9s\u00e9t, \u00e9s ez\u00e1ltal a termel\u00e9kenys\u00e9get. A LifeQuality kifejezetten az eg\u00e9szs\u00e9ges munkak\u00f6rnyezet biztos\u00edt\u00e1s\u00e1ra k\u00e9sz\u00fclt, hogy magas sz\u00ednvonal\u00fa teljes\u00edtm\u00e9nyt \u00e9rjenek el. Az Ajax automatiz\u00e1ci\u00f3s eszk\u00f6z\u00f6k \u00e9s forgat\u00f3k\u00f6nyvek seg\u00edts\u00e9g\u00e9vel k\u00f6nnyen \u00e9p\u00edthet\u0151 egy automatikus kl\u00edmaszab\u00e1lyoz\u00f3 rendszer, amely v\u00e9di a termel\u00e9kenys\u00e9get minden irodai t\u00e9rben.<\/p>\n<p><img decoding=\"async\" loading=\"lazy\" class=\"aligncenter size-full wp-image-4292\" src=\"https:\/\/safeintel.hu\/wp-content\/uploads\/2023\/01\/lifeq_5.jpg\" alt=\"\" width=\"720\" height=\"450\" srcset=\"https:\/\/safeintel.hu\/wp-content\/uploads\/2023\/01\/lifeq_5.jpg 720w, https:\/\/safeintel.hu\/wp-content\/uploads\/2023\/01\/lifeq_5-420x263.jpg 420w, https:\/\/safeintel.hu\/wp-content\/uploads\/2023\/01\/lifeq_5-18x12.jpg 18w, https:\/\/safeintel.hu\/wp-content\/uploads\/2023\/01\/lifeq_5-700x438.jpg 700w\" sizes=\"(max-width: 720px) 100vw, 720px\" \/><\/p>\n<p>&nbsp;<\/p>\n<h3>Gy\u00e1rt\u00f3helyek<\/h3>\n<p>A gy\u00e1rt\u00e1s olyan szabv\u00e1nyok szerint m\u0171k\u00f6dik, amelyek jelent\u0151s pontoss\u00e1got \u00e9s konzisztenci\u00e1t ig\u00e9nyelnek minden, a folyamatban r\u00e9szt vev\u0151 rendszer eset\u00e9ben. A mikrokl\u00edma d\u00f6nt\u0151 jelent\u0151s\u00e9g\u0171 a biztons\u00e1g \u00e9s a gy\u00e1rt\u00e1si min\u0151s\u00e9g szempontj\u00e1b\u00f3l, ez\u00e9rt mutat\u00f3inak meg kell felelni\u00fck. A LifeQuality \u00e9rz\u00e9kel\u0151k k\u00e9szen \u00e1llnak arra, hogy r\u00e9szei legyenek egy nagy kl\u00edmaszab\u00e1lyoz\u00f3 rendszernek, kihaszn\u00e1lva az Ajax technol\u00f3gi\u00e1k legjobbjait a hossz\u00fa t\u00e1v\u00fa kommunik\u00e1ci\u00f3 \u00e9s a kiv\u00e1l\u00f3 akkumul\u00e1tor-\u00e9lettartam ter\u00e9n.<\/p>\n<p><img decoding=\"async\" loading=\"lazy\" class=\"aligncenter size-full wp-image-4288\" src=\"https:\/\/safeintel.hu\/wp-content\/uploads\/2023\/01\/lifeq_1.jpg\" alt=\"\" width=\"720\" height=\"450\" srcset=\"https:\/\/safeintel.hu\/wp-content\/uploads\/2023\/01\/lifeq_1.jpg 720w, https:\/\/safeintel.hu\/wp-content\/uploads\/2023\/01\/lifeq_1-420x263.jpg 420w, https:\/\/safeintel.hu\/wp-content\/uploads\/2023\/01\/lifeq_1-18x12.jpg 18w, https:\/\/safeintel.hu\/wp-content\/uploads\/2023\/01\/lifeq_1-700x438.jpg 700w\" sizes=\"(max-width: 720px) 100vw, 720px\" \/><\/p>\n<p>&nbsp;<\/p>\n<h3>\u00d3voda \u00e9s iskola<\/h3>\n<p>A szennyezett leveg\u0151 meglehet\u0151sen k\u00e1ros lehet \u00e9s befoly\u00e1solhatja a gyermekek fejl\u0151d\u00e9s\u00e9t az akt\u00edv n\u00f6veked\u00e9s sor\u00e1n. Hat\u00e1ssal van a tanul\u00e1si folyamatra, fokozva a f\u00e1radts\u00e1got, figyelemzavart, l\u00e9g\u00fati betegs\u00e9geket \u00e9s asztm\u00e1t. A LifeQuality \u00e9rz\u00e9kel\u0151k \u00e9s az Ajax automatiz\u00e1ci\u00f3s eszk\u00f6z\u00f6k, kombin\u00e1lva az HVAC rendszerrel, n\u00f6velhetik a di\u00e1kok \u00e9s tan\u00e1rok j\u00f3l\u00e9t\u00e9t. Ek\u00f6zben az Ajax alkalmaz\u00e1sok azonnali \u00e9rtes\u00edt\u00e9seket \u00e9s \u00e1tfog\u00f3 adatokat ny\u00fajtanak.<\/p>\n<p><img decoding=\"async\" loading=\"lazy\" class=\"aligncenter size-full wp-image-4290\" src=\"https:\/\/safeintel.hu\/wp-content\/uploads\/2023\/01\/lifeq_3.jpg\" alt=\"\" width=\"720\" height=\"450\" srcset=\"https:\/\/safeintel.hu\/wp-content\/uploads\/2023\/01\/lifeq_3.jpg 720w, https:\/\/safeintel.hu\/wp-content\/uploads\/2023\/01\/lifeq_3-420x263.jpg 420w, https:\/\/safeintel.hu\/wp-content\/uploads\/2023\/01\/lifeq_3-18x12.jpg 18w, https:\/\/safeintel.hu\/wp-content\/uploads\/2023\/01\/lifeq_3-700x438.jpg 700w\" sizes=\"(max-width: 720px) 100vw, 720px\" \/><\/p>\n<p>&nbsp;<\/p>\n<h3>Pince \u00e9s f\u00f6ldalatti l\u00e9tes\u00edtm\u00e9ny<\/h3>\n<p>A pinc\u00e9k karbantart\u00e1s\u00e1nak eszk\u00f6zek\u00e9nt a LifeQuality megakad\u00e1lyozza a kondenz\u00e1ci\u00f3t \u00e9s a pen\u00e9sz kialakul\u00e1s\u00e1t a p\u00e1ratartalom \u00e9s h\u0151m\u00e9rs\u00e9klet szintj\u00e9nek monitoroz\u00e1s\u00e1val. A szell\u0151ztet\u0151rendszer \u00e9s a p\u00e1ramentes\u00edt\u0151 integr\u00e1lhat\u00f3, \u00e9s automatikusan reag\u00e1lhat a LifeQuality m\u00e9r\u00e9sekre.<\/p>\n<p><img decoding=\"async\" loading=\"lazy\" class=\"aligncenter size-full wp-image-4293\" src=\"https:\/\/safeintel.hu\/wp-content\/uploads\/2023\/01\/lifeq_6.jpg\" alt=\"\" width=\"720\" height=\"450\" srcset=\"https:\/\/safeintel.hu\/wp-content\/uploads\/2023\/01\/lifeq_6.jpg 720w, https:\/\/safeintel.hu\/wp-content\/uploads\/2023\/01\/lifeq_6-420x263.jpg 420w, https:\/\/safeintel.hu\/wp-content\/uploads\/2023\/01\/lifeq_6-18x12.jpg 18w, https:\/\/safeintel.hu\/wp-content\/uploads\/2023\/01\/lifeq_6-700x438.jpg 700w\" sizes=\"(max-width: 720px) 100vw, 720px\" \/><\/p>\n<p>&nbsp;<\/p>\n<h3>Bolt<\/h3>\n<p>Figyelje \u00e9s tartson fenn ide\u00e1lis t\u00e1rol\u00e1si k\u00f6r\u00fclm\u00e9nyeket \u00e9lelmiszerek, vir\u00e1gok vagy gy\u00f3gyszerek sz\u00e1m\u00e1ra. A LifeQuality biztos\u00edtja az \u00f6sszes term\u00e9k frissess\u00e9g\u00e9t \u00e9s megfelel\u0151 t\u00e1rol\u00e1s\u00e1t, pontos m\u00e9r\u00e9seket ny\u00fajtva elt\u00e9r\u00e9sek n\u00e9lk\u00fcl. Teremtsen biztons\u00e1gos munkak\u00f6rnyezetet a szem\u00e9lyzet sz\u00e1m\u00e1ra, \u00e9s tartsa fenn a k\u00e9nyelmes kl\u00edm\u00e1t a v\u00e1s\u00e1rl\u00e1shoz.<\/p>\n<p><img decoding=\"async\" loading=\"lazy\" class=\"aligncenter size-full wp-image-4291\" src=\"https:\/\/safeintel.hu\/wp-content\/uploads\/2023\/01\/lifeq_4.jpg\" alt=\"\" width=\"720\" height=\"450\" srcset=\"https:\/\/safeintel.hu\/wp-content\/uploads\/2023\/01\/lifeq_4.jpg 720w, https:\/\/safeintel.hu\/wp-content\/uploads\/2023\/01\/lifeq_4-420x263.jpg 420w, https:\/\/safeintel.hu\/wp-content\/uploads\/2023\/01\/lifeq_4-18x12.jpg 18w, https:\/\/safeintel.hu\/wp-content\/uploads\/2023\/01\/lifeq_4-700x438.jpg 700w\" sizes=\"(max-width: 720px) 100vw, 720px\" \/><\/p>\n<h2><\/h2>\n<h2>Mozg\u00e1st\u00e9r<\/h2>\n<p>A LifeQuality k\u00f6nnyen hordozhat\u00f3, \u00edgy figyelemmel k\u00eds\u00e9rheti a leveg\u0151 min\u0151s\u00e9g\u00e9t egy hotelszob\u00e1ban, egy bar\u00e1tja otthon\u00e1ban vagy ak\u00e1r egy mozg\u00f3 aut\u00f3ban is. A LED-jelz\u00e9s mindenhol t\u00e1j\u00e9koztat a vesz\u00e9lyes leveg\u0151min\u0151s\u00e9gr\u0151l, ahov\u00e1 az \u00e9rz\u00e9kel\u0151t viszi. A be\u00e9p\u00edtett mem\u00f3ria lehet\u0151v\u00e9 teszi a m\u00e9r\u00e9sek ak\u00e1r 72 \u00f3r\u00e1s t\u00e1rol\u00e1s\u00e1t a hubbal vagy a jeltov\u00e1bb\u00edt\u00f3val val\u00f3 kommunik\u00e1ci\u00f3 n\u00e9lk\u00fcl. Amint a kapcsolat helyre\u00e1ll, az \u00f6sszes adat elk\u00fcld\u00e9sre ker\u00fcl az Ajax alkalmaz\u00e1sokba, \u00e9s szinkroniz\u00e1l\u00f3dik a grafikonokkal.<\/p>\n<ul>\n<li>LED-jelz\u00e9s<\/li>\n<li>72 \u00f3r\u00e1s biztons\u00e1gi mem\u00f3ria<\/li>\n<li>R\u00e9szletes el\u0151zm\u00e9nyek az alkalmaz\u00e1sban<\/li>\n<\/ul>\n<p>&nbsp;<\/p>\n<p>* A LifeQuality m\u0171k\u00f6d\u00e9s\u00e9hez Hub 2, Hub 2 Plus vagy Hub Hybrid sz\u00fcks\u00e9ges. Az eszk\u00f6z kompatibilis a ReX 2 r\u00e1di\u00f3jel-hat\u00f3t\u00e1vn\u00f6vel\u0151vel is.<\/p>","protected":false},"excerpt":{"rendered":"<p>Intelligens leveg\u0151min\u0151s\u00e9g-\u00e9rz\u00e9kel\u0151. H\u0151m\u00e9rs\u00e9klet, p\u00e1ratartalom \u00e9s CO\u2082 monitoroz\u00e1s.<sub>2<\/sub> monitor.<\/p>","protected":false},"featured_media":4294,"comment_status":"closed","ping_status":"closed","template":"","meta":{"site-sidebar-layout":"default","site-content-layout":"default","ast-global-header-display":"","ast-main-header-display":"","ast-hfb-above-header-display":"","ast-hfb-below-header-display":"","ast-hfb-mobile-header-display":"","site-post-title":"","ast-breadcrumbs-content":"","ast-featured-img":"","footer-sml-layout":"","theme-transparent-header-meta":"default","adv-header-id-meta":"","stick-header-meta":"default","header-above-stick-meta":"","header-main-stick-meta":"","header-below-stick-meta":"","_themeisle_gutenberg_block_has_review":false},"product_cat":[98],"product_tag":[117,118],"_links":{"self":[{"href":"https:\/\/safeintel.hu\/hu\/wp-json\/wp\/v2\/product\/4284"}],"collection":[{"href":"https:\/\/safeintel.hu\/hu\/wp-json\/wp\/v2\/product"}],"about":[{"href":"https:\/\/safeintel.hu\/hu\/wp-json\/wp\/v2\/types\/product"}],"replies":[{"embeddable":true,"href":"https:\/\/safeintel.hu\/hu\/wp-json\/wp\/v2\/comments?post=4284"}],"wp:featuredmedia":[{"embeddable":true,"href":"https:\/\/safeintel.hu\/hu\/wp-json\/wp\/v2\/media\/4294"}],"wp:attachment":[{"href":"https:\/\/safeintel.hu\/hu\/wp-json\/wp\/v2\/media?parent=4284"}],"wp:term":[{"taxonomy":"product_cat","embeddable":true,"href":"https:\/\/safeintel.hu\/hu\/wp-json\/wp\/v2\/product_cat?post=4284"},{"taxonomy":"product_tag","embeddable":true,"href":"https:\/\/safeintel.hu\/hu\/wp-json\/wp\/v2\/product_tag?post=4284"}],"curies":[{"name":"wp","href":"https:\/\/api.w.org\/{rel}","templated":true}]}}