{"id":4686,"date":"2023-02-03T14:19:05","date_gmt":"2023-02-03T11:19:05","guid":{"rendered":"https:\/\/safeintel.hu\/?post_type=product&#038;p=4686"},"modified":"2025-04-07T13:01:14","modified_gmt":"2025-04-07T11:01:14","slug":"ajax-waterstop","status":"publish","type":"product","link":"https:\/\/safeintel.hu\/hu\/products\/ajax-waterstop\/","title":{"rendered":"AJAX WaterStop"},"content":{"rendered":"<h4 style=\"text-align: center;\"><span style=\"color: #1bae70;\"><strong>HAMAROSAN EL\u00c9RHET\u0150<\/strong><\/span><\/h4>\n<h2>Egy csepp probl\u00e9ma sincs<\/h2>\n<p>A WaterStop lehet\u0151v\u00e9 teszi a v\u00edzell\u00e1t\u00e1s t\u00e1voli elz\u00e1r\u00e1s\u00e1t az Ajax biztons\u00e1gi rendszerrel felszerelt helyis\u00e9gekben. Az eszk\u00f6z kiv\u00e1l\u00f3 min\u0151s\u00e9g\u0171 szelepet \u00e9s er\u0151s elektromos meghajt\u00f3t kombin\u00e1l egy vez\u00e9rl\u0151egys\u00e9ggel, amely az Ajax hubhoz csatlakozik a titkos\u00edtott Jeweller r\u00e1di\u00f3protokollon kereszt\u00fcl. A WaterStop vez\u00e9rl\u00e9se a vil\u00e1g b\u00e1rmely pontj\u00e1r\u00f3l el\u00e9rhet\u0151. Ellen\u0151rizheti az eszk\u00f6z \u00e1llapot\u00e1t \u00e9s m\u00f3dos\u00edthatja a szelep helyzet\u00e9t b\u00e1rmikor \u2013 mind\u00f6ssze internetkapcsolatra \u00e9s az Ajax alkalmaz\u00e1sra van sz\u00fcks\u00e9ge.<\/p>\n<p>Ha a LeaksProtect vagy egy m\u00e1sik v\u00edzsziv\u00e1rg\u00e1s-\u00e9rz\u00e9kel\u0151 m\u0171k\u00f6d\u00e9sbe l\u00e9p, a WaterStop automatikusan elz\u00e1rja a vizet 5 m\u00e1sodperc alatt. Ezzel egy id\u0151ben az \u00f6sszes Ajax-felhaszn\u00e1l\u00f3 \u00e9s a biztons\u00e1gi szolg\u00e1ltat\u00f3 \u00e9rtes\u00edt\u00e9st kap a riaszt\u00e1sr\u00f3l \u00e9s a forgat\u00f3k\u00f6nyv aktiv\u00e1l\u00e1s\u00e1r\u00f3l. A v\u00edzsziv\u00e1rg\u00e1s elleni forgat\u00f3k\u00f6nyv mellett be\u00e1ll\u00edthat\u00f3, hogy a rendszer adott id\u0151ben vagy a biztons\u00e1gi rendszer bekapcsol\u00e1sakor z\u00e1rja el a vizet.<\/p>\n<ul>\n<li>Kompatibilis hideg- \u00e9s melegv\u00edz-cs\u00f6vekkel<\/li>\n<li>4 k\u00fcl\u00f6nb\u00f6z\u0151 szerel\u00e9si poz\u00edci\u00f3<\/li>\n<li>V\u00edzlez\u00e1r\u00e1s 5 m\u00e1sodperc alatt<\/li>\n<li>Bonomi szelep mell\u00e9kelve (ISO 5211 szabv\u00e1ny, 1\/2\", 3\/4\", 1\")<\/li>\n<li>Elektromos meghajt\u00f3 v\u00e9delme az illet\u00e9ktelen leszerel\u00e9s ellen<\/li>\n<li>K\u00e9zi z\u00e1r\u00f3gomb \u00e9s kar<\/li>\n<\/ul>\n<p><img decoding=\"async\" loading=\"lazy\" class=\"aligncenter size-full wp-image-4695\" src=\"https:\/\/safeintel.hu\/wp-content\/uploads\/2023\/02\/water_stop_6.jpg\" alt=\"\" width=\"993\" height=\"544\" srcset=\"https:\/\/safeintel.hu\/wp-content\/uploads\/2023\/02\/water_stop_6.jpg 993w, https:\/\/safeintel.hu\/wp-content\/uploads\/2023\/02\/water_stop_6-420x230.jpg 420w, https:\/\/safeintel.hu\/wp-content\/uploads\/2023\/02\/water_stop_6-768x421.jpg 768w, https:\/\/safeintel.hu\/wp-content\/uploads\/2023\/02\/water_stop_6-18x10.jpg 18w, https:\/\/safeintel.hu\/wp-content\/uploads\/2023\/02\/water_stop_6-700x383.jpg 700w\" sizes=\"(max-width: 993px) 100vw, 993px\" \/><\/p>\n<p>&nbsp;<\/p>\n<h2 style=\"text-align: center;\">WaterStop m\u0171k\u00f6d\u00e9s k\u00f6zben<\/h2>\n<p>&nbsp;<\/p>\n<p style=\"text-align: center;\"><iframe loading=\"lazy\" title=\"YouTube video player\" src=\"https:\/\/www.youtube.com\/embed\/a8jo0k222Qk?controls=0\" width=\"900\" height=\"450\" frameborder=\"0\" allowfullscreen=\"allowfullscreen\"><\/iframe><\/p>\n<p>&nbsp;<\/p>\n<h2 style=\"text-align: left;\">A WaterStop egy t\u00e1volr\u00f3l vez\u00e9relhet\u0151 v\u00edzelz\u00e1r\u00f3 szelep az Ajax-t\u00f3l.<\/h2>\n<p style=\"text-align: left;\">Az eszk\u00f6z egy kiv\u00e1l\u00f3 min\u0151s\u00e9g\u0171 Bonomi szelepb\u0151l \u00e9s egy elektromos meghajt\u00f3b\u00f3l \u00e1ll, amely a vez\u00e9rl\u0151egys\u00e9ghez csatlakozik. A WaterStop a biztons\u00e1gi rendszerhez a biztons\u00e1gos Jeweller vezet\u00e9k n\u00e9lk\u00fcli protokollon kereszt\u00fcl kapcsol\u00f3dik. Az internetkapcsolatnak k\u00f6sz\u00f6nhet\u0151en a vil\u00e1g b\u00e1rmely pontj\u00e1r\u00f3l vez\u00e9relhet\u0151.\n\nA WaterStop automatikusan elz\u00e1rja a vizet 5 m\u00e1sodperccel azut\u00e1n, hogy a LeaksProtect vagy egy m\u00e1sik v\u00edzsziv\u00e1rg\u00e1s-\u00e9rz\u00e9kel\u0151 riaszt\u00e1st \u00e9szlel. A riaszt\u00e1s pillanat\u00e1ban az \u00f6sszes csatlakoztatott felhaszn\u00e1l\u00f3 \u00e9s a biztons\u00e1gi szolg\u00e1ltat\u00f3 \u00e9rtes\u00edt\u00e9st kap a riaszt\u00e1sr\u00f3l \u00e9s a forgat\u00f3k\u00f6nyv aktiv\u00e1l\u00e1s\u00e1r\u00f3l. A sziv\u00e1rg\u00e1s elleni v\u00e9delem mellett a rendszer lehet\u0151v\u00e9 teszi a v\u00edzelz\u00e1r\u00e1s id\u0151z\u00edt\u00e9s\u00e9t vagy az automatikus aktiv\u00e1l\u00e1s\u00e1t a biztons\u00e1gi rendszer \u00e9les\u00edt\u00e9sekor.<\/p>\n<p>&nbsp;<\/p>\n<p><img decoding=\"async\" loading=\"lazy\" class=\"aligncenter size-full wp-image-4696\" src=\"https:\/\/safeintel.hu\/wp-content\/uploads\/2023\/02\/water_stop_7.jpg\" alt=\"\" width=\"993\" height=\"544\" srcset=\"https:\/\/safeintel.hu\/wp-content\/uploads\/2023\/02\/water_stop_7.jpg 993w, https:\/\/safeintel.hu\/wp-content\/uploads\/2023\/02\/water_stop_7-420x230.jpg 420w, https:\/\/safeintel.hu\/wp-content\/uploads\/2023\/02\/water_stop_7-768x421.jpg 768w, https:\/\/safeintel.hu\/wp-content\/uploads\/2023\/02\/water_stop_7-18x10.jpg 18w, https:\/\/safeintel.hu\/wp-content\/uploads\/2023\/02\/water_stop_7-700x383.jpg 700w\" sizes=\"(max-width: 993px) 100vw, 993px\" \/><\/p>","protected":false},"excerpt":{"rendered":"<p>T\u00e1volr\u00f3l vez\u00e9relhet\u0151 v\u00edzelz\u00e1r\u00f3 szelep<\/p>","protected":false},"featured_media":4690,"comment_status":"closed","ping_status":"closed","template":"","meta":{"site-sidebar-layout":"default","site-content-layout":"default","ast-global-header-display":"","ast-main-header-display":"","ast-hfb-above-header-display":"","ast-hfb-below-header-display":"","ast-hfb-mobile-header-display":"","site-post-title":"","ast-breadcrumbs-content":"","ast-featured-img":"","footer-sml-layout":"","theme-transparent-header-meta":"default","adv-header-id-meta":"","stick-header-meta":"default","header-above-stick-meta":"","header-main-stick-meta":"","header-below-stick-meta":"","_themeisle_gutenberg_block_has_review":false},"product_cat":[97],"product_tag":[],"_links":{"self":[{"href":"https:\/\/safeintel.hu\/hu\/wp-json\/wp\/v2\/product\/4686"}],"collection":[{"href":"https:\/\/safeintel.hu\/hu\/wp-json\/wp\/v2\/product"}],"about":[{"href":"https:\/\/safeintel.hu\/hu\/wp-json\/wp\/v2\/types\/product"}],"replies":[{"embeddable":true,"href":"https:\/\/safeintel.hu\/hu\/wp-json\/wp\/v2\/comments?post=4686"}],"wp:featuredmedia":[{"embeddable":true,"href":"https:\/\/safeintel.hu\/hu\/wp-json\/wp\/v2\/media\/4690"}],"wp:attachment":[{"href":"https:\/\/safeintel.hu\/hu\/wp-json\/wp\/v2\/media?parent=4686"}],"wp:term":[{"taxonomy":"product_cat","embeddable":true,"href":"https:\/\/safeintel.hu\/hu\/wp-json\/wp\/v2\/product_cat?post=4686"},{"taxonomy":"product_tag","embeddable":true,"href":"https:\/\/safeintel.hu\/hu\/wp-json\/wp\/v2\/product_tag?post=4686"}],"curies":[{"name":"wp","href":"https:\/\/api.w.org\/{rel}","templated":true}]}}