{"id":4793,"date":"2023-02-03T18:41:24","date_gmt":"2023-02-03T15:41:24","guid":{"rendered":"https:\/\/safeintel.hu\/?post_type=product&#038;p=4793"},"modified":"2025-04-07T13:01:16","modified_gmt":"2025-04-07T11:01:16","slug":"fireprotect-2-heat-smoke","status":"publish","type":"product","link":"https:\/\/safeintel.hu\/hu\/products\/fireprotect-2-heat-smoke\/","title":{"rendered":"FireProtect 2 (Heat\/Smoke)"},"content":{"rendered":"<h4 style=\"text-align: center;\"><span style=\"color: #1bae70;\"><strong>HAMAROSAN EL\u00c9RHET\u0150<\/strong><\/span><\/h4>\n<ul>\n<li><strong>\u00c9rz\u00e9kel\u0151k: h\u0151m\u00e9rs\u00e9klet, f\u00fcst<\/strong><\/li>\n<li>K\u00e9tspektrumos optikai f\u00fcst\u00e9rz\u00e9kel\u0151 a t\u00e9ves riaszt\u00e1sok kisz\u0171r\u00e9s\u00e9re<\/li>\n<li>Por\u00e1ll\u00f3 f\u00fcstkamra, amely a rovarok sz\u00e1m\u00e1ra \u00e1thatolhatatlan<\/li>\n<\/ul>\n<p><img decoding=\"async\" loading=\"lazy\" class=\"aligncenter wp-image-4772 size-full\" src=\"https:\/\/safeintel.hu\/wp-content\/uploads\/2023\/02\/fire2_2.jpg\" alt=\"\" width=\"993\" height=\"544\" srcset=\"https:\/\/safeintel.hu\/wp-content\/uploads\/2023\/02\/fire2_2.jpg 993w, https:\/\/safeintel.hu\/wp-content\/uploads\/2023\/02\/fire2_2-420x230.jpg 420w, https:\/\/safeintel.hu\/wp-content\/uploads\/2023\/02\/fire2_2-768x421.jpg 768w, https:\/\/safeintel.hu\/wp-content\/uploads\/2023\/02\/fire2_2-18x10.jpg 18w, https:\/\/safeintel.hu\/wp-content\/uploads\/2023\/02\/fire2_2-700x383.jpg 700w\" sizes=\"(max-width: 993px) 100vw, 993px\" \/><\/p>\n<p>&nbsp;<\/p>\n<h2>Pontoss\u00e1g g\u0151z\u00f6n, poron \u00e9s id\u0151n kereszt\u00fcl<\/h2>\n<p>A FireProtect 2 egy \u00faj gener\u00e1ci\u00f3s \u00e9rz\u00e9kel\u0151, amelyet lak\u00f3helyis\u00e9gek t\u0171zv\u00e9delm\u00e9re terveztek. Az egyed\u00fcl\u00e1ll\u00f3 f\u00fcstkamra nem ig\u00e9nyel rendszeres tiszt\u00edt\u00e1st, a k\u00e9tspektrumos szenzor megk\u00fcl\u00f6nb\u00f6zteti a f\u00fcst\u00f6t a g\u0151zt\u0151l, a termisztor pedig gyorsan reag\u00e1l a szintetikus anyagok \u00e9g\u00e9s\u00e9re, m\u00edg a k\u00e9nyelmes szoftver minimaliz\u00e1lja a t\u00e9ves riaszt\u00e1sokat. Az \u00e9rz\u00e9kel\u0151 \u00e1tgondolt kialak\u00edt\u00e1ssal \u00e9s r\u00f6gz\u00edt\u00e9ssel rendelkezik, amely az okostelefonos be\u00e1ll\u00edt\u00e1sokkal kombin\u00e1lva egyszer\u0171 \u00e9s gyors telep\u00edt\u00e9st biztos\u00edt. Mindez megfelel a legmodernebb t\u0171zbiztons\u00e1gi el\u0151\u00edr\u00e1soknak.<\/p>\n<ul>\n<li>\u00d6sszekapcsolt riaszt\u00e1s 20 m\u00e1sodperc alatt<\/li>\n<li>SmartBracket \u00e1ll\u00edthat\u00f3 forg\u00e1ssz\u00f6ggel<\/li>\n<li>Be\u00e9p\u00edtett 85 dB-es hangjelz\u0151<\/li>\n<li>Ak\u00e1r 1700 m kommunik\u00e1ci\u00f3s hat\u00f3t\u00e1v az Ajax k\u00f6zponttal<\/li>\n<\/ul>\n<p>&nbsp;<\/p>\n<h2>K\u00fcl\u00f6nb\u00f6z\u0151 t\u00edpus\u00fa akkumul\u00e1torral rendelkez\u0151 verzi\u00f3k<\/h2>\n<ul>\n<li>Cser\u00e9lhet\u0151 (RB) \u2013 ak\u00e1r 7 \u00e9v akkumul\u00e1tor-\u00e9lettartam<\/li>\n<li>Lez\u00e1rt (SB) \u2013 ak\u00e1r 10 \u00e9v akkumul\u00e1tor-\u00e9lettartam<\/li>\n<\/ul>\n<p><img decoding=\"async\" loading=\"lazy\" class=\"aligncenter size-full wp-image-4777\" src=\"https:\/\/safeintel.hu\/wp-content\/uploads\/2023\/02\/fire2_7.jpg\" alt=\"\" width=\"993\" height=\"544\" srcset=\"https:\/\/safeintel.hu\/wp-content\/uploads\/2023\/02\/fire2_7.jpg 993w, https:\/\/safeintel.hu\/wp-content\/uploads\/2023\/02\/fire2_7-420x230.jpg 420w, https:\/\/safeintel.hu\/wp-content\/uploads\/2023\/02\/fire2_7-768x421.jpg 768w, https:\/\/safeintel.hu\/wp-content\/uploads\/2023\/02\/fire2_7-18x10.jpg 18w, https:\/\/safeintel.hu\/wp-content\/uploads\/2023\/02\/fire2_7-700x383.jpg 700w\" sizes=\"(max-width: 993px) 100vw, 993px\" \/><\/p>\n<h2 style=\"text-align: center;\">FireProtect 2 r\u00e9szletesen<\/h2>\n<p>&nbsp;<\/p>\n<p style=\"text-align: center;\"><iframe loading=\"lazy\" title=\"YouTube video player\" src=\"https:\/\/www.youtube.com\/embed\/-wVQDdkJBfc?controls=0\" width=\"900\" height=\"450\" frameborder=\"0\" allowfullscreen=\"allowfullscreen\"><span data-mce-type=\"bookmark\" style=\"display: inline-block; width: 0px; overflow: hidden; line-height: 0;\" class=\"mce_SELRES_start\"><\/span><\/iframe><\/p>","protected":false},"excerpt":{"rendered":"<p>Vezet\u00e9k n\u00e9lk\u00fcli f\u00fcst- \u00e9s h\u0151\u00e9rz\u00e9kel\u0151<\/p>","protected":false},"featured_media":4779,"comment_status":"closed","ping_status":"closed","template":"","meta":{"site-sidebar-layout":"default","site-content-layout":"default","ast-global-header-display":"","ast-main-header-display":"","ast-hfb-above-header-display":"","ast-hfb-below-header-display":"","ast-hfb-mobile-header-display":"","site-post-title":"","ast-breadcrumbs-content":"","ast-featured-img":"","footer-sml-layout":"","theme-transparent-header-meta":"default","adv-header-id-meta":"","stick-header-meta":"default","header-above-stick-meta":"","header-main-stick-meta":"","header-below-stick-meta":"","_themeisle_gutenberg_block_has_review":false},"product_cat":[96],"product_tag":[137],"_links":{"self":[{"href":"https:\/\/safeintel.hu\/hu\/wp-json\/wp\/v2\/product\/4793"}],"collection":[{"href":"https:\/\/safeintel.hu\/hu\/wp-json\/wp\/v2\/product"}],"about":[{"href":"https:\/\/safeintel.hu\/hu\/wp-json\/wp\/v2\/types\/product"}],"replies":[{"embeddable":true,"href":"https:\/\/safeintel.hu\/hu\/wp-json\/wp\/v2\/comments?post=4793"}],"wp:featuredmedia":[{"embeddable":true,"href":"https:\/\/safeintel.hu\/hu\/wp-json\/wp\/v2\/media\/4779"}],"wp:attachment":[{"href":"https:\/\/safeintel.hu\/hu\/wp-json\/wp\/v2\/media?parent=4793"}],"wp:term":[{"taxonomy":"product_cat","embeddable":true,"href":"https:\/\/safeintel.hu\/hu\/wp-json\/wp\/v2\/product_cat?post=4793"},{"taxonomy":"product_tag","embeddable":true,"href":"https:\/\/safeintel.hu\/hu\/wp-json\/wp\/v2\/product_tag?post=4793"}],"curies":[{"name":"wp","href":"https:\/\/api.w.org\/{rel}","templated":true}]}}