{"id":4804,"date":"2023-02-03T18:49:38","date_gmt":"2023-02-03T15:49:38","guid":{"rendered":"https:\/\/safeintel.hu\/?post_type=product&#038;p=4804"},"modified":"2025-04-07T13:01:16","modified_gmt":"2025-04-07T11:01:16","slug":"fireprotect-2-rb-heat","status":"publish","type":"product","link":"https:\/\/safeintel.hu\/hu\/products\/fireprotect-2-rb-heat\/","title":{"rendered":"FireProtect 2 RB (Heat)"},"content":{"rendered":"<h4 style=\"text-align: center;\"><span style=\"color: #1bae70;\"><strong>HAMAROSAN EL\u00c9RHET\u0150<\/strong><\/span><\/h4>\n<ul>\n<li><strong>\u00c9rz\u00e9kel\u0151k: h\u0151m\u00e9rs\u00e9klet<\/strong><\/li>\n<li>Ak\u00e1r 7 \u00e9v m\u0171k\u00f6d\u00e9s cser\u00e9lhet\u0151 akkumul\u00e1torokkal<\/li>\n<\/ul>\n<p><img decoding=\"async\" loading=\"lazy\" class=\"aligncenter wp-image-4774 size-full\" src=\"https:\/\/safeintel.hu\/wp-content\/uploads\/2023\/02\/fire2_4.jpg\" alt=\"\" width=\"993\" height=\"544\" srcset=\"https:\/\/safeintel.hu\/wp-content\/uploads\/2023\/02\/fire2_4.jpg 993w, https:\/\/safeintel.hu\/wp-content\/uploads\/2023\/02\/fire2_4-420x230.jpg 420w, https:\/\/safeintel.hu\/wp-content\/uploads\/2023\/02\/fire2_4-768x421.jpg 768w, https:\/\/safeintel.hu\/wp-content\/uploads\/2023\/02\/fire2_4-18x10.jpg 18w, https:\/\/safeintel.hu\/wp-content\/uploads\/2023\/02\/fire2_4-700x383.jpg 700w\" sizes=\"(max-width: 993px) 100vw, 993px\" \/><\/p>\n<p>&nbsp;<\/p>\n<h2>A j\u00f6v\u0151 t\u0171zv\u00e9delmi szabv\u00e1nya<\/h2>\n<p>A FireProtect 2 egy \u00faj gener\u00e1ci\u00f3s \u00e9rz\u00e9kel\u0151, amely hat\u00e9kony t\u0171z\u00e9rz\u00e9kel\u00e9st biztos\u00edt. K\u00fcls\u0151leg az \u00e9rz\u00e9kel\u0151 k\u00e9t termisztort tartalmaz, amelyek gyorsan \u00e9rz\u00e9kelik a h\u0151m\u00e9rs\u00e9klet-emelked\u00e9st. A gondosan kifejlesztett szoftver v\u00e9di a t\u00e9ves riaszt\u00e1sokt\u00f3l, \u00e9s biztos\u00edtja az \u00f6sszes t\u0171z\u00e9rz\u00e9kel\u0151 szinkron riaszt\u00e1s\u00e1t az objektumon mind\u00f6ssze 20 m\u00e1sodperc alatt. Ez t\u00f6bb, mint amit a modern t\u0171zbiztons\u00e1gi szabv\u00e1nyok el\u0151\u00edrnak. A SmartBracket r\u00f6gz\u00edt\u0151panel az alkalmaz\u00e1sban tal\u00e1lhat\u00f3 be\u00e1ll\u00edt\u00e1sokkal kombin\u00e1lva egyszer\u0171 \u00e9s gyors telep\u00edt\u00e9st biztos\u00edt.<\/p>\n<ul>\n<li>\u00d6sszekapcsolt riaszt\u00e1s 20 m\u00e1sodperc alatt<\/li>\n<li>SmartBracket \u00e1ll\u00edthat\u00f3 forg\u00e1ssz\u00f6ggel<\/li>\n<li>Be\u00e9p\u00edtett 85 dB-es hangjelz\u0151<\/li>\n<li>Ak\u00e1r 1700 m kommunik\u00e1ci\u00f3s hat\u00f3t\u00e1v az Ajax k\u00f6zponttal<\/li>\n<\/ul>\n<p><img decoding=\"async\" loading=\"lazy\" class=\"aligncenter size-full wp-image-4776\" src=\"https:\/\/safeintel.hu\/wp-content\/uploads\/2023\/02\/fire2_6.jpg\" alt=\"\" width=\"993\" height=\"544\" srcset=\"https:\/\/safeintel.hu\/wp-content\/uploads\/2023\/02\/fire2_6.jpg 993w, https:\/\/safeintel.hu\/wp-content\/uploads\/2023\/02\/fire2_6-420x230.jpg 420w, https:\/\/safeintel.hu\/wp-content\/uploads\/2023\/02\/fire2_6-768x421.jpg 768w, https:\/\/safeintel.hu\/wp-content\/uploads\/2023\/02\/fire2_6-18x10.jpg 18w, https:\/\/safeintel.hu\/wp-content\/uploads\/2023\/02\/fire2_6-700x383.jpg 700w\" sizes=\"(max-width: 993px) 100vw, 993px\" \/><\/p>\n<h2 style=\"text-align: center;\">FireProtect 2 r\u00e9szletesen<\/h2>\n<p>&nbsp;<\/p>\n<p style=\"text-align: center;\"><iframe loading=\"lazy\" title=\"YouTube video player\" src=\"https:\/\/www.youtube.com\/embed\/-wVQDdkJBfc?controls=0\" width=\"900\" height=\"450\" frameborder=\"0\" allowfullscreen=\"allowfullscreen\"><span data-mce-type=\"bookmark\" style=\"display: inline-block; width: 0px; overflow: hidden; line-height: 0;\" class=\"mce_SELRES_start\"><\/span><\/iframe><\/p>\n<p>&nbsp;<\/p>\n<p>&nbsp;<\/p>","protected":false},"excerpt":{"rendered":"<p>Vezet\u00e9k n\u00e9lk\u00fcli t\u0171z\u00e9rz\u00e9kel\u0151 h\u0151m\u00e9rs\u00e9klet-\u00e9rz\u00e9kel\u0151vel<\/p>","protected":false},"featured_media":4785,"comment_status":"closed","ping_status":"closed","template":"","meta":{"site-sidebar-layout":"default","site-content-layout":"default","ast-global-header-display":"","ast-main-header-display":"","ast-hfb-above-header-display":"","ast-hfb-below-header-display":"","ast-hfb-mobile-header-display":"","site-post-title":"","ast-breadcrumbs-content":"","ast-featured-img":"","footer-sml-layout":"","theme-transparent-header-meta":"default","adv-header-id-meta":"","stick-header-meta":"default","header-above-stick-meta":"","header-main-stick-meta":"","header-below-stick-meta":"","_themeisle_gutenberg_block_has_review":false},"product_cat":[96],"product_tag":[137],"_links":{"self":[{"href":"https:\/\/safeintel.hu\/hu\/wp-json\/wp\/v2\/product\/4804"}],"collection":[{"href":"https:\/\/safeintel.hu\/hu\/wp-json\/wp\/v2\/product"}],"about":[{"href":"https:\/\/safeintel.hu\/hu\/wp-json\/wp\/v2\/types\/product"}],"replies":[{"embeddable":true,"href":"https:\/\/safeintel.hu\/hu\/wp-json\/wp\/v2\/comments?post=4804"}],"wp:featuredmedia":[{"embeddable":true,"href":"https:\/\/safeintel.hu\/hu\/wp-json\/wp\/v2\/media\/4785"}],"wp:attachment":[{"href":"https:\/\/safeintel.hu\/hu\/wp-json\/wp\/v2\/media?parent=4804"}],"wp:term":[{"taxonomy":"product_cat","embeddable":true,"href":"https:\/\/safeintel.hu\/hu\/wp-json\/wp\/v2\/product_cat?post=4804"},{"taxonomy":"product_tag","embeddable":true,"href":"https:\/\/safeintel.hu\/hu\/wp-json\/wp\/v2\/product_tag?post=4804"}],"curies":[{"name":"wp","href":"https:\/\/api.w.org\/{rel}","templated":true}]}}