{"id":4812,"date":"2023-02-10T18:18:41","date_gmt":"2023-02-10T15:18:41","guid":{"rendered":"https:\/\/safeintel.hu\/?post_type=product&#038;p=4812"},"modified":"2023-11-27T19:06:31","modified_gmt":"2023-11-27T17:06:31","slug":"gps-tracker-teltonika-fmp100","status":"publish","type":"product","link":"https:\/\/safeintel.hu\/hu\/products\/gps-tracker-teltonika-fmp100\/","title":{"rendered":"GPS Tracker Teltonika FMP100"},"content":{"rendered":"<h2>Gyors \u00e9s egyszer\u0171<\/h2>\n<p>Hihetetlen\u00fcl egyszer\u0171 telep\u00edt\u00e9s, hogy a telematika el\u0151nyeit a lehet\u0151 legr\u00f6videbb id\u0151 alatt \u00e9lvezhesse.<br \/>\nEzeknek az eszk\u00f6z\u00f6knek a felszerel\u00e9s\u00e9hez nincs sz\u00fcks\u00e9g speci\u00e1lis k\u00e9szs\u00e9gekre vagy szersz\u00e1mokra.<\/p>\n<h2>Term\u00e9khaszn\u00e1lat<\/h2>\n<ul>\n<li>E-TOLL tan\u00fas\u00edtott j\u00e1rm\u0171 GPS nyomk\u00f6vet\u0151k<\/li>\n<li>Geofencing megold\u00e1s a pand\u00e9mia idej\u00e9n<\/li>\n<li>BIZTONS\u00c1GI MEGOLD\u00c1S PLUG &amp; PLAY FMP100 NYOMK\u00d6VET\u0150VEL<\/li>\n<\/ul>\n<p>&nbsp;<\/p>\n<div class=\"mb-6 md:mb-16 flex items-center justify-between flex-col-reverse p-4 md:p-0 last:mb-0 shadow bg-white rounded-lg md:flex-row\">\n<div class=\"flex-1 relative\"><picture><source srcset=\"https:\/\/teltonika-gps.com\/cdn\/extras\/9132\/custom-built-in-button-1920x1280-840xAuto.webp\" type=\"image\/webp\" \/><img decoding=\"async\" loading=\"lazy\" class=\"\" src=\"https:\/\/teltonika-gps.com\/cdn\/extras\/9132\/custom-built-in-button-1920x1280-840xAuto.jpg\" alt=\"Custom built-in button\" width=\"840\" height=\"0\" \/><\/picture><\/div>\n<div class=\"flex-1\">\n<div class=\"lgpr-12\">\n<h2 class=\"font-oswald font-semibold text-2xl lg:text-3.5xl mb-4 uppercase\">Egyedi be\u00e9p\u00edtett gomb<\/h2>\n<div class=\"lg:text-2xl\">Nyomja meg a gombot, hogy riaszt\u00e1si esem\u00e9nyt gener\u00e1ljon baleset eset\u00e9n, vagy haszn\u00e1lja \u00e1tv\u00e1lt\u00f3k\u00e9nt mag\u00e1n\/\u00fczleti utakhoz<\/div>\n<\/div>\n<\/div>\n<\/div>\n<div class=\"mb-6 md:mb-16 flex items-center justify-between flex-col-reverse p-4 md:p-0 last:mb-0 shadow bg-white rounded-lg md:flex-row\">\n<div class=\"flex-1\">\n<div class=\"lgpr-12\">\n<h2 class=\"font-oswald font-semibold text-2xl lg:text-3.5xl mb-4 uppercase\">Eszk\u00f6z \u00e1llapota \u00e9s j\u00e1rm\u0171esem\u00e9nyek<\/h2>\n<div class=\"lg:text-2xl\">A be\u00e9p\u00edtett RGB LED \u00e9s hangjelz\u0151 seg\u00edtenek a vezet\u0151nek megismerni az eszk\u00f6z \u00e1llapot\u00e1t \u00e9s a j\u00e1rm\u0171 esem\u00e9nyeit<\/div>\n<\/div>\n<\/div>\n<div class=\"flex-1 relative\"><picture><source srcset=\"https:\/\/teltonika-gps.com\/cdn\/extras\/11049\/device-status-and-vehicle-events-1920x1280-840xAuto.webp\" type=\"image\/webp\" \/><img decoding=\"async\" loading=\"lazy\" class=\"\" src=\"https:\/\/teltonika-gps.com\/cdn\/extras\/11049\/device-status-and-vehicle-events-1920x1280-840xAuto.webp\" alt=\"Custom built-in button\" width=\"840\" height=\"0\" \/><\/picture><\/div>\n<\/div>\n<div class=\"mb-6 md:mb-16 flex items-center justify-between flex-col-reverse p-4 md:p-0 last:mb-0 shadow bg-white rounded-lg md:flex-row\">\n<div class=\"flex-1 relative\"><picture><source srcset=\"https:\/\/teltonika-gps.com\/cdn\/extras\/9787\/charger-for-external-devices-1920x1280-840xAuto.webp\" type=\"image\/webp\" \/><img decoding=\"async\" loading=\"lazy\" class=\"\" src=\"https:\/\/teltonika-gps.com\/cdn\/extras\/9787\/charger-for-external-devices-1920x1280-840xAuto.jpg\" alt=\"Charger for external devices\" width=\"840\" height=\"0\" \/><\/picture><\/div>\n<div class=\"flex-1\">\n<div class=\"text-center md:text-left mb-4 md:mb-0 md:pr-6 lg:pr-12 md:ml-6\">\n<h2 class=\"font-oswald font-semibold text-2xl lg:text-3.5xl mb-4 uppercase\">T\u00f6lt\u0151 k\u00fcls\u0151 eszk\u00f6z\u00f6kh\u00f6z<\/h2>\n<div class=\"lg:text-2xl\">Praktikus funkci\u00f3, amely alkalmas k\u00fcls\u0151 eszk\u00f6z\u00f6k, p\u00e9ld\u00e1ul okostelefonok, f\u00fclhallgat\u00f3k stb. t\u00f6lt\u00e9s\u00e9re.<\/div>\n<\/div>\n<\/div>\n<\/div>\n<div><img decoding=\"async\" loading=\"lazy\" class=\"aligncenter size-full wp-image-4823\" src=\"https:\/\/safeintel.hu\/wp-content\/uploads\/2023\/02\/fmp100_6.jpg\" alt=\"\" width=\"442\" height=\"650\" srcset=\"https:\/\/safeintel.hu\/wp-content\/uploads\/2023\/02\/fmp100_6.jpg 442w, https:\/\/safeintel.hu\/wp-content\/uploads\/2023\/02\/fmp100_6-286x420.jpg 286w, https:\/\/safeintel.hu\/wp-content\/uploads\/2023\/02\/fmp100_6-8x12.jpg 8w, https:\/\/safeintel.hu\/wp-content\/uploads\/2023\/02\/fmp100_6-420x618.jpg 420w\" sizes=\"(max-width: 442px) 100vw, 442px\" \/><\/div>","protected":false},"excerpt":{"rendered":"<p>2G Plug &amp; Play nyomk\u00f6vet\u0151, amely a cigarettagy\u00fajt\u00f3 aljzathoz csatlakozik<\/p>","protected":false},"featured_media":4818,"comment_status":"closed","ping_status":"closed","template":"","meta":{"site-sidebar-layout":"default","site-content-layout":"default","ast-global-header-display":"","ast-main-header-display":"","ast-hfb-above-header-display":"","ast-hfb-below-header-display":"","ast-hfb-mobile-header-display":"","site-post-title":"","ast-breadcrumbs-content":"","ast-featured-img":"","footer-sml-layout":"","theme-transparent-header-meta":"default","adv-header-id-meta":"","stick-header-meta":"default","header-above-stick-meta":"","header-main-stick-meta":"","header-below-stick-meta":"","_themeisle_gutenberg_block_has_review":false},"product_cat":[100],"product_tag":[],"_links":{"self":[{"href":"https:\/\/safeintel.hu\/hu\/wp-json\/wp\/v2\/product\/4812"}],"collection":[{"href":"https:\/\/safeintel.hu\/hu\/wp-json\/wp\/v2\/product"}],"about":[{"href":"https:\/\/safeintel.hu\/hu\/wp-json\/wp\/v2\/types\/product"}],"replies":[{"embeddable":true,"href":"https:\/\/safeintel.hu\/hu\/wp-json\/wp\/v2\/comments?post=4812"}],"wp:featuredmedia":[{"embeddable":true,"href":"https:\/\/safeintel.hu\/hu\/wp-json\/wp\/v2\/media\/4818"}],"wp:attachment":[{"href":"https:\/\/safeintel.hu\/hu\/wp-json\/wp\/v2\/media?parent=4812"}],"wp:term":[{"taxonomy":"product_cat","embeddable":true,"href":"https:\/\/safeintel.hu\/hu\/wp-json\/wp\/v2\/product_cat?post=4812"},{"taxonomy":"product_tag","embeddable":true,"href":"https:\/\/safeintel.hu\/hu\/wp-json\/wp\/v2\/product_tag?post=4812"}],"curies":[{"name":"wp","href":"https:\/\/api.w.org\/{rel}","templated":true}]}}