{"id":4834,"date":"2023-02-10T21:00:32","date_gmt":"2023-02-10T18:00:32","guid":{"rendered":"https:\/\/safeintel.hu\/?post_type=product&#038;p=4834"},"modified":"2023-11-27T19:06:38","modified_gmt":"2023-11-27T17:06:38","slug":"gps-tracker-teltonika-fmb020","status":"publish","type":"product","link":"https:\/\/safeintel.hu\/hu\/products\/gps-tracker-teltonika-fmb020\/","title":{"rendered":"GPS Tracker Teltonika FMB020"},"content":{"rendered":"<h2>Gyors \u00e9s egyszer\u0171<\/h2>\n<p>Hihetetlen\u00fcl egyszer\u0171 telep\u00edt\u00e9s, hogy a telematika el\u0151nyeit a lehet\u0151 legr\u00f6videbb id\u0151 alatt \u00e9lvezhesse.<br \/>\nEzeknek az eszk\u00f6z\u00f6knek a felszerel\u00e9s\u00e9hez nincs sz\u00fcks\u00e9g speci\u00e1lis k\u00e9szs\u00e9gekre vagy szersz\u00e1mokra.<\/p>\n<h2>Term\u00e9khaszn\u00e1lat<\/h2>\n<ul>\n<li>Geofencing megold\u00e1s a pand\u00e9mia idej\u00e9n<\/li>\n<li>BIZTONS\u00c1GI MEGOLD\u00c1S PLUG &amp; PLAY FMP100 NYOMK\u00d6VET\u0150VEL<\/li>\n<li>Z\u00d6LD VEZET\u00c9SI MEGOLD\u00c1S<\/li>\n<\/ul>\n<div class=\"mb-6 md:mb-16 flex items-center justify-between flex-col-reverse p-4 md:p-0 last:mb-0 shadow bg-white rounded-lg md:flex-row\">\n<div class=\"flex-1 relative\"><picture><source srcset=\"https:\/\/teltonika-gps.com\/cdn\/extras\/11048\/ultra-small-casing-photo-fmb020-1920x1280-840xAuto.webp\" type=\"image\/webp\" \/><\/picture><picture><img decoding=\"async\" loading=\"lazy\" class=\"\" src=\"https:\/\/safeintel.hu\/wp-content\/uploads\/2023\/02\/fmb020_6.png\" alt=\"Ultra-small casing\" width=\"840\" height=\"0\" \/><\/picture><\/div>\n<div class=\"flex-1\">\n<div class=\"text-center lgpr-12\">\n<h2 class=\"font-oswald font-semibold text-2xl lg:text-3.5xl mb-4 uppercase\">Ultra-kism\u00e9ret\u0171 burkolat<\/h2>\n<div class=\"lg:text-2xl\">\n<p>A 29,1 mm sz\u00e9less\u00e9g\u0171 h\u00e1z lehet\u0151v\u00e9 teszi, hogy ez az eszk\u00f6z t\u00f6k\u00e9letesen illeszkedjen b\u00e1rmely aut\u00f3ba.<\/p>\n<\/div>\n<\/div>\n<\/div>\n<\/div>\n<div class=\"mb-6 md:mb-16 flex items-center justify-between flex-col-reverse p-4 md:p-0 last:mb-0 md:flex-row-reverse\">\n<p>&nbsp;<\/p>\n<div class=\"flex-1\">\n<div class=\"text-center lgpr-12\">\n<h2 class=\"font-oswald font-semibold text-2xl lg:text-3.5xl mb-4 uppercase\">Egyszer\u0171 Plug &amp; Play csatlakoztat\u00e1s<\/h2>\n<div class=\"lg:text-2xl\">\n<p>Egyszer\u0171en csatlakoztassa az eszk\u00f6zt az OBD-II porthoz, \u00e9s azonnal kezdje el a nyomon k\u00f6vet\u00e9st.<\/p>\n<\/div>\n<\/div>\n<\/div>\n<div class=\"flex-1 relative\"><picture><source srcset=\"https:\/\/teltonika-gps.com\/cdn\/extras\/10445\/effortless-plug-and-play-installation-1920x1280-840xAuto.webp\" type=\"image\/webp\" \/><img decoding=\"async\" loading=\"lazy\" class=\"\" src=\"https:\/\/teltonika-gps.com\/cdn\/extras\/10445\/effortless-plug-and-play-installation-1920x1280-840xAuto.jpg\" alt=\"Effortless Plug &amp; Play installation\" width=\"840\" height=\"0\" \/><\/picture><\/div>\n<\/div>\n<div class=\"mb-6 md:mb-16 flex items-center justify-between flex-col-reverse p-4 md:p-0 last:mb-0 shadow bg-white rounded-lg md:flex-row\">\n<p>&nbsp;<\/p>\n<div class=\"flex-1 relative\"><picture><source srcset=\"https:\/\/teltonika-gps.com\/cdn\/extras\/9953\/eco-driving-scenario-1920x1280-840xAuto.webp\" type=\"image\/webp\" \/><img decoding=\"async\" loading=\"lazy\" class=\"\" src=\"https:\/\/teltonika-gps.com\/cdn\/extras\/9953\/eco-driving-scenario-1920x1280-840xAuto.jpg\" alt=\"Eco driving scenario for all-round better driving\" width=\"840\" height=\"0\" \/><\/picture><\/div>\n<div class=\"flex-1\">\n<div class=\"text-center lgpr-12\">\n<h2 class=\"font-oswald font-semibold text-2xl lg:text-3.5xl mb-4 uppercase\">Gazdas\u00e1gos vezet\u00e9si st\u00edlus a teljesk\u00f6r\u0171 jobb vezet\u00e9s \u00e9rdek\u00e9ben<\/h2>\n<div class=\"lg:text-2xl\">\n<p>\u00c9rje el a hat\u00e9kony \u00fczemanyag-fogyaszt\u00e1st, hosszabb\u00edtsa meg a j\u00e1rm\u0171 \u00e9lettartam\u00e1t \u00e9s n\u00f6velje a k\u00f6z\u00fati biztons\u00e1got gazdas\u00e1gos vezet\u00e9si st\u00edlussal.<\/p>\n<\/div>\n<\/div>\n<\/div>\n<\/div>\n<p>&nbsp;<\/p>\n<p>&nbsp;<\/p>\n<p>&nbsp;<\/p>\n<p style=\"text-align: center;\"><iframe loading=\"lazy\" title=\"YouTube video player\" src=\"https:\/\/www.youtube.com\/embed\/4aRv4iR8QRQ\" width=\"850\" height=\"400\" frameborder=\"0\" allowfullscreen=\"allowfullscreen\"><\/iframe><\/p>\n<p>&nbsp;<\/p>\n<p><img decoding=\"async\" loading=\"lazy\" class=\"aligncenter wp-image-4839 size-full\" src=\"https:\/\/safeintel.hu\/wp-content\/uploads\/2023\/02\/fmb020_5.jpg\" alt=\"\" width=\"824\" height=\"632\" srcset=\"https:\/\/safeintel.hu\/wp-content\/uploads\/2023\/02\/fmb020_5.jpg 824w, https:\/\/safeintel.hu\/wp-content\/uploads\/2023\/02\/fmb020_5-420x322.jpg 420w, https:\/\/safeintel.hu\/wp-content\/uploads\/2023\/02\/fmb020_5-768x589.jpg 768w, https:\/\/safeintel.hu\/wp-content\/uploads\/2023\/02\/fmb020_5-16x12.jpg 16w, https:\/\/safeintel.hu\/wp-content\/uploads\/2023\/02\/fmb020_5-700x537.jpg 700w\" sizes=\"(max-width: 824px) 100vw, 824px\" \/><\/p>","protected":false},"excerpt":{"rendered":"<p>Ultrakompakt 2G Plug &amp; Play nyomk\u00f6vet\u0151 sz\u00e9lesk\u00f6r\u0171 felhaszn\u00e1l\u00e1sra<\/p>","protected":false},"featured_media":4835,"comment_status":"closed","ping_status":"closed","template":"","meta":{"site-sidebar-layout":"default","site-content-layout":"default","ast-global-header-display":"","ast-main-header-display":"","ast-hfb-above-header-display":"","ast-hfb-below-header-display":"","ast-hfb-mobile-header-display":"","site-post-title":"","ast-breadcrumbs-content":"","ast-featured-img":"","footer-sml-layout":"","theme-transparent-header-meta":"default","adv-header-id-meta":"","stick-header-meta":"default","header-above-stick-meta":"","header-main-stick-meta":"","header-below-stick-meta":"","_themeisle_gutenberg_block_has_review":false},"product_cat":[100],"product_tag":[],"_links":{"self":[{"href":"https:\/\/safeintel.hu\/hu\/wp-json\/wp\/v2\/product\/4834"}],"collection":[{"href":"https:\/\/safeintel.hu\/hu\/wp-json\/wp\/v2\/product"}],"about":[{"href":"https:\/\/safeintel.hu\/hu\/wp-json\/wp\/v2\/types\/product"}],"replies":[{"embeddable":true,"href":"https:\/\/safeintel.hu\/hu\/wp-json\/wp\/v2\/comments?post=4834"}],"wp:featuredmedia":[{"embeddable":true,"href":"https:\/\/safeintel.hu\/hu\/wp-json\/wp\/v2\/media\/4835"}],"wp:attachment":[{"href":"https:\/\/safeintel.hu\/hu\/wp-json\/wp\/v2\/media?parent=4834"}],"wp:term":[{"taxonomy":"product_cat","embeddable":true,"href":"https:\/\/safeintel.hu\/hu\/wp-json\/wp\/v2\/product_cat?post=4834"},{"taxonomy":"product_tag","embeddable":true,"href":"https:\/\/safeintel.hu\/hu\/wp-json\/wp\/v2\/product_tag?post=4834"}],"curies":[{"name":"wp","href":"https:\/\/api.w.org\/{rel}","templated":true}]}}