{"id":4842,"date":"2023-02-10T21:14:06","date_gmt":"2023-02-10T18:14:06","guid":{"rendered":"https:\/\/safeintel.hu\/?post_type=product&#038;p=4842"},"modified":"2023-11-27T19:06:42","modified_gmt":"2023-11-27T17:06:42","slug":"gps-tracker-teltonika-fmb003","status":"publish","type":"product","link":"https:\/\/safeintel.hu\/hu\/products\/gps-tracker-teltonika-fmb003\/","title":{"rendered":"GPS Tracker Teltonika FMB003"},"content":{"rendered":"<h2>CAN \u00e9s OBD adatok<\/h2>\n<p>A CAN adatok lehet\u0151v\u00e9 teszik a flottak\u00f6lts\u00e9gek hat\u00e9kony kezel\u00e9s\u00e9t, az aut\u00f3 ajt\u00f3inak\/ablakainak t\u00e1voli vez\u00e9rl\u00e9s\u00e9t \u00e9s m\u00e9g sok m\u00e1st. A Plug &amp; Play nyomk\u00f6vet\u0151k seg\u00edts\u00e9g\u00e9vel olvashat\u00f3k az OBD adatok, mint p\u00e9ld\u00e1ul a fut\u00e1steljes\u00edtm\u00e9ny, a motor fordulatsz\u00e1ma, az \u00fczemanyagszint \u00e9s a hibak\u00f3dok.<\/p>\n<h2>Term\u00e9khaszn\u00e1lat<\/h2>\n<ul>\n<li>Geofencing megold\u00e1s a pand\u00e9mia idej\u00e9n<\/li>\n<li>GPS elektronikus napl\u00f3<\/li>\n<li>Sof\u0151r\u00f6k testh\u0151m\u00e9rs\u00e9klet\u00e9nek monitoroz\u00e1sa<\/li>\n<\/ul>\n<div class=\"mb-6 md:mb-16 flex items-center justify-between flex-col-reverse p-4 md:p-0 last:mb-0 shadow bg-white rounded-lg md:flex-row\">\n<p>&nbsp;<\/p>\n<div class=\"flex-1 relative\"><picture><source srcset=\"https:\/\/teltonika-gps.com\/cdn\/extras\/9948\/reading-obd-oem-parameters-1920x1280-840xAuto.webp\" type=\"image\/webp\" \/><img decoding=\"async\" loading=\"lazy\" class=\"\" src=\"https:\/\/teltonika-gps.com\/cdn\/extras\/9948\/reading-obd-oem-parameters-1920x1280-840xAuto.jpg\" alt=\"Reading OBD OEM parameters\" width=\"840\" height=\"0\" \/><\/picture><\/div>\n<div class=\"flex-1\">\n<div class=\"text-center lgpr-12\">\n<h2 class=\"font-oswald font-semibold text-2xl lg:text-3.5xl mb-4 uppercase\">OBD gy\u00e1ri param\u00e9terek olvas\u00e1sa<\/h2>\n<div class=\"lg:text-2xl\">\n<p>Szerezzen val\u00f3s odom\u00e9ter \u00e9s \u00fczemanyagszint adatokat.<\/p>\n<\/div>\n<\/div>\n<\/div>\n<\/div>\n<div class=\"mb-6 md:mb-16 flex items-center justify-between flex-col-reverse p-4 md:p-0 last:mb-0 md:flex-row-reverse\">\n<p>&nbsp;<\/p>\n<div class=\"flex-1\">\n<div class=\"text-center lgpr-12\">\n<h2 class=\"font-oswald font-semibold text-2xl lg:text-3.5xl mb-4 uppercase\">T\u00e1mogatott j\u00e1rm\u0171vek \u00e9s el\u00e9rhet\u0151 param\u00e9terek<\/h2>\n<div class=\"lg:text-2xl\">\n<p>A t\u00e1mogatott j\u00e1rm\u0171vekr\u0151l \u00e9s el\u00e9rhet\u0151 param\u00e9terekr\u0151l r\u00e9szletes inform\u00e1ci\u00f3k\u00e9rt javasoljuk, hogy forduljon a gy\u00e1rt\u00f3 vagy szolg\u00e1ltat\u00f3 hivatalos forr\u00e1saihoz.<\/p>\n<\/div>\n<\/div>\n<\/div>\n<div class=\"flex-1 relative\"><picture><source srcset=\"https:\/\/teltonika-gps.com\/cdn\/extras\/9947\/know-the-supported-vehicles-and-data-1820x1280-840xAuto.webp\" type=\"image\/webp\" \/><img decoding=\"async\" loading=\"lazy\" class=\"\" src=\"https:\/\/teltonika-gps.com\/cdn\/extras\/9947\/know-the-supported-vehicles-and-data-1820x1280-840xAuto.jpg\" alt=\"Know the supported vehicles and data\" width=\"840\" height=\"0\" \/><\/picture><\/div>\n<\/div>\n<div class=\"mb-6 md:mb-16 flex items-center justify-between flex-col-reverse p-4 md:p-0 last:mb-0 shadow bg-white rounded-lg md:flex-row\">\n<p>&nbsp;<\/p>\n<div class=\"flex-1 relative\"><picture><source srcset=\"https:\/\/teltonika-gps.com\/cdn\/extras\/9949\/ultra-small-casing-photo-fmb003-1920x1280-840xAuto.webp\" type=\"image\/webp\" \/><\/picture><picture><img decoding=\"async\" loading=\"lazy\" class=\"\" src=\"https:\/\/safeintel.hu\/wp-content\/uploads\/2023\/02\/fmb003_6.png\" alt=\"Ultra-small casing\" width=\"840\" height=\"0\" \/><\/picture><\/div>\n<div class=\"flex-1\">\n<div class=\"text-center lgpr-12\">\n<h2 class=\"font-oswald font-semibold text-2xl lg:text-3.5xl mb-4 uppercase\">Ultra-kism\u00e9ret\u0171 burkolat<\/h2>\n<div class=\"lg:text-2xl\">\n<p>A 29,1 mm sz\u00e9les burkolat lehet\u0151v\u00e9 teszi, hogy ez a k\u00e9sz\u00fcl\u00e9k t\u00f6k\u00e9letesen elf\u00e9rjen b\u00e1rmelyik aut\u00f3ban<\/p>\n<\/div>\n<\/div>\n<\/div>\n<\/div>\n<p>&nbsp;<\/p>\n<p><img decoding=\"async\" loading=\"lazy\" class=\"aligncenter size-full wp-image-4847\" src=\"https:\/\/safeintel.hu\/wp-content\/uploads\/2023\/02\/fmb003_5.jpg\" alt=\"\" width=\"993\" height=\"241\" srcset=\"https:\/\/safeintel.hu\/wp-content\/uploads\/2023\/02\/fmb003_5.jpg 993w, https:\/\/safeintel.hu\/wp-content\/uploads\/2023\/02\/fmb003_5-420x102.jpg 420w, https:\/\/safeintel.hu\/wp-content\/uploads\/2023\/02\/fmb003_5-768x186.jpg 768w, https:\/\/safeintel.hu\/wp-content\/uploads\/2023\/02\/fmb003_5-18x4.jpg 18w, https:\/\/safeintel.hu\/wp-content\/uploads\/2023\/02\/fmb003_5-700x170.jpg 700w\" sizes=\"(max-width: 993px) 100vw, 993px\" \/><\/p>\n<p>&nbsp;<\/p>\n<p>&nbsp;<\/p>\n<p style=\"text-align: center;\"><iframe loading=\"lazy\" title=\"YouTube video player\" src=\"https:\/\/www.youtube.com\/embed\/4aRv4iR8QRQ\" width=\"850\" height=\"400\" frameborder=\"0\" allowfullscreen=\"allowfullscreen\"><\/iframe><\/p>\n<p>&nbsp;<\/p>\n<p><img decoding=\"async\" loading=\"lazy\" class=\"aligncenter wp-image-4846 size-full\" src=\"https:\/\/safeintel.hu\/wp-content\/uploads\/2023\/02\/fmb003_4.jpg\" alt=\"\" width=\"850\" height=\"601\" srcset=\"https:\/\/safeintel.hu\/wp-content\/uploads\/2023\/02\/fmb003_4.jpg 850w, https:\/\/safeintel.hu\/wp-content\/uploads\/2023\/02\/fmb003_4-420x297.jpg 420w, https:\/\/safeintel.hu\/wp-content\/uploads\/2023\/02\/fmb003_4-768x543.jpg 768w, https:\/\/safeintel.hu\/wp-content\/uploads\/2023\/02\/fmb003_4-18x12.jpg 18w, https:\/\/safeintel.hu\/wp-content\/uploads\/2023\/02\/fmb003_4-700x495.jpg 700w\" sizes=\"(max-width: 850px) 100vw, 850px\" \/><\/p>","protected":false},"excerpt":{"rendered":"<p>A legkisebb 2G nyomk\u00f6vet\u0151nk, amely t\u00f6k\u00e9letesen illeszkedik b\u00e1rmely aut\u00f3ba.<\/p>","protected":false},"featured_media":4843,"comment_status":"closed","ping_status":"closed","template":"","meta":{"site-sidebar-layout":"default","site-content-layout":"default","ast-global-header-display":"","ast-main-header-display":"","ast-hfb-above-header-display":"","ast-hfb-below-header-display":"","ast-hfb-mobile-header-display":"","site-post-title":"","ast-breadcrumbs-content":"","ast-featured-img":"","footer-sml-layout":"","theme-transparent-header-meta":"default","adv-header-id-meta":"","stick-header-meta":"default","header-above-stick-meta":"","header-main-stick-meta":"","header-below-stick-meta":"","_themeisle_gutenberg_block_has_review":false},"product_cat":[100],"product_tag":[],"_links":{"self":[{"href":"https:\/\/safeintel.hu\/hu\/wp-json\/wp\/v2\/product\/4842"}],"collection":[{"href":"https:\/\/safeintel.hu\/hu\/wp-json\/wp\/v2\/product"}],"about":[{"href":"https:\/\/safeintel.hu\/hu\/wp-json\/wp\/v2\/types\/product"}],"replies":[{"embeddable":true,"href":"https:\/\/safeintel.hu\/hu\/wp-json\/wp\/v2\/comments?post=4842"}],"wp:featuredmedia":[{"embeddable":true,"href":"https:\/\/safeintel.hu\/hu\/wp-json\/wp\/v2\/media\/4843"}],"wp:attachment":[{"href":"https:\/\/safeintel.hu\/hu\/wp-json\/wp\/v2\/media?parent=4842"}],"wp:term":[{"taxonomy":"product_cat","embeddable":true,"href":"https:\/\/safeintel.hu\/hu\/wp-json\/wp\/v2\/product_cat?post=4842"},{"taxonomy":"product_tag","embeddable":true,"href":"https:\/\/safeintel.hu\/hu\/wp-json\/wp\/v2\/product_tag?post=4842"}],"curies":[{"name":"wp","href":"https:\/\/api.w.org\/{rel}","templated":true}]}}