{"id":4856,"date":"2023-02-10T21:30:44","date_gmt":"2023-02-10T18:30:44","guid":{"rendered":"https:\/\/safeintel.hu\/?post_type=product&#038;p=4856"},"modified":"2023-11-27T19:06:48","modified_gmt":"2023-11-27T17:06:48","slug":"gps-tracker-teltonika-fmb965","status":"publish","type":"product","link":"https:\/\/safeintel.hu\/hu\/products\/gps-tracker-teltonika-fmb965\/","title":{"rendered":"GPS Tracker Teltonika FMB965"},"content":{"rendered":"<h2>Alapvet\u0151 funkci\u00f3k<\/h2>\n<p>K\u00fcl\u00f6nf\u00e9le nyomk\u00f6vet\u00e9si funkci\u00f3k sz\u00e9les alkalmaz\u00e1si ter\u00fcletekhez, nagyon versenyk\u00e9pes \u00e1ron. Az FMB920 a legn\u00e9pszer\u0171bb term\u00e9k\u00fcnk, t\u00f6bb mint 2 milli\u00f3 eladott darabbal vil\u00e1gszerte.<\/p>\n<h2>Term\u00e9khaszn\u00e1lat<\/h2>\n<ul>\n<li>J\u00e1rm\u0171 GPS nyomk\u00f6vet\u00e9s motorsporthoz<\/li>\n<li>Geofencing megold\u00e1s a pand\u00e9mia idej\u00e9n<\/li>\n<li>GPS nyomk\u00f6vet\u00e9s \u00e9s biztons\u00e1g rekre\u00e1ci\u00f3s j\u00e1rm\u0171vekhez<\/li>\n<\/ul>\n<p>&nbsp;<\/p>\n<div class=\"mb-6 md:mb-16 flex items-center justify-between flex-col-reverse p-4 md:p-0 last:mb-0 shadow bg-white rounded-lg md:flex-row\">\n<p>&nbsp;<\/p>\n<div class=\"flex-1 relative\"><picture><source srcset=\"https:\/\/teltonika-gps.com\/cdn\/extras\/9116\/ultra-low-1-ma-power-consumption-1920x1280-840xAuto.webp\" type=\"image\/webp\" \/><img decoding=\"async\" loading=\"lazy\" class=\"\" src=\"https:\/\/teltonika-gps.com\/cdn\/extras\/9116\/ultra-low-1-ma-power-consumption-1920x1280-840xAuto.jpg\" alt=\"Ultra-low 1 mA power consumption\" width=\"840\" height=\"0\" \/><\/picture><\/div>\n<div class=\"flex-1\">\n<div class=\"text-center lgpr-12\">\n<h2 class=\"font-oswald font-semibold text-2xl lg:text-3.5xl mb-4 uppercase\">Ultranagy alacsony energiafogyaszt\u00e1s 1 mA<\/h2>\n<div class=\"lg:text-2xl\">\n<p>Az innovat\u00edv Power Off alv\u00f3 \u00fczemm\u00f3d biztos\u00edtja az ultranagy alacsony energiafogyaszt\u00e1st 1 mA.<\/p>\n<\/div>\n<\/div>\n<\/div>\n<\/div>\n<div class=\"mb-6 md:mb-16 flex items-center justify-between flex-col-reverse p-4 md:p-0 last:mb-0 md:flex-row-reverse\">\n<p>&nbsp;<\/p>\n<div class=\"flex-1\">\n<div class=\"text-center lgpr-12\">\n<h2 class=\"font-oswald font-semibold text-2xl lg:text-3.5xl mb-4 uppercase\">V\u00e9delmet a por \u00e9s v\u00edz ellen<\/h2>\n<div class=\"lg:text-2xl\">\n<p>Massz\u00edv, IP67-es besorol\u00e1s\u00fa h\u00e1z biztos\u00edtja a megb\u00edzhat\u00f3 v\u00e9delmet a por \u00e9s a v\u00edz ellen.<\/p>\n<\/div>\n<\/div>\n<\/div>\n<div class=\"flex-1 relative\"><picture><source srcset=\"https:\/\/teltonika-gps.com\/cdn\/extras\/11034\/protection-against-water-and-dust-for-outdoor-integrations-12-1920x1280-840xAuto.webp\" type=\"image\/webp\" \/><img decoding=\"async\" loading=\"lazy\" class=\"\" src=\"https:\/\/teltonika-gps.com\/cdn\/extras\/11034\/protection-against-water-and-dust-for-outdoor-integrations-12-1920x1280-840xAuto.jpg\" alt=\"Protection against dust and water\" width=\"840\" height=\"0\" \/><\/picture><\/div>\n<\/div>\n<div class=\"mb-6 md:mb-16 flex items-center justify-between flex-col-reverse p-4 md:p-0 last:mb-0 shadow bg-white rounded-lg md:flex-row\">\n<p>&nbsp;<\/p>\n<div class=\"flex-1 relative\"><picture><source srcset=\"https:\/\/teltonika-gps.com\/cdn\/extras\/10799\/prolonged-autonomous-device-usage-1200-mah-1920x1280-840xAuto.webp\" type=\"image\/webp\" \/><img decoding=\"async\" loading=\"lazy\" class=\"\" src=\"https:\/\/teltonika-gps.com\/cdn\/extras\/10799\/prolonged-autonomous-device-usage-1200-mah-1920x1280-840xAuto.jpg\" alt=\"Prolonged autonomous device usage\" width=\"840\" height=\"0\" \/><\/picture><\/div>\n<div class=\"flex-1\">\n<div class=\"text-center lgpr-12\">\n<h2 class=\"font-oswald font-semibold text-2xl lg:text-3.5xl mb-4 uppercase\">Hossz\u00fa t\u00e1v\u00fa auton\u00f3m eszk\u00f6zhaszn\u00e1lat<\/h2>\n<div class=\"lg:text-2xl\">\n<p>A be\u00e9p\u00edtett 1 200 mAh kapacit\u00e1s\u00fa l\u00edtium-ion akkumul\u00e1tor hossz\u00fa t\u00e1v\u00fa auton\u00f3m haszn\u00e1latot biztos\u00edt.<\/p>\n<\/div>\n<\/div>\n<\/div>\n<\/div>\n<p>&nbsp;<\/p>\n<p><img decoding=\"async\" loading=\"lazy\" class=\"aligncenter wp-image-4861 size-full\" src=\"https:\/\/safeintel.hu\/wp-content\/uploads\/2023\/02\/fmb965_5.jpg\" alt=\"\" width=\"993\" height=\"253\" srcset=\"https:\/\/safeintel.hu\/wp-content\/uploads\/2023\/02\/fmb965_5.jpg 993w, https:\/\/safeintel.hu\/wp-content\/uploads\/2023\/02\/fmb965_5-420x107.jpg 420w, https:\/\/safeintel.hu\/wp-content\/uploads\/2023\/02\/fmb965_5-768x196.jpg 768w, https:\/\/safeintel.hu\/wp-content\/uploads\/2023\/02\/fmb965_5-18x5.jpg 18w, https:\/\/safeintel.hu\/wp-content\/uploads\/2023\/02\/fmb965_5-700x178.jpg 700w\" sizes=\"(max-width: 993px) 100vw, 993px\" \/><\/p>\n<p>&nbsp;<\/p>\n<p>&nbsp;<\/p>\n<p style=\"text-align: center;\"><iframe loading=\"lazy\" title=\"YouTube video player\" src=\"https:\/\/www.youtube.com\/embed\/8bsq-MQDu3k\" width=\"850\" height=\"400\" frameborder=\"0\" allowfullscreen=\"allowfullscreen\"><span data-mce-type=\"bookmark\" style=\"display: inline-block; width: 0px; overflow: hidden; line-height: 0;\" class=\"mce_SELRES_start\"><\/span><span data-mce-type=\"bookmark\" style=\"display: inline-block; width: 0px; overflow: hidden; line-height: 0;\" class=\"mce_SELRES_start\"><\/span><\/iframe><\/p>\n<p>&nbsp;<\/p>\n<p><img decoding=\"async\" loading=\"lazy\" class=\"aligncenter wp-image-4862 size-full\" src=\"https:\/\/safeintel.hu\/wp-content\/uploads\/2023\/02\/fmb965_6.jpg\" alt=\"\" width=\"993\" height=\"592\" srcset=\"https:\/\/safeintel.hu\/wp-content\/uploads\/2023\/02\/fmb965_6.jpg 993w, https:\/\/safeintel.hu\/wp-content\/uploads\/2023\/02\/fmb965_6-420x250.jpg 420w, https:\/\/safeintel.hu\/wp-content\/uploads\/2023\/02\/fmb965_6-768x458.jpg 768w, https:\/\/safeintel.hu\/wp-content\/uploads\/2023\/02\/fmb965_6-18x12.jpg 18w, https:\/\/safeintel.hu\/wp-content\/uploads\/2023\/02\/fmb965_6-700x417.jpg 700w\" sizes=\"(max-width: 993px) 100vw, 993px\" \/><\/p>","protected":false},"excerpt":{"rendered":"<p>2G alacsony energiafogyaszt\u00e1s\u00fa \u00e9s v\u00edz\u00e1ll\u00f3 nyomk\u00f6vet\u0151 motorker\u00e9kp\u00e1rokhoz<\/p>","protected":false},"featured_media":4857,"comment_status":"closed","ping_status":"closed","template":"","meta":{"site-sidebar-layout":"default","site-content-layout":"default","ast-global-header-display":"","ast-main-header-display":"","ast-hfb-above-header-display":"","ast-hfb-below-header-display":"","ast-hfb-mobile-header-display":"","site-post-title":"","ast-breadcrumbs-content":"","ast-featured-img":"","footer-sml-layout":"","theme-transparent-header-meta":"default","adv-header-id-meta":"","stick-header-meta":"default","header-above-stick-meta":"","header-main-stick-meta":"","header-below-stick-meta":"","_themeisle_gutenberg_block_has_review":false},"product_cat":[100],"product_tag":[],"_links":{"self":[{"href":"https:\/\/safeintel.hu\/hu\/wp-json\/wp\/v2\/product\/4856"}],"collection":[{"href":"https:\/\/safeintel.hu\/hu\/wp-json\/wp\/v2\/product"}],"about":[{"href":"https:\/\/safeintel.hu\/hu\/wp-json\/wp\/v2\/types\/product"}],"replies":[{"embeddable":true,"href":"https:\/\/safeintel.hu\/hu\/wp-json\/wp\/v2\/comments?post=4856"}],"wp:featuredmedia":[{"embeddable":true,"href":"https:\/\/safeintel.hu\/hu\/wp-json\/wp\/v2\/media\/4857"}],"wp:attachment":[{"href":"https:\/\/safeintel.hu\/hu\/wp-json\/wp\/v2\/media?parent=4856"}],"wp:term":[{"taxonomy":"product_cat","embeddable":true,"href":"https:\/\/safeintel.hu\/hu\/wp-json\/wp\/v2\/product_cat?post=4856"},{"taxonomy":"product_tag","embeddable":true,"href":"https:\/\/safeintel.hu\/hu\/wp-json\/wp\/v2\/product_tag?post=4856"}],"curies":[{"name":"wp","href":"https:\/\/api.w.org\/{rel}","templated":true}]}}