{"id":4864,"date":"2023-02-10T21:38:56","date_gmt":"2023-02-10T18:38:56","guid":{"rendered":"https:\/\/safeintel.hu\/?post_type=product&#038;p=4864"},"modified":"2023-11-27T19:06:51","modified_gmt":"2023-11-27T17:06:51","slug":"gps-tracker-teltonika-fmb130","status":"publish","type":"product","link":"https:\/\/safeintel.hu\/hu\/products\/gps-tracker-teltonika-fmb130\/","title":{"rendered":"GPS Tracker Teltonika FMB130"},"content":{"rendered":"<h2>Fejlett<\/h2>\n<p>Rugalmas hardveres jellemz\u0151kkel \u00e9s \u00e1tfog\u00f3 megold\u00e1sokkal rendelkez\u0151 eszk\u00f6z\u00f6k, bele\u00e9rtve a vezet\u0151 hiteles\u00edt\u00e9s\u00e9t \u00e9s a viselked\u00e9s nyomon k\u00f6vet\u00e9s\u00e9t. A j\u00e1rm\u0171adatok legpontosabb m\u00f3don t\u00f6rt\u00e9n\u0151 nyomon k\u00f6vet\u00e9se.<\/p>\n<h2>Term\u00e9khaszn\u00e1lat<\/h2>\n<ul>\n<li>J\u00e1rm\u0171 biztons\u00e1gos letilt\u00e1sa<\/li>\n<li>J\u00e1rm\u0171 ajt\u00f3\u00e1llapot\u00e1nak nyomon k\u00f6vet\u00e9se EYE \u00e9rz\u00e9kel\u0151kkel<\/li>\n<li>Priv\u00e1t vezet\u00e9si m\u00f3d elektromos j\u00e1rm\u0171vekhez<\/li>\n<\/ul>\n<p>&nbsp;<\/p>\n<div class=\"mb-6 md:mb-16 flex items-center justify-between flex-col-reverse p-4 md:p-0 last:mb-0 md:flex-row-reverse\">\n<p>&nbsp;<\/p>\n<div class=\"flex-1 relative\"><picture><source srcset=\"https:\/\/teltonika-gps.com\/cdn\/extras\/10812\/extensive-remote-monitoring-possibilities-1920x1280-840xAuto.webp\" type=\"image\/webp\" \/><img decoding=\"async\" loading=\"lazy\" class=\"\" src=\"https:\/\/teltonika-gps.com\/cdn\/extras\/10812\/extensive-remote-monitoring-possibilities-1920x1280-840xAuto.jpg\" alt=\"Extensive remote monitoring possibilities\" width=\"840\" height=\"0\" \/><\/picture><\/div>\n<div class=\"flex-1\">\n<div class=\"text-center lgpr-12\">\n<h2 class=\"font-oswald font-semibold text-2xl lg:text-3.5xl mb-4 uppercase\">Kiterjesztett t\u00e1vfel\u00fcgyeleti lehet\u0151s\u00e9gek<\/h2>\n<div class=\"lg:text-2xl\">\n<p>A motor t\u00e1voli letilt\u00e1sa a flottakezel\u00e9s sz\u00e1mos el\u00e9rhet\u0151 int\u00e9zked\u00e9se k\u00f6z\u00f6tt.<\/p>\n<\/div>\n<\/div>\n<\/div>\n<\/div>\n<div class=\"mb-6 md:mb-16 flex items-center justify-between flex-col-reverse p-4 md:p-0 last:mb-0 shadow bg-white rounded-lg md:flex-row\">\n<p>&nbsp;<\/p>\n<div class=\"flex-1\">\n<div class=\"text-center lgpr-12\">\n<h2 class=\"font-oswald font-semibold text-2xl lg:text-3.5xl mb-4 uppercase\">CAN adapter t\u00e1mogat\u00e1s<\/h2>\n<div class=\"lg:text-2xl\">\n<p>\u00dczemanyag, kilom\u00e9ter\u00f3ra, motor fordulatsz\u00e1m, motor h\u0151m\u00e9rs\u00e9klet \u00e9s egy\u00e9b adatok olvas\u00e1sa szem\u00e9lyg\u00e9pkocsikb\u00f3l, elektromos j\u00e1rm\u0171vekb\u0151l, teheraut\u00f3kb\u00f3l, buszokb\u00f3l \u00e9s speci\u00e1lis g\u00e9pekb\u0151l.<\/p>\n<\/div>\n<\/div>\n<\/div>\n<div class=\"flex-1 relative\"><picture><source srcset=\"https:\/\/teltonika-gps.com\/cdn\/extras\/8949\/can-adapter-support-1920x1280-840xAuto.webp\" type=\"image\/webp\" \/><img decoding=\"async\" loading=\"lazy\" class=\"\" src=\"https:\/\/teltonika-gps.com\/cdn\/extras\/8949\/can-adapter-support-1920x1280-840xAuto.jpg\" alt=\"CAN adaptor support\" width=\"840\" height=\"0\" \/><\/picture><\/div>\n<\/div>\n<div class=\"mb-6 md:mb-16 flex items-center justify-between flex-col-reverse p-4 md:p-0 last:mb-0 md:flex-row-reverse\">\n<p>&nbsp;<\/p>\n<div class=\"flex-1 relative\"><picture><source srcset=\"https:\/\/teltonika-gps.com\/cdn\/extras\/10813\/accurate-fuel-usage-control-12-1920x1280-840xAuto.webp\" type=\"image\/webp\" \/><img decoding=\"async\" loading=\"lazy\" class=\"\" src=\"https:\/\/teltonika-gps.com\/cdn\/extras\/10813\/accurate-fuel-usage-control-12-1920x1280-840xAuto.jpg\" alt=\"Accurate fuel usage control\" width=\"840\" height=\"0\" \/><\/picture><\/div>\n<div class=\"flex-1\">\n<div class=\"text-center lgpr-12\">\n<h2 class=\"font-oswald font-semibold text-2xl lg:text-3.5xl mb-4 uppercase\">Pontos \u00fczemanyag-fogyaszt\u00e1s-ellen\u0151rz\u00e9s<\/h2>\n<div class=\"lg:text-2xl\">\n<p>Impulzus bemenet az \u00fczemanyag-fogyaszt\u00e1s m\u00e9r\u0151k adatainak olvas\u00e1s\u00e1hoz \u00e9s pontos fogyaszt\u00e1s-ellen\u0151rz\u00e9shez.<\/p>\n<\/div>\n<\/div>\n<\/div>\n<\/div>\n<p>&nbsp;<\/p>\n<p>&nbsp;<\/p>\n<p style=\"text-align: center;\"><iframe loading=\"lazy\" title=\"YouTube video player\" src=\"https:\/\/www.youtube.com\/embed\/H3ZXcacIxfw\" width=\"850\" height=\"400\" frameborder=\"0\" allowfullscreen=\"allowfullscreen\"><span data-mce-type=\"bookmark\" style=\"display: inline-block; width: 0px; overflow: hidden; line-height: 0;\" class=\"mce_SELRES_start\"><\/span><span data-mce-type=\"bookmark\" style=\"display: inline-block; width: 0px; overflow: hidden; line-height: 0;\" class=\"mce_SELRES_start\"><\/span><span data-mce-type=\"bookmark\" style=\"display: inline-block; width: 0px; overflow: hidden; line-height: 0;\" class=\"mce_SELRES_start\"><\/span><\/iframe><\/p>\n<p>&nbsp;<\/p>\n<p><img decoding=\"async\" loading=\"lazy\" class=\"aligncenter wp-image-4868 size-full\" src=\"https:\/\/safeintel.hu\/wp-content\/uploads\/2023\/02\/fmb130_4.jpg\" alt=\"\" width=\"650\" height=\"650\" srcset=\"https:\/\/safeintel.hu\/wp-content\/uploads\/2023\/02\/fmb130_4.jpg 650w, https:\/\/safeintel.hu\/wp-content\/uploads\/2023\/02\/fmb130_4-420x420.jpg 420w, https:\/\/safeintel.hu\/wp-content\/uploads\/2023\/02\/fmb130_4-170x170.jpg 170w, https:\/\/safeintel.hu\/wp-content\/uploads\/2023\/02\/fmb130_4-12x12.jpg 12w, https:\/\/safeintel.hu\/wp-content\/uploads\/2023\/02\/fmb130_4-100x100.jpg 100w\" sizes=\"(max-width: 650px) 100vw, 650px\" \/><\/p>","protected":false},"excerpt":{"rendered":"<p>Fejlett 2G nyomk\u00f6vet\u00e9s rugalmas bemenetekkel<\/p>","protected":false},"featured_media":4865,"comment_status":"closed","ping_status":"closed","template":"","meta":{"site-sidebar-layout":"default","site-content-layout":"default","ast-global-header-display":"","ast-main-header-display":"","ast-hfb-above-header-display":"","ast-hfb-below-header-display":"","ast-hfb-mobile-header-display":"","site-post-title":"","ast-breadcrumbs-content":"","ast-featured-img":"","footer-sml-layout":"","theme-transparent-header-meta":"default","adv-header-id-meta":"","stick-header-meta":"default","header-above-stick-meta":"","header-main-stick-meta":"","header-below-stick-meta":"","_themeisle_gutenberg_block_has_review":false},"product_cat":[100],"product_tag":[],"_links":{"self":[{"href":"https:\/\/safeintel.hu\/hu\/wp-json\/wp\/v2\/product\/4864"}],"collection":[{"href":"https:\/\/safeintel.hu\/hu\/wp-json\/wp\/v2\/product"}],"about":[{"href":"https:\/\/safeintel.hu\/hu\/wp-json\/wp\/v2\/types\/product"}],"replies":[{"embeddable":true,"href":"https:\/\/safeintel.hu\/hu\/wp-json\/wp\/v2\/comments?post=4864"}],"wp:featuredmedia":[{"embeddable":true,"href":"https:\/\/safeintel.hu\/hu\/wp-json\/wp\/v2\/media\/4865"}],"wp:attachment":[{"href":"https:\/\/safeintel.hu\/hu\/wp-json\/wp\/v2\/media?parent=4864"}],"wp:term":[{"taxonomy":"product_cat","embeddable":true,"href":"https:\/\/safeintel.hu\/hu\/wp-json\/wp\/v2\/product_cat?post=4864"},{"taxonomy":"product_tag","embeddable":true,"href":"https:\/\/safeintel.hu\/hu\/wp-json\/wp\/v2\/product_tag?post=4864"}],"curies":[{"name":"wp","href":"https:\/\/api.w.org\/{rel}","templated":true}]}}