{"id":5020,"date":"2024-11-17T23:31:40","date_gmt":"2024-11-17T21:31:40","guid":{"rendered":"https:\/\/safeintel.hu\/?post_type=product&#038;p=5020"},"modified":"2025-04-07T13:01:17","modified_gmt":"2025-04-07T11:01:17","slug":"bulletcam-5-megapixel","status":"publish","type":"product","link":"https:\/\/safeintel.hu\/hu\/products\/bulletcam-5-megapixel\/","title":{"rendered":"BulletCam 5 Megapixel"},"content":{"rendered":"<h3 style=\"text-align: center;\"><strong>BulletCam<\/strong><\/h3>\n<h2 style=\"text-align: center;\">Vezet\u00e9kes AI-alap\u00fa biztons\u00e1gi IP kamera 110\u00b0-os l\u00e1t\u00f3sz\u00f6ggel, IR, TrueWDR, mikrofonnal \u00e9s PoE\/12 V-vel. K\u00fcls\u0151 \u00e9s belt\u00e9ri haszn\u00e1latra.<br \/>\n<img decoding=\"async\" src=\"https:\/\/ajax.systems\/api\/cdn-img\/?img=%2Fupload%2Fbc_md_5ae7ecc9ab%402.jpg&amp;1697551345\" alt=\"BulletCam (5 Mp\/2.8 mm)\" \/><\/h2>\n<h3 style=\"text-align: center;\"><strong>Be\u00e9p\u00edtett intelligencia \u00e9s adatv\u00e9delem<\/strong><\/h3>\n<p class=\"fs-3 mb-0\" style=\"text-align: left;\">Szerezze meg a teljes kontrollt a kamera vide\u00f3folyama felett a rendszer minden felhaszn\u00e1l\u00f3j\u00e1nak prec\u00edz adatv\u00e9delmi be\u00e1ll\u00edt\u00e1saival. \u00c9lvezze a z\u00f6kken\u0151mentes \u00e9s gyors navig\u00e1ci\u00f3t egy intuit\u00edv fel\u00fcleten, amelyet a legmodernebb streaming technol\u00f3gia tesz lehet\u0151v\u00e9. Az NDAA el\u0151\u00edr\u00e1sainak megfelel\u0151 hardver \u2013 a leg\u00fajabb szoftverek \u00e9s a mesters\u00e9ges intelligencia alkalmaz\u00e1s\u00e1val \u2013 tiszta k\u00e9pet biztos\u00edt pontosan akkor, amikor sz\u00fcks\u00e9ge van r\u00e1.<\/p>\n<p>&nbsp;<\/p>\n<h2 class=\"mb-0\" style=\"text-align: center;\"><strong>F\u0151bb jellemz\u0151k<\/strong><\/h2>\n<p>&nbsp;<\/p>\n<p><img decoding=\"async\" loading=\"lazy\" class=\"wp-image-5089 aligncenter\" src=\"https:\/\/safeintel.hu\/wp-content\/uploads\/2024\/11\/Key-features-EN-Ajax-BulletCam.png\" alt=\"\" width=\"1200\" height=\"675\" srcset=\"https:\/\/safeintel.hu\/wp-content\/uploads\/2024\/11\/Key-features-EN-Ajax-BulletCam.png 2560w, https:\/\/safeintel.hu\/wp-content\/uploads\/2024\/11\/Key-features-EN-Ajax-BulletCam-420x236.png 420w, https:\/\/safeintel.hu\/wp-content\/uploads\/2024\/11\/Key-features-EN-Ajax-BulletCam-1024x576.png 1024w, https:\/\/safeintel.hu\/wp-content\/uploads\/2024\/11\/Key-features-EN-Ajax-BulletCam-768x432.png 768w, https:\/\/safeintel.hu\/wp-content\/uploads\/2024\/11\/Key-features-EN-Ajax-BulletCam-1536x864.png 1536w, https:\/\/safeintel.hu\/wp-content\/uploads\/2024\/11\/Key-features-EN-Ajax-BulletCam-2048x1152.png 2048w, https:\/\/safeintel.hu\/wp-content\/uploads\/2024\/11\/Key-features-EN-Ajax-BulletCam-18x10.png 18w, https:\/\/safeintel.hu\/wp-content\/uploads\/2024\/11\/Key-features-EN-Ajax-BulletCam-700x394.png 700w\" sizes=\"(max-width: 1200px) 100vw, 1200px\" \/><\/p>\n<p>&nbsp;<\/p>\n<h2 class=\"mb-24\" style=\"text-align: center;\"><strong>Testreszabhat\u00f3 videofal egyidej\u0171 megfigyel\u00e9shez<\/strong><\/h2>\n<p class=\"fs-3 mb-0\">Integr\u00e1lja az \u00f6sszes vizu\u00e1lis adat\u00e1t egy egyszer\u0171s\u00edtett fel\u00fcleten. A videofal f\u00fcl egyes\u00edti az IP-kamer\u00e1k \u00e9s a MotionCam sorozat\u00fa \u00e9rz\u00e9kel\u0151k legfrissebb r\u00e9szleteit, \u00e1tfog\u00f3 k\u00e9pet ny\u00fajtva a t\u00e9rr\u0151l. Rendezze \u00e1t a csemp\u00e9ket tetsz\u00e9se szerint. A videofal mobil \u00e9s asztali alkalmaz\u00e1sokon egyar\u00e1nt el\u00e9rhet\u0151.<\/p>\n<p><img decoding=\"async\" loading=\"lazy\" class=\"wp-image-5090 aligncenter\" src=\"https:\/\/safeintel.hu\/wp-content\/uploads\/2024\/11\/Customizable-video.gif\" alt=\"\" width=\"1071\" height=\"570\" \/><\/p>\n<p>&nbsp;<\/p>\n<h2 class=\"mb-24\" style=\"text-align: center;\"><strong>Kamera, melyet mesters\u00e9ges intelligencia t\u00e1mogat<\/strong><\/h2>\n<p class=\"fs-3 mb-16\">Az Ajax kamer\u00e1k AI-alap\u00fa t\u00e1rgyfelismer\u00e9st k\u00edn\u00e1lnak a hat\u00e9kony esem\u00e9nyr\u00f6gz\u00edt\u00e9s \u00e9s a t\u00e1rhelyhaszn\u00e1lat cs\u00f6kkent\u00e9se \u00e9rdek\u00e9ben. Ez seg\u00edti a megfigyel\u0151rendszert abban, hogy csak fontos esem\u00e9nyeket r\u00f6gz\u00edtsen, p\u00e9ld\u00e1ul amikor valaki bel\u00e9p egy szob\u00e1ba vagy egy aut\u00f3 \u00e1thalad egy parkol\u00f3ban.<\/p>\n<p class=\"fs-3 mb-32\">A kamer\u00e1kat szelekt\u00edven lehet aktiv\u00e1lni, \u00e9s minden feldolgoz\u00e1s k\u00f6zvetlen\u00fcl a kamer\u00e1n t\u00f6rt\u00e9nik, minimaliz\u00e1lva az infrastrukt\u00fara terhel\u00e9s\u00e9t. Az emberek \u00e9s aut\u00f3k hat\u00e9kony keres\u00e9se jelent\u0151sen felgyors\u00edtja az incidensek feldolgoz\u00e1s\u00e1t a megfigyel\u0151 k\u00f6zpontokban.<\/p>\n<p style=\"text-align: center;\"><img decoding=\"async\" loading=\"lazy\" class=\"alignnone wp-image-5091\" src=\"https:\/\/safeintel.hu\/wp-content\/uploads\/2024\/11\/Camera-empowered-by-AI.gif\" alt=\"\" width=\"578\" height=\"550\" \/><\/p>\n<p>&nbsp;<\/p>\n<h2 class=\"mb-24\" style=\"text-align: center;\"><strong>Be\u00e9p\u00edtett mozg\u00e1s\u00e9rz\u00e9kel\u00e9s<\/strong><\/h2>\n<p class=\"fs-3 mb-0\">Optimaliz\u00e1lja vide\u00f3arch\u00edvum\u00e1t a pixelek mozg\u00e1s\u00e1nak \u00e9rz\u00e9kel\u00e9se funkci\u00f3j\u00e1nak be\u00e1ll\u00edt\u00e1s\u00e1val. Hat\u00e1rozzon meg konkr\u00e9t z\u00f3n\u00e1kat, hogy a felv\u00e9telek csak a kiv\u00e1lasztott ter\u00fcleten bek\u00f6vetkez\u0151 mozg\u00e1s eset\u00e9n induljanak el. Ez helyet takar\u00edt meg \u00e9s egyszer\u0171s\u00edti az arch\u00edvum navig\u00e1ci\u00f3j\u00e1t.<\/p>\n<p><img decoding=\"async\" loading=\"lazy\" class=\"wp-image-5092 aligncenter\" src=\"https:\/\/safeintel.hu\/wp-content\/uploads\/2024\/11\/Built-in-motion-detection.gif\" alt=\"\" width=\"1070\" height=\"551\" \/><\/p>\n<p>&nbsp;<\/p>\n<h2 style=\"text-align: center;\"><strong>\u0150rizze meg a bizalmas inform\u00e1ci\u00f3kat a priv\u00e1t z\u00f3n\u00e1ban<\/strong><\/h2>\n<p class=\"fs-3 mb-small\">N\u00f6velje az adatv\u00e9delmet a priv\u00e1t z\u00f3n\u00e1k be\u00e1ll\u00edt\u00e1s\u00e1val. Ez a funkci\u00f3 lehet\u0151v\u00e9 teszi a k\u00e9p egyes r\u00e9szeinek elrejt\u00e9s\u00e9t. P\u00e9ld\u00e1ul, ha egy sz\u00e9f l\u00e1that\u00f3, az azt k\u00f6r\u00fclvev\u0151 tev\u00e9kenys\u00e9g r\u00f6gz\u00edthet\u0151 an\u00e9lk\u00fcl, hogy felt\u00e1rn\u00e1 annak tartalm\u00e1t a megfelel\u0151 z\u00f3na be\u00e1ll\u00edt\u00e1s\u00e1val. Ez a lehet\u0151s\u00e9g biztos\u00edtja, hogy a szem\u00e9lyes \u00e9s \u00e9rz\u00e9keny inform\u00e1ci\u00f3k priv\u00e1tak maradjanak, k\u00fcl\u00f6n\u00f6sen a magas szint\u0171 biztons\u00e1g\u00fa k\u00f6rnyezetben.<\/p>\n<h2><\/h2>\n<h2><img decoding=\"async\" loading=\"lazy\" class=\"wp-image-5093 aligncenter\" src=\"https:\/\/safeintel.hu\/wp-content\/uploads\/2024\/11\/Customizable-video-wall-for-simultaneous-monitoring.gif\" alt=\"\" width=\"1068\" height=\"550\" \/><\/h2>\n<p>&nbsp;<\/p>\n<h2 style=\"text-align: center;\"><strong>Fedezze fel a BulletCam-et<\/strong><\/h2>\n<h2 style=\"text-align: center;\"><iframe loading=\"lazy\" src=\"https:\/\/www.youtube.com\/embed\/J86Phwb_9lw?start=4511\" width=\"1070\" height=\"551\" frameborder=\"0\" allowfullscreen=\"allowfullscreen\" data-mce-fragment=\"1\"><span data-mce-type=\"bookmark\" style=\"display: inline-block; width: 0px; overflow: hidden; line-height: 0;\" class=\"mce_SELRES_start\"><\/span><\/iframe><\/h2>\n<p>&nbsp;<\/p>\n<h2 class=\"text-center mb-small\" style=\"text-align: center;\"><strong>M\u0171szaki inform\u00e1ci\u00f3<\/strong><\/h2>\n<table>\n<tbody>\n<tr>\n<td width=\"200\"><span style=\"color: #1bae70;\"><a style=\"color: #1bae70;\" href=\"https:\/\/ajax.systems\/products\/specs\/bulletcam-5-mp-2-8-mm\/\">BulletCam (5 Mp\/2.8 mm)<\/a><\/span><br \/>\n<span style=\"color: #1bae70;\"><a style=\"color: #1bae70;\" href=\"https:\/\/ajax.systems\/products\/specs\/bulletcam-5-mp-4-mm\/\">BulletCam (5 Mp\/4 mm)<\/a><\/span><\/td>\n<td width=\"200\"><span style=\"color: #339966;\"><span style=\"color: #1bae70;\"><a style=\"color: #1bae70;\" href=\"https:\/\/support.ajax.systems\/en\/manuals\/bulletcam\/?_gl=1*38q71c*_ga*MTc4NDI1NDc2MC4xNzMwMjc4NTI0*_ga_DFE4XTFKJQ*MTczMTg3NDc5NS44LjEuMTczMTg3NjQ3Ny4wLjAuMjA0NzA5NTc2NA..*_gcl_au*NDg5OTE4MDk0LjE3MzAyNzg1MjU.*FPAU*NjMyMTUzNzA1LjE3MzAyNzg1MjU.*_ga_1C2WYPSDCY*MTczMTg3NDc5NS44LjEuMTczMTg3NjQ3Ny40OS4wLjA.\">Felhaszn\u00e1l\u00f3i k\u00e9zik\u00f6nyv<\/a><\/span><br \/>\n<span style=\"color: #1bae70;\"><a class=\"underline-link\" style=\"color: #1bae70;\" href=\"https:\/\/drive.google.com\/file\/d\/1alc-Bq__eDDPe4NcJwoIL9VwKh2CMAs4\/view\" target=\"_blank\" rel=\"noopener noreferrer\">M\u0171szaki adatlap<\/a><\/span><br \/>\n<\/span><\/td>\n<td width=\"200\"><span style=\"color: #1bae70;\"><a class=\"underline-link\" style=\"font-size: 16px; background-color: #ffffff; color: #1bae70;\" href=\"https:\/\/support.ajax.systems\/en\/setting-demo-tips\/?_gl=1*djdas6*_ga*MTc4NDI1NDc2MC4xNzMwMjc4NTI0*_ga_DFE4XTFKJQ*MTczMTg3NDc5NS44LjEuMTczMTg3NjQ3Ny4wLjAuMjA0NzA5NTc2NA..*_gcl_au*NDg5OTE4MDk0LjE3MzAyNzg1MjU.*FPAU*NjMyMTUzNzA1LjE3MzAyNzg1MjU.*_ga_1C2WYPSDCY*MTczMTg3NDc5NS44LjEuMTczMTg3NjQ3Ny40OS4wLjA.\" target=\"_blank\" rel=\"noopener\">Demo \u00e9s tippek m\u00e9rn\u00f6k\u00f6knek \u00e9s PRO felhaszn\u00e1l\u00f3knak<\/a><\/span><\/td>\n<\/tr>\n<\/tbody>\n<\/table>","protected":false},"excerpt":{"rendered":"<p style=\"text-align: left;\">Vezet\u00e9kes AI-alap\u00fa biztons\u00e1gi IP kamera<\/p>","protected":false},"featured_media":5063,"comment_status":"closed","ping_status":"closed","template":"","meta":{"site-sidebar-layout":"default","site-content-layout":"default","ast-global-header-display":"","ast-main-header-display":"","ast-hfb-above-header-display":"","ast-hfb-below-header-display":"","ast-hfb-mobile-header-display":"","site-post-title":"","ast-breadcrumbs-content":"","ast-featured-img":"","footer-sml-layout":"","theme-transparent-header-meta":"default","adv-header-id-meta":"","stick-header-meta":"default","header-above-stick-meta":"","header-main-stick-meta":"","header-below-stick-meta":"","_themeisle_gutenberg_block_has_review":false},"product_cat":[101],"product_tag":[],"_links":{"self":[{"href":"https:\/\/safeintel.hu\/hu\/wp-json\/wp\/v2\/product\/5020"}],"collection":[{"href":"https:\/\/safeintel.hu\/hu\/wp-json\/wp\/v2\/product"}],"about":[{"href":"https:\/\/safeintel.hu\/hu\/wp-json\/wp\/v2\/types\/product"}],"replies":[{"embeddable":true,"href":"https:\/\/safeintel.hu\/hu\/wp-json\/wp\/v2\/comments?post=5020"}],"wp:featuredmedia":[{"embeddable":true,"href":"https:\/\/safeintel.hu\/hu\/wp-json\/wp\/v2\/media\/5063"}],"wp:attachment":[{"href":"https:\/\/safeintel.hu\/hu\/wp-json\/wp\/v2\/media?parent=5020"}],"wp:term":[{"taxonomy":"product_cat","embeddable":true,"href":"https:\/\/safeintel.hu\/hu\/wp-json\/wp\/v2\/product_cat?post=5020"},{"taxonomy":"product_tag","embeddable":true,"href":"https:\/\/safeintel.hu\/hu\/wp-json\/wp\/v2\/product_tag?post=5020"}],"curies":[{"name":"wp","href":"https:\/\/api.w.org\/{rel}","templated":true}]}}