{"id":5099,"date":"2024-12-06T12:55:01","date_gmt":"2024-12-06T10:55:01","guid":{"rendered":"https:\/\/safeintel.hu\/?post_type=product&#038;p=5099"},"modified":"2025-04-07T13:01:18","modified_gmt":"2025-04-07T11:01:18","slug":"keypad-touchscreen-jeweller","status":"publish","type":"product","link":"https:\/\/safeintel.hu\/hu\/products\/keypad-touchscreen-jeweller\/","title":{"rendered":"KeyPad TouchScreen Jeweller"},"content":{"rendered":"<h1 class=\"product-hero-header_title__NQapv\" style=\"text-align: center;\">KeyPad TouchScreen Jeweller<\/h1>\n<h2 style=\"text-align: center;\"><img decoding=\"async\" loading=\"lazy\" class=\"alignnone wp-image-5112\" src=\"https:\/\/safeintel.hu\/wp-content\/uploads\/2024\/12\/Render-\u2013-Ajax-KeyPad-TouchScreen-Jeweller-White-\u2013-front-3_4.png\" alt=\"\" width=\"550\" height=\"550\" srcset=\"https:\/\/safeintel.hu\/wp-content\/uploads\/2024\/12\/Render-\u2013-Ajax-KeyPad-TouchScreen-Jeweller-White-\u2013-front-3_4.png 2560w, https:\/\/safeintel.hu\/wp-content\/uploads\/2024\/12\/Render-\u2013-Ajax-KeyPad-TouchScreen-Jeweller-White-\u2013-front-3_4-420x420.png 420w, https:\/\/safeintel.hu\/wp-content\/uploads\/2024\/12\/Render-\u2013-Ajax-KeyPad-TouchScreen-Jeweller-White-\u2013-front-3_4-1024x1024.png 1024w, https:\/\/safeintel.hu\/wp-content\/uploads\/2024\/12\/Render-\u2013-Ajax-KeyPad-TouchScreen-Jeweller-White-\u2013-front-3_4-170x170.png 170w, https:\/\/safeintel.hu\/wp-content\/uploads\/2024\/12\/Render-\u2013-Ajax-KeyPad-TouchScreen-Jeweller-White-\u2013-front-3_4-768x768.png 768w, https:\/\/safeintel.hu\/wp-content\/uploads\/2024\/12\/Render-\u2013-Ajax-KeyPad-TouchScreen-Jeweller-White-\u2013-front-3_4-1536x1536.png 1536w, https:\/\/safeintel.hu\/wp-content\/uploads\/2024\/12\/Render-\u2013-Ajax-KeyPad-TouchScreen-Jeweller-White-\u2013-front-3_4-2048x2048.png 2048w, https:\/\/safeintel.hu\/wp-content\/uploads\/2024\/12\/Render-\u2013-Ajax-KeyPad-TouchScreen-Jeweller-White-\u2013-front-3_4-12x12.png 12w, https:\/\/safeintel.hu\/wp-content\/uploads\/2024\/12\/Render-\u2013-Ajax-KeyPad-TouchScreen-Jeweller-White-\u2013-front-3_4-700x700.png 700w, https:\/\/safeintel.hu\/wp-content\/uploads\/2024\/12\/Render-\u2013-Ajax-KeyPad-TouchScreen-Jeweller-White-\u2013-front-3_4-100x100.png 100w\" sizes=\"(max-width: 550px) 100vw, 550px\" \/> <img decoding=\"async\" loading=\"lazy\" class=\"alignnone wp-image-5113\" src=\"https:\/\/safeintel.hu\/wp-content\/uploads\/2024\/12\/Render-\u2013-Ajax-KeyPad-TouchScreen-Jeweller-Black-\u2013-front-3_4.png\" alt=\"\" width=\"550\" height=\"550\" srcset=\"https:\/\/safeintel.hu\/wp-content\/uploads\/2024\/12\/Render-\u2013-Ajax-KeyPad-TouchScreen-Jeweller-Black-\u2013-front-3_4.png 2560w, https:\/\/safeintel.hu\/wp-content\/uploads\/2024\/12\/Render-\u2013-Ajax-KeyPad-TouchScreen-Jeweller-Black-\u2013-front-3_4-420x420.png 420w, https:\/\/safeintel.hu\/wp-content\/uploads\/2024\/12\/Render-\u2013-Ajax-KeyPad-TouchScreen-Jeweller-Black-\u2013-front-3_4-1024x1024.png 1024w, https:\/\/safeintel.hu\/wp-content\/uploads\/2024\/12\/Render-\u2013-Ajax-KeyPad-TouchScreen-Jeweller-Black-\u2013-front-3_4-170x170.png 170w, https:\/\/safeintel.hu\/wp-content\/uploads\/2024\/12\/Render-\u2013-Ajax-KeyPad-TouchScreen-Jeweller-Black-\u2013-front-3_4-768x768.png 768w, https:\/\/safeintel.hu\/wp-content\/uploads\/2024\/12\/Render-\u2013-Ajax-KeyPad-TouchScreen-Jeweller-Black-\u2013-front-3_4-1536x1536.png 1536w, https:\/\/safeintel.hu\/wp-content\/uploads\/2024\/12\/Render-\u2013-Ajax-KeyPad-TouchScreen-Jeweller-Black-\u2013-front-3_4-2048x2048.png 2048w, https:\/\/safeintel.hu\/wp-content\/uploads\/2024\/12\/Render-\u2013-Ajax-KeyPad-TouchScreen-Jeweller-Black-\u2013-front-3_4-12x12.png 12w, https:\/\/safeintel.hu\/wp-content\/uploads\/2024\/12\/Render-\u2013-Ajax-KeyPad-TouchScreen-Jeweller-Black-\u2013-front-3_4-700x700.png 700w, https:\/\/safeintel.hu\/wp-content\/uploads\/2024\/12\/Render-\u2013-Ajax-KeyPad-TouchScreen-Jeweller-Black-\u2013-front-3_4-100x100.png 100w\" sizes=\"(max-width: 550px) 100vw, 550px\" \/><\/h2>\n<h2 class=\"h3 mb-24\" style=\"text-align: left;\">K\u00e9nyelmes Ajax rendszervez\u00e9rl\u00e9s<\/h2>\n<p class=\"fs-3 mb-0\">A KeyPad TouchScreen \u00f6tv\u00f6zi a biztons\u00e1got \u00e9s az okosotthon eszk\u00f6z\u00f6k kezel\u00e9s\u00e9t. Az intuit\u00edv, Ajax alkalmaz\u00e1shoz hasonl\u00f3 fel\u00fclet \u00e9s a t\u00f6bbnyelv\u0171 t\u00e1mogat\u00e1s egyszer\u0171v\u00e9 teszi a haszn\u00e1lat\u00e1t. A nagy kijelz\u0151, a DESFire \u00e9s BLE technol\u00f3gi\u00e1k, valamint a k\u00fcl\u00f6nb\u00f6z\u0151 k\u00f3dopci\u00f3k biztons\u00e1gos \u00e9s hat\u00e9kony \u00e9lm\u00e9nyt ny\u00fajtanak.<\/p>\n<p>&nbsp;<\/p>\n<h2 class=\"mb-0\" style=\"text-align: center;\"><strong>F\u0151bb jellemz\u0151k<\/strong><\/h2>\n<p>&nbsp;<\/p>\n<p><img decoding=\"async\" loading=\"lazy\" class=\"wp-image-5109 aligncenter\" src=\"https:\/\/safeintel.hu\/wp-content\/uploads\/2024\/12\/Key-features-EN-Ajax-KeyPad-TouchScreen-Jeweller.png\" alt=\"\" width=\"1198\" height=\"674\" srcset=\"https:\/\/safeintel.hu\/wp-content\/uploads\/2024\/12\/Key-features-EN-Ajax-KeyPad-TouchScreen-Jeweller.png 2560w, https:\/\/safeintel.hu\/wp-content\/uploads\/2024\/12\/Key-features-EN-Ajax-KeyPad-TouchScreen-Jeweller-420x236.png 420w, https:\/\/safeintel.hu\/wp-content\/uploads\/2024\/12\/Key-features-EN-Ajax-KeyPad-TouchScreen-Jeweller-1024x576.png 1024w, https:\/\/safeintel.hu\/wp-content\/uploads\/2024\/12\/Key-features-EN-Ajax-KeyPad-TouchScreen-Jeweller-768x432.png 768w, https:\/\/safeintel.hu\/wp-content\/uploads\/2024\/12\/Key-features-EN-Ajax-KeyPad-TouchScreen-Jeweller-1536x864.png 1536w, https:\/\/safeintel.hu\/wp-content\/uploads\/2024\/12\/Key-features-EN-Ajax-KeyPad-TouchScreen-Jeweller-2048x1152.png 2048w, https:\/\/safeintel.hu\/wp-content\/uploads\/2024\/12\/Key-features-EN-Ajax-KeyPad-TouchScreen-Jeweller-18x10.png 18w, https:\/\/safeintel.hu\/wp-content\/uploads\/2024\/12\/Key-features-EN-Ajax-KeyPad-TouchScreen-Jeweller-700x394.png 700w\" sizes=\"(max-width: 1198px) 100vw, 1198px\" \/><\/p>\n<p>&nbsp;<\/p>\n<div class=\"row g-16 gy-xl-24 row-cols-1\">\n<div class=\"col\">\n<div class=\"row g-16\">\n<div class=\"row row-cols-1 g-24 g-xl-32\">\n<div class=\"col\">\n<div class=\"row g-16\">\n<div class=\"col align-self-center\"><\/div>\n<\/div>\n<\/div>\n<div class=\"col\">\n<div class=\"row g-16\">\n<div class=\"col align-self-center\"><\/div>\n<\/div>\n<\/div>\n<\/div>\n<\/div>\n<\/div>\n<\/div>\n<h2 style=\"text-align: center;\">KeyPad TouchScreen Jeweller<\/h2>\n<p style=\"text-align: center;\"><iframe loading=\"lazy\" title=\"YouTube video player\" src=\"https:\/\/www.youtube.com\/embed\/VN6aPF8a3Gc\" width=\"900\" height=\"450\" frameborder=\"0\" allowfullscreen=\"allowfullscreen\" data-mce-fragment=\"1\"><\/iframe><\/p>\n<p>&nbsp;<\/p>\n<h2 class=\"text-center mb-small\" style=\"text-align: center;\"><strong>M\u0171szaki inform\u00e1ci\u00f3<\/strong><\/h2>\n<table style=\"height: 77px;\" width=\"1625\">\n<tbody>\n<tr>\n<td width=\"200\"><span style=\"color: #339966;\"><a style=\"color: #339966;\" href=\"https:\/\/ajax.systems\/products\/specs\/keypad-touchscreen\/\" target=\"_blank\" rel=\"noopener\">KeyPad TouchScreen Jeweller<\/a><br \/>\n<span style=\"color: #1bae70;\"><a style=\"color: #1bae70;\" href=\"https:\/\/support.ajax.systems\/en\/manuals\/keypad-touchscreen\/?_gl=1*vt8smz*_gcl_au*NDg5OTE4MDk0LjE3MzAyNzg1MjU.*FPAU*NjMyMTUzNzA1LjE3MzAyNzg1MjU.*_ga*MTc4NDI1NDc2MC4xNzMwMjc4NTI0*_ga_1C2WYPSDCY*MTczMzQ4MjQ2OC4xMi4xLjE3MzM0ODM4NzguMTEuMC4w*_ga_DFE4XTFKJQ*MTczMzQ4MjQ2OC4xMy4xLjE3MzM0ODM4MzIuMC4wLjM0NTIzNDI1Mg..\">Felhaszn\u00e1l\u00f3i k\u00e9zik\u00f6nyv<\/a><\/span><br \/>\n<\/span><\/td>\n<td width=\"200\"><span style=\"color: #339966;\"><span style=\"color: #1bae70;\"><a class=\"underline-link\" style=\"color: #1bae70;\" href=\"https:\/\/drive.google.com\/file\/d\/1duSeq-Uf-a0n9khUM6JFNWZ5Lbk0MYHC\/view\" target=\"_blank\" rel=\"noopener noreferrer\">M\u0171szaki adatlap<\/a><\/span><br \/>\n<\/span><\/td>\n<td width=\"200\"><span style=\"color: #1bae70;\"><a class=\"underline-link\" style=\"font-size: 16px; background-color: #ffffff; color: #1bae70;\" href=\"https:\/\/support.ajax.systems\/en\/setting-demo-tips\/?_gl=1*clh1m7*_gcl_au*NDg5OTE4MDk0LjE3MzAyNzg1MjU.*FPAU*NjMyMTUzNzA1LjE3MzAyNzg1MjU.*_ga*MTc4NDI1NDc2MC4xNzMwMjc4NTI0*_ga_1C2WYPSDCY*MTczMzQ4MjQ2OC4xMi4xLjE3MzM0ODM4NzguMTEuMC4w*_ga_DFE4XTFKJQ*MTczMzQ4MjQ2OC4xMy4xLjE3MzM0ODM4MzIuMC4wLjM0NTIzNDI1Mg..\" target=\"_blank\" rel=\"noopener\">Demo \u00e9s tippek m\u00e9rn\u00f6k\u00f6knek \u00e9s PRO felhaszn\u00e1l\u00f3knak<\/a><\/span><\/td>\n<\/tr>\n<\/tbody>\n<\/table>\n<p>&nbsp;<\/p>","protected":false},"excerpt":{"rendered":"<p style=\"text-align: left;\">KeyPad TouchScreen egy vezet\u00e9k n\u00e9lk\u00fcli \u00e9rint\u0151k\u00e9perny\u0151s billenty\u0171zet az Ajax biztons\u00e1gi rendszer vez\u00e9rl\u00e9s\u00e9hez.<\/p>","protected":false},"featured_media":5105,"comment_status":"closed","ping_status":"closed","template":"","meta":{"site-sidebar-layout":"default","site-content-layout":"default","ast-global-header-display":"","ast-main-header-display":"","ast-hfb-above-header-display":"","ast-hfb-below-header-display":"","ast-hfb-mobile-header-display":"","site-post-title":"","ast-breadcrumbs-content":"","ast-featured-img":"","footer-sml-layout":"","theme-transparent-header-meta":"default","adv-header-id-meta":"","stick-header-meta":"default","header-above-stick-meta":"","header-main-stick-meta":"","header-below-stick-meta":"","_themeisle_gutenberg_block_has_review":false},"product_cat":[95],"product_tag":[],"_links":{"self":[{"href":"https:\/\/safeintel.hu\/hu\/wp-json\/wp\/v2\/product\/5099"}],"collection":[{"href":"https:\/\/safeintel.hu\/hu\/wp-json\/wp\/v2\/product"}],"about":[{"href":"https:\/\/safeintel.hu\/hu\/wp-json\/wp\/v2\/types\/product"}],"replies":[{"embeddable":true,"href":"https:\/\/safeintel.hu\/hu\/wp-json\/wp\/v2\/comments?post=5099"}],"wp:featuredmedia":[{"embeddable":true,"href":"https:\/\/safeintel.hu\/hu\/wp-json\/wp\/v2\/media\/5105"}],"wp:attachment":[{"href":"https:\/\/safeintel.hu\/hu\/wp-json\/wp\/v2\/media?parent=5099"}],"wp:term":[{"taxonomy":"product_cat","embeddable":true,"href":"https:\/\/safeintel.hu\/hu\/wp-json\/wp\/v2\/product_cat?post=5099"},{"taxonomy":"product_tag","embeddable":true,"href":"https:\/\/safeintel.hu\/hu\/wp-json\/wp\/v2\/product_tag?post=5099"}],"curies":[{"name":"wp","href":"https:\/\/api.w.org\/{rel}","templated":true}]}}