{"id":5123,"date":"2024-12-06T15:08:08","date_gmt":"2024-12-06T13:08:08","guid":{"rendered":"https:\/\/safeintel.hu\/?post_type=product&#038;p=5123"},"modified":"2025-04-07T13:01:18","modified_gmt":"2025-04-07T11:01:18","slug":"speakerphone-jeweller","status":"publish","type":"product","link":"https:\/\/safeintel.hu\/hu\/products\/speakerphone-jeweller\/","title":{"rendered":"SpeakerPhone Jeweller"},"content":{"rendered":"<h1 class=\"product-hero-header_title__NQapv\" style=\"text-align: center;\">SpeakerPhone Jeweller<\/h1>\n<h2 style=\"text-align: center;\"><img decoding=\"async\" loading=\"lazy\" class=\"alignnone wp-image-5134\" src=\"https:\/\/safeintel.hu\/wp-content\/uploads\/2024\/12\/SpeakerPhone_White_Clean_3_4.jpg\" alt=\"\" width=\"675\" height=\"675\" srcset=\"https:\/\/safeintel.hu\/wp-content\/uploads\/2024\/12\/SpeakerPhone_White_Clean_3_4.jpg 700w, https:\/\/safeintel.hu\/wp-content\/uploads\/2024\/12\/SpeakerPhone_White_Clean_3_4-420x420.jpg 420w, https:\/\/safeintel.hu\/wp-content\/uploads\/2024\/12\/SpeakerPhone_White_Clean_3_4-170x170.jpg 170w, https:\/\/safeintel.hu\/wp-content\/uploads\/2024\/12\/SpeakerPhone_White_Clean_3_4-12x12.jpg 12w, https:\/\/safeintel.hu\/wp-content\/uploads\/2024\/12\/SpeakerPhone_White_Clean_3_4-100x100.jpg 100w\" sizes=\"(max-width: 675px) 100vw, 675px\" \/> <img decoding=\"async\" loading=\"lazy\" class=\"alignnone wp-image-5135\" src=\"https:\/\/safeintel.hu\/wp-content\/uploads\/2024\/12\/SpeakerPhone_Black_Clean_3_4.jpg\" alt=\"\" width=\"674\" height=\"674\" srcset=\"https:\/\/safeintel.hu\/wp-content\/uploads\/2024\/12\/SpeakerPhone_Black_Clean_3_4.jpg 700w, https:\/\/safeintel.hu\/wp-content\/uploads\/2024\/12\/SpeakerPhone_Black_Clean_3_4-420x420.jpg 420w, https:\/\/safeintel.hu\/wp-content\/uploads\/2024\/12\/SpeakerPhone_Black_Clean_3_4-170x170.jpg 170w, https:\/\/safeintel.hu\/wp-content\/uploads\/2024\/12\/SpeakerPhone_Black_Clean_3_4-12x12.jpg 12w, https:\/\/safeintel.hu\/wp-content\/uploads\/2024\/12\/SpeakerPhone_Black_Clean_3_4-100x100.jpg 100w\" sizes=\"(max-width: 674px) 100vw, 674px\" \/><\/h2>\n<h2>Hangos \u00e9s tiszta<\/h2>\n<p class=\"fs-3\">A SpeakerPhone Jeweller egy hangmodul, amelyet gyors hangalap\u00fa riaszt\u00e1sellen\u0151rz\u00e9sre terveztek k\u00f6zvetlen hangh\u00edv\u00e1sok r\u00e9v\u00e9n a t\u00e1vfel\u00fcgyeleti c\u00e9g \u00e9s a v\u00e9dett helysz\u00edn k\u00f6z\u00f6tt. A k\u00e9sz\u00fcl\u00e9k tiszta \u00e9s biztons\u00e1gos, teljes duplex hangkommunik\u00e1ci\u00f3t biztos\u00edt a VoRF1 saj\u00e1t fejleszt\u00e9s\u0171 audio streaming protokoll \u00e9s mesters\u00e9ges intelligencia technol\u00f3gi\u00e1k seg\u00edts\u00e9g\u00e9vel.<sup class=\"text-highlight cursor-pointer\">1<\/sup>\u00a0Riaszt\u00e1s eset\u00e9n a k\u00f6zponti megfigyel\u0151 \u00e1llom\u00e1s (CMS) oper\u00e1tora azonnal kapcsolatba l\u00e9phet a l\u00e9tes\u00edtm\u00e9nnyel, hogy besz\u00e9ljen a helysz\u00ednen tart\u00f3zkod\u00f3val, vagy meghallgassa, mi t\u00f6rt\u00e9nik. Az oper\u00e1tor felm\u00e9ri a helyzetet \u00e9s meghozza a megfelel\u0151 int\u00e9zked\u00e9st \u2014 csak akkor, ha a fenyeget\u00e9s val\u00f3s. Ezenk\u00edv\u00fcl az oper\u00e1torok a SpeakerPhone Jeweller seg\u00edts\u00e9g\u00e9vel elriaszthatj\u00e1k a behatol\u00f3kat vagy reag\u00e1lhatnak kieg\u00e9sz\u00edt\u0151 riaszt\u00e1sokra.<\/p>\n<div><\/div>\n<h2 class=\"mb-0\" style=\"text-align: center;\"><strong>F\u0151bb jellemz\u0151k<\/strong><\/h2>\n<p><img decoding=\"async\" loading=\"lazy\" class=\"wp-image-5136 aligncenter\" src=\"https:\/\/safeintel.hu\/wp-content\/uploads\/2024\/12\/Key-features-EN-Ajax-SpeakerPhone-Jeweller.png\" alt=\"\" width=\"1200\" height=\"675\" srcset=\"https:\/\/safeintel.hu\/wp-content\/uploads\/2024\/12\/Key-features-EN-Ajax-SpeakerPhone-Jeweller.png 2561w, https:\/\/safeintel.hu\/wp-content\/uploads\/2024\/12\/Key-features-EN-Ajax-SpeakerPhone-Jeweller-420x236.png 420w, https:\/\/safeintel.hu\/wp-content\/uploads\/2024\/12\/Key-features-EN-Ajax-SpeakerPhone-Jeweller-1024x576.png 1024w, https:\/\/safeintel.hu\/wp-content\/uploads\/2024\/12\/Key-features-EN-Ajax-SpeakerPhone-Jeweller-768x432.png 768w, https:\/\/safeintel.hu\/wp-content\/uploads\/2024\/12\/Key-features-EN-Ajax-SpeakerPhone-Jeweller-1536x864.png 1536w, https:\/\/safeintel.hu\/wp-content\/uploads\/2024\/12\/Key-features-EN-Ajax-SpeakerPhone-Jeweller-2048x1152.png 2048w, https:\/\/safeintel.hu\/wp-content\/uploads\/2024\/12\/Key-features-EN-Ajax-SpeakerPhone-Jeweller-18x10.png 18w, https:\/\/safeintel.hu\/wp-content\/uploads\/2024\/12\/Key-features-EN-Ajax-SpeakerPhone-Jeweller-700x394.png 700w\" sizes=\"(max-width: 1200px) 100vw, 1200px\" \/><\/p>\n<div class=\"row g-16 gy-xl-24 row-cols-1\">\n<div class=\"col\">\n<div class=\"row g-16\">\n<div class=\"row row-cols-1 g-24 g-xl-32\">\n<div class=\"col\">\n<div class=\"row g-16\">\n<div class=\"col align-self-center\"><\/div>\n<\/div>\n<\/div>\n<div class=\"col\">\n<div class=\"row g-16\">\n<div class=\"col align-self-center\"><\/div>\n<\/div>\n<\/div>\n<\/div>\n<\/div>\n<\/div>\n<\/div>\n<h2 style=\"text-align: center;\">KeyPad TouchScreen Jeweller<\/h2>\n<p style=\"text-align: center;\"><iframe loading=\"lazy\" title=\"YouTube video player\" src=\"https:\/\/www.youtube.com\/embed\/VN6aPF8a3Gc\" width=\"900\" height=\"450\" frameborder=\"0\" allowfullscreen=\"allowfullscreen\" data-mce-fragment=\"1\"><\/iframe><\/p>\n<p>&nbsp;<\/p>\n<h2 class=\"text-center mb-small\" style=\"text-align: center;\"><strong>M\u0171szaki inform\u00e1ci\u00f3<\/strong><\/h2>\n<table style=\"height: 77px;\" width=\"1625\">\n<tbody>\n<tr>\n<td width=\"200\"><span style=\"color: #339966;\"><span style=\"color: #1bae70;\"><a style=\"color: #1bae70;\" href=\"https:\/\/ajax.systems\/products\/specs\/speakerphone-jeweller\/\" target=\"_blank\" rel=\"noopener\">SpeakerPhone Jeweller<\/a><\/span><br \/>\n<span style=\"color: #1bae70;\"><a style=\"color: #1bae70;\" href=\"https:\/\/support.ajax.systems\/en\/manuals\/speakerphone-jeweller\/?_gl=1*mzpzw2*_gcl_au*NDg5OTE4MDk0LjE3MzAyNzg1MjU.*FPAU*NjMyMTUzNzA1LjE3MzAyNzg1MjU.*_ga*MTc4NDI1NDc2MC4xNzMwMjc4NTI0*_ga_1C2WYPSDCY*MTczMzY2NjkzOS4xNS4xLjE3MzM2NjczMjcuNTQuMC4w*_ga_DFE4XTFKJQ*MTczMzY2NjkzOC4xNi4xLjE3MzM2NjczMjEuMC4wLjE0OTI1ODEwMjg.\">Felhaszn\u00e1l\u00f3i k\u00e9zik\u00f6nyv<\/a><\/span><br \/>\n<\/span><\/td>\n<td width=\"200\"><span style=\"color: #339966;\"><span style=\"color: #1bae70;\"><a class=\"underline-link\" style=\"color: #1bae70;\" href=\"https:\/\/drive.google.com\/file\/d\/1USraPXutbLOv_6ndjuKtJV2QDEeWFrsQ\/view\" target=\"_blank\" rel=\"noopener noreferrer\">M\u0171szaki adatlap<\/a><\/span><br \/>\n<\/span><\/td>\n<td width=\"200\"><span style=\"color: #1bae70;\"><a class=\"underline-link\" style=\"font-size: 16px; background-color: #ffffff; color: #1bae70;\" href=\"https:\/\/support.ajax.systems\/en\/setting-demo-tips\/?_gl=1*3mz3vq*_gcl_au*NDg5OTE4MDk0LjE3MzAyNzg1MjU.*FPAU*NjMyMTUzNzA1LjE3MzAyNzg1MjU.*_ga*MTc4NDI1NDc2MC4xNzMwMjc4NTI0*_ga_1C2WYPSDCY*MTczMzY2NjkzOS4xNS4xLjE3MzM2NjczMjcuNTQuMC4w*_ga_DFE4XTFKJQ*MTczMzY2NjkzOC4xNi4xLjE3MzM2NjczMjEuMC4wLjE0OTI1ODEwMjg.\" target=\"_blank\" rel=\"noopener\">Demo \u00e9s tippek m\u00e9rn\u00f6k\u00f6knek \u00e9s PRO felhaszn\u00e1l\u00f3knak<\/a><\/span><\/td>\n<\/tr>\n<\/tbody>\n<\/table>\n<p>&nbsp;<\/p>","protected":false},"excerpt":{"rendered":"<p style=\"text-align: left;\">Vezet\u00e9k n\u00e9lk\u00fcli hangmodul riaszt\u00e1sok ellen\u0151rz\u00e9s\u00e9hez<\/p>","protected":false},"featured_media":5105,"comment_status":"closed","ping_status":"closed","template":"","meta":{"site-sidebar-layout":"default","site-content-layout":"default","ast-global-header-display":"","ast-main-header-display":"","ast-hfb-above-header-display":"","ast-hfb-below-header-display":"","ast-hfb-mobile-header-display":"","site-post-title":"","ast-breadcrumbs-content":"","ast-featured-img":"","footer-sml-layout":"","theme-transparent-header-meta":"default","adv-header-id-meta":"","stick-header-meta":"default","header-above-stick-meta":"","header-main-stick-meta":"","header-below-stick-meta":"","_themeisle_gutenberg_block_has_review":false},"product_cat":[95],"product_tag":[],"_links":{"self":[{"href":"https:\/\/safeintel.hu\/hu\/wp-json\/wp\/v2\/product\/5123"}],"collection":[{"href":"https:\/\/safeintel.hu\/hu\/wp-json\/wp\/v2\/product"}],"about":[{"href":"https:\/\/safeintel.hu\/hu\/wp-json\/wp\/v2\/types\/product"}],"replies":[{"embeddable":true,"href":"https:\/\/safeintel.hu\/hu\/wp-json\/wp\/v2\/comments?post=5123"}],"wp:featuredmedia":[{"embeddable":true,"href":"https:\/\/safeintel.hu\/hu\/wp-json\/wp\/v2\/media\/5105"}],"wp:attachment":[{"href":"https:\/\/safeintel.hu\/hu\/wp-json\/wp\/v2\/media?parent=5123"}],"wp:term":[{"taxonomy":"product_cat","embeddable":true,"href":"https:\/\/safeintel.hu\/hu\/wp-json\/wp\/v2\/product_cat?post=5123"},{"taxonomy":"product_tag","embeddable":true,"href":"https:\/\/safeintel.hu\/hu\/wp-json\/wp\/v2\/product_tag?post=5123"}],"curies":[{"name":"wp","href":"https:\/\/api.w.org\/{rel}","templated":true}]}}