{"id":5164,"date":"2024-12-08T18:23:37","date_gmt":"2024-12-08T16:23:37","guid":{"rendered":"https:\/\/safeintel.hu\/?post_type=product&#038;p=5164"},"modified":"2025-04-07T13:01:18","modified_gmt":"2025-04-07T11:01:18","slug":"nvr-16-channels","status":"publish","type":"product","link":"https:\/\/safeintel.hu\/hu\/products\/nvr-16-channels\/","title":{"rendered":"NVR &#8211; 16 channels"},"content":{"rendered":"<h2 class=\"product-hero-header_title__NQapv\" style=\"text-align: center;\">H\u00e1l\u00f3zati vide\u00f3r\u00f6gz\u00edt\u0151<\/h2>\n<h2 style=\"text-align: center;\"><img decoding=\"async\" loading=\"lazy\" class=\"alignnone wp-image-5155\" src=\"https:\/\/safeintel.hu\/wp-content\/uploads\/2024\/12\/Render-Ajax-NVR-White-front3-4.png\" alt=\"\" width=\"550\" height=\"550\" srcset=\"https:\/\/safeintel.hu\/wp-content\/uploads\/2024\/12\/Render-Ajax-NVR-White-front3-4.png 3000w, https:\/\/safeintel.hu\/wp-content\/uploads\/2024\/12\/Render-Ajax-NVR-White-front3-4-420x420.png 420w, https:\/\/safeintel.hu\/wp-content\/uploads\/2024\/12\/Render-Ajax-NVR-White-front3-4-1024x1024.png 1024w, https:\/\/safeintel.hu\/wp-content\/uploads\/2024\/12\/Render-Ajax-NVR-White-front3-4-170x170.png 170w, https:\/\/safeintel.hu\/wp-content\/uploads\/2024\/12\/Render-Ajax-NVR-White-front3-4-768x768.png 768w, https:\/\/safeintel.hu\/wp-content\/uploads\/2024\/12\/Render-Ajax-NVR-White-front3-4-1536x1536.png 1536w, https:\/\/safeintel.hu\/wp-content\/uploads\/2024\/12\/Render-Ajax-NVR-White-front3-4-2048x2048.png 2048w, https:\/\/safeintel.hu\/wp-content\/uploads\/2024\/12\/Render-Ajax-NVR-White-front3-4-12x12.png 12w, https:\/\/safeintel.hu\/wp-content\/uploads\/2024\/12\/Render-Ajax-NVR-White-front3-4-700x700.png 700w, https:\/\/safeintel.hu\/wp-content\/uploads\/2024\/12\/Render-Ajax-NVR-White-front3-4-100x100.png 100w\" sizes=\"(max-width: 550px) 100vw, 550px\" \/> <img decoding=\"async\" loading=\"lazy\" class=\"alignnone wp-image-5156\" src=\"https:\/\/safeintel.hu\/wp-content\/uploads\/2024\/12\/Render-Ajax-NVR-Black-front3-4.png\" alt=\"\" width=\"550\" height=\"550\" srcset=\"https:\/\/safeintel.hu\/wp-content\/uploads\/2024\/12\/Render-Ajax-NVR-Black-front3-4.png 3000w, https:\/\/safeintel.hu\/wp-content\/uploads\/2024\/12\/Render-Ajax-NVR-Black-front3-4-420x420.png 420w, https:\/\/safeintel.hu\/wp-content\/uploads\/2024\/12\/Render-Ajax-NVR-Black-front3-4-1024x1024.png 1024w, https:\/\/safeintel.hu\/wp-content\/uploads\/2024\/12\/Render-Ajax-NVR-Black-front3-4-170x170.png 170w, https:\/\/safeintel.hu\/wp-content\/uploads\/2024\/12\/Render-Ajax-NVR-Black-front3-4-768x768.png 768w, https:\/\/safeintel.hu\/wp-content\/uploads\/2024\/12\/Render-Ajax-NVR-Black-front3-4-1536x1536.png 1536w, https:\/\/safeintel.hu\/wp-content\/uploads\/2024\/12\/Render-Ajax-NVR-Black-front3-4-2048x2048.png 2048w, https:\/\/safeintel.hu\/wp-content\/uploads\/2024\/12\/Render-Ajax-NVR-Black-front3-4-12x12.png 12w, https:\/\/safeintel.hu\/wp-content\/uploads\/2024\/12\/Render-Ajax-NVR-Black-front3-4-700x700.png 700w, https:\/\/safeintel.hu\/wp-content\/uploads\/2024\/12\/Render-Ajax-NVR-Black-front3-4-100x100.png 100w\" sizes=\"(max-width: 550px) 100vw, 550px\" \/><\/h2>\n<div class=\"bg-light-2 pt-large pb-small\">\n<div class=\"container\">\n<div class=\"row\">\n<div class=\"offset-xxl-1 col-xxl-10\">\n<h2 class=\"h3 mb-24\">Vide\u00f3 vezet\u00e9se a cs\u00facstechnol\u00f3gi\u00e1s biztons\u00e1ghoz<\/h2>\n<p class=\"fs-3 mb-0\">Az NVR \u00f6tv\u00f6zi a vide\u00f3 megfigyel\u00e9s \u00e9s az Ajax rendszerek szinergi\u00e1j\u00e1t. Tapasztalja meg a p\u00e1ratlan rendszerreakci\u00f3 sebess\u00e9get, biztos\u00edtva a vide\u00f3arch\u00edvum azonnali el\u00e9r\u00e9s\u00e9t, m\u00e9g mozg\u00e1s k\u00f6zben is. Sz\u00e9les kompatibilit\u00e1s\u00e1nak k\u00f6sz\u00f6nhet\u0151en szinte b\u00e1rmilyen IP-kamera integr\u00e1lhat\u00f3 a behatol\u00e1sv\u00e9delemmel \u00e9s az automatiz\u00e1l\u00e1ssal. Az NVR a professzion\u00e1lis biztons\u00e1gi rendszer \u00f6r\u00f6ks\u00e9g\u00e9t hordozza, amelyet vil\u00e1gszerte milli\u00f3k b\u00edznak meg.<\/p>\n<p>&nbsp;<\/p>\n<\/div>\n<\/div>\n<\/div>\n<\/div>\n<div class=\"bg-light-2\">\n<div class=\"container\">\n<div class=\"row\">\n<div class=\"offset-xxl-1 col-xxl-10\">\n<div class=\"plate_plate__XLb_T plate_v2__RwfK_ bg-white youtube-card_plate__6OUHs mb-nano\">\n<div class=\"row g-0 align-items-center\">\n<div class=\"col-md-auto\">\n<h2 class=\"mb-0\" style=\"text-align: center;\"><strong>F\u0151bb jellemz\u0151k<\/strong><\/h2>\n<p><img decoding=\"async\" loading=\"lazy\" class=\"wp-image-5157 aligncenter\" src=\"https:\/\/safeintel.hu\/wp-content\/uploads\/2024\/12\/Key-features-EN-Ajax-NVR.png\" alt=\"\" width=\"1200\" height=\"675\" srcset=\"https:\/\/safeintel.hu\/wp-content\/uploads\/2024\/12\/Key-features-EN-Ajax-NVR.png 1920w, https:\/\/safeintel.hu\/wp-content\/uploads\/2024\/12\/Key-features-EN-Ajax-NVR-420x236.png 420w, https:\/\/safeintel.hu\/wp-content\/uploads\/2024\/12\/Key-features-EN-Ajax-NVR-1024x576.png 1024w, https:\/\/safeintel.hu\/wp-content\/uploads\/2024\/12\/Key-features-EN-Ajax-NVR-768x432.png 768w, https:\/\/safeintel.hu\/wp-content\/uploads\/2024\/12\/Key-features-EN-Ajax-NVR-1536x864.png 1536w, https:\/\/safeintel.hu\/wp-content\/uploads\/2024\/12\/Key-features-EN-Ajax-NVR-18x10.png 18w, https:\/\/safeintel.hu\/wp-content\/uploads\/2024\/12\/Key-features-EN-Ajax-NVR-700x394.png 700w\" sizes=\"(max-width: 1200px) 100vw, 1200px\" \/><\/p>\n<\/div>\n<\/div>\n<p>&nbsp;<\/p>\n<div class=\"row g-0 align-items-center\">\n<div class=\"col-md-auto\">\n<div class=\"row g-16 gy-xl-24 row-cols-1\">\n<div class=\"col\">\n<div class=\"row g-16\">\n<div class=\"row row-cols-1 g-24 g-xl-32\">\n<div class=\"col\">\n<div class=\"row g-16\">\n<div class=\"col align-self-center\">\n<h2 class=\"h3 mb-0\" style=\"text-align: center;\">Teljes\u00edtm\u00e9nyorient\u00e1lt hardver eleganci\u00e1val<\/h2>\n<\/div>\n<p><video tabindex=\"0\" autoplay=\"autoplay\" loop=\"loop\" muted=\"\" width=\"100%\" height=\"550\"><source src=\"https:\/\/ajax.systems\/cdn\/upload\/nvr_video_992115aefc.mp4\" type=\"video\/mp4\" \/><span data-mce-type=\"bookmark\" style=\"display: inline-block; width: 0px; overflow: hidden; line-height: 0;\" class=\"mce_SELRES_start\"><\/span><\/video><\/p>\n<\/div>\n<\/div>\n<\/div>\n<\/div>\n<\/div>\n<\/div>\n<p>&nbsp;<\/p>\n<h2 class=\"h3 mb-24\">Testreszabhat\u00f3 videofal egyidej\u0171 megfigyel\u00e9shez<\/h2>\n<p class=\"fs-3 mb-0\">Integr\u00e1lja az \u00f6sszes vizu\u00e1lis adat\u00e1t egy egyszer\u0171s\u00edtett fel\u00fcleten. A Videowall f\u00fcl egyes\u00edti az IP-kamer\u00e1k \u00e9s a MotionCam sorozat\u00fa \u00e9rz\u00e9kel\u0151k legfrissebb r\u00e9szleteit, \u00e1tfog\u00f3 k\u00e9pet ny\u00fajtva a t\u00e9rr\u0151l. Rendezze \u00e1t a csemp\u00e9ket tetsz\u00e9se szerint. A videofal mobil \u00e9s asztali alkalmaz\u00e1sokon egyar\u00e1nt el\u00e9rhet\u0151.<\/p>\n<p><video tabindex=\"0\" autoplay=\"autoplay\" loop=\"loop\" muted=\"\" width=\"100%\" height=\"550\"><span data-mce-type=\"bookmark\" style=\"display: inline-block; width: 0px; overflow: hidden; line-height: 0;\" class=\"mce_SELRES_start\"><\/span><source src=\"https:\/\/ajax.systems\/cdn\/upload\/customizable_video_wall_v2_md_ada4d87671.mp4\" type=\"video\/mp4\" \/><span data-mce-type=\"bookmark\" style=\"display: inline-block; width: 0px; overflow: hidden; line-height: 0;\" class=\"mce_SELRES_end\"><\/span><br \/>\n<span data-mce-type=\"bookmark\" style=\"display: inline-block; width: 0px; overflow: hidden; line-height: 0;\" class=\"mce_SELRES_start\"><\/span><\/video><\/p>\n<h2 class=\"h3 mb-24\">Be\u00e9p\u00edtett mozg\u00e1s\u00e9rz\u00e9kel\u00e9s<\/h2>\n<p class=\"fs-3 mb-0\">Optimaliz\u00e1lja vide\u00f3arch\u00edvum\u00e1t a pixelek mozg\u00e1s\u00e1nak \u00e9rz\u00e9kel\u00e9se funkci\u00f3j\u00e1nak be\u00e1ll\u00edt\u00e1s\u00e1val. Hat\u00e1rozzon meg konkr\u00e9t z\u00f3n\u00e1kat, hogy a felv\u00e9telek csak a kiv\u00e1lasztott ter\u00fcleten bek\u00f6vetkez\u0151 mozg\u00e1s eset\u00e9n induljanak el. Ez helyet takar\u00edt meg \u00e9s egyszer\u0171s\u00edti az arch\u00edvum navig\u00e1ci\u00f3j\u00e1t.<\/p>\n<p><video tabindex=\"0\" autoplay=\"autoplay\" loop=\"loop\" muted=\"\" width=\"100%\" height=\"550\"><span data-mce-type=\"bookmark\" style=\"display: inline-block; width: 0px; overflow: hidden; line-height: 0;\" class=\"mce_SELRES_start\"><\/span><span data-mce-type=\"bookmark\" style=\"display: inline-block; width: 0px; overflow: hidden; line-height: 0;\" class=\"mce_SELRES_start\"><\/span><source src=\"https:\/\/ajax.systems\/cdn\/upload\/zones_detection_01b038315a.mp4\" type=\"video\/mp4\" \/><span data-mce-type=\"bookmark\" style=\"display: inline-block; width: 0px; overflow: hidden; line-height: 0;\" class=\"mce_SELRES_end\"><\/span><span data-mce-type=\"bookmark\" style=\"display: inline-block; width: 0px; overflow: hidden; line-height: 0;\" class=\"mce_SELRES_end\"><\/span><br \/>\n<span data-mce-type=\"bookmark\" style=\"display: inline-block; width: 0px; overflow: hidden; line-height: 0;\" class=\"mce_SELRES_start\"><\/span><\/video><\/p>\n<h2 class=\"product-hero-header_title__NQapv\" style=\"text-align: center;\"><\/h2>\n<p>&nbsp;<\/p>\n<h2 class=\"text-center mb-small\" style=\"text-align: center;\"><strong>M\u0171szaki inform\u00e1ci\u00f3<\/strong><\/h2>\n<table style=\"height: 77px;\" width=\"1625\">\n<tbody>\n<tr>\n<td width=\"200\"><span style=\"color: #339966;\"><span style=\"color: #1bae70;\"><a style=\"color: #1bae70;\" href=\"https:\/\/ajax.systems\/products\/specs\/nvr-16-ch\/\" target=\"_blank\" rel=\"noopener\">NVR (16-ch)<\/a><\/span><br \/>\n<span style=\"color: #1bae70;\"><a style=\"color: #1bae70;\" href=\"https:\/\/support.ajax.systems\/en\/manuals\/nvr\/?_gl=1*1l6p711*_ga*MTc4NDI1NDc2MC4xNzMwMjc4NTI0*_ga_DFE4XTFKJQ*MTczMzY3MTY2Ni4xNy4xLjE3MzM2NzM0NTMuMC4wLjMyNzA3NzE1Mg..*_gcl_au*NDg5OTE4MDk0LjE3MzAyNzg1MjU.*FPAU*NjMyMTUzNzA1LjE3MzAyNzg1MjU.*_ga_1C2WYPSDCY*MTczMzY3MTUzMC4xNi4xLjE3MzM2NzUwMzcuNjAuMC4w\">Felhaszn\u00e1l\u00f3i k\u00e9zik\u00f6nyv<\/a><\/span><br \/>\n<\/span><\/td>\n<td width=\"200\"><span style=\"color: #339966;\"><span style=\"color: #1bae70;\"><a class=\"underline-link\" style=\"color: #1bae70;\" href=\"https:\/\/drive.google.com\/file\/d\/1dSX2RS0th2-U7X8BbcmviKsps2_sR7Mb\/view\" target=\"_blank\" rel=\"noopener noreferrer\">M\u0171szaki adatlap<\/a><\/span><br \/>\n<\/span><\/td>\n<td width=\"200\"><span style=\"color: #1bae70;\"><a class=\"underline-link\" style=\"font-size: 16px; background-color: #ffffff; color: #1bae70;\" href=\"https:\/\/support.ajax.systems\/en\/setting-demo-tips\/?_gl=1*14gxav5*_ga*MTc4NDI1NDc2MC4xNzMwMjc4NTI0*_ga_DFE4XTFKJQ*MTczMzY3MTY2Ni4xNy4xLjE3MzM2NzM0NTMuMC4wLjMyNzA3NzE1Mg..*_gcl_au*NDg5OTE4MDk0LjE3MzAyNzg1MjU.*FPAU*NjMyMTUzNzA1LjE3MzAyNzg1MjU.*_ga_1C2WYPSDCY*MTczMzY3MTUzMC4xNi4xLjE3MzM2NzUwMzcuNjAuMC4w\" target=\"_blank\" rel=\"noopener\">Demo \u00e9s tippek m\u00e9rn\u00f6k\u00f6knek \u00e9s PRO felhaszn\u00e1l\u00f3knak<\/a><\/span><\/td>\n<\/tr>\n<\/tbody>\n<\/table>\n<p>&nbsp;<\/p>\n<\/div>\n<\/div>\n<\/div>\n<\/div>\n<\/div>\n<\/div>\n<\/div>","protected":false},"excerpt":{"rendered":"<div class=\"bg-black position-relative d-flex graphic-section_hero-with-nav__QPpKx pt-16 pb-24 py-sm-32\">\n<div class=\"container d-flex flex-column position-relative\">\n<div class=\"row flex-grow-1 text-center text-lg-start\">\n<div class=\"offset-xxl-1 col-lg-7 col-xxl-6 d-flex flex-column justify-content-between justify-content-lg-center\">\n<div>\n<p class=\"fs-3 mb-0 mt-8 mt-md-16\">H\u00e1l\u00f3zati vide\u00f3r\u00f6gz\u00edt\u0151<\/p>\n<\/div>\n<\/div>\n<\/div>\n<\/div>\n<\/div>\n<div class=\"bg-light-2 pt-large pb-small\">\n<div class=\"container\">\n<div class=\"row\">\n<div class=\"offset-xxl-1 col-xxl-10\"><\/div>\n<\/div>\n<\/div>\n<\/div>","protected":false},"featured_media":5158,"comment_status":"closed","ping_status":"closed","template":"","meta":{"site-sidebar-layout":"default","site-content-layout":"default","ast-global-header-display":"","ast-main-header-display":"","ast-hfb-above-header-display":"","ast-hfb-below-header-display":"","ast-hfb-mobile-header-display":"","site-post-title":"","ast-breadcrumbs-content":"","ast-featured-img":"","footer-sml-layout":"","theme-transparent-header-meta":"default","adv-header-id-meta":"","stick-header-meta":"default","header-above-stick-meta":"","header-main-stick-meta":"","header-below-stick-meta":"","_themeisle_gutenberg_block_has_review":false},"product_cat":[101],"product_tag":[],"_links":{"self":[{"href":"https:\/\/safeintel.hu\/hu\/wp-json\/wp\/v2\/product\/5164"}],"collection":[{"href":"https:\/\/safeintel.hu\/hu\/wp-json\/wp\/v2\/product"}],"about":[{"href":"https:\/\/safeintel.hu\/hu\/wp-json\/wp\/v2\/types\/product"}],"replies":[{"embeddable":true,"href":"https:\/\/safeintel.hu\/hu\/wp-json\/wp\/v2\/comments?post=5164"}],"wp:featuredmedia":[{"embeddable":true,"href":"https:\/\/safeintel.hu\/hu\/wp-json\/wp\/v2\/media\/5158"}],"wp:attachment":[{"href":"https:\/\/safeintel.hu\/hu\/wp-json\/wp\/v2\/media?parent=5164"}],"wp:term":[{"taxonomy":"product_cat","embeddable":true,"href":"https:\/\/safeintel.hu\/hu\/wp-json\/wp\/v2\/product_cat?post=5164"},{"taxonomy":"product_tag","embeddable":true,"href":"https:\/\/safeintel.hu\/hu\/wp-json\/wp\/v2\/product_tag?post=5164"}],"curies":[{"name":"wp","href":"https:\/\/api.w.org\/{rel}","templated":true}]}}