{"id":5167,"date":"2024-12-08T19:04:31","date_gmt":"2024-12-08T17:04:31","guid":{"rendered":"https:\/\/safeintel.hu\/?post_type=product&#038;p=5167"},"modified":"2025-04-07T13:01:18","modified_gmt":"2025-04-07T11:01:18","slug":"din-holder","status":"publish","type":"product","link":"https:\/\/safeintel.hu\/hu\/products\/din-holder\/","title":{"rendered":"DIN Holder"},"content":{"rendered":"<h2 class=\"product-hero-header_title__NQapv\" style=\"text-align: center;\">DIN Holder<\/h2>\n<p><img decoding=\"async\" loading=\"lazy\" class=\"size-full wp-image-5176 aligncenter\" src=\"https:\/\/safeintel.hu\/wp-content\/uploads\/2024\/12\/DIN-4.jpg\" alt=\"\" width=\"1000\" height=\"400\" srcset=\"https:\/\/safeintel.hu\/wp-content\/uploads\/2024\/12\/DIN-4.jpg 1000w, https:\/\/safeintel.hu\/wp-content\/uploads\/2024\/12\/DIN-4-420x168.jpg 420w, https:\/\/safeintel.hu\/wp-content\/uploads\/2024\/12\/DIN-4-768x307.jpg 768w, https:\/\/safeintel.hu\/wp-content\/uploads\/2024\/12\/DIN-4-18x7.jpg 18w, https:\/\/safeintel.hu\/wp-content\/uploads\/2024\/12\/DIN-4-700x280.jpg 700w\" sizes=\"(max-width: 1000px) 100vw, 1000px\" \/><\/p>\n<p>&nbsp;<\/p>\n<h2 class=\"h1\">R\u00e9szletesen \u00e1tgondolva<\/h2>\n<p class=\"body-18 body-md-20 mb-0\">A DIN Holder seg\u00edt biztons\u00e1gosan r\u00f6gz\u00edteni a Relay vagy WallSwitch eszk\u00f6zt a DIN s\u00ednen. Szerelhet\u0151 szerel\u0151dobozba, szerver szekr\u00e9nybe vagy eloszt\u00f3 panelbe. A csomag tartalmaz matric\u00e1kat, amelyek seg\u00edtenek megjel\u00f6lni, melyik eszk\u00f6zt vagy \u00e1ramk\u00f6rt vez\u00e9rli a rel\u00e9.<\/p>\n<h2><\/h2>\n<h2 class=\"h1\">Szersz\u00e1m n\u00e9lk\u00fcli telep\u00edt\u00e9s<\/h2>\n<p class=\"body-18 body-20 mb-0\">A DIN Holder kialak\u00edt\u00e1sa k\u00f6veti a rel\u00e9 form\u00e1j\u00e1t, \u00e9s biztos\u00edtja a k\u00e9sz\u00fcl\u00e9k megb\u00edzhat\u00f3 r\u00f6gz\u00edt\u00e9s\u00e9t a szabv\u00e1nyos 35 mm-es DIN s\u00ednen. A Relay vagy WallSwitch egy mozdulattal behelyezhet\u0151 a tart\u00f3 h\u00e1z\u00e1ba. A tart\u00f3 oldals\u00f3 zsan\u00e9rokkal r\u00f6gz\u00edthet\u0151 a s\u00ednen \u2014 nincs sz\u00fcks\u00e9g szersz\u00e1mokra.<\/p>\n<p><video tabindex=\"0\" autoplay=\"autoplay\" loop=\"loop\" muted=\"\" width=\"100%\" height=\"550\"><span data-mce-type=\"bookmark\" style=\"display: inline-block; width: 0px; overflow: hidden; line-height: 0;\" class=\"mce_SELRES_start\"><\/span><source src=\"https:\/\/ajax.systems\/cdn\/products\/din-holder\/block4\/installation\/din_holder-with-relay.mp4?1663000132\" type=\"video\/mp4\" \/><span data-mce-type=\"bookmark\" style=\"display: inline-block; width: 0px; overflow: hidden; line-height: 0;\" class=\"mce_SELRES_end\"><\/span><br \/>\n<span data-mce-type=\"bookmark\" style=\"display: inline-block; width: 0px; overflow: hidden; line-height: 0;\" class=\"mce_SELRES_start\"><\/span><\/video><\/p>\n<h2><\/h2>\n<h2 class=\"text-center mb-small\" style=\"text-align: center;\"><strong>M\u0171szaki inform\u00e1ci\u00f3<\/strong><\/h2>\n<table style=\"height: 77px;\" width=\"1625\">\n<tbody>\n<tr>\n<td width=\"200\"><span style=\"color: #339966;\"><span style=\"color: #1bae70;\"><a style=\"color: #1bae70;\" href=\"https:\/\/ajax.systems\/products\/specs\/din-holder\/\" target=\"_blank\" rel=\"noopener\">DIN Holder<\/a><\/span><br \/>\n<\/span><\/td>\n<td width=\"200\"><span style=\"color: #339966;\"><span style=\"color: #1bae70;\"><a class=\"underline-link\" style=\"color: #1bae70;\" href=\"https:\/\/drive.google.com\/file\/d\/1LWLtMiIRg9cAqrYs15PybPuvfgpK7XNt\/view\" target=\"_blank\" rel=\"noopener noreferrer\">M\u0171szaki adatlap<\/a><\/span><br \/>\n<\/span><\/td>\n<td width=\"200\"><span style=\"color: #1bae70;\"><a class=\"underline-link\" style=\"font-size: 16px; background-color: #ffffff; color: #1bae70;\" href=\"https:\/\/support.ajax.systems\/en\/setting-demo-tips\/?_gl=1*1wplzgn*_gcl_au*NDg5OTE4MDk0LjE3MzAyNzg1MjU.*FPAU*NjMyMTUzNzA1LjE3MzAyNzg1MjU.*_ga*MTc4NDI1NDc2MC4xNzMwMjc4NTI0*_ga_1C2WYPSDCY*MTczMzY5MTAyMi4xNy4xLjE3MzM2OTEyMDcuNjAuMC4w*_ga_DFE4XTFKJQ*MTczMzY5MTAyMi4xOS4xLjE3MzM2OTEyMDcuMC4wLjE1NTIzNjUxODk.\" target=\"_blank\" rel=\"noopener\">Demo \u00e9s tippek m\u00e9rn\u00f6k\u00f6knek \u00e9s PRO felhaszn\u00e1l\u00f3knak<\/a><\/span><\/td>\n<\/tr>\n<\/tbody>\n<\/table>\n<p>&nbsp;<\/p>","protected":false},"excerpt":{"rendered":"<p style=\"text-align: left;\">Konzol\u00a0<a href=\"https:\/\/ajax.systems\/products\/relay\/\">rel\u00e9<\/a>\u00a0vagy\u00a0<a href=\"https:\/\/ajax.systems\/products\/wallswitch\/\">fali kapcsol\u00f3<\/a>\u00a0DIN s\u00ednre szerel\u00e9s\u00e9hez<\/p>","protected":false},"featured_media":5170,"comment_status":"closed","ping_status":"closed","template":"","meta":{"site-sidebar-layout":"default","site-content-layout":"default","ast-global-header-display":"","ast-main-header-display":"","ast-hfb-above-header-display":"","ast-hfb-below-header-display":"","ast-hfb-mobile-header-display":"","site-post-title":"","ast-breadcrumbs-content":"","ast-featured-img":"","footer-sml-layout":"","theme-transparent-header-meta":"default","adv-header-id-meta":"","stick-header-meta":"default","header-above-stick-meta":"","header-main-stick-meta":"","header-below-stick-meta":"","_themeisle_gutenberg_block_has_review":false},"product_cat":[98],"product_tag":[],"_links":{"self":[{"href":"https:\/\/safeintel.hu\/hu\/wp-json\/wp\/v2\/product\/5167"}],"collection":[{"href":"https:\/\/safeintel.hu\/hu\/wp-json\/wp\/v2\/product"}],"about":[{"href":"https:\/\/safeintel.hu\/hu\/wp-json\/wp\/v2\/types\/product"}],"replies":[{"embeddable":true,"href":"https:\/\/safeintel.hu\/hu\/wp-json\/wp\/v2\/comments?post=5167"}],"wp:featuredmedia":[{"embeddable":true,"href":"https:\/\/safeintel.hu\/hu\/wp-json\/wp\/v2\/media\/5170"}],"wp:attachment":[{"href":"https:\/\/safeintel.hu\/hu\/wp-json\/wp\/v2\/media?parent=5167"}],"wp:term":[{"taxonomy":"product_cat","embeddable":true,"href":"https:\/\/safeintel.hu\/hu\/wp-json\/wp\/v2\/product_cat?post=5167"},{"taxonomy":"product_tag","embeddable":true,"href":"https:\/\/safeintel.hu\/hu\/wp-json\/wp\/v2\/product_tag?post=5167"}],"curies":[{"name":"wp","href":"https:\/\/api.w.org\/{rel}","templated":true}]}}