{"id":5177,"date":"2024-12-08T23:30:44","date_gmt":"2024-12-08T21:30:44","guid":{"rendered":"https:\/\/safeintel.hu\/?post_type=product&#038;p=5177"},"modified":"2025-04-07T13:01:16","modified_gmt":"2025-04-07T11:01:16","slug":"transmitter-jeweller","status":"publish","type":"product","link":"https:\/\/safeintel.hu\/hu\/products\/transmitter-jeweller\/","title":{"rendered":"Transmitter Jeweller"},"content":{"rendered":"<h2 style=\"text-align: center;\">Transmitter Jeweller<\/h2>\n<p>A Transmitter lehet\u0151v\u00e9 teszi harmadik f\u00e9lt\u0151l sz\u00e1rmaz\u00f3 vezet\u00e9kes eszk\u00f6z\u00f6k, p\u00e9ld\u00e1ul IR akad\u00e1lyok, folyad\u00e9kszint-\u00e9rz\u00e9kel\u0151k, g\u00e1zsziv\u00e1rg\u00e1s-\u00e9rz\u00e9kel\u0151k, billenty\u0171zetek, p\u00e1nikgombok vagy b\u00e1rmilyen m\u00e1s, NC\/NO \u00e9rintkez\u0151t\u00edpus\u00fa eszk\u00f6z csatlakoztat\u00e1s\u00e1t az Ajax biztons\u00e1gi rendszerhez.<\/p>\n<p><img decoding=\"async\" loading=\"lazy\" class=\"size-full wp-image-5182 aligncenter\" src=\"https:\/\/safeintel.hu\/wp-content\/uploads\/2024\/12\/Render-Ajax-Transmitter-Jeweller-3-sides.png\" alt=\"\" width=\"864\" height=\"520\" srcset=\"https:\/\/safeintel.hu\/wp-content\/uploads\/2024\/12\/Render-Ajax-Transmitter-Jeweller-3-sides.png 864w, https:\/\/safeintel.hu\/wp-content\/uploads\/2024\/12\/Render-Ajax-Transmitter-Jeweller-3-sides-420x253.png 420w, https:\/\/safeintel.hu\/wp-content\/uploads\/2024\/12\/Render-Ajax-Transmitter-Jeweller-3-sides-768x462.png 768w, https:\/\/safeintel.hu\/wp-content\/uploads\/2024\/12\/Render-Ajax-Transmitter-Jeweller-3-sides-18x12.png 18w, https:\/\/safeintel.hu\/wp-content\/uploads\/2024\/12\/Render-Ajax-Transmitter-Jeweller-3-sides-700x421.png 700w\" sizes=\"(max-width: 864px) 100vw, 864px\" \/><\/p>\n<p>&nbsp;<\/p>\n<p>&nbsp;<\/p>\n<div style=\"display: flex; gap: 20px; justify-content: space-between;\">\n<div style=\"width: 30%; text-align: justify;\">\n<h4>M\u0171k\u00f6d\u00e9s elve<\/h4>\n<p>A Transmitter lehet\u0151v\u00e9 teszi harmadik f\u00e9lt\u0151l sz\u00e1rmaz\u00f3 vezet\u00e9kes \u00e9rz\u00e9kel\u0151k vagy eszk\u00f6z\u00f6k csatlakoztat\u00e1s\u00e1t az Ajax biztons\u00e1gi rendszerhez. A modul vezet\u00e9kes kapcsolaton kereszt\u00fcl fogadja a riaszt\u00e1sokat \u00e9s esem\u00e9nyeket. Miut\u00e1n megkapja az esem\u00e9nyt, tov\u00e1bb\u00edtja azt a k\u00f6zponti egys\u00e9gnek a Jeweller r\u00e1di\u00f3protokollon kereszt\u00fcl, amely \u00e9rtes\u00edti a biztons\u00e1gi szolg\u00e1ltat\u00f3t \u00e9s a rendszer felhaszn\u00e1l\u00f3it.<\/p>\n<\/div>\n<div style=\"width: 30%; text-align: justify;\">\n<h4>Jellemz\u0151k<\/h4>\n<p>A Transmitter modul lehet\u0151v\u00e9 teszi b\u00e1rmely NC\/NO \u00e9rintkez\u0151t\u00edpus\u00fa \u00e9rz\u00e9kel\u0151, billenty\u0171zet vagy eszk\u00f6z csatlakoztat\u00e1s\u00e1t az Ajax biztons\u00e1gi rendszerhez. A modul sz\u00e1mos esem\u00e9nyt\u00edpust t\u00e1mogat: behatol\u00e1s, t\u0171z, seg\u00e9d riaszt\u00e1s, p\u00e1nikgomb, g\u00e1zriaszt\u00e1s, meghib\u00e1sod\u00e1s, sziv\u00e1rg\u00e1s stb. Az esem\u00e9ny t\u00edpusa meghat\u00e1rozza a biztons\u00e1gi szolg\u00e1ltat\u00f3 k\u00f6zpontj\u00e1ba k\u00fcld\u00f6tt riaszt\u00e1sk\u00f3dot \u00e9s a felhaszn\u00e1l\u00f3 \u00e1ltal kapott \u00e9rtes\u00edt\u00e9s sz\u00f6veg\u00e9t. Ez biztos\u00edtja a pontos reag\u00e1l\u00e1st a fenyeget\u00e9sre.<\/p>\n<\/div>\n<div style=\"width: 30%; text-align: justify;\">\n<h4>Telep\u00edt\u00e9s \u00e9s be\u00e1ll\u00edt\u00e1s<\/h4>\n<p>A Transmitter hozz\u00e1ad\u00e1s\u00e1hoz a biztons\u00e1gi rendszerhez olvassa be a QR-k\u00f3dot az Ajax alkalmaz\u00e1sban. A csatlakoztatott vezet\u00e9kes eszk\u00f6z t\u00edpus\u00e1t az Ajax mobil- vagy asztali alkalmaz\u00e1s\u00e1ban adhatja meg. A kompakt modul k\u00f6nnyen telep\u00edthet\u0151 az \u00e9rz\u00e9kel\u0151 h\u00e1z\u00e1ba vagy szerel\u0151dobozba. A be\u00e9p\u00edtett gyorsul\u00e1sm\u00e9r\u0151 \u00e9rtes\u00edti a manipul\u00e1ci\u00f3s k\u00eds\u00e9rletekr\u0151l.<\/p>\n<\/div>\n<\/div>\n<h2><\/h2>\n<h2 class=\"text-center mb-small\" style=\"text-align: center;\"><strong>M\u0171szaki inform\u00e1ci\u00f3<\/strong><\/h2>\n<table style=\"height: 77px;\" width=\"1625\">\n<tbody>\n<tr>\n<td width=\"200\"><span style=\"color: #339966;\"><span style=\"color: #1bae70;\"><a style=\"color: #1bae70;\" href=\"https:\/\/support.ajax.systems\/en\/manuals\/transmitter\/?_gl=1*egx0d3*_ga*MTc4NDI1NDc2MC4xNzMwMjc4NTI0*_ga_DFE4XTFKJQ*MTczMzY5MTAyMi4xOS4xLjE3MzM2OTM0NjQuMC4wLjE1NTIzNjUxODk.*_gcl_au*NDg5OTE4MDk0LjE3MzAyNzg1MjU.*FPAU*NjMyMTUzNzA1LjE3MzAyNzg1MjU.*_ga_1C2WYPSDCY*MTczMzY5MTAyMi4xNy4xLjE3MzM2OTM0NjQuMzUuMC4w\" target=\"_blank\" rel=\"noopener\">Transmitter<\/a><\/span><br \/>\n<\/span><\/td>\n<td width=\"200\"><span style=\"color: #339966;\"><span style=\"color: #1bae70;\"><a class=\"underline-link\" style=\"color: #1bae70;\" href=\"https:\/\/drive.google.com\/file\/d\/1bWdXJhRzaEAC8743nea9-pL6EUmzRB8D\/view\" target=\"_blank\" rel=\"noopener noreferrer\">M\u0171szaki adatlap<\/a><\/span><br \/>\n<\/span><\/td>\n<td width=\"200\"><\/td>\n<\/tr>\n<\/tbody>\n<\/table>\n<p>&nbsp;<\/p>","protected":false},"excerpt":{"rendered":"<p style=\"text-align: left;\">Modul k\u00fcls\u0151 vezet\u00e9kes eszk\u00f6z\u00f6k integr\u00e1l\u00e1s\u00e1hoz az Ajax rendszerbe<\/p>","protected":false},"featured_media":5179,"comment_status":"closed","ping_status":"closed","template":"","meta":{"site-sidebar-layout":"default","site-content-layout":"default","ast-global-header-display":"","ast-main-header-display":"","ast-hfb-above-header-display":"","ast-hfb-below-header-display":"","ast-hfb-mobile-header-display":"","site-post-title":"","ast-breadcrumbs-content":"","ast-featured-img":"","footer-sml-layout":"","theme-transparent-header-meta":"default","adv-header-id-meta":"","stick-header-meta":"default","header-above-stick-meta":"","header-main-stick-meta":"","header-below-stick-meta":"","_themeisle_gutenberg_block_has_review":false},"product_cat":[98],"product_tag":[],"_links":{"self":[{"href":"https:\/\/safeintel.hu\/hu\/wp-json\/wp\/v2\/product\/5177"}],"collection":[{"href":"https:\/\/safeintel.hu\/hu\/wp-json\/wp\/v2\/product"}],"about":[{"href":"https:\/\/safeintel.hu\/hu\/wp-json\/wp\/v2\/types\/product"}],"replies":[{"embeddable":true,"href":"https:\/\/safeintel.hu\/hu\/wp-json\/wp\/v2\/comments?post=5177"}],"wp:featuredmedia":[{"embeddable":true,"href":"https:\/\/safeintel.hu\/hu\/wp-json\/wp\/v2\/media\/5179"}],"wp:attachment":[{"href":"https:\/\/safeintel.hu\/hu\/wp-json\/wp\/v2\/media?parent=5177"}],"wp:term":[{"taxonomy":"product_cat","embeddable":true,"href":"https:\/\/safeintel.hu\/hu\/wp-json\/wp\/v2\/product_cat?post=5177"},{"taxonomy":"product_tag","embeddable":true,"href":"https:\/\/safeintel.hu\/hu\/wp-json\/wp\/v2\/product_tag?post=5177"}],"curies":[{"name":"wp","href":"https:\/\/api.w.org\/{rel}","templated":true}]}}