{"id":5193,"date":"2024-12-09T13:56:59","date_gmt":"2024-12-09T11:56:59","guid":{"rendered":"https:\/\/safeintel.hu\/?post_type=product&#038;p=5193"},"modified":"2025-04-07T13:01:16","modified_gmt":"2025-04-07T11:01:16","slug":"relay-jeweller","status":"publish","type":"product","link":"https:\/\/safeintel.hu\/hu\/products\/relay-jeweller\/","title":{"rendered":"Relay Jeweller"},"content":{"rendered":"<h1 class=\"animated fadeInUp\" style=\"text-align: center;\" data-animate=\"fadeInUp\">Relay Jeweller<\/h1>\n<div class=\"short-desc animated animate-1 fadeInUp\" data-animate=\"fadeInUp\">Sz\u00e1raz \u00e9rintkez\u0151 rel\u00e9 a 12-24 V\u2393 t\u00e1pegys\u00e9g t\u00e1vvez\u00e9rl\u00e9s\u00e9hez<\/div>\n<h2 class=\"animated fadeInUp\" style=\"text-align: center;\" data-animate=\"fadeInUp\"><img decoding=\"async\" loading=\"lazy\" class=\"alignnone wp-image-5189\" src=\"https:\/\/safeintel.hu\/wp-content\/uploads\/2024\/12\/WallSwitch-5-2-e1733737613732.jpg\" alt=\"\" width=\"1249\" height=\"575\" srcset=\"https:\/\/safeintel.hu\/wp-content\/uploads\/2024\/12\/WallSwitch-5-2-e1733737613732.jpg 2000w, https:\/\/safeintel.hu\/wp-content\/uploads\/2024\/12\/WallSwitch-5-2-e1733737613732-420x193.jpg 420w, https:\/\/safeintel.hu\/wp-content\/uploads\/2024\/12\/WallSwitch-5-2-e1733737613732-1024x471.jpg 1024w, https:\/\/safeintel.hu\/wp-content\/uploads\/2024\/12\/WallSwitch-5-2-e1733737613732-768x353.jpg 768w, https:\/\/safeintel.hu\/wp-content\/uploads\/2024\/12\/WallSwitch-5-2-e1733737613732-1536x707.jpg 1536w, https:\/\/safeintel.hu\/wp-content\/uploads\/2024\/12\/WallSwitch-5-2-e1733737613732-18x8.jpg 18w, https:\/\/safeintel.hu\/wp-content\/uploads\/2024\/12\/WallSwitch-5-2-e1733737613732-700x322.jpg 700w\" sizes=\"(max-width: 1249px) 100vw, 1249px\" \/><\/h2>\n<p>&nbsp;<\/p>\n<div class=\"ws-light-name animate fadeInUp\" data-animate=\"fadeInUp\"><\/div>\n<h2 class=\"ws-title animate animate-1 fadeInUp\" data-animate=\"fadeInUp\">Rugalmass\u00e1g az alapokban<\/h2>\n<div class=\"wallswitch-block2__content animate fadeInUp\" data-animate=\"fadeInUp\">\n<div class=\"wallswitch-block2__content animate fadeInUp\" data-animate=\"fadeInUp\">A be\u00e1ll\u00edt\u00e1sok sokoldal\u00fas\u00e1ga \u00e9s az alacsony energiafogyaszt\u00e1s a Relayt a berendez\u00e9sek vez\u00e9rl\u00e9s\u00e9nek univerz\u00e1lis eszk\u00f6z\u00e9v\u00e9 teszi. A sz\u00e1razon \u00e9rintkez\u0151 nem kapcsol\u00f3dik galvanikusan a k\u00e9sz\u00fcl\u00e9k t\u00e1pell\u00e1t\u00e1s\u00e1hoz, \u00edgy kisfesz\u00fclts\u00e9g\u0171 \u00e9s h\u00e1ztart\u00e1si h\u00e1l\u00f3zatokban egyar\u00e1nt haszn\u00e1lhat\u00f3. L\u00e9teznek bistabil \u00e9s impulzus \u00fczemm\u00f3dok. A rel\u00e9 egyszer\u0171en csatlakoztathat\u00f3 egy tartal\u00e9k akkumul\u00e1torral p\u00e1ros\u00edtott t\u00e1pegys\u00e9ghez.\nT\u00falfesz\u00fclts\u00e9gv\u00e9delem ikonImpulzus 1-255 m\u00e1sodperc<\/div>\n<div data-animate=\"fadeInUp\"><\/div>\n<div class=\"wallswitch-block2__list-block\">\n<ul class=\"wallswitch-block2__list\">\n<li class=\"wallswitch-block2__item animate animate-1 fadeInUp\" data-animate=\"fadeInUp\"><span class=\"wallswitch-block2__item--icon\"><img class=\"full loaded\" srcset=\"https:\/\/ajax.systems\/wp-content\/themes\/ajax\/assets\/images\/template\/product\/wallswitch\/icons\/surge_protection.svg\" alt=\"Surge protection icon\" data-srcset=\"https:\/\/ajax.systems\/wp-content\/themes\/ajax\/assets\/images\/template\/product\/wallswitch\/icons\/surge_protection.svg\" aria-hidden=\"true\" data-was-processed=\"true\" \/><\/span><span class=\"wallswitch-block2__item--text ws-text-md-18_20\">Impulzus bistabil ikonT\u00e1pegys\u00e9g 7-24 V\u2393<\/span><\/li>\n<li class=\"wallswitch-block2__item animate animate-2 fadeInUp\" data-animate=\"fadeInUp\"><span class=\"wallswitch-block2__item--icon\"><img class=\"full loaded\" srcset=\"https:\/\/ajax.systems\/wp-content\/themes\/ajax\/assets\/images\/template\/product\/wallswitch\/icons\/impulse_bistable.svg\" alt=\"Impulse bistable icon\" data-srcset=\"https:\/\/ajax.systems\/wp-content\/themes\/ajax\/assets\/images\/template\/product\/wallswitch\/icons\/impulse_bistable.svg\" aria-hidden=\"true\" data-was-processed=\"true\" \/><\/span><span class=\"wallswitch-block2__item--text ws-text-md-18_20\">Energiastatisztika ikonSz\u00e1raz \u00e9rintkez\u0151<\/span><\/li>\n<li class=\"wallswitch-block2__item animate animate-3 fadeInUp\" data-animate=\"fadeInUp\"><span class=\"wallswitch-block2__item--icon\"><img class=\"full loaded\" srcset=\"https:\/\/ajax.systems\/wp-content\/themes\/ajax\/assets\/images\/template\/product\/wallswitch\/icons\/energy_statistics.svg\" alt=\"Energy statistics icon\" data-srcset=\"https:\/\/ajax.systems\/wp-content\/themes\/ajax\/assets\/images\/template\/product\/wallswitch\/icons\/energy_statistics.svg\" aria-hidden=\"true\" data-was-processed=\"true\" \/><\/span><span class=\"wallswitch-block2__item--text ws-text-md-18_20\">Energiastatisztika ikonSz\u00e1raz \u00e9rintkez\u0151<\/span><\/li>\n<\/ul>\n<\/div>\n<\/div>\n<div class=\"wallswitch-block2__list-block\">\n<div class=\"ws-light-name wallswitch-block3__content--name animate fadeInUp\" style=\"text-align: left;\" data-animate=\"fadeInUp\">\n<div class=\"ws-light-name wallswitch-block3__content--name animate fadeInUp\" data-animate=\"fadeInUp\">Telep\u00edt\u00e9s<\/div>\n<h2 class=\"ws-title wallswitch-block3__content--title animate animate-1 fadeInUp\" data-animate=\"fadeInUp\">Nincs extra er\u0151fesz\u00edt\u00e9s<\/h2>\n<div class=\"wallswitch-block3__content--text animate animate-2 fadeInUp\" data-animate=\"fadeInUp\">\n<p>A Relay csatlakoztat\u00e1sa a hubhoz kevesebb mint egy percet vesz ig\u00e9nybe - el\u00e9g, ha az Ajax alkalmaz\u00e1ssal beolvasol egy QR-k\u00f3dot. A miniat\u0171r eszk\u00f6z (39\u00d733\u00d718 mm) k\u00f6nnyen illeszkedik egy eloszt\u00f3dobozba, egy elektromos panelbe vagy egy DIN tart\u00f3val ell\u00e1tott kapcsol\u00f3egys\u00e9g test\u00e9be. A rugalmas k\u00fcls\u0151 antenna pedig stabil csatlakoz\u00e1si lehet\u0151s\u00e9get biztos\u00edt.<\/p>\n<\/div>\n<\/div>\n<\/div>\n<p><img decoding=\"async\" src=\"https:\/\/ajax.systems\/wp-content\/themes\/ajax\/assets\/images\/template\/product\/relay\/relay_blow_xl@1x.jpg\" alt=\"No extra effort\" \/><\/p>\n<div><\/div>\n<p>&nbsp;<\/p>\n<h2 class=\"text-center mb-small\" style=\"text-align: center;\"><strong>M\u0171szaki inform\u00e1ci\u00f3<\/strong><\/h2>\n<table style=\"height: 77px;\" width=\"1625\">\n<tbody>\n<tr>\n<td width=\"200\"><span style=\"color: #339966;\"><span style=\"color: #1bae70;\"><a style=\"color: #1bae70;\" href=\"https:\/\/ajax.systems\/products\/specs\/relay-jeweller\/\" target=\"_blank\" rel=\"noopener\">Relay Jeweller<\/a><\/span><\/span><\/p>\n<p>&nbsp;<\/td>\n<td width=\"200\"><span style=\"color: #339966;\"><span style=\"color: #1bae70;\"><a style=\"color: #1bae70;\" href=\"https:\/\/support.ajax.systems\/en\/manuals\/relay\/?_gl=1*fujc1a*_gcl_au*NDg5OTE4MDk0LjE3MzAyNzg1MjU.*FPAU*NjMyMTUzNzA1LjE3MzAyNzg1MjU.*_ga*MTc4NDI1NDc2MC4xNzMwMjc4NTI0*_ga_1C2WYPSDCY*MTczMzc0NzUzMS4yMS4wLjE3MzM3NDc1MzEuNjAuMC4w*_ga_DFE4XTFKJQ*MTczMzc0MzYzOC4yMi4xLjE3MzM3NDU0MzkuMC4wLjE3OTc2NzQ5OA..\">Felhaszn\u00e1l\u00f3i k\u00e9zik\u00f6nyv<\/a><\/span><\/span><\/td>\n<td width=\"200\"><\/td>\n<\/tr>\n<\/tbody>\n<\/table>\n<p>&nbsp;<\/p>","protected":false},"excerpt":{"rendered":"<p style=\"text-align: left;\">Sz\u00e1raz \u00e9rintkez\u0151 rel\u00e9 a 12-24 V\u2393 t\u00e1pegys\u00e9g t\u00e1vvez\u00e9rl\u00e9s\u00e9hez<\/p>","protected":false},"featured_media":5190,"comment_status":"closed","ping_status":"closed","template":"","meta":{"site-sidebar-layout":"default","site-content-layout":"default","ast-global-header-display":"","ast-main-header-display":"","ast-hfb-above-header-display":"","ast-hfb-below-header-display":"","ast-hfb-mobile-header-display":"","site-post-title":"","ast-breadcrumbs-content":"","ast-featured-img":"","footer-sml-layout":"","theme-transparent-header-meta":"default","adv-header-id-meta":"","stick-header-meta":"default","header-above-stick-meta":"","header-main-stick-meta":"","header-below-stick-meta":"","_themeisle_gutenberg_block_has_review":false},"product_cat":[98],"product_tag":[],"_links":{"self":[{"href":"https:\/\/safeintel.hu\/hu\/wp-json\/wp\/v2\/product\/5193"}],"collection":[{"href":"https:\/\/safeintel.hu\/hu\/wp-json\/wp\/v2\/product"}],"about":[{"href":"https:\/\/safeintel.hu\/hu\/wp-json\/wp\/v2\/types\/product"}],"replies":[{"embeddable":true,"href":"https:\/\/safeintel.hu\/hu\/wp-json\/wp\/v2\/comments?post=5193"}],"wp:featuredmedia":[{"embeddable":true,"href":"https:\/\/safeintel.hu\/hu\/wp-json\/wp\/v2\/media\/5190"}],"wp:attachment":[{"href":"https:\/\/safeintel.hu\/hu\/wp-json\/wp\/v2\/media?parent=5193"}],"wp:term":[{"taxonomy":"product_cat","embeddable":true,"href":"https:\/\/safeintel.hu\/hu\/wp-json\/wp\/v2\/product_cat?post=5193"},{"taxonomy":"product_tag","embeddable":true,"href":"https:\/\/safeintel.hu\/hu\/wp-json\/wp\/v2\/product_tag?post=5193"}],"curies":[{"name":"wp","href":"https:\/\/api.w.org\/{rel}","templated":true}]}}