{"id":5195,"date":"2025-01-09T13:50:59","date_gmt":"2025-01-09T11:50:59","guid":{"rendered":"https:\/\/safeintel.hu\/?post_type=product&#038;p=5195"},"modified":"2025-04-07T13:01:18","modified_gmt":"2025-04-07T11:01:18","slug":"indoorcam-wi-fi","status":"publish","type":"product","link":"https:\/\/safeintel.hu\/hu\/products\/indoorcam-wi-fi\/","title":{"rendered":"IndoorCam Wi-Fi"},"content":{"rendered":"<h1 class=\"animated fadeInUp\" style=\"text-align: center;\" data-animate=\"fadeInUp\">IndoorCam Wi-Fi<\/h1>\n<div class=\"short-desc animated animate-1 fadeInUp\" data-animate=\"fadeInUp\">\n<p>Belt\u00e9ri Wi-Fi biztons\u00e1gi kamera PIR mozg\u00e1s\u00e9rz\u00e9kel\u0151vel \u00e9s be\u00e9p\u00edtett AI-val<\/p>\n<\/div>\n<h2 class=\"animated fadeInUp\" style=\"text-align: center;\" data-animate=\"fadeInUp\"><img decoding=\"async\" loading=\"lazy\" class=\"alignnone wp-image-5196\" src=\"https:\/\/safeintel.hu\/wp-content\/uploads\/2025\/01\/Renders-Black-Ajax-IndoorCam-ceiling.png\" alt=\"\" width=\"500\" height=\"500\" srcset=\"https:\/\/safeintel.hu\/wp-content\/uploads\/2025\/01\/Renders-Black-Ajax-IndoorCam-ceiling.png 2560w, https:\/\/safeintel.hu\/wp-content\/uploads\/2025\/01\/Renders-Black-Ajax-IndoorCam-ceiling-420x420.png 420w, https:\/\/safeintel.hu\/wp-content\/uploads\/2025\/01\/Renders-Black-Ajax-IndoorCam-ceiling-1024x1024.png 1024w, https:\/\/safeintel.hu\/wp-content\/uploads\/2025\/01\/Renders-Black-Ajax-IndoorCam-ceiling-170x170.png 170w, https:\/\/safeintel.hu\/wp-content\/uploads\/2025\/01\/Renders-Black-Ajax-IndoorCam-ceiling-768x768.png 768w, https:\/\/safeintel.hu\/wp-content\/uploads\/2025\/01\/Renders-Black-Ajax-IndoorCam-ceiling-1536x1536.png 1536w, https:\/\/safeintel.hu\/wp-content\/uploads\/2025\/01\/Renders-Black-Ajax-IndoorCam-ceiling-2048x2048.png 2048w, https:\/\/safeintel.hu\/wp-content\/uploads\/2025\/01\/Renders-Black-Ajax-IndoorCam-ceiling-12x12.png 12w, https:\/\/safeintel.hu\/wp-content\/uploads\/2025\/01\/Renders-Black-Ajax-IndoorCam-ceiling-700x700.png 700w, https:\/\/safeintel.hu\/wp-content\/uploads\/2025\/01\/Renders-Black-Ajax-IndoorCam-ceiling-100x100.png 100w\" sizes=\"(max-width: 500px) 100vw, 500px\" \/><img decoding=\"async\" loading=\"lazy\" class=\"alignnone wp-image-5197\" src=\"https:\/\/safeintel.hu\/wp-content\/uploads\/2025\/01\/Renders-White-Ajax-IndoorCam-front.png\" alt=\"\" width=\"500\" height=\"500\" srcset=\"https:\/\/safeintel.hu\/wp-content\/uploads\/2025\/01\/Renders-White-Ajax-IndoorCam-front.png 2560w, https:\/\/safeintel.hu\/wp-content\/uploads\/2025\/01\/Renders-White-Ajax-IndoorCam-front-420x420.png 420w, https:\/\/safeintel.hu\/wp-content\/uploads\/2025\/01\/Renders-White-Ajax-IndoorCam-front-1024x1024.png 1024w, https:\/\/safeintel.hu\/wp-content\/uploads\/2025\/01\/Renders-White-Ajax-IndoorCam-front-170x170.png 170w, https:\/\/safeintel.hu\/wp-content\/uploads\/2025\/01\/Renders-White-Ajax-IndoorCam-front-768x768.png 768w, https:\/\/safeintel.hu\/wp-content\/uploads\/2025\/01\/Renders-White-Ajax-IndoorCam-front-1536x1536.png 1536w, https:\/\/safeintel.hu\/wp-content\/uploads\/2025\/01\/Renders-White-Ajax-IndoorCam-front-2048x2048.png 2048w, https:\/\/safeintel.hu\/wp-content\/uploads\/2025\/01\/Renders-White-Ajax-IndoorCam-front-12x12.png 12w, https:\/\/safeintel.hu\/wp-content\/uploads\/2025\/01\/Renders-White-Ajax-IndoorCam-front-700x700.png 700w, https:\/\/safeintel.hu\/wp-content\/uploads\/2025\/01\/Renders-White-Ajax-IndoorCam-front-100x100.png 100w\" sizes=\"(max-width: 500px) 100vw, 500px\" \/><\/h2>\n<p>&nbsp;<\/p>\n<div class=\"ws-light-name animate fadeInUp\" data-animate=\"fadeInUp\"><\/div>\n<h2>Professzion\u00e1lis biztons\u00e1g \u00e9s mesters\u00e9ges intelligencia. H\u00e1zias\u00edtott.<\/h2>\n<p class=\"fs-3\">Az IndoorCam egyes\u00edti a Wi-Fi kamer\u00e1k k\u00e9nyelm\u00e9t a cs\u00facskateg\u00f3ri\u00e1s biztons\u00e1gi funkci\u00f3kkal. Az Ajax k\u00f6zpontj\u00e1val ell\u00e1tott tartal\u00e9k kommunik\u00e1ci\u00f3s csatorn\u00e1ja biztos\u00edtja, hogy a l\u00e9tes\u00edtm\u00e9ny soha nem esik ki a l\u00e1t\u00f3k\u00f6r\u00e9b\u0151l, m\u00e9g akkor sem, ha a Wi-Fi megsz\u0171nik. A PIR-\u00e9rz\u00e9kel\u0151vel \u00e9s be\u00e9p\u00edtett AI-val felszerelt eszk\u00f6z pontosan \u00e9rz\u00e9keli a mozg\u00e1st, \u00e9s felismeri az embereket, \u00e1llatokat \u00e9s j\u00e1rm\u0171veket. Az IndoorCam sz\u00e9les l\u00e1t\u00f3sz\u00f6g\u0171 HDR kamer\u00e1j\u00e1nak k\u00f6sz\u00f6nhet\u0151en a felhaszn\u00e1l\u00f3k mindig kiv\u00e1l\u00f3 min\u0151s\u00e9gben l\u00e1thatj\u00e1k a belt\u00e9ri tev\u00e9kenys\u00e9geket.<\/p>\n<div class=\"wallswitch-block2__list-block\">\n<div class=\"ws-light-name wallswitch-block3__content--name animate fadeInUp\" style=\"text-align: left;\" data-animate=\"fadeInUp\"><\/div>\n<\/div>\n<h2>\u00c9l\u0151 n\u00e9zet, azonnali besz\u00e9lget\u00e9s<\/h2>\n<p class=\"fs-3 mb-small\">Maradjon kapcsolatban ingatlan\u00e1val, \u00e9s ir\u00e1ny\u00edtsa azt b\u00e1rhonnan, \u00e9jjel \u00e9s nappal. A HD-vide\u00f3 streaming \u00e9s a k\u00e9tir\u00e1ny\u00fa audi\u00f3 seg\u00edts\u00e9g\u00e9vel okostelefonja seg\u00edts\u00e9g\u00e9vel azonnal l\u00e1thatja, hallhatja \u00e9s reag\u00e1lhat b\u00e1rmilyen helyzetre. A nem k\u00edv\u00e1nt l\u00e1togat\u00f3k elriaszt\u00e1s\u00e1t\u00f3l a helyis\u00e9gek ellen\u0151rz\u00e9s\u00e9ig az IndoorCam a professzion\u00e1lis szint\u0171 fel\u00fcgyeletet felhaszn\u00e1l\u00f3bar\u00e1t funkci\u00f3kkal \u00f6tv\u00f6zi.<\/p>\n<div class=\"cdn-graphic_graphic__yrwZm overflow-hidden cdn-graphic\">\n<div class=\"position-relative overflow-hidden\"><\/div>\n<p><video tabindex=\"0\" autoplay=\"autoplay\" loop=\"loop\" muted=\"\" width=\"100%\" height=\"550\"><span data-mce-type=\"bookmark\" style=\"display: inline-block; width: 0px; overflow: hidden; line-height: 0;\" class=\"mce_SELRES_start\"><\/span><source src=\"https:\/\/ajax.systems\/cdn\/upload\/talk_in_a_click_md_6e698896c8.mp4\" \/><span data-mce-type=\"bookmark\" style=\"display: inline-block; width: 0px; overflow: hidden; line-height: 0;\" class=\"mce_SELRES_end\"><\/span><br \/>\n<span data-mce-type=\"bookmark\" style=\"display: inline-block; width: 0px; overflow: hidden; line-height: 0;\" class=\"mce_SELRES_start\"><\/span><\/video><\/p>\n<\/div>\n<div><\/div>\n<div class=\"col-12 col-xl-7\">\n<figure class=\"cdn-graphic_graphic__yrwZm overflow-hidden cdn-graphic-fit_inline__085Mg cdn-graphic\"><\/figure>\n<h2>Kiterjesztett Wi-Fi-tartom\u00e1ny a k\u00e9sleltet\u00e9sek \u00e9s fagy\u00e1sok elker\u00fcl\u00e9se \u00e9rdek\u00e9ben<\/h2>\n<p class=\"fs-3 mb-small\">Felejtse el, hogy az otthoni biztons\u00e1gi kamer\u00e1k a lehet\u0151 legrosszabb pillanatban szakadnak le a Wi-Fi h\u00e1l\u00f3zatr\u00f3l. Az IndoorCam-et \u00fagy tervezt\u00e9k, hogy kev\u00e9sb\u00e9 legyen \u00e9rz\u00e9keny a r\u00e1di\u00f3zavarokra, \u00e9s ak\u00e1r 500 m\u00e9teres l\u00e1t\u00f3t\u00e1vols\u00e1gban is stabil kapcsolatot tartson fenn - \u00f6tsz\u00f6r messzebbre, mint a konkurens megold\u00e1sok. Ez a megn\u00f6velt hat\u00f3t\u00e1vols\u00e1g nagyobb telep\u00edt\u00e9si rugalmass\u00e1got k\u00edn\u00e1l, mivel a telep\u00edt\u0151knek m\u00e1r nem kell a Wi-Fi routert k\u00f6zvetlen\u00fcl a kamera k\u00f6zel\u00e9ben elhelyezni\u00fck. A felhaszn\u00e1l\u00f3k sz\u00e1m\u00e1ra pedig z\u00f6kken\u0151mentes kommunik\u00e1ci\u00f3t \u00e9s megszak\u00edt\u00e1s n\u00e9lk\u00fcli streaminget biztos\u00edt, amikor csak sz\u00fcks\u00e9ges.<\/p>\n<div class=\"cdn-graphic_graphic__yrwZm overflow-hidden cdn-graphic\">\n<div class=\"position-relative overflow-hidden\"><\/div>\n<p><video tabindex=\"0\" autoplay=\"autoplay\" loop=\"loop\" muted=\"\" width=\"100%\" height=\"550\"><span data-mce-type=\"bookmark\" style=\"display: inline-block; width: 0px; overflow: hidden; line-height: 0;\" class=\"mce_SELRES_start\"><\/span><span data-mce-type=\"bookmark\" style=\"display: inline-block; width: 0px; overflow: hidden; line-height: 0;\" class=\"mce_SELRES_start\"><\/span><source src=\"https:\/\/ajax.systems\/cdn\/upload\/wifi_range_indoorcam_5e1db3d50f.mp4\" \/><span data-mce-type=\"bookmark\" style=\"display: inline-block; width: 0px; overflow: hidden; line-height: 0;\" class=\"mce_SELRES_end\"><\/span><span data-mce-type=\"bookmark\" style=\"display: inline-block; width: 0px; overflow: hidden; line-height: 0;\" class=\"mce_SELRES_end\"><\/span><br \/>\n<span data-mce-type=\"bookmark\" style=\"display: inline-block; width: 0px; overflow: hidden; line-height: 0;\" class=\"mce_SELRES_start\"><\/span><\/video><\/p>\n<\/div>\n<div class=\"col-12 col-xl-4 offset-xl-1\">\n<div class=\"row row-cols-1 row-cols-sm-3 row-cols-xl-1 g-32\">\n<div class=\"col\">\n<div class=\"row g-16\">\n<div class=\"col-auto\">\n<div class=\"d-inline-block position-relative\"><\/div>\n<\/div>\n<div class=\"col align-self-center\"><\/div>\n<\/div>\n<\/div>\n<div class=\"col\">\n<div class=\"row g-16\">\n<div class=\"col align-self-center\">\n<p class=\"fs-4 fw-bold mb-0\">\n<\/div>\n<\/div>\n<\/div>\n<\/div>\n<\/div>\n<h2 class=\"text-center mb-small\" style=\"text-align: center;\"><strong>M\u0171szaki inform\u00e1ci\u00f3<\/strong><\/h2>\n<table style=\"height: 77px;\" width=\"1625\">\n<tbody>\n<tr>\n<td width=\"200\"><span style=\"color: #339966;\"><span style=\"color: #1bae70;\"><a style=\"color: #1bae70;\" href=\"https:\/\/ajax.systems\/products\/specs\/indoorcam\/\" target=\"_blank\" rel=\"noopener\">IndoorCam WiFi<\/a><\/span><\/span><\/p>\n<p>&nbsp;<\/td>\n<td width=\"200\"><span style=\"color: #339966;\"><span style=\"color: #1bae70;\"><a style=\"color: #1bae70;\" href=\"https:\/\/support.ajax.systems\/en\/manuals\/indoorcam\/?_gl=1*kwm3se*_ga*MTc4NDI1NDc2MC4xNzMwMjc4NTI0*_ga_DFE4XTFKJQ*MTczNjQyMzQ3OS4zMS4xLjE3MzY0MjM0ODAuMC4wLjEwNzQ1OTU0Mjk.*_gcl_au*NDg5OTE4MDk0LjE3MzAyNzg1MjU.*FPAU*NjMyMTUzNzA1LjE3MzAyNzg1MjU.*_ga_1C2WYPSDCY*MTczNjQyMzQ3OS4yOS4xLjE3MzY0MjM0ODAuNTkuMC4w\">Felhaszn\u00e1l\u00f3i k\u00e9zik\u00f6nyv<\/a><\/span><\/span><\/td>\n<td width=\"200\"><span style=\"color: #339966;\"><span style=\"color: #1bae70;\"><a style=\"color: #1bae70;\" href=\"https:\/\/drive.google.com\/file\/d\/1H_4FUdVOxCUm9RTgrMtfP6mWrkiAV_qh\/view\">M\u0171szaki adatlap<\/a><\/span><\/span><\/td>\n<\/tr>\n<\/tbody>\n<\/table>\n<p>&nbsp;<\/p>\n<\/div>","protected":false},"excerpt":{"rendered":"<p style=\"text-align: left;\">Belt\u00e9ri Wi-Fi biztons\u00e1gi kamera PIR mozg\u00e1s\u00e9rz\u00e9kel\u0151vel \u00e9s be\u00e9p\u00edtett AI-val<\/p>","protected":false},"featured_media":5201,"comment_status":"closed","ping_status":"closed","template":"","meta":{"site-sidebar-layout":"default","site-content-layout":"default","ast-global-header-display":"","ast-main-header-display":"","ast-hfb-above-header-display":"","ast-hfb-below-header-display":"","ast-hfb-mobile-header-display":"","site-post-title":"","ast-breadcrumbs-content":"","ast-featured-img":"","footer-sml-layout":"","theme-transparent-header-meta":"default","adv-header-id-meta":"","stick-header-meta":"default","header-above-stick-meta":"","header-main-stick-meta":"","header-below-stick-meta":"","_themeisle_gutenberg_block_has_review":false},"product_cat":[101],"product_tag":[],"_links":{"self":[{"href":"https:\/\/safeintel.hu\/hu\/wp-json\/wp\/v2\/product\/5195"}],"collection":[{"href":"https:\/\/safeintel.hu\/hu\/wp-json\/wp\/v2\/product"}],"about":[{"href":"https:\/\/safeintel.hu\/hu\/wp-json\/wp\/v2\/types\/product"}],"replies":[{"embeddable":true,"href":"https:\/\/safeintel.hu\/hu\/wp-json\/wp\/v2\/comments?post=5195"}],"wp:featuredmedia":[{"embeddable":true,"href":"https:\/\/safeintel.hu\/hu\/wp-json\/wp\/v2\/media\/5201"}],"wp:attachment":[{"href":"https:\/\/safeintel.hu\/hu\/wp-json\/wp\/v2\/media?parent=5195"}],"wp:term":[{"taxonomy":"product_cat","embeddable":true,"href":"https:\/\/safeintel.hu\/hu\/wp-json\/wp\/v2\/product_cat?post=5195"},{"taxonomy":"product_tag","embeddable":true,"href":"https:\/\/safeintel.hu\/hu\/wp-json\/wp\/v2\/product_tag?post=5195"}],"curies":[{"name":"wp","href":"https:\/\/api.w.org\/{rel}","templated":true}]}}