{"id":5208,"date":"2025-01-09T15:35:21","date_gmt":"2025-01-09T13:35:21","guid":{"rendered":"https:\/\/safeintel.hu\/?post_type=product&#038;p=5208"},"modified":"2025-04-07T13:01:18","modified_gmt":"2025-04-07T11:01:18","slug":"doorbell","status":"publish","type":"product","link":"https:\/\/safeintel.hu\/hu\/products\/doorbell\/","title":{"rendered":"DoorBell"},"content":{"rendered":"<h1 class=\"product-hero-header_title__NQapv\" style=\"text-align: center;\">DoorBell<\/h1>\n<div class=\"short-desc animated animate-1 fadeInUp\" data-animate=\"fadeInUp\">\n<p>Vide\u00f3s ajt\u00f3cseng\u0151 be\u00e9p\u00edtett AI-val, PIR \u00e9rz\u00e9kel\u0151vel \u00e9s applik\u00e1ci\u00f3n kereszt\u00fcli vez\u00e9rl\u00e9ssel<\/p>\n<\/div>\n<h2 class=\"animated fadeInUp\" style=\"text-align: center;\" data-animate=\"fadeInUp\"><img decoding=\"async\" loading=\"lazy\" class=\"alignnone wp-image-5215\" src=\"https:\/\/safeintel.hu\/wp-content\/uploads\/2025\/01\/DoorBell_WH.png\" alt=\"\" width=\"300\" height=\"525\" srcset=\"https:\/\/safeintel.hu\/wp-content\/uploads\/2025\/01\/DoorBell_WH.png 400w, https:\/\/safeintel.hu\/wp-content\/uploads\/2025\/01\/DoorBell_WH-240x420.png 240w, https:\/\/safeintel.hu\/wp-content\/uploads\/2025\/01\/DoorBell_WH-7x12.png 7w\" sizes=\"(max-width: 300px) 100vw, 300px\" \/> <img decoding=\"async\" loading=\"lazy\" class=\"alignnone wp-image-5216\" src=\"https:\/\/safeintel.hu\/wp-content\/uploads\/2025\/01\/DoorBell_GR.png\" alt=\"\" width=\"299\" height=\"524\" srcset=\"https:\/\/safeintel.hu\/wp-content\/uploads\/2025\/01\/DoorBell_GR.png 400w, https:\/\/safeintel.hu\/wp-content\/uploads\/2025\/01\/DoorBell_GR-240x420.png 240w, https:\/\/safeintel.hu\/wp-content\/uploads\/2025\/01\/DoorBell_GR-7x12.png 7w\" sizes=\"(max-width: 299px) 100vw, 299px\" \/> <img decoding=\"async\" loading=\"lazy\" class=\"alignnone wp-image-5217\" src=\"https:\/\/safeintel.hu\/wp-content\/uploads\/2025\/01\/DoorBell_GRP.png\" alt=\"\" width=\"300\" height=\"525\" srcset=\"https:\/\/safeintel.hu\/wp-content\/uploads\/2025\/01\/DoorBell_GRP.png 400w, https:\/\/safeintel.hu\/wp-content\/uploads\/2025\/01\/DoorBell_GRP-240x420.png 240w, https:\/\/safeintel.hu\/wp-content\/uploads\/2025\/01\/DoorBell_GRP-7x12.png 7w\" sizes=\"(max-width: 300px) 100vw, 300px\" \/> <img decoding=\"async\" loading=\"lazy\" class=\"alignnone wp-image-5218\" src=\"https:\/\/safeintel.hu\/wp-content\/uploads\/2025\/01\/DoorBell_BL.png\" alt=\"\" width=\"300\" height=\"525\" srcset=\"https:\/\/safeintel.hu\/wp-content\/uploads\/2025\/01\/DoorBell_BL.png 400w, https:\/\/safeintel.hu\/wp-content\/uploads\/2025\/01\/DoorBell_BL-240x420.png 240w, https:\/\/safeintel.hu\/wp-content\/uploads\/2025\/01\/DoorBell_BL-7x12.png 7w\" sizes=\"(max-width: 300px) 100vw, 300px\" \/><\/h2>\n<p>&nbsp;<\/p>\n<div class=\"ws-light-name animate fadeInUp\" data-animate=\"fadeInUp\"><\/div>\n<h2>Professzion\u00e1lis biztons\u00e1gi szolg\u00e1lat a bej\u00e1rati ajt\u00f3n\u00e1l<\/h2>\n<p class=\"fs-3 mb-small\">A DoorBell \u00f6tv\u00f6zi az intelligens cseng\u0151 k\u00e9nyelm\u00e9t a cs\u00facstechnol\u00f3gi\u00e1s biztons\u00e1ggal \u00e9s a vide\u00f3fel\u00fcgyelettel. Amikor valaki csenget, a felhaszn\u00e1l\u00f3 azonnal, k\u00e9sleltet\u00e9s \u00e9s k\u00e9sleltet\u00e9s n\u00e9lk\u00fcl besz\u00e9l a l\u00e1togat\u00f3val. A PIR-\u00e9rz\u00e9kel\u0151vel \u00e9s be\u00e9p\u00edtett mesters\u00e9ges intelligenci\u00e1val felszerelt DoorBell pontosan \u00e9rz\u00e9keli a mozg\u00e1st, \u00e9s felismeri az embereket, az \u00e1llatokat \u00e9s a j\u00e1rm\u0171veket. A felhaszn\u00e1l\u00f3k mindig tiszta k\u00e9pet kaphatnak arr\u00f3l, hogy mi t\u00f6rt\u00e9nik a bej\u00e1rati ajt\u00f3 el\u0151tt, mindezt kiv\u00e1l\u00f3 min\u0151s\u00e9gben, a cseng\u0151 sz\u00e9les hat\u00f3t\u00e1vols\u00e1g\u00fa HDR kamer\u00e1j\u00e1nak k\u00f6sz\u00f6nhet\u0151en.<\/p>\n<div class=\"wallswitch-block2__list-block\">\n<h2 class=\"mb-small text-center\">Gyors, intelligens \u00e9s biztons\u00e1gos \u00e9lm\u00e9ny. Mostant\u00f3l kapucseng\u0151vel.<\/h2>\n<div class=\"cdn-graphic_graphic__yrwZm overflow-hidden cdn-graphic\">\n<div class=\"position-relative overflow-hidden\"><\/div>\n<p><video tabindex=\"0\" autoplay=\"autoplay\" loop=\"loop\" muted=\"\" width=\"100%\" height=\"550\"><span data-mce-type=\"bookmark\" style=\"display: inline-block; width: 0px; overflow: hidden; line-height: 0;\" class=\"mce_SELRES_start\"><\/span><span data-mce-type=\"bookmark\" style=\"display: inline-block; width: 0px; overflow: hidden; line-height: 0;\" class=\"mce_SELRES_start\"><\/span><source src=\"https:\/\/ajax.systems\/cdn\/upload\/instant_stream_lg_03007cab4f.mp4\" \/><span data-mce-type=\"bookmark\" style=\"display: inline-block; width: 0px; overflow: hidden; line-height: 0;\" class=\"mce_SELRES_end\"><\/span><span data-mce-type=\"bookmark\" style=\"display: inline-block; width: 0px; overflow: hidden; line-height: 0;\" class=\"mce_SELRES_end\"><\/span><br \/>\n<span data-mce-type=\"bookmark\" style=\"display: inline-block; width: 0px; overflow: hidden; line-height: 0;\" class=\"mce_SELRES_start\"><\/span><\/video><\/p>\n<h3><\/h3>\n<h3>Azonnali hozz\u00e1f\u00e9r\u00e9s a videostreamhez Ajax alkalmaz\u00e1sokban<\/h3>\n<p class=\"mb-nano\">A felhaszn\u00e1l\u00f3k soha t\u00f6bb\u00e9 nem v\u00e1rakoztatj\u00e1k vend\u00e9geiket az ajt\u00f3ban. Saj\u00e1t fejleszt\u00e9s\u0171 JetSparrow technol\u00f3gi\u00e1nk gyors videostreaminget biztos\u00edt, \u00edgy a felhaszn\u00e1l\u00f3k azonnal l\u00e1thatj\u00e1k l\u00e1togat\u00f3ikat egy Ajax alkalmaz\u00e1sban, amint azok becsengetnek. A DoorBell kiv\u00e1l\u00f3 k\u00e9p- \u00e9s hangmin\u0151s\u00e9g\u00e9nek k\u00f6sz\u00f6nhet\u0151en az ajt\u00f3nyit\u00e1s m\u00e9g soha nem volt ilyen k\u00f6zel egy egyszer\u0171 telefonh\u00edv\u00e1shoz.<\/p>\n<div class=\"row g-16 mb-16 mb-xl-24\">\n<div class=\"col-auto\">\n<div class=\"d-inline-block position-relative\"><\/div>\n<\/div>\n<div class=\"col align-self-center\">\n<ul>\n<li class=\"fs-3 fw-bold\">\u00c9les 2K vide\u00f3 a HDR seg\u00edts\u00e9g\u00e9vel<\/li>\n<\/ul>\n<\/div>\n<\/div>\n<div class=\"row g-16 mb-16 mb-xl-24\">\n<div class=\"col-auto\">\n<div class=\"d-inline-block position-relative\"><\/div>\n<\/div>\n<div class=\"col align-self-center\">\n<ul>\n<li class=\"fs-3 fw-bold\">Tiszta hang\u00e1tvitel zajsz\u0171r\u00e9ssel<\/li>\n<\/ul>\n<\/div>\n<\/div>\n<div class=\"row g-16\">\n<div class=\"col-auto\">\n<div class=\"d-inline-block position-relative\"><\/div>\n<\/div>\n<div class=\"col align-self-center\">\n<ul>\n<li class=\"fs-3 fw-bold\">Visszhangsz\u0171r\u00e9s a jobb hallhat\u00f3s\u00e1g \u00e9rdek\u00e9ben<\/li>\n<\/ul>\n<\/div>\n<\/div>\n<\/div>\n<div class=\"cdn-graphic_graphic__yrwZm overflow-hidden cdn-graphic\">\n<div class=\"position-relative overflow-hidden\">\n<h2 class=\"mb-small\">L\u00e1togat\u00f3i el\u0151zm\u00e9nyek, biztons\u00e1gos \u00e9s hozz\u00e1f\u00e9rhet\u0151<\/h2>\n<\/div>\n<div class=\"cdn-graphic_graphic__yrwZm overflow-hidden cdn-graphic\">\n<div class=\"position-relative overflow-hidden\"><\/div>\n<p><video tabindex=\"0\" autoplay=\"autoplay\" loop=\"loop\" muted=\"\" width=\"100%\" height=\"550\"><span data-mce-type=\"bookmark\" style=\"display: inline-block; width: 0px; overflow: hidden; line-height: 0;\" class=\"mce_SELRES_start\"><\/span><span data-mce-type=\"bookmark\" style=\"display: inline-block; width: 0px; overflow: hidden; line-height: 0;\" class=\"mce_SELRES_start\"><\/span><span data-mce-type=\"bookmark\" style=\"display: inline-block; width: 0px; overflow: hidden; line-height: 0;\" class=\"mce_SELRES_start\"><\/span><source src=\"https:\/\/ajax.systems\/cdn\/upload\/archive_doorbell_md_0b9d8346ca.mp4\" \/><span data-mce-type=\"bookmark\" style=\"display: inline-block; width: 0px; overflow: hidden; line-height: 0;\" class=\"mce_SELRES_end\"><\/span><span data-mce-type=\"bookmark\" style=\"display: inline-block; width: 0px; overflow: hidden; line-height: 0;\" class=\"mce_SELRES_end\"><\/span><span data-mce-type=\"bookmark\" style=\"display: inline-block; width: 0px; overflow: hidden; line-height: 0;\" class=\"mce_SELRES_end\"><\/span><br \/>\n<span data-mce-type=\"bookmark\" style=\"display: inline-block; width: 0px; overflow: hidden; line-height: 0;\" class=\"mce_SELRES_start\"><\/span><\/video><\/p>\n<p>&nbsp;<\/p>\n<h2 style=\"text-align: center;\"><strong>Fedezze fel a DoorBell<\/strong><\/h2>\n<p>&nbsp;<\/p>\n<h2 style=\"text-align: center;\"><iframe loading=\"lazy\" src=\"https:\/\/www.youtube.com\/embed\/mCTIUhRJsZI?start=5960\" width=\"1070\" height=\"551\" frameborder=\"0\" allowfullscreen=\"allowfullscreen\" data-mce-fragment=\"1\"><span data-mce-type=\"bookmark\" style=\"display: inline-block; width: 0px; overflow: hidden; line-height: 0;\" class=\"mce_SELRES_start\"><\/span><span data-mce-type=\"bookmark\" style=\"display: inline-block; width: 0px; overflow: hidden; line-height: 0;\" class=\"mce_SELRES_start\"><\/span><\/iframe><\/h2>\n<\/div>\n<div><\/div>\n<div class=\"col-12 col-xl-7\">\n<figure class=\"cdn-graphic_graphic__yrwZm overflow-hidden cdn-graphic-fit_inline__085Mg cdn-graphic\"><\/figure>\n<h2 class=\"text-center mb-small\" style=\"text-align: center;\"><strong>M\u0171szaki inform\u00e1ci\u00f3<\/strong><\/h2>\n<table style=\"height: 77px;\" width=\"1625\">\n<tbody>\n<tr>\n<td width=\"200\"><span style=\"color: #339966;\"><span style=\"color: #1bae70;\"><a style=\"color: #1bae70;\" href=\"https:\/\/ajax.systems\/products\/specs\/doorbell\/\" target=\"_blank\" rel=\"noopener\">DoorBell<\/a><\/span><\/span><\/td>\n<td width=\"200\"><span style=\"color: #339966;\"><span style=\"color: #1bae70;\"><a style=\"color: #1bae70;\" href=\"https:\/\/support.ajax.systems\/en\/manuals\/doorbell\/?_gl=1*59kqya*_gcl_au*NDg5OTE4MDk0LjE3MzAyNzg1MjU.*FPAU*NjMyMTUzNzA1LjE3MzAyNzg1MjU.*_ga*MTc4NDI1NDc2MC4xNzMwMjc4NTI0*_ga_1C2WYPSDCY*MTczNjkzNzU2OC4zMS4xLjE3MzY5Mzc4NzMuNjAuMC4w*_ga_DFE4XTFKJQ*MTczNjkzNzU2OC4zMy4xLjE3MzY5Mzc4NzMuMC4wLjE4MzM0MDI1NTk.\">Felhaszn\u00e1l\u00f3i k\u00e9zik\u00f6nyv<\/a><\/span><\/span><\/td>\n<td width=\"200\"><span style=\"color: #339966;\"><span style=\"color: #1bae70;\"><a style=\"color: #1bae70;\" href=\"https:\/\/drive.google.com\/file\/d\/1Yd6qmYnWOa-QV82rrFjwSkfseGsIJorG\/view\">M\u0171szaki adatlap<\/a><\/span><\/span><\/td>\n<\/tr>\n<\/tbody>\n<\/table>\n<p>&nbsp;<\/p>\n<\/div>\n<\/div>\n<\/div>","protected":false},"excerpt":{"rendered":"<p style=\"text-align: left;\">Vide\u00f3s ajt\u00f3cseng\u0151 be\u00e9p\u00edtett AI-val, PIR \u00e9rz\u00e9kel\u0151vel \u00e9s applik\u00e1ci\u00f3n kereszt\u00fcli vez\u00e9rl\u00e9ssel<\/p>","protected":false},"featured_media":5220,"comment_status":"closed","ping_status":"closed","template":"","meta":{"site-sidebar-layout":"default","site-content-layout":"default","ast-global-header-display":"","ast-main-header-display":"","ast-hfb-above-header-display":"","ast-hfb-below-header-display":"","ast-hfb-mobile-header-display":"","site-post-title":"","ast-breadcrumbs-content":"","ast-featured-img":"","footer-sml-layout":"","theme-transparent-header-meta":"default","adv-header-id-meta":"","stick-header-meta":"default","header-above-stick-meta":"","header-main-stick-meta":"","header-below-stick-meta":"","_themeisle_gutenberg_block_has_review":false},"product_cat":[101],"product_tag":[],"_links":{"self":[{"href":"https:\/\/safeintel.hu\/hu\/wp-json\/wp\/v2\/product\/5208"}],"collection":[{"href":"https:\/\/safeintel.hu\/hu\/wp-json\/wp\/v2\/product"}],"about":[{"href":"https:\/\/safeintel.hu\/hu\/wp-json\/wp\/v2\/types\/product"}],"replies":[{"embeddable":true,"href":"https:\/\/safeintel.hu\/hu\/wp-json\/wp\/v2\/comments?post=5208"}],"wp:featuredmedia":[{"embeddable":true,"href":"https:\/\/safeintel.hu\/hu\/wp-json\/wp\/v2\/media\/5220"}],"wp:attachment":[{"href":"https:\/\/safeintel.hu\/hu\/wp-json\/wp\/v2\/media?parent=5208"}],"wp:term":[{"taxonomy":"product_cat","embeddable":true,"href":"https:\/\/safeintel.hu\/hu\/wp-json\/wp\/v2\/product_cat?post=5208"},{"taxonomy":"product_tag","embeddable":true,"href":"https:\/\/safeintel.hu\/hu\/wp-json\/wp\/v2\/product_tag?post=5208"}],"curies":[{"name":"wp","href":"https:\/\/api.w.org\/{rel}","templated":true}]}}