{"id":5228,"date":"2025-01-15T14:13:36","date_gmt":"2025-01-15T12:13:36","guid":{"rendered":"https:\/\/safeintel.hu\/?post_type=product&#038;p=5228"},"modified":"2025-04-07T13:01:16","modified_gmt":"2025-04-07T11:01:16","slug":"curtain-outdoor-jeweller","status":"publish","type":"product","link":"https:\/\/safeintel.hu\/hu\/products\/curtain-outdoor-jeweller\/","title":{"rendered":"Curtain Outdoor Jeweller"},"content":{"rendered":"<h2 class=\"product-hero-header_title__NQapv\" style=\"text-align: center;\"><strong>Curtain Outdoor Jeweller<\/strong><\/h2>\n<p>Vezet\u00e9k n\u00e9lk\u00fcli, kett\u0151s technol\u00f3gi\u00e1j\u00fa f\u00fcgg\u00f6ny mozg\u00e1s\u00e9rz\u00e9kel\u0151 k\u00fcl- \u00e9s belt\u00e9ri haszn\u00e1latra<\/p>\n<h2 style=\"text-align: center;\"><img decoding=\"async\" loading=\"lazy\" class=\"alignnone wp-image-5231\" src=\"https:\/\/safeintel.hu\/wp-content\/uploads\/2025\/01\/Render-Ajax-Curtain-Outdoor-Jeweller-with-hood-and-mount-front-angled-R.png\" alt=\"\" width=\"650\" height=\"650\" srcset=\"https:\/\/safeintel.hu\/wp-content\/uploads\/2025\/01\/Render-Ajax-Curtain-Outdoor-Jeweller-with-hood-and-mount-front-angled-R.png 2560w, https:\/\/safeintel.hu\/wp-content\/uploads\/2025\/01\/Render-Ajax-Curtain-Outdoor-Jeweller-with-hood-and-mount-front-angled-R-420x420.png 420w, https:\/\/safeintel.hu\/wp-content\/uploads\/2025\/01\/Render-Ajax-Curtain-Outdoor-Jeweller-with-hood-and-mount-front-angled-R-1024x1024.png 1024w, https:\/\/safeintel.hu\/wp-content\/uploads\/2025\/01\/Render-Ajax-Curtain-Outdoor-Jeweller-with-hood-and-mount-front-angled-R-170x170.png 170w, https:\/\/safeintel.hu\/wp-content\/uploads\/2025\/01\/Render-Ajax-Curtain-Outdoor-Jeweller-with-hood-and-mount-front-angled-R-768x768.png 768w, https:\/\/safeintel.hu\/wp-content\/uploads\/2025\/01\/Render-Ajax-Curtain-Outdoor-Jeweller-with-hood-and-mount-front-angled-R-1536x1536.png 1536w, https:\/\/safeintel.hu\/wp-content\/uploads\/2025\/01\/Render-Ajax-Curtain-Outdoor-Jeweller-with-hood-and-mount-front-angled-R-2048x2048.png 2048w, https:\/\/safeintel.hu\/wp-content\/uploads\/2025\/01\/Render-Ajax-Curtain-Outdoor-Jeweller-with-hood-and-mount-front-angled-R-12x12.png 12w, https:\/\/safeintel.hu\/wp-content\/uploads\/2025\/01\/Render-Ajax-Curtain-Outdoor-Jeweller-with-hood-and-mount-front-angled-R-700x700.png 700w, https:\/\/safeintel.hu\/wp-content\/uploads\/2025\/01\/Render-Ajax-Curtain-Outdoor-Jeweller-with-hood-and-mount-front-angled-R-100x100.png 100w\" sizes=\"(max-width: 650px) 100vw, 650px\" \/><\/h2>\n<div class=\"bg-light-2 pt-large pb-small\">\n<div class=\"container\">\n<div class=\"row\">\n<div class=\"offset-xxl-1 col-xxl-10\">\n<h2>Az els\u0151 v\u00e9delmi vonal<\/h2>\n<p class=\"fs-3\">A Curtain Outdoor Jeweller egy olyan mozg\u00e1s\u00e9rz\u00e9kel\u0151, amely kiv\u00e9teles pontoss\u00e1ggal \u00e9s a t\u00e9ves riaszt\u00e1sok k\u00f6zel nulla es\u00e9ly\u00e9vel fedezi le a ter\u00fclet ker\u00fclet\u00e9t. Az egyed\u00fcl\u00e1ll\u00f3 optikai rendszerrel rendelkez\u0151 k\u00e9sz\u00fcl\u00e9k ak\u00e1r 12 m hossz\u00fa, keskeny szektorokat is \u00e1tl\u00e1t. A k\u00e9t PIR-\u00e9rz\u00e9kel\u0151t \u00e9s egy Ka-s\u00e1v\u00fa mikrohull\u00e1m\u00fa \u00e9rz\u00e9kel\u0151t bevon\u00f3 kett\u0151s mozg\u00e1s\u00e9rz\u00e9kel\u00e9si technol\u00f3gia lehet\u0151v\u00e9 teszi a h\u0151zaj, az \u00e1llatok vagy a n\u00f6v\u00e9nyek \u00e1ltal okozott t\u00e9ves riaszt\u00e1sok kisz\u0171r\u00e9s\u00e9t. Az \u00e9rz\u00e9kel\u00e9si tartom\u00e1ny \u00e9s az \u00e1llatv\u00e9delmi \u00fczemm\u00f3d az \u00e9rz\u00e9kel\u0151 burkolat\u00e1n tal\u00e1lhat\u00f3 cs\u00faszk\u00e1n kereszt\u00fcl konfigur\u00e1lhat\u00f3, az \u00e9rz\u00e9kenys\u00e9g pedig az Ajax alkalmaz\u00e1sokban a helysz\u00edn egyedi ig\u00e9nyeinek megfelel\u0151en konfigur\u00e1lhat\u00f3. Az el\u0151re beszerelt elemek ak\u00e1r h\u00e1rom \u00e9vig tart\u00f3 stabil teljes\u00edtm\u00e9nyt biztos\u00edtanak.<\/p>\n<p>&nbsp;<\/p>\n<\/div>\n<\/div>\n<\/div>\n<\/div>\n<div class=\"bg-light-2\">\n<div class=\"container\">\n<div class=\"row\">\n<div class=\"offset-xxl-1 col-xxl-10\">\n<div class=\"plate_plate__XLb_T plate_v2__RwfK_ bg-white youtube-card_plate__6OUHs mb-nano\">\n<div class=\"row g-0 align-items-center\">\n<div class=\"col-md-auto\">\n<h2 class=\"mb-0\" style=\"text-align: center;\"><strong>F\u0151bb jellemz\u0151k<\/strong><\/h2>\n<p>&nbsp;<\/p>\n<\/div>\n<\/div>\n<p><img decoding=\"async\" loading=\"lazy\" class=\"wp-image-5232 aligncenter\" src=\"https:\/\/safeintel.hu\/wp-content\/uploads\/2025\/01\/Key-features-EN-Ajax-Curtain-Outdoor-Jeweller.png\" alt=\"\" width=\"1200\" height=\"675\" srcset=\"https:\/\/safeintel.hu\/wp-content\/uploads\/2025\/01\/Key-features-EN-Ajax-Curtain-Outdoor-Jeweller.png 2560w, https:\/\/safeintel.hu\/wp-content\/uploads\/2025\/01\/Key-features-EN-Ajax-Curtain-Outdoor-Jeweller-420x236.png 420w, https:\/\/safeintel.hu\/wp-content\/uploads\/2025\/01\/Key-features-EN-Ajax-Curtain-Outdoor-Jeweller-1024x576.png 1024w, https:\/\/safeintel.hu\/wp-content\/uploads\/2025\/01\/Key-features-EN-Ajax-Curtain-Outdoor-Jeweller-768x432.png 768w, https:\/\/safeintel.hu\/wp-content\/uploads\/2025\/01\/Key-features-EN-Ajax-Curtain-Outdoor-Jeweller-1536x864.png 1536w, https:\/\/safeintel.hu\/wp-content\/uploads\/2025\/01\/Key-features-EN-Ajax-Curtain-Outdoor-Jeweller-2048x1152.png 2048w, https:\/\/safeintel.hu\/wp-content\/uploads\/2025\/01\/Key-features-EN-Ajax-Curtain-Outdoor-Jeweller-18x10.png 18w, https:\/\/safeintel.hu\/wp-content\/uploads\/2025\/01\/Key-features-EN-Ajax-Curtain-Outdoor-Jeweller-700x394.png 700w\" sizes=\"(max-width: 1200px) 100vw, 1200px\" \/><\/p>\n<div class=\"row g-0 align-items-center\">\n<div class=\"col-md-auto\">\n<div class=\"row g-16 gy-xl-24 row-cols-1\">\n<div class=\"col\">\n<div class=\"row g-16\">\n<div class=\"row row-cols-1 g-24 g-xl-32\">\n<div class=\"col\">\n<div class=\"row g-16\">\n<div class=\"col align-self-center\">\n<h2 class=\"h3 mb-0\" style=\"text-align: left;\">K\u00e9t \u00fczemm\u00f3d<\/h2>\n<\/div>\n<p class=\"fs-3\">A Curtain Outdoor Jeweller egy olyan mozg\u00e1s\u00e9rz\u00e9kel\u0151, amely kiv\u00e9teles pontoss\u00e1ggal \u00e9s a t\u00e9ves riaszt\u00e1sok k\u00f6zel nulla es\u00e9ly\u00e9vel fedezi le a ter\u00fclet ker\u00fclet\u00e9t. Az egyed\u00fcl\u00e1ll\u00f3 optikai rendszerrel rendelkez\u0151 k\u00e9sz\u00fcl\u00e9k ak\u00e1r 12 m hossz\u00fa, keskeny szektorokat is \u00e1tl\u00e1t. A k\u00e9t PIR-\u00e9rz\u00e9kel\u0151t \u00e9s egy Ka-s\u00e1v\u00fa mikrohull\u00e1m\u00fa \u00e9rz\u00e9kel\u0151t bevon\u00f3 kett\u0151s mozg\u00e1s\u00e9rz\u00e9kel\u00e9si technol\u00f3gia lehet\u0151v\u00e9 teszi a h\u0151zaj, az \u00e1llatok vagy a n\u00f6v\u00e9nyek \u00e1ltal okozott t\u00e9ves riaszt\u00e1sok kisz\u0171r\u00e9s\u00e9t. Az \u00e9rz\u00e9kel\u00e9si tartom\u00e1ny \u00e9s az \u00e1llatv\u00e9delmi \u00fczemm\u00f3d az \u00e9rz\u00e9kel\u0151 burkolat\u00e1n tal\u00e1lhat\u00f3 cs\u00faszk\u00e1n kereszt\u00fcl konfigur\u00e1lhat\u00f3, az \u00e9rz\u00e9kenys\u00e9g pedig az Ajax alkalmaz\u00e1sokban a helysz\u00edn egyedi ig\u00e9nyeinek megfelel\u0151en konfigur\u00e1lhat\u00f3. Az el\u0151re beszerelt elemek ak\u00e1r h\u00e1rom \u00e9vig tart\u00f3 stabil teljes\u00edtm\u00e9nyt biztos\u00edtanak.<\/p>\n<p><video tabindex=\"0\" autoplay=\"autoplay\" loop=\"loop\" muted=\"\" width=\"100%\" height=\"550\"><span data-mce-type=\"bookmark\" style=\"display: inline-block; width: 0px; overflow: hidden; line-height: 0;\" class=\"mce_SELRES_start\"><\/span><source src=\"https:\/\/ajax.systems\/cdn\/upload\/co_human_detection_b2199e49b3.mp4\" type=\"video\/mp4\" \/><span data-mce-type=\"bookmark\" style=\"display: inline-block; width: 0px; overflow: hidden; line-height: 0;\" class=\"mce_SELRES_end\"><\/span><br \/>\n<span data-mce-type=\"bookmark\" style=\"display: inline-block; width: 0px; overflow: hidden; line-height: 0;\" class=\"mce_SELRES_start\"><\/span><\/video><\/p>\n<\/div>\n<\/div>\n<\/div>\n<\/div>\n<\/div>\n<\/div>\n<p>&nbsp;<\/p>\n<h2 class=\"h3 mb-24\">L\u00e9tes\u00edtm\u00e9nyspecifikus mozg\u00e1s\u00e9rz\u00e9kel\u00e9s<\/h2>\n<p class=\"fs-3 mb-0\">A k\u00e9sz\u00fcl\u00e9k ak\u00e1r 12 m-es \u00e9rz\u00e9kel\u00e9si tartom\u00e1nyt k\u00edn\u00e1l, amely azonban a helysz\u00edn saj\u00e1toss\u00e1gaihoz igaz\u00edthat\u00f3. A hat\u00f3t\u00e1vols\u00e1g be\u00e1ll\u00edthat\u00f3 p\u00e9ld\u00e1ul \u00fagy, hogy az \u00e9rz\u00e9kel\u0151 az ajt\u00f3kat \u00e9s az ablakokat lefedje, de a nagy forgalm\u00fa z\u00f3n\u00e1kat, p\u00e9ld\u00e1ul a j\u00e1rd\u00e1kat figyelmen k\u00edv\u00fcl hagyja. Az \u00e9rz\u00e9kel\u00e9si \u00e9rz\u00e9kenys\u00e9gi szintek szint\u00e9n alapvet\u0151 fontoss\u00e1g\u00faak a t\u00e9ves j\u00e1r\u0151rfeladatok korl\u00e1toz\u00e1s\u00e1hoz. A t\u00e9ves riaszt\u00e1sokra hajlamos ter\u00fcleteken \u00e1ll\u00edtsa be az \u00e9rz\u00e9kenys\u00e9get alacsonyra, a legt\u00f6bb helysz\u00edn eset\u00e9ben k\u00f6zepesre, az akad\u00e1lymentes z\u00f3n\u00e1kban pedig magasra, ahol az azonnali fenyeget\u00e9s\u00e9rz\u00e9kel\u00e9s l\u00e9tfontoss\u00e1g\u00fa.<\/p>\n<p><video tabindex=\"0\" autoplay=\"autoplay\" loop=\"loop\" muted=\"\" width=\"100%\" height=\"550\"><span data-mce-type=\"bookmark\" style=\"display: inline-block; width: 0px; overflow: hidden; line-height: 0;\" class=\"mce_SELRES_start\"><\/span><span data-mce-type=\"bookmark\" style=\"display: inline-block; width: 0px; overflow: hidden; line-height: 0;\" class=\"mce_SELRES_start\"><\/span><source src=\"https:\/\/ajax.systems\/cdn\/upload\/3_operating_modes_814944fa75.mp4\" type=\"video\/mp4\" \/><span data-mce-type=\"bookmark\" style=\"display: inline-block; width: 0px; overflow: hidden; line-height: 0;\" class=\"mce_SELRES_end\"><\/span><span data-mce-type=\"bookmark\" style=\"display: inline-block; width: 0px; overflow: hidden; line-height: 0;\" class=\"mce_SELRES_end\"><\/span><br \/>\n<span data-mce-type=\"bookmark\" style=\"display: inline-block; width: 0px; overflow: hidden; line-height: 0;\" class=\"mce_SELRES_start\"><\/span><\/video><\/p>\n<p>&nbsp;<\/p>\n<p>&nbsp;<\/p>\n<h2 class=\"text-center mb-small\" style=\"text-align: center;\"><strong>M\u0171szaki inform\u00e1ci\u00f3<\/strong><\/h2>\n<p>&nbsp;<\/p>\n<table style=\"height: 77px;\" width=\"1625\">\n<tbody>\n<tr>\n<td width=\"200\"><span style=\"color: #339966;\"><span style=\"color: #1bae70;\"><a style=\"color: #1bae70;\" href=\"https:\/\/ajax.systems\/products\/specs\/curtain-outdoor-jeweller\/\" target=\"_blank\" rel=\"noopener\">Curtain outdoor jeweller<\/a><\/span><br \/>\n<span style=\"color: #1bae70;\"><a style=\"color: #1bae70;\" href=\"https:\/\/support.ajax.systems\/en\/manuals\/curtain-outdoor-jeweller\/?_gl=1*16by1cy*_gcl_au*NDg5OTE4MDk0LjE3MzAyNzg1MjU.*FPAU*NjMyMTUzNzA1LjE3MzAyNzg1MjU.*_ga*MTc4NDI1NDc2MC4xNzMwMjc4NTI0*_ga_1C2WYPSDCY*MTczNjk0MjAxNy4zMi4xLjE3MzY5NDIwNjUuMTIuMC4w*_ga_DFE4XTFKJQ*MTczNjk0MjAxNy4zNC4xLjE3MzY5NDIwNjUuMC4wLjE2Nzk2MDAxMzQ.\">Felhaszn\u00e1l\u00f3i k\u00e9zik\u00f6nyv<\/a><\/span><br \/>\n<\/span><\/td>\n<td width=\"200\"><span style=\"color: #339966;\"><span style=\"color: #1bae70;\"><a class=\"underline-link\" style=\"color: #1bae70;\" href=\"https:\/\/drive.google.com\/file\/d\/1DSxCXIH8ZGPIsDkRUg1cWEN7eWSpiI_v\/view\" target=\"_blank\" rel=\"noopener noreferrer\">M\u0171szaki adatlap<\/a><\/span><br \/>\n<\/span><\/td>\n<td width=\"200\"><span style=\"color: #1bae70;\"><a class=\"underline-link\" style=\"font-size: 16px; background-color: #ffffff; color: #1bae70;\" href=\"https:\/\/support.ajax.systems\/en\/setting-demo-tips\/?_gl=1*16by1cy*_gcl_au*NDg5OTE4MDk0LjE3MzAyNzg1MjU.*FPAU*NjMyMTUzNzA1LjE3MzAyNzg1MjU.*_ga*MTc4NDI1NDc2MC4xNzMwMjc4NTI0*_ga_1C2WYPSDCY*MTczNjk0MjAxNy4zMi4xLjE3MzY5NDIwNjUuMTIuMC4w*_ga_DFE4XTFKJQ*MTczNjk0MjAxNy4zNC4xLjE3MzY5NDIwNjUuMC4wLjE2Nzk2MDAxMzQ.\" target=\"_blank\" rel=\"noopener\">Demo \u00e9s tippek m\u00e9rn\u00f6k\u00f6knek \u00e9s PRO felhaszn\u00e1l\u00f3knak<\/a><\/span><\/td>\n<\/tr>\n<\/tbody>\n<\/table>\n<p>&nbsp;<\/p>\n<\/div>\n<\/div>\n<\/div>\n<\/div>\n<\/div>\n<\/div>\n<\/div>","protected":false},"excerpt":{"rendered":"<div class=\"bg-black position-relative d-flex graphic-section_hero-with-nav__QPpKx pt-16 pb-24 py-sm-32\">\n<div class=\"container d-flex flex-column position-relative\">\n<div class=\"row flex-grow-1 text-center text-lg-start\">\n<div class=\"offset-xxl-1 col-lg-7 col-xxl-6 d-flex flex-column justify-content-between justify-content-lg-center\">\n<div>\n<p class=\"fs-3 mb-0 mt-8 mt-md-16\">Vezet\u00e9k n\u00e9lk\u00fcli, kett\u0151s technol\u00f3gi\u00e1j\u00fa f\u00fcgg\u00f6ny mozg\u00e1s\u00e9rz\u00e9kel\u0151 k\u00fcl- \u00e9s belt\u00e9ri haszn\u00e1latra<\/p>\n<\/div>\n<\/div>\n<\/div>\n<\/div>\n<\/div>","protected":false},"featured_media":5233,"comment_status":"closed","ping_status":"closed","template":"","meta":{"site-sidebar-layout":"default","site-content-layout":"default","ast-global-header-display":"","ast-main-header-display":"","ast-hfb-above-header-display":"","ast-hfb-below-header-display":"","ast-hfb-mobile-header-display":"","site-post-title":"","ast-breadcrumbs-content":"","ast-featured-img":"","footer-sml-layout":"","theme-transparent-header-meta":"default","adv-header-id-meta":"","stick-header-meta":"default","header-above-stick-meta":"","header-main-stick-meta":"","header-below-stick-meta":"","_themeisle_gutenberg_block_has_review":false},"product_cat":[95],"product_tag":[],"_links":{"self":[{"href":"https:\/\/safeintel.hu\/hu\/wp-json\/wp\/v2\/product\/5228"}],"collection":[{"href":"https:\/\/safeintel.hu\/hu\/wp-json\/wp\/v2\/product"}],"about":[{"href":"https:\/\/safeintel.hu\/hu\/wp-json\/wp\/v2\/types\/product"}],"replies":[{"embeddable":true,"href":"https:\/\/safeintel.hu\/hu\/wp-json\/wp\/v2\/comments?post=5228"}],"wp:featuredmedia":[{"embeddable":true,"href":"https:\/\/safeintel.hu\/hu\/wp-json\/wp\/v2\/media\/5233"}],"wp:attachment":[{"href":"https:\/\/safeintel.hu\/hu\/wp-json\/wp\/v2\/media?parent=5228"}],"wp:term":[{"taxonomy":"product_cat","embeddable":true,"href":"https:\/\/safeintel.hu\/hu\/wp-json\/wp\/v2\/product_cat?post=5228"},{"taxonomy":"product_tag","embeddable":true,"href":"https:\/\/safeintel.hu\/hu\/wp-json\/wp\/v2\/product_tag?post=5228"}],"curies":[{"name":"wp","href":"https:\/\/api.w.org\/{rel}","templated":true}]}}