{"id":5752,"date":"2025-04-15T12:37:20","date_gmt":"2025-04-15T10:37:20","guid":{"rendered":"https:\/\/safeintel.hu\/?post_type=product&#038;p=5752"},"modified":"2025-04-15T12:39:11","modified_gmt":"2025-04-15T10:39:11","slug":"ajax-centerbutton-2-gang","status":"publish","type":"product","link":"https:\/\/safeintel.hu\/hu\/products\/ajax-centerbutton-2-gang\/","title":{"rendered":"Ajax CenterButton 2-gang"},"content":{"rendered":"<h4 style=\"text-align: center;\"><\/h4>\n<h2><\/h2>\n<h2>K\u00e9nyelem \u00e9s biztons\u00e1g egyetlen \u00e9rint\u00e9ssel<\/h2>\n<p>A LightSwitch egyes\u00edti a professzion\u00e1lis biztons\u00e1gi rendszerek megb\u00edzhat\u00f3s\u00e1g\u00e1t \u00e9s az \u00e1tgondolt felhaszn\u00e1l\u00f3i \u00e9lm\u00e9nyt. Az Ajax intelligens kapcsol\u00f3ja nagy, \u00e9rint\u00e9s\u00e9rz\u00e9keny panellel rendelkezik, amely \u00e9rint\u00e9ssel \u00e9s \u00e9rint\u00e9smentesen is aktiv\u00e1lhat\u00f3 \u2013 csak tegye a kez\u00e9t 15 mm-n\u00e9l k\u00f6zelebb. A l\u00e1gy h\u00e1tt\u00e9rvil\u00e1g\u00edt\u00e1s seg\u00edt ebben a s\u00f6t\u00e9tben. A LightSwitch seg\u00edts\u00e9g\u00e9vel egyszer\u0171en felkapcsolhatja a l\u00e1mp\u00e1kat \u00e9s az \u00e1ll\u00f3l\u00e1mp\u00e1kat, vez\u00e9relheti a f\u00fcgg\u00f6ny\u00f6ket vagy a red\u0151ny\u00f6ket, ak\u00e1r t\u00e1volr\u00f3l is.<\/p>\n<p>A LightSwitch telep\u00edt\u00e9se egyszer\u0171: szabv\u00e1nyos eur\u00f3pai aljzatba val\u00f3 m\u00e9retez\u00e9se, nulla vezet\u00e9k n\u00e9lk\u00fcl csatlakozik a biztons\u00e1gi rendszerhez QR-k\u00f3d beolvas\u00e1s\u00e1val. Az alkalmaz\u00e1s be\u00e1ll\u00edt\u00e1sai lehet\u0151v\u00e9 teszik a l\u00e1mp\u00e1k \u00fctemezett bekapcsol\u00e1s\u00e1t, a biztons\u00e1gi rendszer hat\u00e1stalan\u00edt\u00e1sakor vagy riaszt\u00e1sra reag\u00e1lva. A kapcsol\u00f3 nyolc sz\u00ednben kaphat\u00f3, van egy-, k\u00e9t- \u00e9s k\u00e9tir\u00e1ny\u00fa v\u00e1ltozata.<\/p>\n<ul>\n<li>Nem ig\u00e9nyel nullavezet\u00e9ket<\/li>\n<li>T\u00fal\u00e1ram- \u00e9s h\u0151m\u00e9rs\u00e9kletv\u00e9delem<\/li>\n<li>Kompatibilis 5 \u00e9s 600 Watt k\u00f6z\u00f6tti l\u00e1mp\u00e1kkal<\/li>\n<li>LED h\u00e1tt\u00e9rvil\u00e1g\u00edt\u00e1s<\/li>\n<li>Automatikus kikapcsol\u00e1si id\u0151z\u00edt\u0151<\/li>\n<\/ul>\n<h2 style=\"text-align: center;\">Nyolc sz\u00edn<\/h2>\n<p><img decoding=\"async\" loading=\"lazy\" class=\"aligncenter size-full wp-image-4713\" src=\"https:\/\/safeintel.hu\/wp-content\/uploads\/2023\/02\/light_switch_7.jpg\" alt=\"\" width=\"993\" height=\"182\" srcset=\"https:\/\/safeintel.hu\/wp-content\/uploads\/2023\/02\/light_switch_7.jpg 993w, https:\/\/safeintel.hu\/wp-content\/uploads\/2023\/02\/light_switch_7-420x77.jpg 420w, https:\/\/safeintel.hu\/wp-content\/uploads\/2023\/02\/light_switch_7-768x141.jpg 768w, https:\/\/safeintel.hu\/wp-content\/uploads\/2023\/02\/light_switch_7-18x3.jpg 18w, https:\/\/safeintel.hu\/wp-content\/uploads\/2023\/02\/light_switch_7-700x128.jpg 700w\" sizes=\"(max-width: 993px) 100vw, 993px\" \/><\/p>\n<p><img decoding=\"async\" loading=\"lazy\" class=\"aligncenter size-full wp-image-4716\" src=\"https:\/\/safeintel.hu\/wp-content\/uploads\/2023\/02\/light_switch_10.jpg\" alt=\"\" width=\"993\" height=\"544\" srcset=\"https:\/\/safeintel.hu\/wp-content\/uploads\/2023\/02\/light_switch_10.jpg 993w, https:\/\/safeintel.hu\/wp-content\/uploads\/2023\/02\/light_switch_10-420x230.jpg 420w, https:\/\/safeintel.hu\/wp-content\/uploads\/2023\/02\/light_switch_10-768x421.jpg 768w, https:\/\/safeintel.hu\/wp-content\/uploads\/2023\/02\/light_switch_10-18x10.jpg 18w, https:\/\/safeintel.hu\/wp-content\/uploads\/2023\/02\/light_switch_10-700x383.jpg 700w\" sizes=\"(max-width: 993px) 100vw, 993px\" \/><\/p>\n<p>&nbsp;<\/p>\n<h2 style=\"text-align: center;\">Kapcsol\u00f3k<\/h2>\n<p><img decoding=\"async\" loading=\"lazy\" class=\"aligncenter size-full wp-image-4714\" src=\"https:\/\/safeintel.hu\/wp-content\/uploads\/2023\/02\/light_switch_8.jpg\" alt=\"\" width=\"806\" height=\"264\" srcset=\"https:\/\/safeintel.hu\/wp-content\/uploads\/2023\/02\/light_switch_8.jpg 806w, https:\/\/safeintel.hu\/wp-content\/uploads\/2023\/02\/light_switch_8-420x138.jpg 420w, https:\/\/safeintel.hu\/wp-content\/uploads\/2023\/02\/light_switch_8-768x252.jpg 768w, https:\/\/safeintel.hu\/wp-content\/uploads\/2023\/02\/light_switch_8-18x6.jpg 18w, https:\/\/safeintel.hu\/wp-content\/uploads\/2023\/02\/light_switch_8-700x229.jpg 700w\" sizes=\"(max-width: 806px) 100vw, 806px\" \/><\/p>\n<p>&nbsp;<\/p>\n<h2 style=\"text-align: center;\">H\u00e1rom keretm\u00e9ret t\u00f6bb kapcsol\u00f3 kombin\u00e1l\u00e1s\u00e1hoz<\/h2>\n<p style=\"text-align: center;\">t\u00f6bb kapcsol\u00f3 kombin\u00e1l\u00e1s\u00e1hoz<\/p>\n<p><img decoding=\"async\" loading=\"lazy\" class=\"aligncenter size-full wp-image-4717\" src=\"https:\/\/safeintel.hu\/wp-content\/uploads\/2023\/02\/light_switch_11.jpg\" alt=\"\" width=\"906\" height=\"204\" srcset=\"https:\/\/safeintel.hu\/wp-content\/uploads\/2023\/02\/light_switch_11.jpg 906w, https:\/\/safeintel.hu\/wp-content\/uploads\/2023\/02\/light_switch_11-420x95.jpg 420w, https:\/\/safeintel.hu\/wp-content\/uploads\/2023\/02\/light_switch_11-768x173.jpg 768w, https:\/\/safeintel.hu\/wp-content\/uploads\/2023\/02\/light_switch_11-18x4.jpg 18w, https:\/\/safeintel.hu\/wp-content\/uploads\/2023\/02\/light_switch_11-700x158.jpg 700w\" sizes=\"(max-width: 906px) 100vw, 906px\" \/><\/p>\n<p>&nbsp;<\/p>\n<h2 style=\"text-align: center;\">A LightSwitch egy perc alatt el\u00e9rhet\u0151<\/h2>\n<p>&nbsp;<\/p>\n<p style=\"text-align: center;\"><iframe loading=\"lazy\" title=\"YouTube video player\" src=\"https:\/\/www.youtube.com\/embed\/hdz927FypAE?controls=0\" width=\"900\" height=\"450\" frameborder=\"0\" allowfullscreen=\"allowfullscreen\" data-mce-fragment=\"1\"><\/iframe><\/p>\n<p>&nbsp;<\/p>\n<h2 style=\"text-align: left;\">Okos vil\u00e1g\u00edt\u00e1skapcsol\u00f3<\/h2>\n<p style=\"text-align: left;\">Az okos kapcsol\u00f3k a biztons\u00e1gi rendszer vagy az okosotthon eszk\u00f6zei k\u00f6z\u00fcl elengedhetetlen elemekk\u00e9 v\u00e1ltak. Mindez a k\u00f6nny\u0171 haszn\u00e1latnak \u00e9s a vil\u00e1g\u00edt\u00f3testek automatiz\u00e1lt m\u0171k\u00f6dtet\u00e9s\u00e9nek lehet\u0151s\u00e9g\u00e9nek k\u00f6sz\u00f6nhet\u0151. Bemutatjuk az Ajax LightSwitch okos fali kapcsol\u00f3j\u00e1t, amely sz\u00e1mos funkci\u00f3val \u00e9s v\u00e1ltozatoss\u00e1ggal rendelkezik. Az Ajax LightSwitch okos fali kapcsol\u00f3ja egy megb\u00edzhat\u00f3 biztons\u00e1gi rendszer komponens, amely a felhaszn\u00e1l\u00f3 k\u00e9nyelm\u00e9t szolg\u00e1lja.<\/p>\n<p style=\"text-align: left;\">Egy okos kapcsol\u00f3 nagy \u00e9rint\u0151k\u00e9perny\u0151vel, amely \u00e9rint\u00e9ssel vagy \u00e9rint\u00e9s n\u00e9lk\u00fcl aktiv\u00e1lhat\u00f3 \u2013 csak helyezze a kez\u00e9t 15 mm-n\u00e9l k\u00f6zelebb. A l\u00e1gy h\u00e1tt\u00e9rvil\u00e1g\u00edt\u00e1snak k\u00f6sz\u00f6nhet\u0151en a kapcsol\u00f3 k\u00f6nnyen megtal\u00e1lhat\u00f3 a s\u00f6t\u00e9tben. Az Ajax LightSwitch okos \u00e9rint\u0151kapcsol\u00f3j\u00e1val nemcsak a l\u00e1mp\u00e1kat \u00e9s mennyezeti vil\u00e1g\u00edt\u00e1st kapcsolhatja be \u00e9s ki, hanem t\u00e1volr\u00f3l is vez\u00e9relheti a f\u00fcgg\u00f6ny\u00f6ket. Az Ajax okos kapcsol\u00f3j\u00e1val a felhaszn\u00e1l\u00f3 be\u00e1ll\u00edthatja, hogy a vil\u00e1g\u00edt\u00e1s \u00fctemterv szerint, riaszt\u00e1s eset\u00e9n vagy a helysz\u00edn lez\u00e1r\u00e1sakor kapcsoljon be. Az Ajax LightSwitch okos fali kapcsol\u00f3ja nyolc sz\u00ednben, valamint egy-, k\u00e9t- \u00e9s \u00e1tmeneti v\u00e1ltozatokban \u00e9rhet\u0151 el.<\/p>\n<p><img decoding=\"async\" loading=\"lazy\" class=\"aligncenter size-full wp-image-4715\" src=\"https:\/\/safeintel.hu\/wp-content\/uploads\/2023\/02\/light_switch_9.jpg\" alt=\"\" width=\"993\" height=\"544\" srcset=\"https:\/\/safeintel.hu\/wp-content\/uploads\/2023\/02\/light_switch_9.jpg 993w, https:\/\/safeintel.hu\/wp-content\/uploads\/2023\/02\/light_switch_9-420x230.jpg 420w, https:\/\/safeintel.hu\/wp-content\/uploads\/2023\/02\/light_switch_9-768x421.jpg 768w, https:\/\/safeintel.hu\/wp-content\/uploads\/2023\/02\/light_switch_9-18x10.jpg 18w, https:\/\/safeintel.hu\/wp-content\/uploads\/2023\/02\/light_switch_9-700x383.jpg 700w\" sizes=\"(max-width: 993px) 100vw, 993px\" \/><\/p>","protected":false},"excerpt":{"rendered":"<p>Intelligens 2-gang kapcsol\u00f3<\/p>","protected":false},"featured_media":5740,"comment_status":"closed","ping_status":"closed","template":"","meta":{"site-sidebar-layout":"default","site-content-layout":"default","ast-global-header-display":"","ast-main-header-display":"","ast-hfb-above-header-display":"","ast-hfb-below-header-display":"","ast-hfb-mobile-header-display":"","site-post-title":"","ast-breadcrumbs-content":"","ast-featured-img":"","footer-sml-layout":"","theme-transparent-header-meta":"default","adv-header-id-meta":"","stick-header-meta":"default","header-above-stick-meta":"","header-main-stick-meta":"","header-below-stick-meta":"","_themeisle_gutenberg_block_has_review":false},"product_cat":[98],"product_tag":[],"_links":{"self":[{"href":"https:\/\/safeintel.hu\/hu\/wp-json\/wp\/v2\/product\/5752"}],"collection":[{"href":"https:\/\/safeintel.hu\/hu\/wp-json\/wp\/v2\/product"}],"about":[{"href":"https:\/\/safeintel.hu\/hu\/wp-json\/wp\/v2\/types\/product"}],"replies":[{"embeddable":true,"href":"https:\/\/safeintel.hu\/hu\/wp-json\/wp\/v2\/comments?post=5752"}],"wp:featuredmedia":[{"embeddable":true,"href":"https:\/\/safeintel.hu\/hu\/wp-json\/wp\/v2\/media\/5740"}],"wp:attachment":[{"href":"https:\/\/safeintel.hu\/hu\/wp-json\/wp\/v2\/media?parent=5752"}],"wp:term":[{"taxonomy":"product_cat","embeddable":true,"href":"https:\/\/safeintel.hu\/hu\/wp-json\/wp\/v2\/product_cat?post=5752"},{"taxonomy":"product_tag","embeddable":true,"href":"https:\/\/safeintel.hu\/hu\/wp-json\/wp\/v2\/product_tag?post=5752"}],"curies":[{"name":"wp","href":"https:\/\/api.w.org\/{rel}","templated":true}]}}